{"id":2182,"date":"2026-01-27T16:53:23","date_gmt":"2026-01-27T16:53:23","guid":{"rendered":"https:\/\/sdgzero.net\/?page_id=2182"},"modified":"2026-01-31T17:04:27","modified_gmt":"2026-01-31T17:04:27","slug":"zero-hunger","status":"publish","type":"page","link":"https:\/\/sdgzero.net\/de\/the-17-sustainable-development-goals-for-business\/zero-hunger\/","title":{"rendered":"Null Hunger"},"content":{"rendered":"<div data-elementor-type=\"wp-page\" data-elementor-id=\"2182\" class=\"elementor elementor-2182\" data-elementor-post-type=\"page\">\n\t\t\t\t<div class=\"elementor-element elementor-element-b19c4c7 e-con-full e-flex e-con e-parent\" data-id=\"b19c4c7\" data-element_type=\"container\" data-e-type=\"container\">\n\t\t\t\t<div class=\"elementor-element elementor-element-91af7d9 elementor-widget elementor-widget-text-editor\" data-id=\"91af7d9\" data-element_type=\"widget\" data-e-type=\"widget\" data-widget_type=\"text-editor.default\">\n\t\t\t\t\t\t\t\t\t<section class=\"sdgz-sdgPage sdgz-sdg2\" aria-label=\"SDG 2 Kein Hunger\">\n<div class=\"sdgz-sdgPage__wrap\"><header class=\"sdgz-sdgPage__hero\" style=\"--sdg: #DDA63A; --wash: rgba(221,166,58,0.16);\">\n<div class=\"sdgz-sdgPage__heroInner\">\n<div class=\"sdgz-sdgPage__heroLeft\">\n<div class=\"sdgz-sdgPage__kicker\">SDG 2, Kein Hunger<\/div>\n<h1 class=\"sdgz-sdgPage__title\">Null Hunger<\/h1>\n<p class=\"sdgz-sdgPage__lead\">Hunger beenden, Ern\u00e4hrungssicherheit erreichen und nachhaltige Landwirtschaft f\u00f6rdern. F\u00fcr KMU bedeutet dies, Lebensmittelverschwendung zu reduzieren, den Zugang zu nahrhaften Lebensmitteln zu verbessern und lokale Lieferketten zu st\u00e4rken, die die Widerstandsf\u00e4higkeit der Gemeinschaften erhalten.<\/p>\n\n<div class=\"sdgz-sdgPage__ctaRow\"><a class=\"sdgz-sdgPage__btn sdgz-sdgPage__btnPrimary\" href=\"\/de\/add-listing\/\">F\u00fcgen Sie SDG 2 zu Ihrer SDG:Zero-Liste hinzu.<\/a>\n<a class=\"sdgz-sdgPage__btn sdgz-sdgPage__btnGhost\" href=\"https:\/\/sdgzero.net\/de\/the-17-sustainable-development-goals-for-business\/\">Zur\u00fcck zu allen SDGs<\/a><\/div>\n<div class=\"sdgz-sdgPage__chips\" aria-label=\"Schwerpunktbereiche\"><span class=\"sdgz-sdgPage__chip\">Zugang zu Nahrungsmitteln<\/span>\n<span class=\"sdgz-sdgPage__chip\">Abfall reduzieren<\/span>\n<span class=\"sdgz-sdgPage__chip\">Lokale Beschaffung<\/span>\n<span class=\"sdgz-sdgPage__chip\">Ern\u00e4hrung<\/span><\/div>\n<div class=\"sdgz-sdgPage__localExample\" aria-label=\"Beispiel eines lokalen KMU\">\n<div class=\"sdgz-sdgPage__localTop\"><span class=\"sdgz-sdgPage__localTag\">Beispiel eines lokalen KMU<\/span>\n<span class=\"sdgz-sdgPage__localPlace\">Leicester<\/span><\/div>\n<h2 class=\"sdgz-sdgPage__localTitle\">Ein praktisches Beispiel, lokal und real<\/h2>\n<p class=\"sdgz-sdgPage__localText\">Ein Caf\u00e9 und Feinkostladen in Leicester bemerkte steigende Lebensmittelpreise und eine wachsende Nachfrage von Familien nach erschwinglichen und nahrhaften Alternativen. Daraufhin f\u00fchrten sie ein Programm f\u00fcr t\u00e4glich \u00fcbersch\u00fcssige Lebensmittel ein, kooperierten mit einer lokalen Lebensmittelausgabestelle und bezogen mehr Produkte von regionalen Erzeugern, um die hohe Qualit\u00e4t zu sichern, Lebensmittelverschwendung zu reduzieren und die Preise zu stabilisieren.<\/p>\n\n<div class=\"sdgz-sdgPage__localGrid\">\n<div class=\"sdgz-sdgPage__localBox\">\n<div class=\"sdgz-sdgPage__localBoxTitle\">Was sie taten<\/div>\n<ul class=\"sdgz-sdgPage__localList\">\n \t<li>\u00dcbersch\u00fcssige Lebensmittel werden am Ende des Tages umgeleitet.<\/li>\n \t<li>Partnerschaften mit lokalen Lieferanten f\u00fcr Kernzutaten<\/li>\n \t<li>Klare Informationen zu Allergenen, N\u00e4hrwerten und Portionsgr\u00f6\u00dfen<\/li>\n<\/ul>\n<\/div>\n<div class=\"sdgz-sdgPage__localBox\">\n<div class=\"sdgz-sdgPage__localBoxTitle\">Auswirkungen auf das Gesch\u00e4ft<\/div>\n<ul class=\"sdgz-sdgPage__localList\">\n \t<li>Geringere Abfallkosten und bessere Lagerhaltung<\/li>\n \t<li>St\u00e4rkerer lokaler Ruf und Mundpropaganda<\/li>\n \t<li>Mehr Stammkunden und Vertrauen in der Gemeinschaft<\/li>\n<\/ul>\n<\/div>\n<div class=\"sdgz-sdgPage__localBox sdgz-sdgPage__localBoxWide\">\n<div class=\"sdgz-sdgPage__localBoxTitle\">Lokaler SEO-Aspekt<\/div>\n<p class=\"sdgz-sdgPage__localSmall\">Sie aktualisierten ihren SDG:Zero-Eintrag und ihre Google-Unternehmensprofile mit Suchbegriffen, die Kunden verwenden, wie z. B. \u201cnachhaltiges Caf\u00e9 Leicester\u201d, \u201cLebensmittel aus der Region Leicester\u201d und \u201cUnternehmen zur Reduzierung von Lebensmittelabf\u00e4llen\u201d. Dadurch wurden sie bei lokalen Suchanfragen h\u00e4ufiger angezeigt und die Klickrate f\u00fcr Reservierungen und Laufkundschaft verbesserte sich.<\/p>\n\n<\/div>\n<\/div>\n<div class=\"sdgz-sdgPage__localCTA\"><a class=\"sdgz-sdgPage__localBtn\" href=\"\/de\/add-listing\/\">F\u00fcgen Sie Ihre Lebensmittelwirkung Ihrer Liste hinzu.<\/a>\n<span class=\"sdgz-sdgPage__localHint\">Verantwortungsbewusste Lebensmittelentscheidungen schaffen Vertrauen vor Ort.<\/span><\/div>\n<\/div>\n<\/div>\n<aside class=\"sdgz-sdgPage__heroRight\">\n<div class=\"sdgz-sdgPage__iconWrap\" aria-label=\"SDG 2-Symbol\"><img decoding=\"async\" src=\"https:\/\/sdgzero.net\/wp-content\/uploads\/2026\/01\/sdg-2.png\" alt=\"SDG 2 Zero Hunger icon\" \/><\/div>\n<div class=\"sdgz-sdgPage__heroCard\">\n<div class=\"sdgz-sdgPage__heroCardTitle\">Was das bedeutet<\/div>\n<div class=\"sdgz-sdgPage__heroCardText\">Hunger und Ern\u00e4hrungsunsicherheit beeintr\u00e4chtigen Gesundheit, Bildung und die lokale Produktivit\u00e4t. KMU k\u00f6nnen durch Beschaffung, Abfallvermeidung, Partnerschaften mit der Gemeinde, faire Preise und einen besseren Zugang zu nahrhaften Lebensmitteln Einfluss auf das SDG 2 nehmen.<\/div>\n<\/div>\n<\/aside><\/div>\n<\/header>\n<div class=\"sdgz-sdgPage__grid\"><article class=\"sdgz-sdgPage__card sdgz-sdgPage__videoCard\">\n<h2 class=\"sdgz-sdgPage__h\">Kurzes Erkl\u00e4rvideo<\/h2>\n<p class=\"sdgz-sdgPage__p\">Erfahren Sie, wie sich SDG 2 auf lokale KMU auswirkt und wie kleine, praktische Ma\u00dfnahmen einen echten Unterschied in den lokalen Gemeinschaften bewirken k\u00f6nnen.<\/p>\n\n<div class=\"sdgz-sdgPage__video\"><iframe title=\"SDG 2, Kein Hunger\" src=\"https:\/\/www.youtube.com\/embed\/OAKFJFdgAlU\" frameborder=\"0\" allowfullscreen=\"allowfullscreen\">\n<\/iframe><\/div>\n<div class=\"sdgz-sdgPage__videoNote\">Weitere Podcasts zu den Themen Ern\u00e4hrung, Nachhaltigkeit und gesellschaftliche Auswirkungen finden Sie im SDG:Zero Vault.<\/div>\n<\/article><article class=\"sdgz-sdgPage__card sdgz-sdgPage__cardTint\">\n<h2 class=\"sdgz-sdgPage__h\">Praktische Ma\u00dfnahmen f\u00fcr KMU<\/h2>\n<div class=\"sdgz-sdgPage__boxes\">\n<div class=\"sdgz-sdgPage__box\">\n<div class=\"sdgz-sdgPage__boxTitle\">Lebensmittelverschwendung reduzieren<\/div>\n<p class=\"sdgz-sdgPage__p\">\u00dcbersch\u00fcsse erfassen, Bestellungen straffen und sichere \u00dcbersch\u00fcsse nach M\u00f6glichkeit umverteilen.<\/p>\n\n<\/div>\n<div class=\"sdgz-sdgPage__box\">\n<div class=\"sdgz-sdgPage__boxTitle\">Lokale Quellen<\/div>\n<p class=\"sdgz-sdgPage__p\">St\u00e4rkung der lokalen Lieferketten, Verk\u00fcrzung der Lieferwege und Verbesserung der Frische.<\/p>\n\n<\/div>\n<div class=\"sdgz-sdgPage__box\">\n<div class=\"sdgz-sdgPage__boxTitle\">Zugriff unterst\u00fctzen<\/div>\n<p class=\"sdgz-sdgPage__p\">Kooperieren Sie mit Lebensmittelbanken, Schulen oder Gemeinschaftsk\u00fcchen und teilen Sie die Wirkung.<\/p>\n\n<\/div>\n<div class=\"sdgz-sdgPage__box\">\n<div class=\"sdgz-sdgPage__boxTitle\">Ern\u00e4hrung verst\u00e4ndlicher gestalten<\/div>\n<p class=\"sdgz-sdgPage__p\">Transparente Speisekarten, Informationen zu Allergenen und ges\u00fcndere Alternativen erleichtern die Auswahl.<\/p>\n\n<\/div>\n<div class=\"sdgz-sdgPage__box\">\n<div class=\"sdgz-sdgPage__boxTitle\">Kaufe verantwortungsbewusst<\/div>\n<p class=\"sdgz-sdgPage__p\">Bevorzugt werden Lieferanten mit nachhaltigen Anbaumethoden und ethischen Standards.<\/p>\n\n<\/div>\n<\/div>\n<\/article><article class=\"sdgz-sdgPage__card sdgz-sdgPage__cardTint\">\n<h2 class=\"sdgz-sdgPage__h\">Beispiele f\u00fcr Angebotstexte, die Sie verwenden k\u00f6nnen<\/h2>\n<div class=\"sdgz-sdgPage__boxes\">\n<div class=\"sdgz-sdgPage__box\">\n<div class=\"sdgz-sdgPage__boxTitle\">Lokale Beschaffung<\/div>\n<p class=\"sdgz-sdgPage__p\">Wir beziehen wichtige Zutaten nach M\u00f6glichkeit von lokalen Lieferanten, um die Erzeuger in der Region zu unterst\u00fctzen und unsere Lieferkette widerstandsf\u00e4hig zu halten.<\/p>\n\n<\/div>\n<div class=\"sdgz-sdgPage__box\">\n<div class=\"sdgz-sdgPage__boxTitle\">Reduzierung von Lebensmittelabf\u00e4llen<\/div>\n<p class=\"sdgz-sdgPage__p\">Wir reduzieren Lebensmittelverschwendung aktiv durch bessere Bestellprozesse, Portionsplanung und sichere Verteilung von \u00dcbersch\u00fcssen.<\/p>\n\n<\/div>\n<div class=\"sdgz-sdgPage__box\">\n<div class=\"sdgz-sdgPage__boxTitle\">Partnerschaften mit der Gemeinschaft<\/div>\n<p class=\"sdgz-sdgPage__p\">Wir arbeiten mit lokalen Organisationen zusammen, um den Zugang zu Nahrungsmitteln zu unterst\u00fctzen und praktische Informationen \u00fcber die Wirkung unserer Arbeit weiterzugeben.<\/p>\n\n<\/div>\n<\/div>\n<\/article><article class=\"sdgz-sdgPage__card sdgz-sdgPage__cardTint\">\n<h2 class=\"sdgz-sdgPage__h\">Einfache Kennzahlen zur Verfolgung<\/h2>\n<div class=\"sdgz-sdgPage__boxes\">\n<div class=\"sdgz-sdgPage__box\">\n<div class=\"sdgz-sdgPage__boxTitle\">Lebensmittelabfallmenge<\/div>\n<p class=\"sdgz-sdgPage__p\">W\u00f6chentliche Abfallmengen, Reduzierung von \u00dcbersch\u00fcssen und Kosteneinsparungen.<\/p>\n\n<\/div>\n<div class=\"sdgz-sdgPage__box\">\n<div class=\"sdgz-sdgPage__boxTitle\">Anteil der lokalen Beschaffung<\/div>\n<p class=\"sdgz-sdgPage__p\">Anteil der Zutaten, die von lokalen Lieferanten und Erzeugern bezogen werden.<\/p>\n\n<\/div>\n<div class=\"sdgz-sdgPage__box\">\n<div class=\"sdgz-sdgPage__boxTitle\">Unterst\u00fctzung aus der Gemeinschaft<\/div>\n<p class=\"sdgz-sdgPage__p\">Mahlzeiten gespendet, Partnerschaften unterst\u00fctzt und zu Gemeinschaftsveranstaltungen beigetragen.<\/p>\n\n<\/div>\n<\/div>\n<\/article><article class=\"sdgz-sdgPage__card sdgz-sdgPage__ctaCard\">\n<div class=\"sdgz-sdgPage__ctaKicker\">SDG 2, Vertrauen, das zu wiederkehrenden Kunden f\u00fchrt<\/div>\n<h2 class=\"sdgz-sdgPage__ctaTitle\">Verantwortungsvolle Lebensmittelpraktiken in lokale Sichtbarkeit umwandeln<\/h2>\n<p class=\"sdgz-sdgPage__p\">Wenn Menschen sehen, dass Sie verantwortungsvoll einkaufen, Abfall reduzieren und den Zugang zu Lebensmitteln vor Ort f\u00f6rdern, w\u00e4chst das Vertrauen schnell. Erg\u00e4nzen Sie Ihren SDG:Zero-Eintrag um SDG 2 und ver\u00f6ffentlichen Sie regelm\u00e4\u00dfig kurze Updates (lokale Lieferanten, Reduzierung von \u00dcbersch\u00fcssen, Partnerorganisationen). Diese Inhalte verbessern Ihr lokales Ranking und steigern die Konversionsrate bei Suchanfragen in Ihrer Region.<\/p>\n\n<div class=\"sdgz-sdgPage__ctaBullets\">\n<div class=\"sdgz-sdgPage__ctaBullet\">Rangfolge f\u00fcr Begriffe mit Bezug zu lokaler Bedeutung wie \u201clokal\u201d, \u201cnachhaltig\u201d, \u201cfrisch\u201d und \u201cethisch\u201d<\/div>\n<div class=\"sdgz-sdgPage__ctaBullet\">Belegen Sie Ihre Aussagen mit Aktualisierungen, Lieferanten-Highlights und Community-Ergebnissen.<\/div>\n<div class=\"sdgz-sdgPage__ctaBullet\">Erhalten Sie Bewertungen, die Qualit\u00e4t und Wert hervorheben, was die Klickrate und die Konversionsrate steigert.<\/div>\n<\/div>\n<div class=\"sdgz-sdgPage__ctaRow2\"><a class=\"sdgz-sdgPage__btn sdgz-sdgPage__btnPrimary\" href=\"\/de\/join\/\">Schlie\u00dfen Sie sich SDG:Zero an<\/a>\n<a class=\"sdgz-sdgPage__btn sdgz-sdgPage__btnGhost\" href=\"\/de\/add-listing\/\">Erstellen Sie Ihren Eintrag<\/a><\/div>\n<\/article><\/div>\n<\/div>\n<\/section>\t\t\t\t\t\t\t\t<\/div>\n\t\t\t\t<\/div>\n\t\t\t\t<\/div>","protected":false},"excerpt":{"rendered":"<p>SDG 2, Zero Hunger Zero Hunger End hunger, achieve food security, and promote sustainable agriculture. For SMEs, this is about reducing food waste, supporting access to nutritious food, and strengthening local supply chains that keep communities resilient. Add SDG 2 to your SDG:Zero listing Back to all SDGs Food access Reducing waste Local sourcing Nutrition [&hellip;]<\/p>\n","protected":false},"author":1,"featured_media":0,"parent":2158,"menu_order":0,"comment_status":"closed","ping_status":"closed","template":"","meta":{"_acf_changed":false,"_monsterinsights_skip_tracking":false,"_monsterinsights_sitenote_active":false,"_monsterinsights_sitenote_note":"","_monsterinsights_sitenote_category":0,"footnotes":""},"class_list":["post-2182","page","type-page","status-publish","hentry"],"acf":[],"_links":{"self":[{"href":"https:\/\/sdgzero.net\/de\/wp-json\/wp\/v2\/pages\/2182","targetHints":{"allow":["GET"]}}],"collection":[{"href":"https:\/\/sdgzero.net\/de\/wp-json\/wp\/v2\/pages"}],"about":[{"href":"https:\/\/sdgzero.net\/de\/wp-json\/wp\/v2\/types\/page"}],"author":[{"embeddable":true,"href":"https:\/\/sdgzero.net\/de\/wp-json\/wp\/v2\/users\/1"}],"replies":[{"embeddable":true,"href":"https:\/\/sdgzero.net\/de\/wp-json\/wp\/v2\/comments?post=2182"}],"version-history":[{"count":0,"href":"https:\/\/sdgzero.net\/de\/wp-json\/wp\/v2\/pages\/2182\/revisions"}],"up":[{"embeddable":true,"href":"https:\/\/sdgzero.net\/de\/wp-json\/wp\/v2\/pages\/2158"}],"wp:attachment":[{"href":"https:\/\/sdgzero.net\/de\/wp-json\/wp\/v2\/media?parent=2182"}],"curies":[{"name":"wp","href":"https:\/\/api.w.org\/{rel}","templated":true}]}}