{"id":2200,"date":"2026-01-28T14:09:24","date_gmt":"2026-01-28T14:09:24","guid":{"rendered":"https:\/\/sdgzero.net\/?page_id=2200"},"modified":"2026-04-12T16:52:35","modified_gmt":"2026-04-12T16:52:35","slug":"affordable-and-clean-energy","status":"publish","type":"page","link":"https:\/\/sdgzero.net\/de\/the-17-sustainable-development-goals-for-business\/affordable-and-clean-energy\/","title":{"rendered":"Bezahlbare und saubere Energie"},"content":{"rendered":"<div data-elementor-type=\"wp-page\" data-elementor-id=\"2200\" class=\"elementor elementor-2200\" data-elementor-post-type=\"page\">\n\t\t\t\t<div class=\"elementor-element elementor-element-464b53b e-con-full e-flex e-con e-parent\" data-id=\"464b53b\" data-element_type=\"container\" data-e-type=\"container\">\n\t\t\t\t<div class=\"elementor-element elementor-element-cb21026 elementor-widget elementor-widget-text-editor\" data-id=\"cb21026\" data-element_type=\"widget\" data-e-type=\"widget\" data-widget_type=\"text-editor.default\">\n\t\t\t\t\t\t\t\t\t<section class=\"sdgz-sdgPage sdgz-sdg7\" aria-label=\"SDG 7 Bezahlbare und saubere Energie\">\n  <div class=\"sdgz-sdgPage__wrap\">\n\n    <header class=\"sdgz-sdgPage__hero\" style=\"--sdg:#FCC30B; --wash: rgba(252,195,11,0.16);\">\n      <div class=\"sdgz-sdgPage__heroInner\">\n\n        <div class=\"sdgz-sdgPage__heroLeft\">\n          <div class=\"sdgz-sdgPage__kicker\">SDG 7, Bezahlbare und saubere Energie<\/div>\n          <h1 class=\"sdgz-sdgPage__title\">Bezahlbare und saubere Energie<\/h1>\n          <p class=\"sdgz-sdgPage__lead\">\n            Alle Menschen m\u00fcssen Zugang zu bezahlbarer, zuverl\u00e4ssiger, nachhaltiger und moderner Energie erhalten. F\u00fcr KMU bedeutet dies, Energieverschwendung zu reduzieren, die Effizienz zu steigern, umweltfreundlichere Tarife zu w\u00e4hlen und in Modernisierungen zu investieren, die Kosten und Emissionen vor Ort senken.\n          <\/p>\n\n          <div class=\"sdgz-sdgPage__ctaRow\">\n            <a class=\"sdgz-sdgPage__btn sdgz-sdgPage__btnPrimary\" href=\"\/de\/add-listing\/\">F\u00fcgen Sie SDG 7 Ihrer SDG:Zero-Liste hinzu.<\/a>\n            <a class=\"sdgz-sdgPage__btn sdgz-sdgPage__btnGhost\" href=\"https:\/\/sdgzero.net\/de\/the-17-sustainable-development-goals-for-business\/\">Zur\u00fcck zu allen SDGs<\/a>\n          <\/div>\n\n          <div class=\"sdgz-sdgPage__chips\" aria-label=\"Schwerpunktbereiche\">\n            <span class=\"sdgz-sdgPage__chip\">Effizienz<\/span>\n            <span class=\"sdgz-sdgPage__chip\">LED-Upgrades<\/span>\n            <span class=\"sdgz-sdgPage__chip\">Intelligente Steuerung<\/span>\n            <span class=\"sdgz-sdgPage__chip\">Tarife f\u00fcr erneuerbare Energien<\/span>\n          <\/div>\n\n          <div class=\"sdgz-sdgPage__localExample sdgz-sdgPage__localExampleTint\" aria-label=\"Beispiel eines lokalen KMU\">\n            <div class=\"sdgz-sdgPage__localTop\">\n              <span class=\"sdgz-sdgPage__localTag\">Beispiel eines lokalen KMU<\/span>\n              <span class=\"sdgz-sdgPage__localPlace\">Preston<\/span>\n            <\/div>\n\n            <h2 class=\"sdgz-sdgPage__localTitle\">Ein praktisches, lokales und wiederholbares Beispiel<\/h2>\n            <p class=\"sdgz-sdgPage__localText\">\n              Ein Einzelhandelsgesch\u00e4ft in Preston hatte mit hohen Energiekosten im Winter und unzuverl\u00e4ssiger Heizung zu k\u00e4mpfen. Daraufhin wurde auf LED-Beleuchtung umgestellt, einfache Zeitschaltuhren installiert und die Abdichtung von T\u00fcren und Lagerr\u00e4umen verbessert. Innerhalb einer Saison sank der Energieverbrauch deutlich, und das Gesch\u00e4ft bot Mitarbeitern und Kunden ein angenehmeres Ambiente.\n            <\/p>\n\n            <div class=\"sdgz-sdgPage__localGrid\">\n              <div class=\"sdgz-sdgPage__localBox\">\n                <div class=\"sdgz-sdgPage__localBoxTitle\">Was sie taten<\/div>\n                <ul class=\"sdgz-sdgPage__localList\">\n                  <li>Halogenlampen durch LEDs ersetzt<\/li>\n                  <li>Zeitschaltuhren und Zonenregelung f\u00fcr die Heizung hinzugef\u00fcgt<\/li>\n                  <li>Abgedichtete Zugluftstellen und verbesserte Isolierung<\/li>\n                <\/ul>\n              <\/div>\n\n              <div class=\"sdgz-sdgPage__localBox\">\n                <div class=\"sdgz-sdgPage__localBoxTitle\">Auswirkungen auf das Gesch\u00e4ft<\/div>\n                <ul class=\"sdgz-sdgPage__localList\">\n                  <li>Niedrigere monatliche Energiekosten<\/li>\n                  <li>Komfortablerer Arbeitsplatz und besseres Kundenerlebnis<\/li>\n                  <li>Eine klarere Nachhaltigkeitsgeschichte f\u00fcr lokale Kunden<\/li>\n                <\/ul>\n              <\/div>\n\n              <div class=\"sdgz-sdgPage__localBox sdgz-sdgPage__localBoxWide\">\n                <div class=\"sdgz-sdgPage__localBoxTitle\">Lokaler SEO-Aspekt<\/div>\n                <p class=\"sdgz-sdgPage__localSmall\">\n                  Sie erg\u00e4nzten ihren SDG:Zero-Eintrag und ihre Beitr\u00e4ge um die Begriffe \u201cenergieeffizientes Gesch\u00e4ft\u201d, \u201cLED-Umr\u00fcstung\u201d und \u201cSaubere Energie Preston\u201d. Dies unterst\u00fctzte Suchanfragen wie \u201cumweltfreundlicher Einzelh\u00e4ndler Preston\u201d und \u201cnachhaltiges Unternehmen in meiner N\u00e4he\u201d und half Kunden, diese mit gutem Gewissen auszuw\u00e4hlen.\n                <\/p>\n              <\/div>\n            <\/div>\n\n            <div class=\"sdgz-sdgPage__localCTA\">\n              <a class=\"sdgz-sdgPage__localBtn\" href=\"\/de\/add-listing\/\">F\u00fcgen Sie Ihre Energiebilanz zu Ihrem Eintrag hinzu.<\/a>\n              <span class=\"sdgz-sdgPage__localHint\">Effizienz spart Geld und CO2<\/span>\n            <\/div>\n          <\/div>\n        <\/div>\n\n        <aside class=\"sdgz-sdgPage__heroRight\">\n          <div class=\"sdgz-sdgPage__iconWrap\" aria-label=\"SDG 7-Symbol\">\n            <img decoding=\"async\" src=\"https:\/\/sdgzero.net\/wp-content\/uploads\/2026\/01\/sdg-7.png\" alt=\"SDG 7 Affordable and Clean Energy icon\">\n          <\/div>\n\n          <div class=\"sdgz-sdgPage__heroCard sdgz-sdgPage__heroCardTint\">\n            <div class=\"sdgz-sdgPage__heroCardTitle\">Was das bedeutet<\/div>\n            <div class=\"sdgz-sdgPage__heroCardText\">\n              Energie ist einer der Bereiche, in denen KMU am schnellsten Erfolge erzielen k\u00f6nnen. Kleine Modernisierungen, bessere Steuerungssysteme und transparentere Tarife senken die Kosten, erh\u00f6hen den Komfort und machen Ihre Nachhaltigkeitsma\u00dfnahmen f\u00fcr die Kunden vor Ort sichtbar.\n            <\/div>\n          <\/div>\n        <\/aside>\n\n      <\/div>\n    <\/header>\n\n    <div class=\"sdgz-sdgPage__grid\">\n\n      <article class=\"sdgz-sdgPage__card sdgz-sdgPage__cardTint\">\n        <h2 class=\"sdgz-sdgPage__h\">Kurzes Erkl\u00e4rvideo<\/h2>\n        <p class=\"sdgz-sdgPage__p\">Erfahren Sie, wie SDG 7 lokale KMU unterst\u00fctzt und welche praktischen Ver\u00e4nderungen Kosten senken, Abfall reduzieren und die Glaubw\u00fcrdigkeit vor Ort st\u00e4rken.<\/p>\n\n        <div class=\"sdgz-sdgPage__video\">\n          <iframe\n            title=\"SDG 7, Bezahlbare und saubere Energie\"\n            src=\"https:\/\/www.youtube-nocookie.com\/embed\/-uy2m2wKpyg?rel=0&#038;modestbranding=1&#038;playsinline=1\"\n            loading=\"lazy\"\n            allow=\"accelerometer; autoplay; clipboard-write; encrypted-media; gyroscope; picture-in-picture; web-share\"\n            allowfullscreen>\n          <\/iframe>\n        <\/div>\n\n        <div class=\"sdgz-sdgPage__videoNote\">\n          Weitere Podcasts und praktische Vorlagen rund um Energieaudits, Checklisten f\u00fcr Modernisierungen und die Auswahl von Lieferanten finden Sie im SDG:Zero Vault.\n        <\/div>\n      <\/article>\n\n      <article class=\"sdgz-sdgPage__card sdgz-sdgPage__cardTint\">\n        <h2 class=\"sdgz-sdgPage__h\">Praktische Ma\u00dfnahmen f\u00fcr KMU<\/h2>\n        <div class=\"sdgz-sdgPage__boxes\">\n          <div class=\"sdgz-sdgPage__box\">\n            <div class=\"sdgz-sdgPage__boxTitle\">F\u00fchren Sie einen einfachen Energierundgang durch.<\/div>\n            <p class=\"sdgz-sdgPage__p\">Listen Sie auf, was eingeschaltet ist, wann es benutzt wird und was abgeschaltet oder zeitgesteuert werden kann.<\/p>\n          <\/div>\n          <div class=\"sdgz-sdgPage__box\">\n            <div class=\"sdgz-sdgPage__boxTitle\">Auf LED-Beleuchtung umstellen<\/div>\n            <p class=\"sdgz-sdgPage__p\">Ein schnelles Upgrade, das den Verbrauch reduziert und die Lichtqualit\u00e4t verbessert.<\/p>\n          <\/div>\n          <div class=\"sdgz-sdgPage__box\">\n            <div class=\"sdgz-sdgPage__boxTitle\">Intelligente Steuerungsm\u00f6glichkeiten hinzuf\u00fcgen<\/div>\n            <p class=\"sdgz-sdgPage__p\">Zeitschaltuhren, Thermostate, Zonenregelung und Anwesenheitssensoren reduzieren Abfall automatisch.<\/p>\n          <\/div>\n          <div class=\"sdgz-sdgPage__box\">\n            <div class=\"sdgz-sdgPage__boxTitle\">Verbesserung der Isolierung und Zugluftabdichtung<\/div>\n            <p class=\"sdgz-sdgPage__p\">Kleine Abdichtungs- und Isolierungsma\u00dfnahmen verbessern die Effizienz von Heizung und K\u00fchlung.<\/p>\n          <\/div>\n          <div class=\"sdgz-sdgPage__box\">\n            <div class=\"sdgz-sdgPage__boxTitle\">Setzen Sie auf sauberere Energie<\/div>\n            <p class=\"sdgz-sdgPage__p\">Wechseln Sie zu einem \u00d6kostromtarif oder besprechen Sie die M\u00f6glichkeiten mit Ihrem Energieversorger.<\/p>\n          <\/div>\n        <\/div>\n      <\/article>\n\n      <article class=\"sdgz-sdgPage__card sdgz-sdgPage__cardTint\">\n        <h2 class=\"sdgz-sdgPage__h\">Beispiele f\u00fcr Angebotstexte, die Sie verwenden k\u00f6nnen<\/h2>\n        <div class=\"sdgz-sdgPage__boxes\">\n          <div class=\"sdgz-sdgPage__box\">\n            <div class=\"sdgz-sdgPage__boxTitle\">Energieeffizienz<\/div>\n            <p class=\"sdgz-sdgPage__p\">Wir reduzieren Energieverschwendung durch LED-Umr\u00fcstungen, intelligente Steuerungssysteme und regelm\u00e4\u00dfige Verbrauchskontrollen.<\/p>\n          <\/div>\n          <div class=\"sdgz-sdgPage__box\">\n            <div class=\"sdgz-sdgPage__boxTitle\">Intelligentere Abl\u00e4ufe<\/div>\n            <p class=\"sdgz-sdgPage__p\">Wir nutzen Zeitschaltuhren und Zonenregelung, um unn\u00f6tiges Heizen und Beleuchten zu reduzieren, ohne die Qualit\u00e4t zu beeintr\u00e4chtigen.<\/p>\n          <\/div>\n          <div class=\"sdgz-sdgPage__box\">\n            <div class=\"sdgz-sdgPage__boxTitle\">Sauberere Energieoptionen<\/div>\n            <p class=\"sdgz-sdgPage__p\">Unser Ziel ist es, umweltfreundlichere Tarife und Lieferanten auszuw\u00e4hlen, um die Emissionen zu reduzieren und gleichzeitig die Kosten unter Kontrolle zu halten.<\/p>\n          <\/div>\n        <\/div>\n      <\/article>\n\n      <article class=\"sdgz-sdgPage__card sdgz-sdgPage__cardTint\">\n        <h2 class=\"sdgz-sdgPage__h\">Einfache Kennzahlen zur Verfolgung<\/h2>\n        <div class=\"sdgz-sdgPage__boxes\">\n          <div class=\"sdgz-sdgPage__box\">\n            <div class=\"sdgz-sdgPage__boxTitle\">Monatlicher Energieverbrauch<\/div>\n            <p class=\"sdgz-sdgPage__p\">kWh pro Monat, zuz\u00fcglich Kosten pro Monat und Verbrauch pro Person bzw. pro Standort, falls relevant.<\/p>\n          <\/div>\n          <div class=\"sdgz-sdgPage__box\">\n            <div class=\"sdgz-sdgPage__boxTitle\">Upgrade-Checkliste<\/div>\n            <p class=\"sdgz-sdgPage__p\">Die Modernisierung der Beleuchtung wurde abgeschlossen, die Steuerungstechnik installiert und die Isolierung verbessert.<\/p>\n          <\/div>\n          <div class=\"sdgz-sdgPage__box\">\n            <div class=\"sdgz-sdgPage__boxTitle\">Sch\u00e4tzung des CO2-Fu\u00dfabdrucks<\/div>\n            <p class=\"sdgz-sdgPage__p\">Grundlegende Emissionssch\u00e4tzung anhand von Rechnungen, insbesondere vor und nach \u00c4nderungen.<\/p>\n          <\/div>\n        <\/div>\n      <\/article>\n\n      <article class=\"sdgz-sdgPage__card sdgz-sdgPage__ctaCard\">\n        <div class=\"sdgz-sdgPage__ctaKicker\">SDG 7, nachweisbare Einsparungen<\/div>\n        <h2 class=\"sdgz-sdgPage__ctaTitle\">Energieeffizienzma\u00dfnahmen in lokales Vertrauen und Anfragen umwandeln<\/h2>\n        <p class=\"sdgz-sdgPage__p\">\n          Energieeinsparungen lassen sich leicht erkl\u00e4ren und belegen. Wenn Kunden Effizienzma\u00dfnahmen sehen, gewinnen sie mehr Vertrauen in Ihr Unternehmen. Erg\u00e4nzen Sie Ihre Liste der Nachhaltigkeitsziele (SDG 7) um SDG 7 und informieren Sie \u00fcber die vorgenommenen Verbesserungen sowie die Ver\u00e4nderungen Ihrer Rechnungen oder Ihres Verbrauchs.\n        <\/p>\n\n        <div class=\"sdgz-sdgPage__ctaBullets\">\n          <div class=\"sdgz-sdgPage__ctaBullet\">Heben Sie sich lokal als kosteneffizient und zukunftsorientiert hervor.<\/div>\n          <div class=\"sdgz-sdgPage__ctaBullet\">Schaffen Sie Vertrauen durch sichtbare Energiesparma\u00dfnahmen<\/div>\n          <div class=\"sdgz-sdgPage__ctaBullet\">Erstellen Sie lokale Inhalte, die Sichtbarkeit und Konversionen f\u00f6rdern.<\/div>\n        <\/div>\n\n        <div class=\"sdgz-sdgPage__ctaRow2\">\n          <a class=\"sdgz-sdgPage__btn sdgz-sdgPage__btnPrimary\" href=\"\/de\/join\/\">Schlie\u00dfen Sie sich SDG:Zero an<\/a>\n          <a class=\"sdgz-sdgPage__btn sdgz-sdgPage__btnGhost\" href=\"\/de\/add-listing\/\">Erstellen Sie Ihren Eintrag<\/a>\n        <\/div>\n      <\/article>\n\n    <\/div>\n  <\/div>\n<\/section>\n\t\t\t\t\t\t\t\t<\/div>\n\t\t\t\t<\/div>\n\t\t\t\t<\/div>","protected":false},"excerpt":{"rendered":"<p>SDG 7, Affordable and clean energy Affordable and Clean Energy Ensure access to affordable, reliable, sustainable, and modern energy for all. For SMEs, this means cutting energy waste, improving efficiency, choosing cleaner tariffs, and investing in upgrades that reduce costs and emissions locally. Add SDG 7 to your SDG:Zero listing Back to all SDGs Efficiency [&hellip;]<\/p>\n","protected":false},"author":1,"featured_media":0,"parent":2158,"menu_order":0,"comment_status":"closed","ping_status":"closed","template":"","meta":{"_acf_changed":false,"_monsterinsights_skip_tracking":false,"_monsterinsights_sitenote_active":false,"_monsterinsights_sitenote_note":"","_monsterinsights_sitenote_category":0,"footnotes":""},"class_list":["post-2200","page","type-page","status-publish","hentry"],"acf":[],"_links":{"self":[{"href":"https:\/\/sdgzero.net\/de\/wp-json\/wp\/v2\/pages\/2200","targetHints":{"allow":["GET"]}}],"collection":[{"href":"https:\/\/sdgzero.net\/de\/wp-json\/wp\/v2\/pages"}],"about":[{"href":"https:\/\/sdgzero.net\/de\/wp-json\/wp\/v2\/types\/page"}],"author":[{"embeddable":true,"href":"https:\/\/sdgzero.net\/de\/wp-json\/wp\/v2\/users\/1"}],"replies":[{"embeddable":true,"href":"https:\/\/sdgzero.net\/de\/wp-json\/wp\/v2\/comments?post=2200"}],"version-history":[{"count":0,"href":"https:\/\/sdgzero.net\/de\/wp-json\/wp\/v2\/pages\/2200\/revisions"}],"up":[{"embeddable":true,"href":"https:\/\/sdgzero.net\/de\/wp-json\/wp\/v2\/pages\/2158"}],"wp:attachment":[{"href":"https:\/\/sdgzero.net\/de\/wp-json\/wp\/v2\/media?parent=2200"}],"curies":[{"name":"wp","href":"https:\/\/api.w.org\/{rel}","templated":true}]}}