{"id":2201,"date":"2026-01-28T15:35:15","date_gmt":"2026-01-28T15:35:15","guid":{"rendered":"https:\/\/sdgzero.net\/?page_id=2201"},"modified":"2026-02-07T09:50:27","modified_gmt":"2026-02-07T09:50:27","slug":"decent-work-and-economic-growth","status":"publish","type":"page","link":"https:\/\/sdgzero.net\/de\/the-17-sustainable-development-goals-for-business\/decent-work-and-economic-growth\/","title":{"rendered":"Menschenw\u00fcrdige Arbeit und Wirtschaftswachstum"},"content":{"rendered":"<div data-elementor-type=\"wp-page\" data-elementor-id=\"2201\" class=\"elementor elementor-2201\" data-elementor-post-type=\"page\">\n\t\t\t\t<div class=\"elementor-element elementor-element-464b53b e-con-full e-flex e-con e-parent\" data-id=\"464b53b\" data-element_type=\"container\" data-e-type=\"container\">\n\t\t\t\t<div class=\"elementor-element elementor-element-cb21026 elementor-widget elementor-widget-text-editor\" data-id=\"cb21026\" data-element_type=\"widget\" data-e-type=\"widget\" data-widget_type=\"text-editor.default\">\n\t\t\t\t\t\t\t\t\t<section class=\"sdgz-sdgPage sdgz-sdg8\" aria-label=\"SDG 8 Menschenw\u00fcrdige Arbeit und Wirtschaftswachstum\">\n  <div class=\"sdgz-sdgPage__wrap\">\n\n    <header class=\"sdgz-sdgPage__hero\" style=\"--sdg:#A21942; --wash: rgba(162,25,66,0.16);\">\n      <div class=\"sdgz-sdgPage__heroInner\">\n\n        <div class=\"sdgz-sdgPage__heroLeft\">\n          <div class=\"sdgz-sdgPage__kicker\">SDG 8, Menschenw\u00fcrdige Arbeit und Wirtschaftswachstum<\/div>\n          <h1 class=\"sdgz-sdgPage__title\">Menschenw\u00fcrdige Arbeit und Wirtschaftswachstum<\/h1>\n          <p class=\"sdgz-sdgPage__lead\">\n            F\u00f6rderung nachhaltigen, inklusiven und dauerhaften Wirtschaftswachstums, Vollbesch\u00e4ftigung und menschenw\u00fcrdiger Arbeit f\u00fcr alle. F\u00fcr KMU bedeutet dies faire Bezahlung, sichere Arbeitspl\u00e4tze, echte Aufstiegschancen und Investitionen in lokale Arbeitspl\u00e4tze und Qualifikationen.\n          <\/p>\n\n          <div class=\"sdgz-sdgPage__ctaRow\">\n            <a class=\"sdgz-sdgPage__btn sdgz-sdgPage__btnPrimary\" href=\"\/de\/add-listing\/\">F\u00fcgen Sie SDG 8 Ihrer SDG:Zero-Liste hinzu.<\/a>\n            <a class=\"sdgz-sdgPage__btn sdgz-sdgPage__btnGhost\" href=\"https:\/\/sdgzero.net\/de\/the-17-sustainable-development-goals-for-business\/\">Zur\u00fcck zu allen SDGs<\/a>\n          <\/div>\n\n          <div class=\"sdgz-sdgPage__chips\" aria-label=\"Schwerpunktbereiche\">\n            <span class=\"sdgz-sdgPage__chip\">Faire Bezahlung<\/span>\n            <span class=\"sdgz-sdgPage__chip\">Sicheres Arbeiten<\/span>\n            <span class=\"sdgz-sdgPage__chip\">Progression<\/span>\n            <span class=\"sdgz-sdgPage__chip\">Lokale Jobs<\/span>\n          <\/div>\n\n          <div class=\"sdgz-sdgPage__localExample sdgz-sdgPage__localExampleTint\" aria-label=\"Beispiel eines lokalen KMU\">\n            <div class=\"sdgz-sdgPage__localTop\">\n              <span class=\"sdgz-sdgPage__localTag\">Beispiel eines lokalen KMU<\/span>\n              <span class=\"sdgz-sdgPage__localPlace\">Manchester<\/span>\n            <\/div>\n\n            <h2 class=\"sdgz-sdgPage__localTitle\">Ein praktisches, lokales und wiederholbares Beispiel<\/h2>\n            <p class=\"sdgz-sdgPage__localText\">\n              Ein in Manchester ans\u00e4ssiges Handwerksunternehmen hatte mit hoher Personalfluktuation und schwankender Qualit\u00e4t zu k\u00e4mpfen. Daraufhin f\u00fchrten sie klarere Rollenbeschreibungen, ein verbessertes Onboarding und grundlegende Schulungsprogramme ein und erg\u00e4nzten diese um einen einfachen Bonus, der an Sicherheit und Kundenfeedback gekoppelt war. Innerhalb von zwei Quartalen verbesserte sich die Mitarbeiterbindung, die Servicequalit\u00e4t wurde konstanter, und es gelang ihnen leichter, durch Empfehlungen lokale Mitarbeiter zu gewinnen.\n            <\/p>\n\n            <div class=\"sdgz-sdgPage__localGrid\">\n              <div class=\"sdgz-sdgPage__localBox\">\n                <div class=\"sdgz-sdgPage__localBoxTitle\">Was sie taten<\/div>\n                <ul class=\"sdgz-sdgPage__localList\">\n                  <li>Definierte Rollenstufen und Gehaltsentwicklung<\/li>\n                  <li>Verbesserte Einarbeitung und Schulung<\/li>\n                  <li>An Sicherheit und Qualit\u00e4t gekoppelte Boni<\/li>\n                <\/ul>\n              <\/div>\n\n              <div class=\"sdgz-sdgPage__localBox\">\n                <div class=\"sdgz-sdgPage__localBoxTitle\">Auswirkungen auf das Gesch\u00e4ft<\/div>\n                <ul class=\"sdgz-sdgPage__localList\">\n                  <li>H\u00f6here Mitarbeiterbindung und weniger Einstellungsl\u00fccken<\/li>\n                  <li>Bessere Qualit\u00e4t, weniger Reklamationen und Nacharbeiten<\/li>\n                  <li>St\u00e4rkerer Ruf in Manchester<\/li>\n                <\/ul>\n              <\/div>\n\n              <div class=\"sdgz-sdgPage__localBox sdgz-sdgPage__localBoxWide\">\n                <div class=\"sdgz-sdgPage__localBoxTitle\">Lokaler SEO-Aspekt<\/div>\n                <p class=\"sdgz-sdgPage__localSmall\">\n                  Sie erg\u00e4nzten ihren SDG:Zero-Eintrag um die Punkte \u201cLokale Jobs\u201d, \u201cWeiterbildung\u201d, \u201cFaire Bezahlung\u201d und \u201cSichere Arbeitsbedingungen\u201d. Dies unterst\u00fctzte Suchanfragen wie \u201cSeri\u00f6ses Handwerksunternehmen Manchester\u201d und \u201cEthischer Arbeitgeber in meiner N\u00e4he\u201d und st\u00e4rkte das Vertrauen der Kunden in das Team hinter dem Service.\n                <\/p>\n              <\/div>\n            <\/div>\n\n            <div class=\"sdgz-sdgPage__localCTA\">\n              <a class=\"sdgz-sdgPage__localBtn\" href=\"\/de\/add-listing\/\">F\u00fcgen Sie Ihre Aktionen im Bereich \u201eAnst\u00e4ndige Arbeit\u201c Ihrer Liste hinzu.<\/a>\n              <span class=\"sdgz-sdgPage__localHint\">Gute Arbeitspl\u00e4tze st\u00e4rken die lokale Wirtschaft.<\/span>\n            <\/div>\n          <\/div>\n        <\/div>\n\n        <aside class=\"sdgz-sdgPage__heroRight\">\n          <div class=\"sdgz-sdgPage__iconWrap\" aria-label=\"SDG 8-Symbol\">\n            <img decoding=\"async\" src=\"https:\/\/sdgzero.net\/wp-content\/uploads\/2026\/01\/sdg-8.png\" alt=\"SDG 8 Decent Work and Economic Growth icon\">\n          <\/div>\n\n          <div class=\"sdgz-sdgPage__heroCard sdgz-sdgPage__heroCardTint\">\n            <div class=\"sdgz-sdgPage__heroCardTitle\">Was das bedeutet<\/div>\n            <div class=\"sdgz-sdgPage__heroCardText\">\n              Bei SDG 8 geht es um menschenw\u00fcrdige Arbeit, nicht nur um Wachstum. KMU st\u00e4rken die lokale Wirtschaft durch die Einstellung von Mitarbeitern, Sicherheit, Qualifizierung und den Umgang mit ihnen im Alltag; Kunden sp\u00fcren dies im Service, den sie erhalten.\n            <\/div>\n          <\/div>\n        <\/aside>\n\n      <\/div>\n    <\/header>\n\n    <div class=\"sdgz-sdgPage__grid\">\n\n      <article class=\"sdgz-sdgPage__card sdgz-sdgPage__cardTint\">\n        <h2 class=\"sdgz-sdgPage__h\">Kurzes Erkl\u00e4rvideo<\/h2>\n        <p class=\"sdgz-sdgPage__p\">\n          Erfahren Sie, wie SDG 8 lokale KMU unterst\u00fctzt und wie faire Arbeitsbedingungen, Sicherheit und Aufstiegsm\u00f6glichkeiten die Gesch\u00e4ftsentwicklung und das Vertrauen der lokalen Bev\u00f6lkerung verbessern.\n        <\/p>\n\n        <div class=\"sdgz-sdgPage__video\">\n          <iframe\n            title=\"SDG 8, Menschenw\u00fcrdige Arbeit und Wirtschaftswachstum\"\n            src=\"https:\/\/www.youtube-nocookie.com\/embed\/3xJTIGaMHnU?rel=0&#038;modestbranding=1&#038;playsinline=1\"\n            loading=\"lazy\"\n            allow=\"accelerometer; autoplay; clipboard-write; encrypted-media; gyroscope; picture-in-picture; web-share\"\n            allowfullscreen>\n          <\/iframe>\n        <\/div>\n\n        <div class=\"sdgz-sdgPage__videoNote\">\n          Weitere Podcasts und praktische Vorlagen zu den Themen Onboarding, Richtlinien und Schulungspl\u00e4ne finden Sie im SDG:Zero Vault.\n        <\/div>\n      <\/article>\n\n      <article class=\"sdgz-sdgPage__card sdgz-sdgPage__cardTint\">\n        <h2 class=\"sdgz-sdgPage__h\">Praktische Ma\u00dfnahmen f\u00fcr KMU<\/h2>\n        <div class=\"sdgz-sdgPage__boxes\">\n          <div class=\"sdgz-sdgPage__box\">\n            <div class=\"sdgz-sdgPage__boxTitle\">fair und transparent bezahlen<\/div>\n            <p class=\"sdgz-sdgPage__p\">Verwenden Sie transparente Gehaltsstufen und \u00fcberpr\u00fcfen Sie diese regelm\u00e4\u00dfig, insbesondere f\u00fcr \u00e4hnliche Positionen.<\/p>\n          <\/div>\n          <div class=\"sdgz-sdgPage__box\">\n            <div class=\"sdgz-sdgPage__boxTitle\">Investieren Sie in Onboarding<\/div>\n            <p class=\"sdgz-sdgPage__p\">Eine strukturierte erste Woche reduziert Fehler, st\u00e4rkt das Selbstvertrauen und f\u00f6rdert die Behaltensleistung.<\/p>\n          <\/div>\n          <div class=\"sdgz-sdgPage__box\">\n            <div class=\"sdgz-sdgPage__boxTitle\">Entwicklungsm\u00f6glichkeiten schaffen<\/div>\n            <p class=\"sdgz-sdgPage__p\">Definieren Sie Rollenstufen und die f\u00fcr den Aufstieg erforderlichen F\u00e4higkeiten und unterst\u00fctzen Sie die Mitarbeiter dabei, diese zu erreichen.<\/p>\n          <\/div>\n          <div class=\"sdgz-sdgPage__box\">\n            <div class=\"sdgz-sdgPage__boxTitle\">Sicherheit einfach halten<\/div>\n            <p class=\"sdgz-sdgPage__p\">Kurze Checklisten, Kurzbesprechungen und eine klare Berichterstattung sorgen f\u00fcr einheitliche Sicherheit.<\/p>\n          <\/div>\n          <div class=\"sdgz-sdgPage__box\">\n            <div class=\"sdgz-sdgPage__boxTitle\">Mieten und kaufen Sie lokal<\/div>\n            <p class=\"sdgz-sdgPage__p\">Lokale Lieferanten und lokale Arbeitspl\u00e4tze erhalten die Wertsch\u00f6pfung in der Region und st\u00e4rken die Netzwerke.<\/p>\n          <\/div>\n        <\/div>\n      <\/article>\n\n      <article class=\"sdgz-sdgPage__card sdgz-sdgPage__cardTint\">\n        <h2 class=\"sdgz-sdgPage__h\">Beispiele f\u00fcr Angebotstexte, die Sie verwenden k\u00f6nnen<\/h2>\n        <div class=\"sdgz-sdgPage__boxes\">\n          <div class=\"sdgz-sdgPage__box\">\n            <div class=\"sdgz-sdgPage__boxTitle\">Anst\u00e4ndige Arbeit und faire Bezahlung<\/div>\n            <p class=\"sdgz-sdgPage__p\">Wir bieten faire Bezahlung, klare Rollenerwartungen und transparente Aufstiegsm\u00f6glichkeiten f\u00fcr unser Team.<\/p>\n          <\/div>\n          <div class=\"sdgz-sdgPage__box\">\n            <div class=\"sdgz-sdgPage__boxTitle\">Gesundheit und Sicherheit<\/div>\n            <p class=\"sdgz-sdgPage__p\">Wir gew\u00e4hrleisten sichere Arbeitsverfahren durch Schulungen, einfache Checklisten und kontinuierliche Verbesserung.<\/p>\n          <\/div>\n          <div class=\"sdgz-sdgPage__box\">\n            <div class=\"sdgz-sdgPage__boxTitle\">Lokale Arbeitspl\u00e4tze und Wachstum<\/div>\n            <p class=\"sdgz-sdgPage__p\">Wir investieren in lokale Fachkr\u00e4fte und lokale Zulieferer und unterst\u00fctzen so ein nachhaltiges Wirtschaftswachstum in unserer Region.<\/p>\n          <\/div>\n        <\/div>\n      <\/article>\n\n      <article class=\"sdgz-sdgPage__card sdgz-sdgPage__cardTint\">\n        <h2 class=\"sdgz-sdgPage__h\">Einfache Kennzahlen zur Verfolgung<\/h2>\n        <div class=\"sdgz-sdgPage__boxes\">\n          <div class=\"sdgz-sdgPage__box\">\n            <div class=\"sdgz-sdgPage__boxTitle\">Bindungsrate<\/div>\n            <p class=\"sdgz-sdgPage__p\">Verfolgen Sie die Personalfluktuation und die durchschnittliche Verweildauer in der jeweiligen Rolle, insbesondere team\u00fcbergreifend.<\/p>\n          <\/div>\n          <div class=\"sdgz-sdgPage__box\">\n            <div class=\"sdgz-sdgPage__boxTitle\">Abschluss der Ausbildung<\/div>\n            <p class=\"sdgz-sdgPage__p\">Stunden pro Person und Abschluss wichtiger Schulungen, Einarbeitung und Auffrischungskurse.<\/p>\n          <\/div>\n          <div class=\"sdgz-sdgPage__box\">\n            <div class=\"sdgz-sdgPage__boxTitle\">Sicherheits- und Qualit\u00e4tsergebnisse<\/div>\n            <p class=\"sdgz-sdgPage__p\">Beinaheunf\u00e4lle, Zwischenf\u00e4lle, Nacharbeiten und Trends im Kundenfeedback.<\/p>\n          <\/div>\n        <\/div>\n      <\/article>\n\n      <article class=\"sdgz-sdgPage__card sdgz-sdgPage__ctaCard\">\n        <div class=\"sdgz-sdgPage__ctaKicker\">SDG 8, Starke Teams gewinnen lokal<\/div>\n        <h2 class=\"sdgz-sdgPage__ctaTitle\">Aus guter Arbeit lokales Vertrauen und Wachstum schaffen<\/h2>\n        <p class=\"sdgz-sdgPage__p\">\n          Kunden vertrauen Unternehmen, die ihre Mitarbeiter gut behandeln. Faire Bezahlung, sichere Arbeitsbedingungen und echte Aufstiegschancen st\u00e4rken Ihren Ruf, ziehen Talente an und sichern Ihnen mehr Auftr\u00e4ge vor Ort. Erg\u00e4nzen Sie Ihre Liste der Nachhaltigkeitsziele (SDG) um SDG 8 und beschreiben Sie anschlie\u00dfend Ihre Aktivit\u00e4ten und die von Ihnen erfassten Daten.\n        <\/p>\n\n        <div class=\"sdgz-sdgPage__ctaBullets\">\n          <div class=\"sdgz-sdgPage__ctaBullet\">Heben Sie sich als ethischer Arbeitgeber und zuverl\u00e4ssiges lokales Unternehmen hervor.<\/div>\n          <div class=\"sdgz-sdgPage__ctaBullet\">Verbesserung der Servicequalit\u00e4t durch st\u00e4rkere Teams und bessere Mitarbeiterbindung<\/div>\n          <div class=\"sdgz-sdgPage__ctaBullet\">Schaffen Sie relevante lokale Sichtbarkeit mit den Schl\u00fcsselw\u00f6rtern \u201cJobs\u201d, \u201cSchulungen\u201d und \u201csicheres Arbeiten\u201d.<\/div>\n        <\/div>\n\n        <div class=\"sdgz-sdgPage__ctaRow2\">\n          <a class=\"sdgz-sdgPage__btn sdgz-sdgPage__btnPrimary\" href=\"\/de\/join\/\">Schlie\u00dfen Sie sich SDG:Zero an<\/a>\n          <a class=\"sdgz-sdgPage__btn sdgz-sdgPage__btnGhost\" href=\"\/de\/add-listing\/\">Erstellen Sie Ihren Eintrag<\/a>\n        <\/div>\n      <\/article>\n\n    <\/div>\n  <\/div>\n<\/section>\n\t\t\t\t\t\t\t\t<\/div>\n\t\t\t\t<\/div>\n\t\t\t\t<\/div>","protected":false},"excerpt":{"rendered":"<p>SDG 8, Decent work and economic growth Decent Work and Economic Growth Promote sustained, inclusive and sustainable economic growth, full and productive employment and decent work for all. For SMEs, this means fair pay, safe workplaces, real progression, and investing in local jobs and skills. Add SDG 8 to your SDG:Zero listing Back to all [&hellip;]<\/p>\n","protected":false},"author":1,"featured_media":0,"parent":2158,"menu_order":0,"comment_status":"closed","ping_status":"closed","template":"","meta":{"_acf_changed":false,"_monsterinsights_skip_tracking":false,"_monsterinsights_sitenote_active":false,"_monsterinsights_sitenote_note":"","_monsterinsights_sitenote_category":0,"footnotes":""},"class_list":["post-2201","page","type-page","status-publish","hentry"],"acf":[],"_links":{"self":[{"href":"https:\/\/sdgzero.net\/de\/wp-json\/wp\/v2\/pages\/2201","targetHints":{"allow":["GET"]}}],"collection":[{"href":"https:\/\/sdgzero.net\/de\/wp-json\/wp\/v2\/pages"}],"about":[{"href":"https:\/\/sdgzero.net\/de\/wp-json\/wp\/v2\/types\/page"}],"author":[{"embeddable":true,"href":"https:\/\/sdgzero.net\/de\/wp-json\/wp\/v2\/users\/1"}],"replies":[{"embeddable":true,"href":"https:\/\/sdgzero.net\/de\/wp-json\/wp\/v2\/comments?post=2201"}],"version-history":[{"count":0,"href":"https:\/\/sdgzero.net\/de\/wp-json\/wp\/v2\/pages\/2201\/revisions"}],"up":[{"embeddable":true,"href":"https:\/\/sdgzero.net\/de\/wp-json\/wp\/v2\/pages\/2158"}],"wp:attachment":[{"href":"https:\/\/sdgzero.net\/de\/wp-json\/wp\/v2\/media?parent=2201"}],"curies":[{"name":"wp","href":"https:\/\/api.w.org\/{rel}","templated":true}]}}