{"id":2202,"date":"2026-01-28T15:40:38","date_gmt":"2026-01-28T15:40:38","guid":{"rendered":"https:\/\/sdgzero.net\/?page_id=2202"},"modified":"2026-02-07T09:52:44","modified_gmt":"2026-02-07T09:52:44","slug":"industry-innovation-and-infrastructure","status":"publish","type":"page","link":"https:\/\/sdgzero.net\/de\/the-17-sustainable-development-goals-for-business\/industry-innovation-and-infrastructure\/","title":{"rendered":"Industry, Innovation and infrastructure"},"content":{"rendered":"<div data-elementor-type=\"wp-page\" data-elementor-id=\"2202\" class=\"elementor elementor-2202\" data-elementor-post-type=\"page\">\n\t\t\t\t<div class=\"elementor-element elementor-element-464b53b e-con-full e-flex e-con e-parent\" data-id=\"464b53b\" data-element_type=\"container\" data-e-type=\"container\">\n\t\t\t\t<div class=\"elementor-element elementor-element-cb21026 elementor-widget elementor-widget-text-editor\" data-id=\"cb21026\" data-element_type=\"widget\" data-e-type=\"widget\" data-widget_type=\"text-editor.default\">\n\t\t\t\t\t\t\t\t\t<section class=\"sdgz-sdgPage sdgz-sdg9\" aria-label=\"SDG 9 Industrie, Innovation und Infrastruktur\">\n  <div class=\"sdgz-sdgPage__wrap\">\n\n    <!-- HERO -->\n    <header class=\"sdgz-sdgPage__hero\" style=\"--sdg:#FD6925; --wash:rgba(253,105,37,0.16);\">\n      <div class=\"sdgz-sdgPage__heroInner\">\n\n        <!-- LEFT -->\n        <div class=\"sdgz-sdgPage__heroLeft\">\n          <div class=\"sdgz-sdgPage__kicker\">SDG 9, Industrie, Innovation und Infrastruktur<\/div>\n\n          <h1 class=\"sdgz-sdgPage__title\">Industrie, Innovation und Infrastruktur<\/h1>\n\n          <p class=\"sdgz-sdgPage__lead\">\n            Eine widerstandsf\u00e4hige Infrastruktur aufbauen, eine inklusive und nachhaltige Industrialisierung f\u00f6rdern und Innovationen vorantreiben. F\u00fcr KMU bedeutet dies, Prozesse zu verbessern, in digitale Werkzeuge zu investieren, Lieferketten zu st\u00e4rken und Innovationen einzuf\u00fchren, die Qualit\u00e4t, Effizienz und lokale Widerstandsf\u00e4higkeit verbessern.\n          <\/p>\n\n          <!-- TOP CTA ROW -->\n          <div class=\"sdgz-sdgPage__ctaRow\">\n            <a class=\"sdgz-sdgPage__btn sdgz-sdgPage__btnPrimary\" href=\"\/de\/add-listing\/\">F\u00fcgen Sie SDG 9 Ihrer SDG:Zero-Liste hinzu.<\/a>\n            <a class=\"sdgz-sdgPage__btn sdgz-sdgPage__btnGhost\" href=\"https:\/\/sdgzero.net\/de\/the-17-sustainable-development-goals-for-business\/\">Zur\u00fcck zu allen SDGs<\/a>\n          <\/div>\n\n          <!-- CHIPS -->\n          <div class=\"sdgz-sdgPage__chips\" aria-label=\"Schwerpunktbereiche\">\n            <span class=\"sdgz-sdgPage__chip\">Digitales Upgrade<\/span>\n            <span class=\"sdgz-sdgPage__chip\">Prozessverbesserung<\/span>\n            <span class=\"sdgz-sdgPage__chip\">Belastbare Lieferketten<\/span>\n            <span class=\"sdgz-sdgPage__chip\">Innovation<\/span>\n          <\/div>\n\n          <!-- LOCAL SME EXAMPLE (TINTED + BOXED) -->\n          <div class=\"sdgz-sdgPage__localExample sdgz-sdgPage__localExampleTint\" aria-label=\"Beispiel eines lokalen KMU\">\n            <div class=\"sdgz-sdgPage__localTop\">\n              <span class=\"sdgz-sdgPage__localTag\">Beispiel eines lokalen KMU<\/span>\n              <span class=\"sdgz-sdgPage__localPlace\">Leeds<\/span>\n            <\/div>\n\n            <h2 class=\"sdgz-sdgPage__localTitle\">Ein praktisches, lokales und wiederholbares Beispiel<\/h2>\n\n            <p class=\"sdgz-sdgPage__localText\">\n              Ein in Leeds ans\u00e4ssiger Hersteller hatte mit Verz\u00f6gerungen aufgrund manueller Papierarbeit und mangelnder Transparenz des Lagerbestands zu k\u00e4mpfen. Daraufhin f\u00fchrte er ein einfaches Barcode-System ein, digitalisierte die Arbeitsbegleitpapiere und erg\u00e4nzte das Angebot um ein \u00fcbersichtliches Dashboard f\u00fcr Lieferzeiten und Nacharbeiten. Innerhalb weniger Monate konnte er Fehler reduzieren, die Lieferzuverl\u00e4ssigkeit verbessern und die Kommunikation mit den Lieferanten optimieren.\n            <\/p>\n\n            <div class=\"sdgz-sdgPage__localGrid\">\n              <div class=\"sdgz-sdgPage__localBox\">\n                <div class=\"sdgz-sdgPage__localBoxTitle\">Was sie taten<\/div>\n                <ul class=\"sdgz-sdgPage__localList\">\n                  <li>Digitalisierte Auftragsverfolgung und Dokumentation<\/li>\n                  <li>Einf\u00fchrung von Barcode-Bestandspr\u00fcfungen<\/li>\n                  <li>Gemessene Durchlaufzeit und w\u00f6chentliche Nacharbeit<\/li>\n                <\/ul>\n              <\/div>\n\n              <div class=\"sdgz-sdgPage__localBox\">\n                <div class=\"sdgz-sdgPage__localBoxTitle\">Auswirkungen auf das Gesch\u00e4ft<\/div>\n                <ul class=\"sdgz-sdgPage__localList\">\n                  <li>Weniger Fehler und schnellere \u00dcbergaben<\/li>\n                  <li>Zuverl\u00e4ssigere Liefertermine<\/li>\n                  <li>Verbessertes Kundenvertrauen<\/li>\n                <\/ul>\n              <\/div>\n\n              <div class=\"sdgz-sdgPage__localBox sdgz-sdgPage__localBoxWide\">\n                <div class=\"sdgz-sdgPage__localBoxTitle\">Lokaler SEO-Aspekt<\/div>\n                <p class=\"sdgz-sdgPage__localSmall\">\n                  Sie hoben in ihrem SDG:Zero-Eintrag \u201cProzessverbesserung\u201d, \u201cQualit\u00e4tssysteme\u201d und \u201cInnovation in Leeds\u201d hervor. Dies unterst\u00fctzte Suchanfragen wie \u201czuverl\u00e4ssiger Hersteller Leeds\u201d und \u201cISO-zertifizierter Lieferant in meiner N\u00e4he\u201d und half K\u00e4ufern, sie gegen\u00fcber Mitbewerbern zu bevorzugen.\n                <\/p>\n              <\/div>\n            <\/div>\n\n            <div class=\"sdgz-sdgPage__localCTA\">\n              <a class=\"sdgz-sdgPage__localBtn\" href=\"\/de\/add-listing\/\">F\u00fcgen Sie Ihre Innovationsgeschichte zu Ihrem Eintrag hinzu.<\/a>\n              <span class=\"sdgz-sdgPage__localHint\">Bessere Systeme st\u00e4rken die lokale Widerstandsf\u00e4higkeit.<\/span>\n            <\/div>\n          <\/div>\n        <\/div>\n\n        <!-- RIGHT -->\n        <aside class=\"sdgz-sdgPage__heroRight\">\n          <div class=\"sdgz-sdgPage__iconWrap\" aria-label=\"SDG 9-Symbol\">\n            <img decoding=\"async\" src=\"https:\/\/sdgzero.net\/wp-content\/uploads\/2026\/01\/sdg-9.png\" alt=\"SDG 9 Industry, Innovation and Infrastructure icon\">\n          <\/div>\n\n          <div class=\"sdgz-sdgPage__heroCard sdgz-sdgPage__heroCardTint\">\n            <div class=\"sdgz-sdgPage__heroCardTitle\">Was das bedeutet<\/div>\n            <div class=\"sdgz-sdgPage__heroCardText\">\n              Innovation muss nicht kompliziert sein. KMU k\u00f6nnen durch bessere Prozesse, digitale Werkzeuge, sicherere Arbeitsabl\u00e4ufe und eine st\u00e4rkere Infrastruktur, die Qualit\u00e4t, Liefertreue und Kundenerlebnis verbessert, gro\u00dfe Fortschritte erzielen.\n            <\/div>\n          <\/div>\n        <\/aside>\n\n      <\/div>\n    <\/header>\n\n    <!-- CONTENT GRID -->\n    <div class=\"sdgz-sdgPage__grid\">\n\n      <!-- VIDEO (TINTED + BOXED) -->\n      <article class=\"sdgz-sdgPage__card sdgz-sdgPage__cardTint\">\n        <h2 class=\"sdgz-sdgPage__h\">Kurzes Erkl\u00e4rvideo<\/h2>\n        <p class=\"sdgz-sdgPage__p\">Erfahren Sie, wie SDG 9 lokale KMU unterst\u00fctzt und wie kleine Innovationen in Prozessen und Infrastruktur Zuverl\u00e4ssigkeit, Qualit\u00e4t und Wachstum verbessern k\u00f6nnen.<\/p>\n\n        <div class=\"sdgz-sdgPage__video\">\n          <iframe\n            title=\"SDG 9, Industrie, Innovation und Infrastruktur\"\n            src=\"https:\/\/www.youtube.com\/embed\/3yfw8HlgzTk\"\n            loading=\"lazy\"\n            referrerpolicy=\"strict-origin-when-cross-origin\"\n            allow=\"accelerometer; autoplay; clipboard-write; encrypted-media; gyroscope; picture-in-picture; web-share\"\n            allowfullscreen>\n          <\/iframe>\n        <\/div>\n\n        <div class=\"sdgz-sdgPage__videoNote\">Weitere Podcasts und praktische Vorlagen zu Prozessmapping, Lieferantenpr\u00fcfungen und Verbesserungspl\u00e4nen finden Sie im SDG:Zero Vault.<\/div>\n      <\/article>\n\n      <!-- Practical actions (TINTED + BOXED) -->\n      <article class=\"sdgz-sdgPage__card sdgz-sdgPage__cardTint\">\n        <h2 class=\"sdgz-sdgPage__h\">Praktische Ma\u00dfnahmen f\u00fcr KMU<\/h2>\n        <div class=\"sdgz-sdgPage__boxes\">\n          <div class=\"sdgz-sdgPage__box\">\n            <div class=\"sdgz-sdgPage__boxTitle\">Einen Schl\u00fcsselprozess abbilden<\/div>\n            <p class=\"sdgz-sdgPage__p\">W\u00e4hlen Sie einen Arbeitsablauf, beschreiben Sie die einzelnen Schritte, identifizieren Sie Engp\u00e4sse und beseitigen Sie Reibungsverluste.<\/p>\n          <\/div>\n\n          <div class=\"sdgz-sdgPage__box\">\n            <div class=\"sdgz-sdgPage__boxTitle\">Die Grundlagen digitalisieren<\/div>\n            <p class=\"sdgz-sdgPage__p\">Wiederkehrende Aufgaben sollten in einfache Tools wie Auftragsverfolgung, Terminplanung, Rechnungsstellung und Lagerbestands\u00fcbersicht umgewandelt werden.<\/p>\n          <\/div>\n\n          <div class=\"sdgz-sdgPage__box\">\n            <div class=\"sdgz-sdgPage__boxTitle\">St\u00e4rkung der Resilienz der Lieferkette<\/div>\n            <p class=\"sdgz-sdgPage__p\">Reduzieren Sie potenzielle Fehlerquellen durch die Bereitstellung von Alternativen und klare Vereinbarungen zu Lieferzeiten.<\/p>\n          <\/div>\n\n          <div class=\"sdgz-sdgPage__box\">\n            <div class=\"sdgz-sdgPage__boxTitle\">Qualit\u00e4t und Zuverl\u00e4ssigkeit verbessern<\/div>\n            <p class=\"sdgz-sdgPage__p\">Nutzen Sie einfache Checklisten und w\u00f6chentliche \u00dcberpr\u00fcfungen von Problemen, Nacharbeiten und Ursachen.<\/p>\n          <\/div>\n\n          <div class=\"sdgz-sdgPage__box\">\n            <div class=\"sdgz-sdgPage__boxTitle\">Testen und iterieren<\/div>\n            <p class=\"sdgz-sdgPage__p\">F\u00fchre kleine Experimente durch, miss die Ergebnisse und behalte das bei, was funktioniert.<\/p>\n          <\/div>\n        <\/div>\n      <\/article>\n\n      <!-- Listing copy examples (TINTED + BOXED) -->\n      <article class=\"sdgz-sdgPage__card sdgz-sdgPage__cardTint\">\n        <h2 class=\"sdgz-sdgPage__h\">Beispiele f\u00fcr Angebotstexte, die Sie verwenden k\u00f6nnen<\/h2>\n        <div class=\"sdgz-sdgPage__boxes\">\n          <div class=\"sdgz-sdgPage__box\">\n            <div class=\"sdgz-sdgPage__boxTitle\">Prozessverbesserung<\/div>\n            <p class=\"sdgz-sdgPage__p\">Wir verbessern die Zuverl\u00e4ssigkeit durch klare Prozesse, einfache Checklisten und regelm\u00e4\u00dfige \u00dcberpr\u00fcfungen der Qualit\u00e4t und Lieferleistung.<\/p>\n          <\/div>\n\n          <div class=\"sdgz-sdgPage__box\">\n            <div class=\"sdgz-sdgPage__boxTitle\">Digitale Innovation<\/div>\n            <p class=\"sdgz-sdgPage__p\">Wir investieren in digitale Tools, die den Service verbessern, Fehler reduzieren und den Kunden helfen, konsistente Ergebnisse zu erzielen.<\/p>\n          <\/div>\n\n          <div class=\"sdgz-sdgPage__box\">\n            <div class=\"sdgz-sdgPage__boxTitle\">Widerstandsf\u00e4hige Infrastruktur<\/div>\n            <p class=\"sdgz-sdgPage__p\">Wir st\u00e4rken unsere Infrastruktur und unsere Lieferanten, um Verz\u00f6gerungen zu reduzieren und eine gleichbleibende Qualit\u00e4t zu gew\u00e4hrleisten.<\/p>\n          <\/div>\n        <\/div>\n      <\/article>\n\n      <!-- Metrics (TINTED + BOXED) -->\n      <article class=\"sdgz-sdgPage__card sdgz-sdgPage__cardTint\">\n        <h2 class=\"sdgz-sdgPage__h\">Einfache Kennzahlen zur Verfolgung<\/h2>\n        <div class=\"sdgz-sdgPage__boxes\">\n          <div class=\"sdgz-sdgPage__box\">\n            <div class=\"sdgz-sdgPage__boxTitle\">P\u00fcnktliche Lieferung<\/div>\n            <p class=\"sdgz-sdgPage__p\">P\u00fcnktlich gelieferte Bestellungen und die h\u00e4ufigsten Gr\u00fcnde f\u00fcr Verz\u00f6gerungen.<\/p>\n          <\/div>\n\n          <div class=\"sdgz-sdgPage__box\">\n            <div class=\"sdgz-sdgPage__boxTitle\">Nacharbeit und Fehler<\/div>\n            <p class=\"sdgz-sdgPage__p\">Anzahl der Fehler, Zeitaufwand f\u00fcr Nacharbeiten und zu behebende Ursachen.<\/p>\n          <\/div>\n\n          <div class=\"sdgz-sdgPage__box\">\n            <div class=\"sdgz-sdgPage__boxTitle\">Lieferzeit<\/div>\n            <p class=\"sdgz-sdgPage__p\">Durchschnittliche Zeitspanne von der Anfrage bis zur Lieferung, zuz\u00fcglich der Verbesserung im Laufe der Zeit.<\/p>\n          <\/div>\n        <\/div>\n      <\/article>\n\n      <!-- SDG-SPECIFIC CTA (TINTED) -->\n      <article class=\"sdgz-sdgPage__card sdgz-sdgPage__ctaCard\">\n        <div class=\"sdgz-sdgPage__ctaKicker\">SDG 9, Innovation, die Kunden sp\u00fcren k\u00f6nnen<\/div>\n        <h2 class=\"sdgz-sdgPage__ctaTitle\">Bessere Systeme in lokale Glaubw\u00fcrdigkeit umwandeln<\/h2>\n        <p class=\"sdgz-sdgPage__p\">\n          Kunden sch\u00e4tzen Zuverl\u00e4ssigkeit. Durch optimierte Prozesse, intelligentere Tools und eine verbesserte Infrastruktur reduzieren Sie Verz\u00f6gerungen und erzielen bessere Ergebnisse. Erg\u00e4nzen Sie Ihre Liste der Ziele f\u00fcr nachhaltige Entwicklung (SDG 9) um SDG 9 und informieren Sie Ihre Kunden anschlie\u00dfend kurz \u00fcber die erzielten Verbesserungen und Ver\u00e4nderungen.\n        <\/p>\n\n        <div class=\"sdgz-sdgPage__ctaBullets\">\n          <div class=\"sdgz-sdgPage__ctaBullet\">Heben Sie sich als modern, zuverl\u00e4ssig und organisiert hervor.<\/div>\n          <div class=\"sdgz-sdgPage__ctaBullet\">Schaffen Sie Vertrauen, indem Sie Qualit\u00e4ts- und Lieferverbesserungen aufzeigen.<\/div>\n          <div class=\"sdgz-sdgPage__ctaBullet\">Erstellen Sie lokale Inhalte, die Sichtbarkeit und Konversionen f\u00f6rdern.<\/div>\n        <\/div>\n\n        <div class=\"sdgz-sdgPage__ctaRow2\">\n          <a class=\"sdgz-sdgPage__btn sdgz-sdgPage__btnPrimary\" href=\"\/de\/join\/\">Schlie\u00dfen Sie sich SDG:Zero an<\/a>\n          <a class=\"sdgz-sdgPage__btn sdgz-sdgPage__btnGhost\" href=\"\/de\/add-listing\/\">Erstellen Sie Ihren Eintrag<\/a>\n        <\/div>\n      <\/article>\n\n    <\/div>\n  <\/div>\n<\/section>\n\n<style>\n\/* ========= SDG 9, FULL CSS (Elementor-safe: no <p>, no <br>) ========= *\/\n.sdgz-sdg9{ --sdg:#FD6925; }\n.sdgz-sdg9 *{ box-sizing:border-box; }\n\n.sdgz-sdg9{\n  padding:60px 0 72px;\n  background:\n    radial-gradient(900px 520px at 18% 12%, rgba(253,105,37,0.12), transparent 60%),\n    radial-gradient(900px 520px at 82% 88%, rgba(37,99,235,0.08), transparent 60%),\n    linear-gradient(135deg,#f7f9fc,#eef3f9,#ffffff);\n  color:#0f172a;\n  font-family:system-ui,-apple-system,Segoe UI,Roboto,Helvetica,Arial;\n}\n\n.sdgz-sdg9 .sdgz-sdgPage__wrap{ width:min(1200px,92%); margin:0 auto; }\n\n.sdgz-sdg9 .sdgz-sdgPage__hero{\n  position:relative;\n  border-radius:28px;\n  border:1px solid rgba(15,23,42,0.10);\n  background:rgba(255,255,255,0.80);\n  box-shadow:0 18px 50px rgba(2,6,23,0.10);\n  backdrop-filter:blur(10px);\n  overflow:hidden;\n}\n.sdgz-sdg9 .sdgz-sdgPage__hero::before{\n  content:\"\";\n  position:absolute;\n  inset:-40%;\n  background:\n    radial-gradient(760px 520px at 18% 28%, rgba(253,105,37,0.18), transparent 62%),\n    radial-gradient(760px 520px at 86% 78%, rgba(37,99,235,0.10), transparent 62%);\n  pointer-events:none;\n}\n.sdgz-sdg9 .sdgz-sdgPage__hero::after{\n  content:\"\";\n  position:absolute;\n  left:0; top:0; bottom:0;\n  width:10px;\n  background:var(--sdg);\n}\n\n.sdgz-sdg9 .sdgz-sdgPage__heroInner{\n  position:relative;\n  z-index:1;\n  display:grid;\n  grid-template-columns:1.2fr 0.8fr;\n  gap:22px;\n  padding:30px 28px;\n  align-items:start;\n}\n\n.sdgz-sdg9 .sdgz-sdgPage__kicker{\n  display:inline-flex;\n  align-items:center;\n  gap:10px;\n  font-weight:900;\n  font-size:12px;\n  letter-spacing:0.10em;\n  text-transform:uppercase;\n  color:rgba(15,23,42,0.78);\n  background:rgba(255,255,255,0.82);\n  border:1px solid rgba(15,23,42,0.10);\n  padding:10px 12px;\n  border-radius:999px;\n  margin-bottom:12px;\n}\n.sdgz-sdg9 .sdgz-sdgPage__title{\n  margin:0 0 12px 0;\n  font-size:clamp(30px,3.6vw,48px);\n  line-height:1.08;\n  letter-spacing:-0.02em;\n}\n.sdgz-sdg9 .sdgz-sdgPage__lead{\n  margin:0 0 16px 0;\n  max-width:72ch;\n  color:#475569;\n  font-size:16px;\n  line-height:1.75;\n}\n\n.sdgz-sdg9 .sdgz-sdgPage__ctaRow,\n.sdgz-sdg9 .sdgz-sdgPage__ctaRow2{\n  display:flex;\n  flex-wrap:wrap;\n  gap:16px;\n  align-items:center;\n  margin:16px 0 18px;\n}\n\n.sdgz-sdg9 .sdgz-sdgPage__btn{\n  display:inline-flex;\n  align-items:center;\n  justify-content:center;\n  padding:12px 18px;\n  border-radius:999px;\n  font-weight:900;\n  font-size:14px;\n  text-decoration:none;\n  border:1px solid rgba(15,23,42,0.12);\n  transition:transform .15s ease, box-shadow .15s ease;\n  white-space:nowrap;\n}\n.sdgz-sdg9 .sdgz-sdgPage__btn:hover{\n  transform:translateY(-1px);\n  box-shadow:0 14px 40px rgba(2,6,23,0.12);\n}\n.sdgz-sdg9 .sdgz-sdgPage__btnPrimary{\n  background:linear-gradient(135deg,var(--sdg),#2563eb);\n  border-color:rgba(15,23,42,0.12);\n  color:#ffffff !important;\n  -webkit-text-fill-color:#ffffff !important;\n  opacity:1 !important;\n}\n.sdgz-sdg9 .sdgz-sdgPage__btnPrimary:visited,\n.sdgz-sdg9 .sdgz-sdgPage__btnPrimary:hover,\n.sdgz-sdg9 .sdgz-sdgPage__btnPrimary:focus{\n  color:#ffffff !important;\n  -webkit-text-fill-color:#ffffff !important;\n}\n.sdgz-sdg9 .sdgz-sdgPage__btnGhost{\n  background:rgba(255,255,255,0.86);\n  color:#0f172a;\n}\n\n.sdgz-sdg9 .sdgz-sdgPage__chips{\n  display:flex;\n  flex-wrap:wrap;\n  gap:8px;\n  margin-bottom:14px;\n}\n.sdgz-sdg9 .sdgz-sdgPage__chip{\n  display:inline-flex;\n  align-items:center;\n  padding:8px 12px;\n  border-radius:999px;\n  font-weight:800;\n  font-size:12.5px;\n  color:rgba(15,23,42,0.82);\n  background:rgba(255,255,255,0.75);\n  border:1px solid rgba(15,23,42,0.10);\n}\n\n\/* Right side *\/\n.sdgz-sdg9 .sdgz-sdgPage__heroRight{ display:grid; gap:12px; justify-items:end; }\n\n.sdgz-sdg9 .sdgz-sdgPage__iconWrap{\n  width:min(280px,100%);\n  aspect-ratio:1\/1;\n  border-radius:22px;\n  overflow:hidden;\n  border:1px solid rgba(15,23,42,0.10);\n  background:rgba(255,255,255,0.6);\n  box-shadow:0 22px 60px rgba(2,6,23,0.12);\n}\n.sdgz-sdg9 .sdgz-sdgPage__iconWrap img{ width:100%; height:100%; object-fit:cover; display:block; }\n\n.sdgz-sdg9 .sdgz-sdgPage__heroCard{\n  width:min(280px,100%);\n  border-radius:20px;\n  border:1px solid rgba(15,23,42,0.10);\n  background:rgba(255,255,255,0.74);\n  padding:14px 14px 16px;\n  position:relative;\n  overflow:hidden;\n}\n.sdgz-sdg9 .sdgz-sdgPage__heroCardTint{\n  border-color: rgba(253,105,37,0.22);\n  background:\n    radial-gradient(760px 520px at 12% 18%, rgba(253,105,37,0.14), transparent 62%),\n    rgba(255,255,255,0.88);\n}\n.sdgz-sdg9 .sdgz-sdgPage__heroCardTint::before{\n  content:\"\";\n  position:absolute;\n  left:0; top:0; bottom:0;\n  width:6px;\n  background:var(--sdg);\n  opacity:0.85;\n}\n.sdgz-sdg9 .sdgz-sdgPage__heroCardTitle{ font-weight:1000; letter-spacing:-0.01em; margin-bottom:6px; }\n.sdgz-sdg9 .sdgz-sdgPage__heroCardText{ color:#475569; font-size:13.5px; line-height:1.6; }\n\n\/* Local example *\/\n.sdgz-sdg9 .sdgz-sdgPage__localExample{\n  border-radius:20px;\n  border:1px solid rgba(15,23,42,0.10);\n  background:rgba(255,255,255,0.74);\n  box-shadow:0 14px 34px rgba(2,6,23,0.08);\n  padding:16px;\n  position:relative;\n  overflow:hidden;\n}\n.sdgz-sdg9 .sdgz-sdgPage__localExampleTint{\n  border-color: rgba(253,105,37,0.22);\n  background:\n    radial-gradient(760px 520px at 12% 18%, rgba(253,105,37,0.14), transparent 62%),\n    rgba(255,255,255,0.88);\n}\n.sdgz-sdg9 .sdgz-sdgPage__localExampleTint::before{\n  content:\"\";\n  position:absolute;\n  left:0; top:0; bottom:0;\n  width:6px;\n  background:var(--sdg);\n  opacity:0.85;\n}\n.sdgz-sdg9 .sdgz-sdgPage__localTop{\n  display:flex;\n  align-items:center;\n  justify-content:space-between;\n  gap:10px;\n  margin-bottom:10px;\n  flex-wrap:wrap;\n}\n.sdgz-sdg9 .sdgz-sdgPage__localTag{\n  display:inline-flex;\n  padding:7px 10px;\n  border-radius:999px;\n  font-weight:900;\n  font-size:12px;\n  letter-spacing:0.08em;\n  text-transform:uppercase;\n  background:rgba(255,255,255,0.82);\n  border:1px solid rgba(15,23,42,0.10);\n}\n.sdgz-sdg9 .sdgz-sdgPage__localPlace{ color:rgba(15,23,42,0.70); font-weight:800; font-size:12.5px; }\n.sdgz-sdg9 .sdgz-sdgPage__localTitle{ margin:0 0 8px 0; font-size:16px; letter-spacing:-0.01em; }\n.sdgz-sdg9 .sdgz-sdgPage__localText{ margin:0 0 12px 0; color:#475569; font-size:13.5px; line-height:1.65; }\n\n.sdgz-sdg9 .sdgz-sdgPage__localGrid{\n  display:grid;\n  grid-template-columns:1fr 1fr;\n  gap:10px;\n  margin-bottom:12px;\n}\n.sdgz-sdg9 .sdgz-sdgPage__localBox{\n  border-radius:16px;\n  border:1px solid rgba(253,105,37,0.18);\n  background: linear-gradient(135deg, rgba(253,105,37,0.06), rgba(255,255,255,0.78));\n  padding:12px;\n}\n.sdgz-sdg9 .sdgz-sdgPage__localBoxWide{ grid-column:1 \/ -1; }\n.sdgz-sdg9 .sdgz-sdgPage__localBoxTitle{ font-weight:1000; margin-bottom:6px; letter-spacing:-0.01em; }\n\n.sdgz-sdg9 .sdgz-sdgPage__localList{\n  margin:0;\n  padding-left:18px;\n  color:rgba(15,23,42,0.88);\n  font-size:13.5px;\n  line-height:1.6;\n}\n.sdgz-sdg9 .sdgz-sdgPage__localSmall{ margin:0; color:#475569; font-size:13.5px; line-height:1.6; }\n\n.sdgz-sdg9 .sdgz-sdgPage__localCTA{\n  display:flex;\n  align-items:center;\n  justify-content:space-between;\n  gap:10px;\n  flex-wrap:wrap;\n}\n.sdgz-sdg9 .sdgz-sdgPage__localBtn{\n  display:inline-flex;\n  align-items:center;\n  justify-content:center;\n  padding:10px 14px;\n  border-radius:12px;\n  font-weight:900;\n  font-size:13px;\n  color:rgba(15,23,42,0.90);\n  text-decoration:none;\n  background:rgba(253,105,37,0.10);\n  border:1px solid rgba(253,105,37,0.22);\n}\n.sdgz-sdg9 .sdgz-sdgPage__localHint{ color:rgba(15,23,42,0.65); font-size:12.5px; font-weight:700; }\n\n\/* Grid cards *\/\n.sdgz-sdg9 .sdgz-sdgPage__grid{\n  margin-top:16px;\n  display:grid;\n  grid-template-columns:1fr 1fr;\n  gap:14px;\n}\n.sdgz-sdg9 .sdgz-sdgPage__card{\n  background:rgba(255,255,255,0.86);\n  border:1px solid rgba(15,23,42,0.10);\n  border-radius:20px;\n  padding:18px;\n  box-shadow:0 14px 34px rgba(2,6,23,0.08);\n  position:relative;\n  overflow:hidden;\n}\n.sdgz-sdg9 .sdgz-sdgPage__cardTint{\n  border-color: rgba(253,105,37,0.22);\n  background:\n    radial-gradient(760px 520px at 12% 18%, rgba(253,105,37,0.14), transparent 62%),\n    rgba(255,255,255,0.88);\n}\n.sdgz-sdg9 .sdgz-sdgPage__cardTint::before{\n  content:\"\";\n  position:absolute;\n  left:0; top:0; bottom:0;\n  width:6px;\n  background:var(--sdg);\n  opacity:0.85;\n}\n\n.sdgz-sdg9 .sdgz-sdgPage__h{ margin:0 0 12px 0; font-size:18px; letter-spacing:-0.01em; }\n.sdgz-sdg9 .sdgz-sdgPage__p{ margin:0; color:#475569; font-size:14px; line-height:1.65; }\n\n.sdgz-sdg9 .sdgz-sdgPage__boxes{ display:grid; gap:12px; }\n.sdgz-sdg9 .sdgz-sdgPage__box{\n  border-radius:16px;\n  border:1px solid rgba(253,105,37,0.18);\n  background: linear-gradient(135deg, rgba(253,105,37,0.06), rgba(255,255,255,0.78));\n  padding:12px 12px 14px;\n}\n.sdgz-sdg9 .sdgz-sdgPage__boxTitle{ font-weight:1000; margin-bottom:6px; letter-spacing:-0.01em; }\n\n\/* Video *\/\n.sdgz-sdg9 .sdgz-sdgPage__video{\n  margin-top:12px;\n  border-radius:18px;\n  overflow:hidden;\n  border:1px solid rgba(253,105,37,0.18);\n  background: linear-gradient(135deg, rgba(253,105,37,0.06), rgba(255,255,255,0.78));\n  aspect-ratio:16\/9;\n}\n.sdgz-sdg9 .sdgz-sdgPage__video iframe{ width:100%; height:100%; display:block; }\n.sdgz-sdg9 .sdgz-sdgPage__videoNote{\n  margin-top:10px;\n  font-size:12.5px;\n  color:rgba(15,23,42,0.65);\n  font-weight:700;\n}\n\n\/* CTA card *\/\n.sdgz-sdg9 .sdgz-sdgPage__ctaCard{\n  grid-column:1 \/ -1;\n  border-color:rgba(253,105,37,0.24);\n  background:\n    radial-gradient(720px 420px at 12% 35%, rgba(253,105,37,0.16), transparent 62%),\n    rgba(255,255,255,0.88);\n}\n.sdgz-sdg9 .sdgz-sdgPage__ctaCard::before{\n  content:\"\";\n  position:absolute;\n  left:0; top:0; bottom:0;\n  width:8px;\n  background:var(--sdg);\n}\n\n.sdgz-sdg9 .sdgz-sdgPage__ctaKicker{\n  display:inline-flex;\n  padding:8px 12px;\n  border-radius:999px;\n  font-weight:900;\n  font-size:12px;\n  letter-spacing:0.08em;\n  text-transform:uppercase;\n  background:rgba(255,255,255,0.82);\n  border:1px solid rgba(15,23,42,0.10);\n  margin-bottom:10px;\n}\n.sdgz-sdg9 .sdgz-sdgPage__ctaTitle{ margin:0 0 8px 0; font-size:22px; letter-spacing:-0.01em; }\n\n.sdgz-sdg9 .sdgz-sdgPage__ctaBullets{\n  display:grid;\n  gap:10px;\n  margin-top:10px;\n  margin-bottom:12px;\n}\n.sdgz-sdg9 .sdgz-sdgPage__ctaBullet{\n  border-radius:14px;\n  border:1px solid rgba(253,105,37,0.18);\n  background: linear-gradient(135deg, rgba(253,105,37,0.06), rgba(255,255,255,0.78));\n  padding:10px 12px;\n  font-weight:800;\n  color:rgba(15,23,42,0.86);\n  font-size:13.5px;\n  line-height:1.55;\n}\n\n\/* Responsive *\/\n@media (max-width: 980px){\n  .sdgz-sdg9 .sdgz-sdgPage__heroInner{ grid-template-columns:1fr; }\n  .sdgz-sdg9 .sdgz-sdgPage__heroRight{ justify-items:start; }\n  .sdgz-sdg9 .sdgz-sdgPage__grid{ grid-template-columns:1fr; }\n  .sdgz-sdg9 .sdgz-sdgPage__localGrid{ grid-template-columns:1fr; }\n  .sdgz-sdg9 .sdgz-sdgPage__localBoxWide{ grid-column:auto; }\n}\n@media (max-width: 640px){\n  .sdgz-sdg9 .sdgz-sdgPage__ctaRow a,\n  .sdgz-sdg9 .sdgz-sdgPage__ctaRow2 a{\n    width:100%;\n    justify-content:center;\n  }\n}\n<\/style>\n\t\t\t\t\t\t\t\t<\/div>\n\t\t\t\t<\/div>\n\t\t\t\t<\/div>","protected":false},"excerpt":{"rendered":"<p>SDG 9, Industry, innovation and infrastructure Industry, Innovation and Infrastructure Build resilient infrastructure, promote inclusive and sustainable industrialisation, and foster innovation. For SMEs, this means improving processes, investing in digital tools, strengthening supply chains, and adopting innovation that improves quality, efficiency, and local resilience. Add SDG 9 to your SDG:Zero listing Back to all SDGs [&hellip;]<\/p>\n","protected":false},"author":1,"featured_media":0,"parent":2158,"menu_order":0,"comment_status":"closed","ping_status":"closed","template":"","meta":{"_acf_changed":false,"_monsterinsights_skip_tracking":false,"_monsterinsights_sitenote_active":false,"_monsterinsights_sitenote_note":"","_monsterinsights_sitenote_category":0,"footnotes":""},"class_list":["post-2202","page","type-page","status-publish","hentry"],"acf":[],"_links":{"self":[{"href":"https:\/\/sdgzero.net\/de\/wp-json\/wp\/v2\/pages\/2202","targetHints":{"allow":["GET"]}}],"collection":[{"href":"https:\/\/sdgzero.net\/de\/wp-json\/wp\/v2\/pages"}],"about":[{"href":"https:\/\/sdgzero.net\/de\/wp-json\/wp\/v2\/types\/page"}],"author":[{"embeddable":true,"href":"https:\/\/sdgzero.net\/de\/wp-json\/wp\/v2\/users\/1"}],"replies":[{"embeddable":true,"href":"https:\/\/sdgzero.net\/de\/wp-json\/wp\/v2\/comments?post=2202"}],"version-history":[{"count":0,"href":"https:\/\/sdgzero.net\/de\/wp-json\/wp\/v2\/pages\/2202\/revisions"}],"up":[{"embeddable":true,"href":"https:\/\/sdgzero.net\/de\/wp-json\/wp\/v2\/pages\/2158"}],"wp:attachment":[{"href":"https:\/\/sdgzero.net\/de\/wp-json\/wp\/v2\/media?parent=2202"}],"curies":[{"name":"wp","href":"https:\/\/api.w.org\/{rel}","templated":true}]}}