{"id":2207,"date":"2026-01-28T15:58:07","date_gmt":"2026-01-28T15:58:07","guid":{"rendered":"https:\/\/sdgzero.net\/?page_id=2207"},"modified":"2026-02-07T10:00:05","modified_gmt":"2026-02-07T10:00:05","slug":"responsible-consumption-and-production","status":"publish","type":"page","link":"https:\/\/sdgzero.net\/de\/the-17-sustainable-development-goals-for-business\/responsible-consumption-and-production\/","title":{"rendered":"Verantwortungsvoller Konsum und Produktion"},"content":{"rendered":"<div data-elementor-type=\"wp-page\" data-elementor-id=\"2207\" class=\"elementor elementor-2207\" data-elementor-post-type=\"page\">\n\t\t\t\t<div class=\"elementor-element elementor-element-464b53b e-con-full e-flex e-con e-parent\" data-id=\"464b53b\" data-element_type=\"container\" data-e-type=\"container\">\n\t\t\t\t<div class=\"elementor-element elementor-element-cb21026 elementor-widget elementor-widget-text-editor\" data-id=\"cb21026\" data-element_type=\"widget\" data-e-type=\"widget\" data-widget_type=\"text-editor.default\">\n\t\t\t\t\t\t\t\t\t<section class=\"sdgz-sdgPage sdgz-sdg12\" aria-label=\"SDG 12 Verantwortungsvoller Konsum und Produktion\">\n  <div class=\"sdgz-sdgPage__wrap\">\n\n    <!-- HERO -->\n    <header class=\"sdgz-sdgPage__hero\" style=\"--sdg:#BF8B2E; --wash:rgba(191,139,46,0.16);\">\n      <div class=\"sdgz-sdgPage__heroInner\">\n\n        <!-- LEFT -->\n        <div class=\"sdgz-sdgPage__heroLeft\">\n          <div class=\"sdgz-sdgPage__kicker\">SDG 12, Verantwortungsvoller Konsum und Produktion<\/div>\n\n          <h1 class=\"sdgz-sdgPage__title\">Verantwortungsvoller Konsum und Produktion<\/h1>\n\n          <p class=\"sdgz-sdgPage__lead\">\n            Nachhaltige Konsum- und Produktionsmuster sicherstellen. F\u00fcr KMU bedeutet dies, Abfall zu reduzieren, bessere Lieferanten auszuw\u00e4hlen, die Effizienz zu steigern und Dienstleistungen zu entwickeln, die weniger Material verbrauchen und weniger Umweltverschmutzung verursachen, ohne die Qualit\u00e4t zu beeintr\u00e4chtigen.\n          <\/p>\n\n          <!-- TOP CTA ROW -->\n          <div class=\"sdgz-sdgPage__ctaRow\">\n            <a class=\"sdgz-sdgPage__btn sdgz-sdgPage__btnPrimary\" href=\"\/de\/add-listing\/\">F\u00fcgen Sie SDG 12 zu Ihrer SDG:Zero-Liste hinzu.<\/a>\n            <a class=\"sdgz-sdgPage__btn sdgz-sdgPage__btnGhost\" href=\"https:\/\/sdgzero.net\/de\/the-17-sustainable-development-goals-for-business\/\">Zur\u00fcck zu allen SDGs<\/a>\n          <\/div>\n\n          <!-- CHIPS -->\n          <div class=\"sdgz-sdgPage__chips\" aria-label=\"Schwerpunktbereiche\">\n            <span class=\"sdgz-sdgPage__chip\">Abfallreduzierung<\/span>\n            <span class=\"sdgz-sdgPage__chip\">Bessere Lieferanten<\/span>\n            <span class=\"sdgz-sdgPage__chip\">Effizienz<\/span>\n            <span class=\"sdgz-sdgPage__chip\">Zirkul\u00e4res Denken<\/span>\n          <\/div>\n\n          <!-- LOCAL SME EXAMPLE (TINTED + BOXED) -->\n          <div class=\"sdgz-sdgPage__localExample sdgz-sdgPage__localExampleTint\" aria-label=\"Beispiel eines lokalen KMU\">\n            <div class=\"sdgz-sdgPage__localTop\">\n              <span class=\"sdgz-sdgPage__localTag\">Beispiel eines lokalen KMU<\/span>\n              <span class=\"sdgz-sdgPage__localPlace\">Sheffield<\/span>\n            <\/div>\n\n            <h2 class=\"sdgz-sdgPage__localTitle\">Ein praktisches, lokales und wiederholbares Beispiel<\/h2>\n\n            <p class=\"sdgz-sdgPage__localText\">\n              Ein Druck- und Werbetechnikunternehmen aus Sheffield stellte fest, dass es Verschnitt wegwarf und mehr Verpackungsmaterial verwendete als n\u00f6tig. Daraufhin f\u00fchrte es ein einfaches System zur Wiederverwendung von Verschnitt ein, stellte auf recycelbare Verpackungen um und gruppierte Lieferungen nach Region. So konnte es Abfall reduzieren, Kosten senken und die Kunden sch\u00e4tzten die Ver\u00e4nderung, da sie sichtbar und praktisch war.\n            <\/p>\n\n            <div class=\"sdgz-sdgPage__localGrid\">\n              <div class=\"sdgz-sdgPage__localBox\">\n                <div class=\"sdgz-sdgPage__localBoxTitle\">Was sie taten<\/div>\n                <ul class=\"sdgz-sdgPage__localList\">\n                  <li>Abfall wurde w\u00f6chentlich erfasst und Verschnitt wiederverwendet.<\/li>\n                  <li>Umstellung auf recycelbare Verpackungsmaterialien<\/li>\n                  <li>Lokale Lieferungen wurden geb\u00fcndelt, um die Fahrstrecke zu reduzieren<\/li>\n                <\/ul>\n              <\/div>\n\n              <div class=\"sdgz-sdgPage__localBox\">\n                <div class=\"sdgz-sdgPage__localBoxTitle\">Auswirkungen auf das Gesch\u00e4ft<\/div>\n                <ul class=\"sdgz-sdgPage__localList\">\n                  <li>Geringere Material- und Entsorgungskosten<\/li>\n                  <li>Schnellerer Arbeitsablauf mit weniger Nacharbeit<\/li>\n                  <li>St\u00e4rkerer Ruf als \u201cverantwortungsvolles Unternehmen\u201d.<\/li>\n                <\/ul>\n              <\/div>\n\n              <div class=\"sdgz-sdgPage__localBox sdgz-sdgPage__localBoxWide\">\n                <div class=\"sdgz-sdgPage__localBoxTitle\">Lokaler SEO-Aspekt<\/div>\n                <p class=\"sdgz-sdgPage__localSmall\">\n                  Sie aktualisierten ihren SDG:Zero-Eintrag mit \u201crecycelbaren Verpackungen\u201d, \u201cabfallarmem Druck\u201d und \u201cumweltfreundlicher Beschilderung in Sheffield\u201d. Dies unterst\u00fctzte Suchanfragen wie \u201cnachhaltige Druckerei in Sheffield\u201d und \u201cumweltfreundliche Beschilderung in meiner N\u00e4he\u201d und half Kunden, sie schneller auszuw\u00e4hlen.\n                <\/p>\n              <\/div>\n            <\/div>\n\n            <div class=\"sdgz-sdgPage__localCTA\">\n              <a class=\"sdgz-sdgPage__localBtn\" href=\"\/de\/add-listing\/\">F\u00fcgen Sie Ihre Ma\u00dfnahmen zur Abfallvermeidung Ihrer Liste hinzu.<\/a>\n              <span class=\"sdgz-sdgPage__localHint\">Weniger Abfall, mehr Wertsch\u00f6pfung vor Ort<\/span>\n            <\/div>\n          <\/div>\n        <\/div>\n\n        <!-- RIGHT -->\n        <aside class=\"sdgz-sdgPage__heroRight\">\n          <div class=\"sdgz-sdgPage__iconWrap\" aria-label=\"SDG-12-Symbol\">\n            <img decoding=\"async\" src=\"https:\/\/sdgzero.net\/wp-content\/uploads\/2026\/01\/sdg-12.png\" alt=\"SDG 12 Responsible Consumption and Production icon\">\n          <\/div>\n\n          <div class=\"sdgz-sdgPage__heroCard sdgz-sdgPage__heroCardTint\">\n            <div class=\"sdgz-sdgPage__heroCardTitle\">Was das bedeutet<\/div>\n            <div class=\"sdgz-sdgPage__heroCardText\">\n              Bei SDG 12 geht es um eine bessere Ressourcennutzung. KMU k\u00f6nnen eine Vorreiterrolle einnehmen, indem sie Verschwendung reduzieren, die Effizienz steigern, verantwortungsvolle Lieferanten ausw\u00e4hlen und Ver\u00e4nderungen umsetzen, die f\u00fcr Kunden sichtbar und vertrauensw\u00fcrdig sind.\n            <\/div>\n          <\/div>\n        <\/aside>\n\n      <\/div>\n    <\/header>\n\n    <!-- CONTENT GRID -->\n    <div class=\"sdgz-sdgPage__grid\">\n\n      <!-- VIDEO (TINTED + BOXED) -->\n      <article class=\"sdgz-sdgPage__card sdgz-sdgPage__cardTint\">\n        <h2 class=\"sdgz-sdgPage__h\">Kurzes Erkl\u00e4rvideo<\/h2>\n        <p class=\"sdgz-sdgPage__p\">Erfahren Sie, wie SDG 12 lokale KMU unterst\u00fctzt und wie kleine Ver\u00e4nderungen bei Abfall, Materialien und Lieferanten Kosten senken und das Vertrauen vor Ort verbessern k\u00f6nnen.<\/p>\n\n        <div class=\"sdgz-sdgPage__video\">\n          <iframe\n            title=\"SDG 12, Verantwortungsvoller Konsum und Produktion\"\n            src=\"https:\/\/www.youtube.com\/embed\/pOwOvqjYbPw\"\n            loading=\"lazy\"\n            referrerpolicy=\"strict-origin-when-cross-origin\"\n            allow=\"accelerometer; autoplay; clipboard-write; encrypted-media; gyroscope; picture-in-picture; web-share\"\n            allowfullscreen>\n          <\/iframe>\n        <\/div>\n\n        <div class=\"sdgz-sdgPage__videoNote\">Weitere Podcasts und praktische Vorlagen zu Abfallanalysen, Lieferantenpr\u00fcfungen und Ideen f\u00fcr Kreislaufwirtschaft finden Sie im SDG:Zero Vault.<\/div>\n      <\/article>\n\n      <!-- Practical actions (TINTED + BOXED) -->\n      <article class=\"sdgz-sdgPage__card sdgz-sdgPage__cardTint\">\n        <h2 class=\"sdgz-sdgPage__h\">Praktische Ma\u00dfnahmen f\u00fcr KMU<\/h2>\n        <div class=\"sdgz-sdgPage__boxes\">\n          <div class=\"sdgz-sdgPage__box\">\n            <div class=\"sdgz-sdgPage__boxTitle\">F\u00fchren Sie eine einfache Abfallanalyse durch.<\/div>\n            <p class=\"sdgz-sdgPage__p\">Notieren Sie zwei Wochen lang, was Sie wegwerfen, und beheben Sie dann die beiden h\u00e4ufigsten Ursachen.<\/p>\n          <\/div>\n\n          <div class=\"sdgz-sdgPage__box\">\n            <div class=\"sdgz-sdgPage__boxTitle\">Einkauf verbessern<\/div>\n            <p class=\"sdgz-sdgPage__p\">Weniger kaufen, intelligenter einkaufen, \u00dcberbestellungen reduzieren und Mindeststandards f\u00fcr Lieferanten festlegen.<\/p>\n          <\/div>\n\n          <div class=\"sdgz-sdgPage__box\">\n            <div class=\"sdgz-sdgPage__boxTitle\">Verpackungsm\u00fcll und Einwegartikel reduzieren<\/div>\n            <p class=\"sdgz-sdgPage__p\">Wo m\u00f6glich, sollten Sie auf andere Materialien umsteigen und wiederverwendbare Produkte oder Nachf\u00fclloptionen anbieten.<\/p>\n          <\/div>\n\n          <div class=\"sdgz-sdgPage__box\">\n            <div class=\"sdgz-sdgPage__boxTitle\">F\u00fcr Wiederverwendung oder Reparatur konzipiert<\/div>\n            <p class=\"sdgz-sdgPage__p\">Bieten Sie Reparatur-, Wartungs- oder R\u00fccknahmeoptionen an, die die Nutzungsdauer der Produkte verl\u00e4ngern.<\/p>\n          <\/div>\n\n          <div class=\"sdgz-sdgPage__box\">\n            <div class=\"sdgz-sdgPage__boxTitle\">Energie- und Wasserverschwendung reduzieren<\/div>\n            <p class=\"sdgz-sdgPage__p\">Effizienzsteigerungen senken die Kosten und reduzieren den Platzbedarf, ohne die Qualit\u00e4t zu beeintr\u00e4chtigen.<\/p>\n          <\/div>\n        <\/div>\n      <\/article>\n\n      <!-- Listing copy examples (TINTED + BOXED) -->\n      <article class=\"sdgz-sdgPage__card sdgz-sdgPage__cardTint\">\n        <h2 class=\"sdgz-sdgPage__h\">Beispiele f\u00fcr Angebotstexte, die Sie verwenden k\u00f6nnen<\/h2>\n        <div class=\"sdgz-sdgPage__boxes\">\n          <div class=\"sdgz-sdgPage__box\">\n            <div class=\"sdgz-sdgPage__boxTitle\">Abfallreduzierung<\/div>\n            <p class=\"sdgz-sdgPage__p\">Wir reduzieren Abfall durch bessere Planung, Recycling und praktische Verbesserungen, die den Materialverbrauch verringern.<\/p>\n          <\/div>\n\n          <div class=\"sdgz-sdgPage__box\">\n            <div class=\"sdgz-sdgPage__boxTitle\">Verantwortungsbewusste Lieferanten<\/div>\n            <p class=\"sdgz-sdgPage__p\">Wir arbeiten mit Lieferanten zusammen, die verantwortungsvolle Beschaffung unterst\u00fctzen und darauf abzielen, unn\u00f6tige Verpackungen zu reduzieren.<\/p>\n          <\/div>\n\n          <div class=\"sdgz-sdgPage__box\">\n            <div class=\"sdgz-sdgPage__boxTitle\">Wiederverwendung und Reparatur<\/div>\n            <p class=\"sdgz-sdgPage__p\">Wir unterst\u00fctzen Wiederverwendung und Reparatur, wo immer m\u00f6glich, und helfen unseren Kunden so, eine l\u00e4ngere Lebensdauer und einen besseren Wert zu erzielen.<\/p>\n          <\/div>\n        <\/div>\n      <\/article>\n\n      <!-- Metrics (TINTED + BOXED) -->\n      <article class=\"sdgz-sdgPage__card sdgz-sdgPage__cardTint\">\n        <h2 class=\"sdgz-sdgPage__h\">Einfache Kennzahlen zur Verfolgung<\/h2>\n        <div class=\"sdgz-sdgPage__boxes\">\n          <div class=\"sdgz-sdgPage__box\">\n            <div class=\"sdgz-sdgPage__boxTitle\">Abfall nach Art<\/div>\n            <p class=\"sdgz-sdgPage__p\">Abfallmenge (in kg), Recyclingquote und wichtigste Abfallstr\u00f6me im monatlichen Vergleich.<\/p>\n          <\/div>\n\n          <div class=\"sdgz-sdgPage__box\">\n            <div class=\"sdgz-sdgPage__boxTitle\">verwendete Verpackung<\/div>\n            <p class=\"sdgz-sdgPage__p\">Gekaufte Einheiten, vorgenommene \u00c4nderungen und prozentualer Anteil der auf Recyclingmaterialien umgestellten Produkte.<\/p>\n          <\/div>\n\n          <div class=\"sdgz-sdgPage__box\">\n            <div class=\"sdgz-sdgPage__boxTitle\">Effizienzeinsparungen<\/div>\n            <p class=\"sdgz-sdgPage__p\">Energie- und Wasserverbrauch sowie Kosteneinsparungen durch Verbesserungsprojekte.<\/p>\n          <\/div>\n        <\/div>\n      <\/article>\n\n      <!-- SDG-SPECIFIC CTA (TINTED) -->\n      <article class=\"sdgz-sdgPage__card sdgz-sdgPage__ctaCard\">\n        <div class=\"sdgz-sdgPage__ctaKicker\">SDG 12, Abfall ist eine Kostenbelastung<\/div>\n        <h2 class=\"sdgz-sdgPage__ctaTitle\">Effizienz in lokale Glaubw\u00fcrdigkeit und Gewinn umwandeln<\/h2>\n        <p class=\"sdgz-sdgPage__p\">\n          Kunden bemerken verantwortungsvolle Entscheidungen. Durch Abfallvermeidung, Effizienzsteigerung und die Auswahl besserer Lieferanten senken Sie Kosten und schaffen Vertrauen. Erg\u00e4nzen Sie Ihre Liste der SDGs:Zero um SDG 12 und ver\u00f6ffentlichen Sie regelm\u00e4\u00dfig kurze Updates zu den vorgenommenen \u00c4nderungen und Verbesserungen.\n        <\/p>\n\n        <div class=\"sdgz-sdgPage__ctaBullets\">\n          <div class=\"sdgz-sdgPage__ctaBullet\">Heben Sie sich als verantwortungsbewusstes, modernes lokales Unternehmen hervor<\/div>\n          <div class=\"sdgz-sdgPage__ctaBullet\">Kosten senken durch Abfallvermeidung und Effizienzsteigerung<\/div>\n          <div class=\"sdgz-sdgPage__ctaBullet\">Steigern Sie die lokale Sichtbarkeit mit den Schl\u00fcsselw\u00f6rtern \u201c\u00d6ko\u201d, \u201cRecycling\u201d und \u201cverantwortungsvoll\u201d.<\/div>\n        <\/div>\n\n        <div class=\"sdgz-sdgPage__ctaRow2\">\n          <a class=\"sdgz-sdgPage__btn sdgz-sdgPage__btnPrimary\" href=\"\/de\/join\/\">Schlie\u00dfen Sie sich SDG:Zero an<\/a>\n          <a class=\"sdgz-sdgPage__btn sdgz-sdgPage__btnGhost\" href=\"\/de\/add-listing\/\">Erstellen Sie Ihren Eintrag<\/a>\n        <\/div>\n      <\/article>\n\n    <\/div>\n  <\/div>\n<\/section>\n\n<style>\n\/* ========= SDG 12, FULL CSS (Elementor-safe: no <p>, no <br>) ========= *\/\n.sdgz-sdg12{ --sdg:#BF8B2E; }\n.sdgz-sdg12 *{ box-sizing:border-box; }\n\n.sdgz-sdg12{\n  padding:60px 0 72px;\n  background:\n    radial-gradient(900px 520px at 18% 12%, rgba(191,139,46,0.12), transparent 60%),\n    radial-gradient(900px 520px at 82% 88%, rgba(37,99,235,0.08), transparent 60%),\n    linear-gradient(135deg,#f7f9fc,#eef3f9,#ffffff);\n  color:#0f172a;\n  font-family:system-ui,-apple-system,Segoe UI,Roboto,Helvetica,Arial;\n}\n\n.sdgz-sdg12 .sdgz-sdgPage__wrap{ width:min(1200px,92%); margin:0 auto; }\n\n.sdgz-sdg12 .sdgz-sdgPage__hero{\n  position:relative;\n  border-radius:28px;\n  border:1px solid rgba(15,23,42,0.10);\n  background:rgba(255,255,255,0.80);\n  box-shadow:0 18px 50px rgba(2,6,23,0.10);\n  backdrop-filter:blur(10px);\n  overflow:hidden;\n}\n.sdgz-sdg12 .sdgz-sdgPage__hero::before{\n  content:\"\";\n  position:absolute;\n  inset:-40%;\n  background:\n    radial-gradient(760px 520px at 18% 28%, rgba(191,139,46,0.18), transparent 62%),\n    radial-gradient(760px 520px at 86% 78%, rgba(37,99,235,0.10), transparent 62%);\n  pointer-events:none;\n}\n.sdgz-sdg12 .sdgz-sdgPage__hero::after{\n  content:\"\";\n  position:absolute;\n  left:0; top:0; bottom:0;\n  width:10px;\n  background:var(--sdg);\n}\n\n.sdgz-sdg12 .sdgz-sdgPage__heroInner{\n  position:relative;\n  z-index:1;\n  display:grid;\n  grid-template-columns:1.2fr 0.8fr;\n  gap:22px;\n  padding:30px 28px;\n  align-items:start;\n}\n\n.sdgz-sdg12 .sdgz-sdgPage__kicker{\n  display:inline-flex;\n  align-items:center;\n  gap:10px;\n  font-weight:900;\n  font-size:12px;\n  letter-spacing:0.10em;\n  text-transform:uppercase;\n  color:rgba(15,23,42,0.78);\n  background:rgba(255,255,255,0.82);\n  border:1px solid rgba(15,23,42,0.10);\n  padding:10px 12px;\n  border-radius:999px;\n  margin-bottom:12px;\n}\n.sdgz-sdg12 .sdgz-sdgPage__title{\n  margin:0 0 12px 0;\n  font-size:clamp(30px,3.6vw,48px);\n  line-height:1.08;\n  letter-spacing:-0.02em;\n}\n.sdgz-sdg12 .sdgz-sdgPage__lead{\n  margin:0 0 16px 0;\n  max-width:72ch;\n  color:#475569;\n  font-size:16px;\n  line-height:1.75;\n}\n\n.sdgz-sdg12 .sdgz-sdgPage__ctaRow,\n.sdgz-sdg12 .sdgz-sdgPage__ctaRow2{\n  display:flex;\n  flex-wrap:wrap;\n  gap:16px;\n  align-items:center;\n  margin:16px 0 18px;\n}\n\n.sdgz-sdg12 .sdgz-sdgPage__btn{\n  display:inline-flex;\n  align-items:center;\n  justify-content:center;\n  padding:12px 18px;\n  border-radius:999px;\n  font-weight:900;\n  font-size:14px;\n  text-decoration:none;\n  border:1px solid rgba(15,23,42,0.12);\n  transition:transform .15s ease, box-shadow .15s ease;\n  white-space:nowrap;\n}\n.sdgz-sdg12 .sdgz-sdgPage__btn:hover{\n  transform:translateY(-1px);\n  box-shadow:0 14px 40px rgba(2,6,23,0.12);\n}\n.sdgz-sdg12 .sdgz-sdgPage__btnPrimary{\n  background:linear-gradient(135deg,var(--sdg),#2563eb);\n  border-color:rgba(15,23,42,0.12);\n  color:#ffffff !important;\n  -webkit-text-fill-color:#ffffff !important;\n  opacity:1 !important;\n}\n.sdgz-sdg12 .sdgz-sdgPage__btnPrimary:visited,\n.sdgz-sdg12 .sdgz-sdgPage__btnPrimary:hover,\n.sdgz-sdg12 .sdgz-sdgPage__btnPrimary:focus{\n  color:#ffffff !important;\n  -webkit-text-fill-color:#ffffff !important;\n}\n.sdgz-sdg12 .sdgz-sdgPage__btnGhost{\n  background:rgba(255,255,255,0.86);\n  color:#0f172a;\n}\n\n.sdgz-sdg12 .sdgz-sdgPage__chips{\n  display:flex;\n  flex-wrap:wrap;\n  gap:8px;\n  margin-bottom:14px;\n}\n.sdgz-sdg12 .sdgz-sdgPage__chip{\n  display:inline-flex;\n  align-items:center;\n  padding:8px 12px;\n  border-radius:999px;\n  font-weight:800;\n  font-size:12.5px;\n  color:rgba(15,23,42,0.82);\n  background:rgba(255,255,255,0.75);\n  border:1px solid rgba(15,23,42,0.10);\n}\n\n\/* Right side *\/\n.sdgz-sdg12 .sdgz-sdgPage__heroRight{ display:grid; gap:12px; justify-items:end; }\n\n.sdgz-sdg12 .sdgz-sdgPage__iconWrap{\n  width:min(280px,100%);\n  aspect-ratio:1\/1;\n  border-radius:22px;\n  overflow:hidden;\n  border:1px solid rgba(15,23,42,0.10);\n  background:rgba(255,255,255,0.6);\n  box-shadow:0 22px 60px rgba(2,6,23,0.12);\n}\n.sdgz-sdg12 .sdgz-sdgPage__iconWrap img{ width:100%; height:100%; object-fit:cover; display:block; }\n\n.sdgz-sdg12 .sdgz-sdgPage__heroCard{\n  width:min(280px,100%);\n  border-radius:20px;\n  border:1px solid rgba(15,23,42,0.10);\n  background:rgba(255,255,255,0.74);\n  padding:14px 14px 16px;\n  position:relative;\n  overflow:hidden;\n}\n\n\/* Tint hero card *\/\n.sdgz-sdg12 .sdgz-sdgPage__heroCardTint{\n  border-color: rgba(191,139,46,0.22);\n  background:\n    radial-gradient(760px 520px at 12% 18%, rgba(191,139,46,0.14), transparent 62%),\n    rgba(255,255,255,0.88);\n}\n.sdgz-sdg12 .sdgz-sdgPage__heroCardTint::before{\n  content:\"\";\n  position:absolute;\n  left:0; top:0; bottom:0;\n  width:6px;\n  background:var(--sdg);\n  opacity:0.85;\n}\n.sdgz-sdg12 .sdgz-sdgPage__heroCardTitle{ font-weight:1000; letter-spacing:-0.01em; margin-bottom:6px; }\n.sdgz-sdg12 .sdgz-sdgPage__heroCardText{ color:#475569; font-size:13.5px; line-height:1.6; }\n\n\/* Local example *\/\n.sdgz-sdg12 .sdgz-sdgPage__localExample{\n  border-radius:20px;\n  border:1px solid rgba(15,23,42,0.10);\n  background:rgba(255,255,255,0.74);\n  box-shadow:0 14px 34px rgba(2,6,23,0.08);\n  padding:16px;\n  position:relative;\n  overflow:hidden;\n}\n.sdgz-sdg12 .sdgz-sdgPage__localExampleTint{\n  border-color: rgba(191,139,46,0.22);\n  background:\n    radial-gradient(760px 520px at 12% 18%, rgba(191,139,46,0.14), transparent 62%),\n    rgba(255,255,255,0.88);\n}\n.sdgz-sdg12 .sdgz-sdgPage__localExampleTint::before{\n  content:\"\";\n  position:absolute;\n  left:0; top:0; bottom:0;\n  width:6px;\n  background:var(--sdg);\n  opacity:0.85;\n}\n.sdgz-sdg12 .sdgz-sdgPage__localTop{\n  display:flex;\n  align-items:center;\n  justify-content:space-between;\n  gap:10px;\n  margin-bottom:10px;\n  flex-wrap:wrap;\n}\n.sdgz-sdg12 .sdgz-sdgPage__localTag{\n  display:inline-flex;\n  padding:7px 10px;\n  border-radius:999px;\n  font-weight:900;\n  font-size:12px;\n  letter-spacing:0.08em;\n  text-transform:uppercase;\n  background:rgba(255,255,255,0.82);\n  border:1px solid rgba(15,23,42,0.10);\n}\n.sdgz-sdg12 .sdgz-sdgPage__localPlace{ color:rgba(15,23,42,0.70); font-weight:800; font-size:12.5px; }\n.sdgz-sdg12 .sdgz-sdgPage__localTitle{ margin:0 0 8px 0; font-size:16px; letter-spacing:-0.01em; }\n.sdgz-sdg12 .sdgz-sdgPage__localText{ margin:0 0 12px 0; color:#475569; font-size:13.5px; line-height:1.65; }\n\n.sdgz-sdg12 .sdgz-sdgPage__localGrid{\n  display:grid;\n  grid-template-columns:1fr 1fr;\n  gap:10px;\n  margin-bottom:12px;\n}\n.sdgz-sdg12 .sdgz-sdgPage__localBox{\n  border-radius:16px;\n  border:1px solid rgba(191,139,46,0.18);\n  background: linear-gradient(135deg, rgba(191,139,46,0.06), rgba(255,255,255,0.78));\n  padding:12px;\n}\n.sdgz-sdg12 .sdgz-sdgPage__localBoxWide{ grid-column:1 \/ -1; }\n.sdgz-sdg12 .sdgz-sdgPage__localBoxTitle{ font-weight:1000; margin-bottom:6px; letter-spacing:-0.01em; }\n\n.sdgz-sdg12 .sdgz-sdgPage__localList{\n  margin:0;\n  padding-left:18px;\n  color:rgba(15,23,42,0.88);\n  font-size:13.5px;\n  line-height:1.6;\n}\n.sdgz-sdg12 .sdgz-sdgPage__localSmall{ margin:0; color:#475569; font-size:13.5px; line-height:1.6; }\n\n.sdgz-sdg12 .sdgz-sdgPage__localCTA{\n  display:flex;\n  align-items:center;\n  justify-content:space-between;\n  gap:10px;\n  flex-wrap:wrap;\n}\n.sdgz-sdg12 .sdgz-sdgPage__localBtn{\n  display:inline-flex;\n  align-items:center;\n  justify-content:center;\n  padding:10px 14px;\n  border-radius:12px;\n  font-weight:900;\n  font-size:13px;\n  color:rgba(15,23,42,0.90);\n  text-decoration:none;\n  background:rgba(191,139,46,0.10);\n  border:1px solid rgba(191,139,46,0.22);\n}\n.sdgz-sdg12 .sdgz-sdgPage__localHint{ color:rgba(15,23,42,0.65); font-size:12.5px; font-weight:700; }\n\n\/* Grid cards *\/\n.sdgz-sdg12 .sdgz-sdgPage__grid{\n  margin-top:16px;\n  display:grid;\n  grid-template-columns:1fr 1fr;\n  gap:14px;\n}\n.sdgz-sdg12 .sdgz-sdgPage__card{\n  background:rgba(255,255,255,0.86);\n  border:1px solid rgba(15,23,42,0.10);\n  border-radius:20px;\n  padding:18px;\n  box-shadow:0 14px 34px rgba(2,6,23,0.08);\n  position:relative;\n  overflow:hidden;\n}\n.sdgz-sdg12 .sdgz-sdgPage__cardTint{\n  border-color: rgba(191,139,46,0.22);\n  background:\n    radial-gradient(760px 520px at 12% 18%, rgba(191,139,46,0.14), transparent 62%),\n    rgba(255,255,255,0.88);\n}\n.sdgz-sdg12 .sdgz-sdgPage__cardTint::before{\n  content:\"\";\n  position:absolute;\n  left:0; top:0; bottom:0;\n  width:6px;\n  background:var(--sdg);\n  opacity:0.85;\n}\n\n.sdgz-sdg12 .sdgz-sdgPage__h{ margin:0 0 12px 0; font-size:18px; letter-spacing:-0.01em; }\n.sdgz-sdg12 .sdgz-sdgPage__p{ margin:0; color:#475569; font-size:14px; line-height:1.65; }\n\n.sdgz-sdg12 .sdgz-sdgPage__boxes{ display:grid; gap:12px; }\n.sdgz-sdg12 .sdgz-sdgPage__box{\n  border-radius:16px;\n  border:1px solid rgba(191,139,46,0.18);\n  background: linear-gradient(135deg, rgba(191,139,46,0.06), rgba(255,255,255,0.78));\n  padding:12px 12px 14px;\n}\n.sdgz-sdg12 .sdgz-sdgPage__boxTitle{ font-weight:1000; margin-bottom:6px; letter-spacing:-0.01em; }\n\n\/* Video *\/\n.sdgz-sdg12 .sdgz-sdgPage__video{\n  margin-top:12px;\n  border-radius:18px;\n  overflow:hidden;\n  border:1px solid rgba(191,139,46,0.18);\n  background: linear-gradient(135deg, rgba(191,139,46,0.06), rgba(255,255,255,0.78));\n  aspect-ratio:16\/9;\n}\n.sdgz-sdg12 .sdgz-sdgPage__video iframe{ width:100%; height:100%; display:block; }\n.sdgz-sdg12 .sdgz-sdgPage__videoNote{\n  margin-top:10px;\n  font-size:12.5px;\n  color:rgba(15,23,42,0.65);\n  font-weight:700;\n}\n\n\/* CTA card *\/\n.sdgz-sdg12 .sdgz-sdgPage__ctaCard{\n  grid-column:1 \/ -1;\n  border-color:rgba(191,139,46,0.24);\n  background:\n    radial-gradient(720px 420px at 12% 35%, rgba(191,139,46,0.16), transparent 62%),\n    rgba(255,255,255,0.88);\n}\n.sdgz-sdg12 .sdgz-sdgPage__ctaCard::before{\n  content:\"\";\n  position:absolute;\n  left:0; top:0; bottom:0;\n  width:8px;\n  background:var(--sdg);\n}\n\n.sdgz-sdg12 .sdgz-sdgPage__ctaKicker{\n  display:inline-flex;\n  padding:8px 12px;\n  border-radius:999px;\n  font-weight:900;\n  font-size:12px;\n  letter-spacing:0.08em;\n  text-transform:uppercase;\n  background:rgba(255,255,255,0.82);\n  border:1px solid rgba(15,23,42,0.10);\n  margin-bottom:10px;\n}\n.sdgz-sdg12 .sdgz-sdgPage__ctaTitle{ margin:0 0 8px 0; font-size:22px; letter-spacing:-0.01em; }\n\n.sdgz-sdg12 .sdgz-sdgPage__ctaBullets{\n  display:grid;\n  gap:10px;\n  margin-top:10px;\n  margin-bottom:12px;\n}\n.sdgz-sdg12 .sdgz-sdgPage__ctaBullet{\n  border-radius:14px;\n  border:1px solid rgba(191,139,46,0.18);\n  background: linear-gradient(135deg, rgba(191,139,46,0.06), rgba(255,255,255,0.78));\n  padding:10px 12px;\n  font-weight:800;\n  color:rgba(15,23,42,0.86);\n  font-size:13.5px;\n  line-height:1.55;\n}\n\n\/* Responsive *\/\n@media (max-width: 980px){\n  .sdgz-sdg12 .sdgz-sdgPage__heroInner{ grid-template-columns:1fr; }\n  .sdgz-sdg12 .sdgz-sdgPage__heroRight{ justify-items:start; }\n  .sdgz-sdg12 .sdgz-sdgPage__grid{ grid-template-columns:1fr; }\n  .sdgz-sdg12 .sdgz-sdgPage__localGrid{ grid-template-columns:1fr; }\n  .sdgz-sdg12 .sdgz-sdgPage__localBoxWide{ grid-column:auto; }\n}\n@media (max-width: 640px){\n  .sdgz-sdg12 .sdgz-sdgPage__ctaRow a,\n  .sdgz-sdg12 .sdgz-sdgPage__ctaRow2 a{\n    width:100%;\n    justify-content:center;\n  }\n}\n<\/style>\n\t\t\t\t\t\t\t\t<\/div>\n\t\t\t\t<\/div>\n\t\t\t\t<\/div>","protected":false},"excerpt":{"rendered":"<p>SDG 12, Responsible consumption and production Responsible Consumption and Production Ensure sustainable consumption and production patterns. For SMEs, this means reducing waste, choosing better suppliers, improving efficiency, and designing services that use fewer materials and create less pollution, without harming quality. Add SDG 12 to your SDG:Zero listing Back to all SDGs Waste reduction Better [&hellip;]<\/p>\n","protected":false},"author":1,"featured_media":0,"parent":2158,"menu_order":0,"comment_status":"closed","ping_status":"closed","template":"","meta":{"_acf_changed":false,"_monsterinsights_skip_tracking":false,"_monsterinsights_sitenote_active":false,"_monsterinsights_sitenote_note":"","_monsterinsights_sitenote_category":0,"footnotes":""},"class_list":["post-2207","page","type-page","status-publish","hentry"],"acf":[],"_links":{"self":[{"href":"https:\/\/sdgzero.net\/de\/wp-json\/wp\/v2\/pages\/2207","targetHints":{"allow":["GET"]}}],"collection":[{"href":"https:\/\/sdgzero.net\/de\/wp-json\/wp\/v2\/pages"}],"about":[{"href":"https:\/\/sdgzero.net\/de\/wp-json\/wp\/v2\/types\/page"}],"author":[{"embeddable":true,"href":"https:\/\/sdgzero.net\/de\/wp-json\/wp\/v2\/users\/1"}],"replies":[{"embeddable":true,"href":"https:\/\/sdgzero.net\/de\/wp-json\/wp\/v2\/comments?post=2207"}],"version-history":[{"count":0,"href":"https:\/\/sdgzero.net\/de\/wp-json\/wp\/v2\/pages\/2207\/revisions"}],"up":[{"embeddable":true,"href":"https:\/\/sdgzero.net\/de\/wp-json\/wp\/v2\/pages\/2158"}],"wp:attachment":[{"href":"https:\/\/sdgzero.net\/de\/wp-json\/wp\/v2\/media?parent=2207"}],"curies":[{"name":"wp","href":"https:\/\/api.w.org\/{rel}","templated":true}]}}