{"id":2209,"date":"2026-01-28T16:11:21","date_gmt":"2026-01-28T16:11:21","guid":{"rendered":"https:\/\/sdgzero.net\/?page_id=2209"},"modified":"2026-02-07T10:04:09","modified_gmt":"2026-02-07T10:04:09","slug":"life-below-water","status":"publish","type":"page","link":"https:\/\/sdgzero.net\/de\/the-17-sustainable-development-goals-for-business\/life-below-water\/","title":{"rendered":"Leben unter Wasser"},"content":{"rendered":"<div data-elementor-type=\"wp-page\" data-elementor-id=\"2209\" class=\"elementor elementor-2209\" data-elementor-post-type=\"page\">\n\t\t\t\t<div class=\"elementor-element elementor-element-464b53b e-con-full e-flex e-con e-parent\" data-id=\"464b53b\" data-element_type=\"container\" data-e-type=\"container\">\n\t\t\t\t<div class=\"elementor-element elementor-element-cb21026 elementor-widget elementor-widget-text-editor\" data-id=\"cb21026\" data-element_type=\"widget\" data-e-type=\"widget\" data-widget_type=\"text-editor.default\">\n\t\t\t\t\t\t\t\t\t<section class=\"sdgz-sdgPage sdgz-sdg14\" aria-label=\"SDG 14 Leben unter Wasser\">\n  <div class=\"sdgz-sdgPage__wrap\">\n\n    <!-- HERO -->\n    <header class=\"sdgz-sdgPage__hero\" style=\"--sdg:#0A97D9; --wash:rgba(10,151,217,0.16);\">\n      <div class=\"sdgz-sdgPage__heroInner\">\n\n        <!-- LEFT -->\n        <div class=\"sdgz-sdgPage__heroLeft\">\n          <div class=\"sdgz-sdgPage__kicker\">SDG 14, Leben unter Wasser<\/div>\n          <h1 class=\"sdgz-sdgPage__title\">Leben unter Wasser<\/h1>\n\n          <p class=\"sdgz-sdgPage__lead\">\n            Die Ozeane, Meere und Meeresressourcen m\u00fcssen gesch\u00fctzt und nachhaltig genutzt werden. F\u00fcr KMU bedeutet dies, Plastik- und Verpackungsm\u00fcll zu reduzieren, Umweltverschmutzung zu vermeiden, verantwortungsvolle Materialien auszuw\u00e4hlen und sauberere lokale Gew\u00e4sser zu unterst\u00fctzen \u2013 auch wenn Ihr Unternehmen nicht an der K\u00fcste ans\u00e4ssig ist.\n          <\/p>\n\n          <!-- TOP CTA ROW -->\n          <div class=\"sdgz-sdgPage__ctaRow\">\n            <a class=\"sdgz-sdgPage__btn sdgz-sdgPage__btnPrimary\" href=\"\/de\/add-listing\/\">F\u00fcgen Sie SDG 14 Ihrer SDG:Zero-Liste hinzu.<\/a>\n            <a class=\"sdgz-sdgPage__btn sdgz-sdgPage__btnGhost\" href=\"https:\/\/sdgzero.net\/de\/the-17-sustainable-development-goals-for-business\/\">Zur\u00fcck zu allen SDGs<\/a>\n          <\/div>\n\n          <!-- CHIPS -->\n          <div class=\"sdgz-sdgPage__chips\" aria-label=\"Schwerpunktbereiche\">\n            <span class=\"sdgz-sdgPage__chip\">Kunststoffreduzierung<\/span>\n            <span class=\"sdgz-sdgPage__chip\">Sauberere Wasserwege<\/span>\n            <span class=\"sdgz-sdgPage__chip\">Verantwortliche Materialien<\/span>\n            <span class=\"sdgz-sdgPage__chip\">Umweltverschmutzungspr\u00e4vention<\/span>\n          <\/div>\n\n          <!-- LOCAL SME EXAMPLE (TINTED + BOXED) -->\n          <div class=\"sdgz-sdgPage__localExample sdgz-sdgPage__localExampleTint\" aria-label=\"Beispiel eines lokalen KMU\">\n            <div class=\"sdgz-sdgPage__localTop\">\n              <span class=\"sdgz-sdgPage__localTag\">Beispiel eines lokalen KMU<\/span>\n              <span class=\"sdgz-sdgPage__localPlace\">Plymouth<\/span>\n            <\/div>\n\n            <h2 class=\"sdgz-sdgPage__localTitle\">Ein praktisches, lokales und wiederholbares Beispiel<\/h2>\n\n            <p class=\"sdgz-sdgPage__localText\">\n              Ein Imbiss in Plymouth wollte den Verbrauch von Einwegplastik reduzieren und verhindern, dass M\u00fcll in den Hafen gelangt. Sie stellten auf faserbasierte Beh\u00e4lter um, gew\u00e4hrten Kunden, die ihren eigenen Becher mitbrachten, einen kleinen Rabatt und schulten ihre Mitarbeiter in der korrekten M\u00fclltrennung. Au\u00dferdem kooperierten sie mit einer lokalen Strandreinigungsgruppe und informierten \u00fcber ihren Status als Teilnehmer an der UN-Nachhaltigkeitsinitiative \u201eSDG:Zero\u201c.\n            <\/p>\n\n            <div class=\"sdgz-sdgPage__localGrid\">\n              <div class=\"sdgz-sdgPage__localBox\">\n                <div class=\"sdgz-sdgPage__localBoxTitle\">Was sie taten<\/div>\n                <ul class=\"sdgz-sdgPage__localList\">\n                  <li>Plastikbesteck entfernt und Verpackung ausgetauscht<\/li>\n                  <li>Rabatt f\u00fcr wiederverwendbare Becher und klarere Entsorgungshinweise<\/li>\n                  <li>Ich habe an lokalen Strand- und Hafenreinigungsaktionen teilgenommen.<\/li>\n                <\/ul>\n              <\/div>\n\n              <div class=\"sdgz-sdgPage__localBox\">\n                <div class=\"sdgz-sdgPage__localBoxTitle\">Auswirkungen auf das Gesch\u00e4ft<\/div>\n                <ul class=\"sdgz-sdgPage__localList\">\n                  <li>Bessere Bewertungen und st\u00e4rkere Kundenbindung<\/li>\n                  <li>Weniger Beschwerden \u00fcber M\u00fcll und eine sauberere Fassade<\/li>\n                  <li>Gesteigertes Vertrauen bei Anwohnern und Besuchern<\/li>\n                <\/ul>\n              <\/div>\n\n              <div class=\"sdgz-sdgPage__localBox sdgz-sdgPage__localBoxWide\">\n                <div class=\"sdgz-sdgPage__localBoxTitle\">Lokaler SEO-Aspekt<\/div>\n                <p class=\"sdgz-sdgPage__localSmall\">\n                  Sie erg\u00e4nzten ihren SDG:Zero-Eintrag um die Begriffe \u201cplastikfreies Essen zum Mitnehmen in Plymouth\u201d, \u201cumweltfreundliche Verpackung\u201d und \u201cUnterst\u00fctzer von Strandreinigungen\u201d. Dies erleichterte Suchanfragen wie \u201cumweltfreundliches Essen zum Mitnehmen in Plymouth\u201d und half Besuchern, sie schnell zu finden.\n                <\/p>\n              <\/div>\n            <\/div>\n\n            <div class=\"sdgz-sdgPage__localCTA\">\n              <a class=\"sdgz-sdgPage__localBtn\" href=\"\/de\/add-listing\/\">F\u00fcgen Sie Ihre Ma\u00dfnahmen zur Plastikreduzierung Ihrer Liste hinzu.<\/a>\n              <span class=\"sdgz-sdgPage__localHint\">Saubereres Wasser beginnt flussaufw\u00e4rts.<\/span>\n            <\/div>\n          <\/div>\n        <\/div>\n\n        <!-- RIGHT -->\n        <aside class=\"sdgz-sdgPage__heroRight\">\n          <div class=\"sdgz-sdgPage__iconWrap\" aria-label=\"SDG-14-Symbol\">\n            <img decoding=\"async\" src=\"https:\/\/sdgzero.net\/wp-content\/uploads\/2026\/01\/sdg-14.png\" alt=\"SDG 14 Life Below Water icon\">\n          <\/div>\n\n          <div class=\"sdgz-sdgPage__heroCard sdgz-sdgPage__heroCardTint\">\n            <div class=\"sdgz-sdgPage__heroCardTitle\">Was das bedeutet<\/div>\n            <div class=\"sdgz-sdgPage__heroCardText\">\n              SDG 14 befasst sich mit dem Erhalt gesunder Ozeane und Wasserwege. KMU tragen dazu bei, indem sie Plastik und Umweltverschmutzung reduzieren, die Abfallentsorgung verbessern und Materialien ausw\u00e4hlen, die nicht in Fl\u00fcssen, Abfl\u00fcssen oder an Str\u00e4nden landen.\n            <\/div>\n          <\/div>\n        <\/aside>\n\n      <\/div>\n    <\/header>\n\n    <!-- CONTENT GRID -->\n    <div class=\"sdgz-sdgPage__grid\">\n\n      <!-- VIDEO (TINTED + BOXED) -->\n      <article class=\"sdgz-sdgPage__card sdgz-sdgPage__cardTint\">\n        <h2 class=\"sdgz-sdgPage__h\">Kurzes Erkl\u00e4rvideo<\/h2>\n        <p class=\"sdgz-sdgPage__p\">Erfahren Sie, wie SDG 14 lokale KMU unterst\u00fctzt und wie die Reduzierung von Plastik und die Vermeidung von Verschmutzung Wasserwege und K\u00fcstengemeinden sch\u00fctzen.<\/p>\n\n        <div class=\"sdgz-sdgPage__video\">\n          <iframe\n            title=\"SDG 14, Leben unter Wasser\"\n            src=\"https:\/\/www.youtube.com\/embed\/wGsaoTHm2OU\"\n            loading=\"lazy\"\n            referrerpolicy=\"strict-origin-when-cross-origin\"\n            allow=\"accelerometer; autoplay; clipboard-write; encrypted-media; gyroscope; picture-in-picture; web-share\"\n            allowfullscreen>\n          <\/iframe>\n        <\/div>\n\n        <div class=\"sdgz-sdgPage__videoNote\">Weitere Podcasts und praktische Vorlagen zu Verpackungstausch, Abfallanalysen und kommunalen Aufr\u00e4umaktionen finden Sie im SDG:Zero Vault.<\/div>\n      <\/article>\n\n      <!-- Practical actions (TINTED + BOXED) -->\n      <article class=\"sdgz-sdgPage__card sdgz-sdgPage__cardTint\">\n        <h2 class=\"sdgz-sdgPage__h\">Praktische Ma\u00dfnahmen f\u00fcr KMU<\/h2>\n        <div class=\"sdgz-sdgPage__boxes\">\n          <div class=\"sdgz-sdgPage__box\">\n            <div class=\"sdgz-sdgPage__boxTitle\">Unn\u00f6tige Kunststoffe entfernen<\/div>\n            <p class=\"sdgz-sdgPage__p\">Besteck, T\u00fctchen, Verpackungen und Einwegartikel, die oft zu M\u00fcll werden.<\/p>\n          <\/div>\n\n          <div class=\"sdgz-sdgPage__box\">\n            <div class=\"sdgz-sdgPage__boxTitle\">Schalten Sie die Verpackung verantwortungsvoll<\/div>\n            <p class=\"sdgz-sdgPage__p\">W\u00e4hlen Sie recycelbare oder faserbasierte Verpackungen und vermeiden Sie schwer recycelbare Verbundwerkstoffe.<\/p>\n          <\/div>\n\n          <div class=\"sdgz-sdgPage__box\">\n            <div class=\"sdgz-sdgPage__boxTitle\">Verschmutzungen und Versch\u00fcttungen verhindern<\/div>\n            <p class=\"sdgz-sdgPage__p\">Fl\u00fcssigkeiten sicher lagern, \u00d6le vorsichtig handhaben und Abfl\u00fcsse sch\u00fctzen.<\/p>\n          <\/div>\n\n          <div class=\"sdgz-sdgPage__box\">\n            <div class=\"sdgz-sdgPage__boxTitle\">Abfalltrennung verbessern<\/div>\n            <p class=\"sdgz-sdgPage__p\">Saubere Abfallbeh\u00e4lter, Mitarbeiterhinweise und einfache Beschilderung reduzieren die Kontamination.<\/p>\n          <\/div>\n\n          <div class=\"sdgz-sdgPage__box\">\n            <div class=\"sdgz-sdgPage__boxTitle\">Unterst\u00fctzen Sie lokale Aufr\u00e4umaktionen.<\/div>\n            <p class=\"sdgz-sdgPage__p\">Beteiligen Sie sich an Fluss-, Kanal- oder Strandreinigungsaktionen oder sponsern Sie diese und teilen Sie die Ergebnisse vor Ort.<\/p>\n          <\/div>\n        <\/div>\n      <\/article>\n\n      <!-- Listing copy examples (TINTED + BOXED) -->\n      <article class=\"sdgz-sdgPage__card sdgz-sdgPage__cardTint\">\n        <h2 class=\"sdgz-sdgPage__h\">Beispiele f\u00fcr Angebotstexte, die Sie verwenden k\u00f6nnen<\/h2>\n        <div class=\"sdgz-sdgPage__boxes\">\n          <div class=\"sdgz-sdgPage__box\">\n            <div class=\"sdgz-sdgPage__boxTitle\">Kunststoffreduzierung<\/div>\n            <p class=\"sdgz-sdgPage__p\">Wir reduzieren Einwegplastik und w\u00e4hlen Verpackungen, die leichter zu recyceln sind und weniger wahrscheinlich zu M\u00fcll werden.<\/p>\n          <\/div>\n\n          <div class=\"sdgz-sdgPage__box\">\n            <div class=\"sdgz-sdgPage__boxTitle\">Umweltverschmutzungspr\u00e4vention<\/div>\n            <p class=\"sdgz-sdgPage__p\">Wir gehen verantwortungsvoll mit Abf\u00e4llen und Fl\u00fcssigkeiten um, um die lokalen Wasserwege und die gesamte Meeresumwelt zu sch\u00fctzen.<\/p>\n          <\/div>\n\n          <div class=\"sdgz-sdgPage__box\">\n            <div class=\"sdgz-sdgPage__boxTitle\">Gemeinschaftsreinigungsaktionen<\/div>\n            <p class=\"sdgz-sdgPage__p\">Wir unterst\u00fctzen lokale Aufr\u00e4umaktionen und Gemeinschaftsinitiativen, die Fl\u00fcsse, Str\u00e4nde und \u00f6ffentliche Pl\u00e4tze sauberer halten.<\/p>\n          <\/div>\n        <\/div>\n      <\/article>\n\n      <!-- Metrics (TINTED + BOXED) -->\n      <article class=\"sdgz-sdgPage__card sdgz-sdgPage__cardTint\">\n        <h2 class=\"sdgz-sdgPage__h\">Einfache Kennzahlen zur Verfolgung<\/h2>\n        <div class=\"sdgz-sdgPage__boxes\">\n          <div class=\"sdgz-sdgPage__box\">\n            <div class=\"sdgz-sdgPage__boxTitle\">Kunststoffteile entfernt<\/div>\n            <p class=\"sdgz-sdgPage__p\">Die Zahl der aussortierten Einwegartikel und der Prozentsatz der Bestellungen, die jetzt plastikfrei sind, ist gestiegen.<\/p>\n          <\/div>\n\n          <div class=\"sdgz-sdgPage__box\">\n            <div class=\"sdgz-sdgPage__boxTitle\">Recyclingquote<\/div>\n            <p class=\"sdgz-sdgPage__p\">Beh\u00e4lter werden verwendet, Verunreinigungen reduziert und Wertstoffe nach Art gesammelt.<\/p>\n          <\/div>\n\n          <div class=\"sdgz-sdgPage__box\">\n            <div class=\"sdgz-sdgPage__boxTitle\">Auswirkungen auf die Gemeinschaft<\/div>\n            <p class=\"sdgz-sdgPage__p\">Aufr\u00e4umarbeiten, gesammelte M\u00fclls\u00e4cke und lokale Partnerschaften werden unterst\u00fctzt.<\/p>\n          <\/div>\n        <\/div>\n      <\/article>\n\n      <!-- SDG-SPECIFIC CTA (TINTED) -->\n      <article class=\"sdgz-sdgPage__card sdgz-sdgPage__ctaCard\">\n        <div class=\"sdgz-sdgPage__ctaKicker\">SDG 14, Sauberes Wasser gewinnt<\/div>\n        <h2 class=\"sdgz-sdgPage__ctaTitle\">Plastikreduzierung in lokales Vertrauen umwandeln<\/h2>\n        <p class=\"sdgz-sdgPage__p\">\n          Unternehmen, die sich f\u00fcr ein saubereres Umfeld einsetzen, werden wahrgenommen. Durch die Reduzierung von Plastikm\u00fcll, die Vermeidung von Umweltverschmutzung und die Unterst\u00fctzung von Aufr\u00e4umaktionen st\u00e4rken Sie Ihren Ruf und geben Ihren Kunden einen Grund, sich f\u00fcr Sie zu entscheiden. Erg\u00e4nzen Sie Ihre Liste der SDGs:Zero um das UN-Nachhaltigkeitsziel 14 und teilen Sie anschlie\u00dfend kurze Updates zu Ihren Ver\u00e4nderungen und den erzielten Ergebnissen.\n        <\/p>\n\n        <div class=\"sdgz-sdgPage__ctaBullets\">\n          <div class=\"sdgz-sdgPage__ctaBullet\">Heben Sie sich als saubereres, verantwortungsvolleres lokales Unternehmen hervor.<\/div>\n          <div class=\"sdgz-sdgPage__ctaBullet\">Abfall reduzieren und Kundenwahrnehmung verbessern<\/div>\n          <div class=\"sdgz-sdgPage__ctaBullet\">Unterst\u00fctzen Sie die lokale Sichtbarkeit mit den Schl\u00fcsselw\u00f6rtern \u201cplastikfrei\u201d, \u201c\u00f6kologisch\u201d und Standort.<\/div>\n        <\/div>\n\n        <div class=\"sdgz-sdgPage__ctaRow2\">\n          <a class=\"sdgz-sdgPage__btn sdgz-sdgPage__btnPrimary\" href=\"\/de\/join\/\">Schlie\u00dfen Sie sich SDG:Zero an<\/a>\n          <a class=\"sdgz-sdgPage__btn sdgz-sdgPage__btnGhost\" href=\"\/de\/add-listing\/\">Erstellen Sie Ihren Eintrag<\/a>\n        <\/div>\n      <\/article>\n\n    <\/div>\n  <\/div>\n<\/section>\n\n<style>\n\/* ========= SDG 14, FULL CSS (Elementor-safe, scoped to .sdgz-sdg14 only) ========= *\/\n.sdgz-sdg14{ --sdg:#0A97D9; }\n.sdgz-sdg14 *{ box-sizing:border-box; }\n\n.sdgz-sdg14{\n  padding:60px 0 72px;\n  background:\n    radial-gradient(900px 520px at 18% 12%, rgba(10,151,217,0.12), transparent 60%),\n    radial-gradient(900px 520px at 82% 88%, rgba(37,99,235,0.08), transparent 60%),\n    linear-gradient(135deg,#f7f9fc,#eef3f9,#ffffff);\n  color:#0f172a;\n  font-family:system-ui,-apple-system,Segoe UI,Roboto,Helvetica,Arial;\n}\n\n.sdgz-sdg14 .sdgz-sdgPage__wrap{ width:min(1200px,92%); margin:0 auto; }\n\n.sdgz-sdg14 .sdgz-sdgPage__hero{\n  position:relative;\n  border-radius:28px;\n  border:1px solid rgba(15,23,42,0.10);\n  background:rgba(255,255,255,0.80);\n  box-shadow:0 18px 50px rgba(2,6,23,0.10);\n  backdrop-filter:blur(10px);\n  overflow:hidden;\n}\n.sdgz-sdg14 .sdgz-sdgPage__hero::before{\n  content:\"\";\n  position:absolute;\n  inset:-40%;\n  background:\n    radial-gradient(760px 520px at 18% 28%, rgba(10,151,217,0.18), transparent 62%),\n    radial-gradient(760px 520px at 86% 78%, rgba(37,99,235,0.10), transparent 62%);\n  pointer-events:none;\n}\n.sdgz-sdg14 .sdgz-sdgPage__hero::after{\n  content:\"\";\n  position:absolute;\n  left:0; top:0; bottom:0;\n  width:10px;\n  background:var(--sdg);\n}\n\n.sdgz-sdg14 .sdgz-sdgPage__heroInner{\n  position:relative;\n  z-index:1;\n  display:grid;\n  grid-template-columns:1.2fr 0.8fr;\n  gap:22px;\n  padding:30px 28px;\n  align-items:start;\n}\n\n.sdgz-sdg14 .sdgz-sdgPage__kicker{\n  display:inline-flex;\n  align-items:center;\n  gap:10px;\n  font-weight:900;\n  font-size:12px;\n  letter-spacing:0.10em;\n  text-transform:uppercase;\n  color:rgba(15,23,42,0.78);\n  background:rgba(255,255,255,0.82);\n  border:1px solid rgba(15,23,42,0.10);\n  padding:10px 12px;\n  border-radius:999px;\n  margin-bottom:12px;\n}\n.sdgz-sdg14 .sdgz-sdgPage__title{\n  margin:0 0 12px 0;\n  font-size:clamp(30px,3.6vw,48px);\n  line-height:1.08;\n  letter-spacing:-0.02em;\n}\n.sdgz-sdg14 .sdgz-sdgPage__lead{\n  margin:0 0 16px 0;\n  max-width:72ch;\n  color:#475569;\n  font-size:16px;\n  line-height:1.75;\n}\n\n.sdgz-sdg14 .sdgz-sdgPage__ctaRow,\n.sdgz-sdg14 .sdgz-sdgPage__ctaRow2{\n  display:flex;\n  flex-wrap:wrap;\n  gap:16px;\n  align-items:center;\n  margin:16px 0 18px;\n}\n\n.sdgz-sdg14 .sdgz-sdgPage__btn{\n  display:inline-flex;\n  align-items:center;\n  justify-content:center;\n  padding:12px 18px;\n  border-radius:999px;\n  font-weight:900;\n  font-size:14px;\n  text-decoration:none;\n  border:1px solid rgba(15,23,42,0.12);\n  transition:transform .15s ease, box-shadow .15s ease;\n  white-space:nowrap;\n}\n.sdgz-sdg14 .sdgz-sdgPage__btn:hover{\n  transform:translateY(-1px);\n  box-shadow:0 14px 40px rgba(2,6,23,0.12);\n}\n.sdgz-sdg14 .sdgz-sdgPage__btnPrimary{\n  background:linear-gradient(135deg,var(--sdg),#2563eb);\n  border-color:rgba(15,23,42,0.12);\n  color:#ffffff !important;\n  -webkit-text-fill-color:#ffffff !important;\n  opacity:1 !important;\n}\n.sdgz-sdg14 .sdgz-sdgPage__btnPrimary:visited,\n.sdgz-sdg14 .sdgz-sdgPage__btnPrimary:hover,\n.sdgz-sdg14 .sdgz-sdgPage__btnPrimary:focus{\n  color:#ffffff !important;\n  -webkit-text-fill-color:#ffffff !important;\n}\n.sdgz-sdg14 .sdgz-sdgPage__btnGhost{\n  background:rgba(255,255,255,0.86);\n  color:#0f172a;\n}\n\n.sdgz-sdg14 .sdgz-sdgPage__chips{\n  display:flex;\n  flex-wrap:wrap;\n  gap:8px;\n  margin-bottom:14px;\n}\n.sdgz-sdg14 .sdgz-sdgPage__chip{\n  display:inline-flex;\n  align-items:center;\n  padding:8px 12px;\n  border-radius:999px;\n  font-weight:800;\n  font-size:12.5px;\n  color:rgba(15,23,42,0.82);\n  background:rgba(255,255,255,0.75);\n  border:1px solid rgba(15,23,42,0.10);\n}\n\n\/* Right side *\/\n.sdgz-sdg14 .sdgz-sdgPage__heroRight{ display:grid; gap:12px; justify-items:end; }\n\n.sdgz-sdg14 .sdgz-sdgPage__iconWrap{\n  width:min(280px,100%);\n  aspect-ratio:1\/1;\n  border-radius:22px;\n  overflow:hidden;\n  border:1px solid rgba(15,23,42,0.10);\n  background:rgba(255,255,255,0.6);\n  box-shadow:0 22px 60px rgba(2,6,23,0.12);\n}\n.sdgz-sdg14 .sdgz-sdgPage__iconWrap img{ width:100%; height:100%; object-fit:cover; display:block; }\n\n.sdgz-sdg14 .sdgz-sdgPage__heroCard{\n  width:min(280px,100%);\n  border-radius:20px;\n  border:1px solid rgba(15,23,42,0.10);\n  background:rgba(255,255,255,0.74);\n  padding:14px 14px 16px;\n  position:relative;\n  overflow:hidden;\n}\n.sdgz-sdg14 .sdgz-sdgPage__heroCardTint{\n  border-color: rgba(10,151,217,0.22);\n  background:\n    radial-gradient(760px 520px at 12% 18%, rgba(10,151,217,0.14), transparent 62%),\n    rgba(255,255,255,0.88);\n}\n.sdgz-sdg14 .sdgz-sdgPage__heroCardTint::before{\n  content:\"\";\n  position:absolute;\n  left:0; top:0; bottom:0;\n  width:6px;\n  background:var(--sdg);\n  opacity:0.85;\n}\n.sdgz-sdg14 .sdgz-sdgPage__heroCardTitle{ font-weight:1000; letter-spacing:-0.01em; margin-bottom:6px; }\n.sdgz-sdg14 .sdgz-sdgPage__heroCardText{ color:#475569; font-size:13.5px; line-height:1.6; }\n\n\/* Local example *\/\n.sdgz-sdg14 .sdgz-sdgPage__localExample{\n  border-radius:20px;\n  border:1px solid rgba(15,23,42,0.10);\n  background:rgba(255,255,255,0.74);\n  box-shadow:0 14px 34px rgba(2,6,23,0.08);\n  padding:16px;\n  position:relative;\n  overflow:hidden;\n}\n.sdgz-sdg14 .sdgz-sdgPage__localExampleTint{\n  border-color: rgba(10,151,217,0.22);\n  background:\n    radial-gradient(760px 520px at 12% 18%, rgba(10,151,217,0.14), transparent 62%),\n    rgba(255,255,255,0.88);\n}\n.sdgz-sdg14 .sdgz-sdgPage__localExampleTint::before{\n  content:\"\";\n  position:absolute;\n  left:0; top:0; bottom:0;\n  width:6px;\n  background:var(--sdg);\n  opacity:0.85;\n}\n.sdgz-sdg14 .sdgz-sdgPage__localTop{\n  display:flex;\n  align-items:center;\n  justify-content:space-between;\n  gap:10px;\n  margin-bottom:10px;\n  flex-wrap:wrap;\n}\n.sdgz-sdg14 .sdgz-sdgPage__localTag{\n  display:inline-flex;\n  padding:7px 10px;\n  border-radius:999px;\n  font-weight:900;\n  font-size:12px;\n  letter-spacing:0.08em;\n  text-transform:uppercase;\n  background:rgba(255,255,255,0.82);\n  border:1px solid rgba(15,23,42,0.10);\n}\n.sdgz-sdg14 .sdgz-sdgPage__localPlace{ color:rgba(15,23,42,0.70); font-weight:800; font-size:12.5px; }\n\n.sdgz-sdg14 .sdgz-sdgPage__localTitle{ margin:0 0 8px 0; font-size:16px; letter-spacing:-0.01em; }\n.sdgz-sdg14 .sdgz-sdgPage__localText{ margin:0 0 12px 0; color:#475569; font-size:13.5px; line-height:1.65; }\n\n.sdgz-sdg14 .sdgz-sdgPage__localGrid{\n  display:grid;\n  grid-template-columns:1fr 1fr;\n  gap:10px;\n  margin-bottom:12px;\n}\n.sdgz-sdg14 .sdgz-sdgPage__localBox{\n  border-radius:16px;\n  border:1px solid rgba(10,151,217,0.18);\n  background: linear-gradient(135deg, rgba(10,151,217,0.06), rgba(255,255,255,0.78));\n  padding:12px;\n}\n.sdgz-sdg14 .sdgz-sdgPage__localBoxWide{ grid-column:1 \/ -1; }\n.sdgz-sdg14 .sdgz-sdgPage__localBoxTitle{ font-weight:1000; margin-bottom:6px; letter-spacing:-0.01em; }\n\n.sdgz-sdg14 .sdgz-sdgPage__localList{\n  margin:0;\n  padding-left:18px;\n  color:rgba(15,23,42,0.88);\n  font-size:13.5px;\n  line-height:1.6;\n}\n.sdgz-sdg14 .sdgz-sdgPage__localSmall{ margin:0; color:#475569; font-size:13.5px; line-height:1.6; }\n\n.sdgz-sdg14 .sdgz-sdgPage__localCTA{\n  display:flex;\n  align-items:center;\n  justify-content:space-between;\n  gap:10px;\n  flex-wrap:wrap;\n}\n.sdgz-sdg14 .sdgz-sdgPage__localBtn{\n  display:inline-flex;\n  align-items:center;\n  justify-content:center;\n  padding:10px 14px;\n  border-radius:12px;\n  font-weight:900;\n  font-size:13px;\n  color:rgba(15,23,42,0.90);\n  text-decoration:none;\n  background:rgba(10,151,217,0.10);\n  border:1px solid rgba(10,151,217,0.22);\n}\n.sdgz-sdg14 .sdgz-sdgPage__localHint{ color:rgba(15,23,42,0.65); font-size:12.5px; font-weight:700; }\n\n\/* Grid cards *\/\n.sdgz-sdg14 .sdgz-sdgPage__grid{\n  margin-top:16px;\n  display:grid;\n  grid-template-columns:1fr 1fr;\n  gap:14px;\n}\n.sdgz-sdg14 .sdgz-sdgPage__card{\n  background:rgba(255,255,255,0.86);\n  border:1px solid rgba(15,23,42,0.10);\n  border-radius:20px;\n  padding:18px;\n  box-shadow:0 14px 34px rgba(2,6,23,0.08);\n  position:relative;\n  overflow:hidden;\n}\n.sdgz-sdg14 .sdgz-sdgPage__cardTint{\n  border-color: rgba(10,151,217,0.22);\n  background:\n    radial-gradient(760px 520px at 12% 18%, rgba(10,151,217,0.14), transparent 62%),\n    rgba(255,255,255,0.88);\n}\n.sdgz-sdg14 .sdgz-sdgPage__cardTint::before{\n  content:\"\";\n  position:absolute;\n  left:0; top:0; bottom:0;\n  width:6px;\n  background:var(--sdg);\n  opacity:0.85;\n}\n\n.sdgz-sdg14 .sdgz-sdgPage__h{ margin:0 0 12px 0; font-size:18px; letter-spacing:-0.01em; }\n.sdgz-sdg14 .sdgz-sdgPage__p{ margin:0; color:#475569; font-size:14px; line-height:1.65; }\n\n.sdgz-sdg14 .sdgz-sdgPage__boxes{ display:grid; gap:12px; }\n.sdgz-sdg14 .sdgz-sdgPage__box{\n  border-radius:16px;\n  border:1px solid rgba(10,151,217,0.18);\n  background: linear-gradient(135deg, rgba(10,151,217,0.06), rgba(255,255,255,0.78));\n  padding:12px 12px 14px;\n}\n.sdgz-sdg14 .sdgz-sdgPage__boxTitle{ font-weight:1000; margin-bottom:6px; letter-spacing:-0.01em; }\n\n\/* Video *\/\n.sdgz-sdg14 .sdgz-sdgPage__video{\n  margin-top:12px;\n  border-radius:18px;\n  overflow:hidden;\n  border:1px solid rgba(10,151,217,0.18);\n  background: linear-gradient(135deg, rgba(10,151,217,0.06), rgba(255,255,255,0.78));\n  aspect-ratio:16\/9;\n}\n.sdgz-sdg14 .sdgz-sdgPage__video iframe{ width:100%; height:100%; display:block; }\n.sdgz-sdg14 .sdgz-sdgPage__videoNote{\n  margin-top:10px;\n  font-size:12.5px;\n  color:rgba(15,23,42,0.65);\n  font-weight:700;\n}\n\n\/* CTA card *\/\n.sdgz-sdg14 .sdgz-sdgPage__ctaCard{\n  grid-column:1 \/ -1;\n  border-color:rgba(10,151,217,0.24);\n  background:\n    radial-gradient(720px 420px at 12% 35%, rgba(10,151,217,0.16), transparent 62%),\n    rgba(255,255,255,0.88);\n}\n.sdgz-sdg14 .sdgz-sdgPage__ctaCard::before{\n  content:\"\";\n  position:absolute;\n  left:0; top:0; bottom:0;\n  width:8px;\n  background:var(--sdg);\n}\n\n.sdgz-sdg14 .sdgz-sdgPage__ctaKicker{\n  display:inline-flex;\n  padding:8px 12px;\n  border-radius:999px;\n  font-weight:900;\n  font-size:12px;\n  letter-spacing:0.08em;\n  text-transform:uppercase;\n  background:rgba(255,255,255,0.82);\n  border:1px solid rgba(15,23,42,0.10);\n  margin-bottom:10px;\n}\n.sdgz-sdg14 .sdgz-sdgPage__ctaTitle{ margin:0 0 8px 0; font-size:22px; letter-spacing:-0.01em; }\n\n.sdgz-sdg14 .sdgz-sdgPage__ctaBullets{\n  display:grid;\n  gap:10px;\n  margin-top:10px;\n  margin-bottom:12px;\n}\n.sdgz-sdg14 .sdgz-sdgPage__ctaBullet{\n  border-radius:14px;\n  border:1px solid rgba(10,151,217,0.18);\n  background: linear-gradient(135deg, rgba(10,151,217,0.06), rgba(255,255,255,0.78));\n  padding:10px 12px;\n  font-weight:800;\n  color:rgba(15,23,42,0.86);\n  font-size:13.5px;\n  line-height:1.55;\n}\n\n\/* Responsive *\/\n@media (max-width: 980px){\n  .sdgz-sdg14 .sdgz-sdgPage__heroInner{ grid-template-columns:1fr; }\n  .sdgz-sdg14 .sdgz-sdgPage__heroRight{ justify-items:start; }\n  .sdgz-sdg14 .sdgz-sdgPage__grid{ grid-template-columns:1fr; }\n  .sdgz-sdg14 .sdgz-sdgPage__localGrid{ grid-template-columns:1fr; }\n  .sdgz-sdg14 .sdgz-sdgPage__localBoxWide{ grid-column:auto; }\n}\n@media (max-width: 640px){\n  .sdgz-sdg14 .sdgz-sdgPage__ctaRow a,\n  .sdgz-sdg14 .sdgz-sdgPage__ctaRow2 a{\n    width:100%;\n    justify-content:center;\n  }\n}\n<\/style>\n\t\t\t\t\t\t\t\t<\/div>\n\t\t\t\t<\/div>\n\t\t\t\t<\/div>","protected":false},"excerpt":{"rendered":"<p>SDG 14, Life below water Life Below Water Conserve and sustainably use the oceans, seas and marine resources. For SMEs, this means reducing plastic and packaging waste, preventing pollution, choosing responsible materials, and supporting cleaner local waterways, even if you are not a coastal business. Add SDG 14 to your SDG:Zero listing Back to all [&hellip;]<\/p>\n","protected":false},"author":1,"featured_media":0,"parent":2158,"menu_order":0,"comment_status":"closed","ping_status":"closed","template":"","meta":{"_acf_changed":false,"_monsterinsights_skip_tracking":false,"_monsterinsights_sitenote_active":false,"_monsterinsights_sitenote_note":"","_monsterinsights_sitenote_category":0,"footnotes":""},"class_list":["post-2209","page","type-page","status-publish","hentry"],"acf":[],"_links":{"self":[{"href":"https:\/\/sdgzero.net\/de\/wp-json\/wp\/v2\/pages\/2209","targetHints":{"allow":["GET"]}}],"collection":[{"href":"https:\/\/sdgzero.net\/de\/wp-json\/wp\/v2\/pages"}],"about":[{"href":"https:\/\/sdgzero.net\/de\/wp-json\/wp\/v2\/types\/page"}],"author":[{"embeddable":true,"href":"https:\/\/sdgzero.net\/de\/wp-json\/wp\/v2\/users\/1"}],"replies":[{"embeddable":true,"href":"https:\/\/sdgzero.net\/de\/wp-json\/wp\/v2\/comments?post=2209"}],"version-history":[{"count":0,"href":"https:\/\/sdgzero.net\/de\/wp-json\/wp\/v2\/pages\/2209\/revisions"}],"up":[{"embeddable":true,"href":"https:\/\/sdgzero.net\/de\/wp-json\/wp\/v2\/pages\/2158"}],"wp:attachment":[{"href":"https:\/\/sdgzero.net\/de\/wp-json\/wp\/v2\/media?parent=2209"}],"curies":[{"name":"wp","href":"https:\/\/api.w.org\/{rel}","templated":true}]}}