{"id":2211,"date":"2026-01-28T16:25:28","date_gmt":"2026-01-28T16:25:28","guid":{"rendered":"https:\/\/sdgzero.net\/?page_id=2211"},"modified":"2026-02-07T10:07:56","modified_gmt":"2026-02-07T10:07:56","slug":"peace-justice-and-strong-institutions","status":"publish","type":"page","link":"https:\/\/sdgzero.net\/de\/the-17-sustainable-development-goals-for-business\/peace-justice-and-strong-institutions\/","title":{"rendered":"Peace Justice and Strong Institutions"},"content":{"rendered":"<div data-elementor-type=\"wp-page\" data-elementor-id=\"2211\" class=\"elementor elementor-2211\" data-elementor-post-type=\"page\">\n\t\t\t\t<div class=\"elementor-element elementor-element-464b53b e-con-full e-flex e-con e-parent\" data-id=\"464b53b\" data-element_type=\"container\" data-e-type=\"container\">\n\t\t\t\t<div class=\"elementor-element elementor-element-cb21026 elementor-widget elementor-widget-text-editor\" data-id=\"cb21026\" data-element_type=\"widget\" data-e-type=\"widget\" data-widget_type=\"text-editor.default\">\n\t\t\t\t\t\t\t\t\t<section class=\"sdgz-sdgPage sdgz-sdg16\" aria-label=\"SDG 16 Frieden, Gerechtigkeit und starke Institutionen\">\n  <div class=\"sdgz-sdgPage__wrap\">\n\n    <!-- HERO -->\n    <header class=\"sdgz-sdgPage__hero\" style=\"--sdg:#00689D; --wash:rgba(0,104,157,0.16);\">\n      <div class=\"sdgz-sdgPage__heroInner\">\n\n        <!-- LEFT -->\n        <div class=\"sdgz-sdgPage__heroLeft\">\n          <div class=\"sdgz-sdgPage__kicker\">SDG 16, Frieden, Gerechtigkeit und starke Institutionen<\/div>\n          <h1 class=\"sdgz-sdgPage__title\">Frieden, Gerechtigkeit und starke Institutionen<\/h1>\n\n          <p class=\"sdgz-sdgPage__lead\">\n            Wir setzen uns f\u00fcr friedliche und inklusive Gesellschaften ein, gew\u00e4hrleisten den Zugang zur Justiz f\u00fcr alle und bauen effektive und verantwortungsvolle Institutionen auf. F\u00fcr KMU bedeutet dies ethisches Handeln, transparente Richtlinien, faire Vertr\u00e4ge, Bek\u00e4mpfung von Korruption, Schutz von Daten und einen fairen Umgang mit Kunden und Mitarbeitern, insbesondere in den lokalen Gemeinschaften.\n          <\/p>\n\n          <!-- TOP CTA ROW -->\n          <div class=\"sdgz-sdgPage__ctaRow\">\n            <a class=\"sdgz-sdgPage__btn sdgz-sdgPage__btnPrimary\" href=\"\/de\/add-listing\/\">F\u00fcgen Sie SDG 16 zu Ihrer SDG:Zero-Liste hinzu.<\/a>\n            <a class=\"sdgz-sdgPage__btn sdgz-sdgPage__btnGhost\" href=\"https:\/\/sdgzero.net\/de\/the-17-sustainable-development-goals-for-business\/\">Zur\u00fcck zu allen SDGs<\/a>\n          <\/div>\n\n          <!-- CHIPS -->\n          <div class=\"sdgz-sdgPage__chips\" aria-label=\"Schwerpunktbereiche\">\n            <span class=\"sdgz-sdgPage__chip\">Ethisches Verhalten<\/span>\n            <span class=\"sdgz-sdgPage__chip\">Transparenz<\/span>\n            <span class=\"sdgz-sdgPage__chip\">Faire Vertr\u00e4ge<\/span>\n            <span class=\"sdgz-sdgPage__chip\">Datenschutz<\/span>\n          <\/div>\n\n          <!-- LOCAL SME EXAMPLE (TINTED + BOXED) -->\n          <div class=\"sdgz-sdgPage__localExample sdgz-sdgPage__localExampleTint\" aria-label=\"Beispiel eines lokalen KMU\">\n            <div class=\"sdgz-sdgPage__localTop\">\n              <span class=\"sdgz-sdgPage__localTag\">Beispiel eines lokalen KMU<\/span>\n              <span class=\"sdgz-sdgPage__localPlace\">Leeds<\/span>\n            <\/div>\n\n            <h2 class=\"sdgz-sdgPage__localTitle\">Ein praktisches, lokales und wiederholbares Beispiel<\/h2>\n\n            <p class=\"sdgz-sdgPage__localText\">\n              Ein in Leeds ans\u00e4ssiges Unternehmen f\u00fcr Hausrenovierungen sah sich wiederholt mit Beschwerden \u00fcber unklare Kostenvoranschl\u00e4ge und sich st\u00e4ndig \u00e4ndernde Zeitpl\u00e4ne konfrontiert. Daraufhin f\u00fchrte es eine einfache und \u00fcbersichtliche Angebotsvorlage ein, ver\u00f6ffentlichte ein Beschwerdeverfahren, schulte seine Mitarbeiter in fairem Verkauf und optimierte den Umgang mit Kundendaten. Die Anzahl der Streitigkeiten ging zur\u00fcck, das Vertrauen stieg und die Online-Bewertungen wurden einheitlicher.\n            <\/p>\n\n            <div class=\"sdgz-sdgPage__localGrid\">\n              <div class=\"sdgz-sdgPage__localBox\">\n                <div class=\"sdgz-sdgPage__localBoxTitle\">Was sie taten<\/div>\n                <ul class=\"sdgz-sdgPage__localList\">\n                  <li>\u00dcbersichtliche Angebotsvorlage mit Leistungsumfang und Ausschl\u00fcssen<\/li>\n                  <li>Ver\u00f6ffentlichung von Beschwerden und R\u00fcckerstattungsprozess<\/li>\n                  <li>Grundlegender Datenschutz und Zugriffskontrollen<\/li>\n                <\/ul>\n              <\/div>\n\n              <div class=\"sdgz-sdgPage__localBox\">\n                <div class=\"sdgz-sdgPage__localBoxTitle\">Auswirkungen auf das Gesch\u00e4ft<\/div>\n                <ul class=\"sdgz-sdgPage__localList\">\n                  <li>Weniger Streitigkeiten und schnellere Entscheidungen<\/li>\n                  <li>Bessere Bewertungen und h\u00f6here Konversionsrate<\/li>\n                  <li>Reduziertes Risiko durch mangelhafte Datenverarbeitung<\/li>\n                <\/ul>\n              <\/div>\n\n              <div class=\"sdgz-sdgPage__localBox sdgz-sdgPage__localBoxWide\">\n                <div class=\"sdgz-sdgPage__localBoxTitle\">Lokaler SEO-Aspekt<\/div>\n                <p class=\"sdgz-sdgPage__localSmall\">\n                  Sie erg\u00e4nzten ihren SDG:Zero-Eintrag um die Begriffe \u201ctransparente Angebote\u201d, \u201cvertrauensw\u00fcrdiger lokaler Handwerker in Leeds\u201d und \u201cfaire Preispolitik\u201d. Dies unterst\u00fctzte Suchanfragen wie \u201czuverl\u00e4ssiger Bauunternehmer in Leeds\u201d und half Kunden, sie mit gutem Gewissen auszuw\u00e4hlen.\n                <\/p>\n              <\/div>\n            <\/div>\n\n            <div class=\"sdgz-sdgPage__localCTA\">\n              <a class=\"sdgz-sdgPage__localBtn\" href=\"\/de\/add-listing\/\">F\u00fcgen Sie Ihre Ma\u00dfnahmen zur F\u00f6rderung von Ethik und Transparenz Ihrer Auflistung hinzu.<\/a>\n              <span class=\"sdgz-sdgPage__localHint\">Vertrauen ist ein lokaler Vorteil<\/span>\n            <\/div>\n          <\/div>\n        <\/div>\n\n        <!-- RIGHT -->\n        <aside class=\"sdgz-sdgPage__heroRight\">\n          <div class=\"sdgz-sdgPage__iconWrap\" aria-label=\"SDG-16-Symbol\">\n            <img decoding=\"async\" src=\"https:\/\/sdgzero.net\/wp-content\/uploads\/2026\/01\/sdg-16.png\" alt=\"SDG 16 Peace, Justice and Strong Institutions icon\">\n          <\/div>\n\n          <div class=\"sdgz-sdgPage__heroCard sdgz-sdgPage__heroCardTint\">\n            <div class=\"sdgz-sdgPage__heroCardTitle\">Was das bedeutet<\/div>\n            <div class=\"sdgz-sdgPage__heroCardText\">\n              SDG 16 befasst sich mit Vertrauen, Fairness und Verantwortlichkeit. KMU st\u00e4rken Gemeinschaften durch ethisches Handeln, transparente Richtlinien, faire Kundenergebnisse und sicheren Umgang mit Informationen.\n            <\/div>\n          <\/div>\n        <\/aside>\n\n      <\/div>\n    <\/header>\n\n    <!-- CONTENT GRID -->\n    <div class=\"sdgz-sdgPage__grid\">\n\n      <!-- VIDEO (TINTED + BOXED) -->\n      <article class=\"sdgz-sdgPage__card sdgz-sdgPage__cardTint\">\n        <h2 class=\"sdgz-sdgPage__h\">Kurzes Erkl\u00e4rvideo<\/h2>\n        <p class=\"sdgz-sdgPage__p\">Erfahren Sie, wie SDG 16 lokale KMU unterst\u00fctzt und wie Transparenz und faire Prozesse dauerhaftes Vertrauen schaffen.<\/p>\n\n        <div class=\"sdgz-sdgPage__video\">\n          <iframe\n            title=\"SDG 16, Frieden, Gerechtigkeit und starke Institutionen\"\n            src=\"https:\/\/www.youtube.com\/embed\/_NitZZDEDfM\"\n            loading=\"lazy\"\n            referrerpolicy=\"strict-origin-when-cross-origin\"\n            allow=\"accelerometer; autoplay; clipboard-write; encrypted-media; gyroscope; picture-in-picture; web-share\"\n            allowfullscreen>\n          <\/iframe>\n        <\/div>\n\n        <div class=\"sdgz-sdgPage__videoNote\">Weitere Podcasts und praktische Vorlagen zu den Themen Richtlinien, Beschwerdemanagement und verantwortungsvolle Unternehmensf\u00fchrung finden Sie im SDG:Zero Vault.<\/div>\n      <\/article>\n\n      <!-- Practical actions (TINTED + BOXED) -->\n      <article class=\"sdgz-sdgPage__card sdgz-sdgPage__cardTint\">\n        <h2 class=\"sdgz-sdgPage__h\">Praktische Ma\u00dfnahmen f\u00fcr KMU<\/h2>\n        <div class=\"sdgz-sdgPage__boxes\">\n\n          <div class=\"sdgz-sdgPage__box\">\n            <div class=\"sdgz-sdgPage__boxTitle\">Ver\u00f6ffentlichen Sie klare Richtlinien<\/div>\n            <p class=\"sdgz-sdgPage__p\">Beschwerden, R\u00fcckerstattungen, Lieferzeiten und was Kunden erwarten k\u00f6nnen \u2013 in einfacher Sprache.<\/p>\n          <\/div>\n\n          <div class=\"sdgz-sdgPage__box\">\n            <div class=\"sdgz-sdgPage__boxTitle\">Nutzen Sie transparente Angebote und Vertr\u00e4ge.<\/div>\n            <p class=\"sdgz-sdgPage__p\">Legen Sie Geltungsbereich, Ausschl\u00fcsse, Zeitpl\u00e4ne und \u00c4nderungskontrolle fest, damit keine Streitigkeiten entstehen.<\/p>\n          <\/div>\n\n          <div class=\"sdgz-sdgPage__box\">\n            <div class=\"sdgz-sdgPage__boxTitle\">Einen Ethikkodex festlegen<\/div>\n            <p class=\"sdgz-sdgPage__p\">Richtlinien zur Bek\u00e4mpfung von Bestechung und Geschenken, Regeln f\u00fcr fairen Verkauf sowie Erwartungen an Mitarbeiter und Partner.<\/p>\n          <\/div>\n\n          <div class=\"sdgz-sdgPage__box\">\n            <div class=\"sdgz-sdgPage__boxTitle\">Sch\u00fctzen Sie Kunden- und Mitarbeiterdaten<\/div>\n            <p class=\"sdgz-sdgPage__p\">Zugriffskontrollen, Aufbewahrungsregeln und sichere Speicherung von Dateien und Ger\u00e4ten.<\/p>\n          <\/div>\n\n          <div class=\"sdgz-sdgPage__box\">\n            <div class=\"sdgz-sdgPage__boxTitle\">Sorgen Sie f\u00fcr sicheres Reporting.<\/div>\n            <p class=\"sdgz-sdgPage__p\">Eine einfache M\u00f6glichkeit f\u00fcr Menschen, Bedenken ohne Angst zu \u00e4u\u00dfern, und ein faires Verfahren zur Beantwortung.<\/p>\n          <\/div>\n\n        <\/div>\n      <\/article>\n\n      <!-- Listing copy examples (TINTED + BOXED) -->\n      <article class=\"sdgz-sdgPage__card sdgz-sdgPage__cardTint\">\n        <h2 class=\"sdgz-sdgPage__h\">Beispiele f\u00fcr Angebotstexte, die Sie verwenden k\u00f6nnen<\/h2>\n        <div class=\"sdgz-sdgPage__boxes\">\n\n          <div class=\"sdgz-sdgPage__box\">\n            <div class=\"sdgz-sdgPage__boxTitle\">Transparente Service- und Preisgestaltung<\/div>\n            <p class=\"sdgz-sdgPage__p\">Wir verwenden transparente Angebote und faire Preise, wobei Umfang und Zeitrahmen im Voraus erl\u00e4utert werden, um \u00dcberraschungen zu vermeiden.<\/p>\n          <\/div>\n\n          <div class=\"sdgz-sdgPage__box\">\n            <div class=\"sdgz-sdgPage__boxTitle\">Ethisches Verhalten<\/div>\n            <p class=\"sdgz-sdgPage__p\">Wir befolgen einen Ethikkodex, vermeiden unlautere Verkaufsmethoden und behandeln Kunden und Mitarbeiter mit Respekt.<\/p>\n          <\/div>\n\n          <div class=\"sdgz-sdgPage__box\">\n            <div class=\"sdgz-sdgPage__boxTitle\">Sichere Datenverarbeitung<\/div>\n            <p class=\"sdgz-sdgPage__p\">Wir sch\u00fctzen Kundendaten durch kontrollierten Zugriff und verantwortungsvolle Aufbewahrungspraktiken.<\/p>\n          <\/div>\n\n        <\/div>\n      <\/article>\n\n      <!-- Metrics (TINTED + BOXED) -->\n      <article class=\"sdgz-sdgPage__card sdgz-sdgPage__cardTint\">\n        <h2 class=\"sdgz-sdgPage__h\">Einfache Kennzahlen zur Verfolgung<\/h2>\n        <div class=\"sdgz-sdgPage__boxes\">\n\n          <div class=\"sdgz-sdgPage__box\">\n            <div class=\"sdgz-sdgPage__boxTitle\">Beschwerdebearbeitung<\/div>\n            <p class=\"sdgz-sdgPage__p\">Anzahl der Beschwerden, Bearbeitungszeit und erzielte Ergebnisse.<\/p>\n          <\/div>\n\n          <div class=\"sdgz-sdgPage__box\">\n            <div class=\"sdgz-sdgPage__boxTitle\">Genauigkeit des Angebots<\/div>\n            <p class=\"sdgz-sdgPage__p\">\u00c4nderungsantr\u00e4ge, Streitigkeiten \u00fcber den Projektumfang und Nacharbeiten aufgrund unklarer Erwartungen.<\/p>\n          <\/div>\n\n          <div class=\"sdgz-sdgPage__box\">\n            <div class=\"sdgz-sdgPage__boxTitle\">Schulung und Einhaltung der Vorschriften<\/div>\n            <p class=\"sdgz-sdgPage__p\">Abgeschlossene Schulungen zu Richtlinien, Datenvorf\u00e4lle und ergriffene Korrekturma\u00dfnahmen.<\/p>\n          <\/div>\n\n        <\/div>\n      <\/article>\n\n      <!-- SDG-SPECIFIC CTA (TINTED) -->\n      <article class=\"sdgz-sdgPage__card sdgz-sdgPage__ctaCard\">\n        <div class=\"sdgz-sdgPage__ctaKicker\">SDG 16, Vertrauen wandelt<\/div>\n        <h2 class=\"sdgz-sdgPage__ctaTitle\">Wandeln Sie Transparenz in lokale Glaubw\u00fcrdigkeit und bessere Bewertungen um.<\/h2>\n\n        <p class=\"sdgz-sdgPage__p\">\n          Klare Richtlinien und faire Prozesse reduzieren Konflikte und schaffen Vertrauen. Wenn sich Kunden sicher, informiert und respektiert f\u00fchlen, entscheiden sie sich eher f\u00fcr Sie und empfehlen Sie weiter. F\u00fcgen Sie SDG 16 zu Ihrer SDG:Zero-Liste hinzu und teilen Sie anschlie\u00dfend kurze Updates zu den erzielten Verbesserungen.\n        <\/p>\n\n        <div class=\"sdgz-sdgPage__ctaBullets\">\n          <div class=\"sdgz-sdgPage__ctaBullet\">Heben Sie sich als vertrauensw\u00fcrdiges und verantwortungsbewusstes lokales Unternehmen hervor.<\/div>\n          <div class=\"sdgz-sdgPage__ctaBullet\">Streitigkeiten reduzieren, indem Erwartungen klar formuliert werden<\/div>\n          <div class=\"sdgz-sdgPage__ctaBullet\">Steigern Sie Konversionsraten und Bewertungen durch sichtbare Fairness<\/div>\n        <\/div>\n\n        <div class=\"sdgz-sdgPage__ctaRow2\">\n          <a class=\"sdgz-sdgPage__btn sdgz-sdgPage__btnPrimary\" href=\"\/de\/join\/\">Schlie\u00dfen Sie sich SDG:Zero an<\/a>\n          <a class=\"sdgz-sdgPage__btn sdgz-sdgPage__btnGhost\" href=\"\/de\/add-listing\/\">Erstellen Sie Ihren Eintrag<\/a>\n        <\/div>\n      <\/article>\n\n    <\/div>\n  <\/div>\n<\/section>\n\n<style>\n\/* ========= SDG 16, FULL CSS (Elementor-safe, scoped to .sdgz-sdg16 only) ========= *\/\n.sdgz-sdg16{ --sdg:#00689D; }\n.sdgz-sdg16 *{ box-sizing:border-box; }\n\n.sdgz-sdg16{\n  padding:60px 0 72px;\n  background:\n    radial-gradient(900px 520px at 18% 12%, rgba(0,104,157,0.12), transparent 60%),\n    radial-gradient(900px 520px at 82% 88%, rgba(37,99,235,0.08), transparent 60%),\n    linear-gradient(135deg,#f7f9fc,#eef3f9,#ffffff);\n  color:#0f172a;\n  font-family:system-ui,-apple-system,Segoe UI,Roboto,Helvetica,Arial;\n}\n\n.sdgz-sdg16 .sdgz-sdgPage__wrap{ width:min(1200px,92%); margin:0 auto; }\n\n.sdgz-sdg16 .sdgz-sdgPage__hero{\n  position:relative;\n  border-radius:28px;\n  border:1px solid rgba(15,23,42,0.10);\n  background:rgba(255,255,255,0.80);\n  box-shadow:0 18px 50px rgba(2,6,23,0.10);\n  backdrop-filter:blur(10px);\n  overflow:hidden;\n}\n.sdgz-sdg16 .sdgz-sdgPage__hero::before{\n  content:\"\";\n  position:absolute;\n  inset:-40%;\n  background:\n    radial-gradient(760px 520px at 18% 28%, rgba(0,104,157,0.18), transparent 62%),\n    radial-gradient(760px 520px at 86% 78%, rgba(37,99,235,0.10), transparent 62%);\n  pointer-events:none;\n}\n.sdgz-sdg16 .sdgz-sdgPage__hero::after{\n  content:\"\";\n  position:absolute;\n  left:0; top:0; bottom:0;\n  width:10px;\n  background:var(--sdg);\n}\n\n.sdgz-sdg16 .sdgz-sdgPage__heroInner{\n  position:relative;\n  z-index:1;\n  display:grid;\n  grid-template-columns:1.2fr 0.8fr;\n  gap:22px;\n  padding:30px 28px;\n  align-items:start;\n}\n\n.sdgz-sdg16 .sdgz-sdgPage__kicker{\n  display:inline-flex;\n  align-items:center;\n  gap:10px;\n  font-weight:900;\n  font-size:12px;\n  letter-spacing:0.10em;\n  text-transform:uppercase;\n  color:rgba(15,23,42,0.78);\n  background:rgba(255,255,255,0.82);\n  border:1px solid rgba(15,23,42,0.10);\n  padding:10px 12px;\n  border-radius:999px;\n  margin-bottom:12px;\n}\n.sdgz-sdg16 .sdgz-sdgPage__title{\n  margin:0 0 12px 0;\n  font-size:clamp(30px,3.6vw,48px);\n  line-height:1.08;\n  letter-spacing:-0.02em;\n}\n.sdgz-sdg16 .sdgz-sdgPage__lead{\n  margin:0 0 16px 0;\n  max-width:72ch;\n  color:#475569;\n  font-size:16px;\n  line-height:1.75;\n}\n\n.sdgz-sdg16 .sdgz-sdgPage__ctaRow,\n.sdgz-sdg16 .sdgz-sdgPage__ctaRow2{\n  display:flex;\n  flex-wrap:wrap;\n  gap:16px;\n  align-items:center;\n  margin:16px 0 18px;\n}\n\n.sdgz-sdg16 .sdgz-sdgPage__btn{\n  display:inline-flex;\n  align-items:center;\n  justify-content:center;\n  padding:12px 18px;\n  border-radius:999px;\n  font-weight:900;\n  font-size:14px;\n  text-decoration:none;\n  border:1px solid rgba(15,23,42,0.12);\n  transition:transform .15s ease, box-shadow .15s ease;\n  white-space:nowrap;\n}\n.sdgz-sdg16 .sdgz-sdgPage__btn:hover{\n  transform:translateY(-1px);\n  box-shadow:0 14px 40px rgba(2,6,23,0.12);\n}\n.sdgz-sdg16 .sdgz-sdgPage__btnPrimary{\n  background:linear-gradient(135deg,var(--sdg),#2563eb);\n  border-color:rgba(15,23,42,0.12);\n  color:#ffffff !important;\n  -webkit-text-fill-color:#ffffff !important;\n  opacity:1 !important;\n}\n.sdgz-sdg16 .sdgz-sdgPage__btnPrimary:visited,\n.sdgz-sdg16 .sdgz-sdgPage__btnPrimary:hover,\n.sdgz-sdg16 .sdgz-sdgPage__btnPrimary:focus{\n  color:#ffffff !important;\n  -webkit-text-fill-color:#ffffff !important;\n}\n.sdgz-sdg16 .sdgz-sdgPage__btnGhost{\n  background:rgba(255,255,255,0.86);\n  color:#0f172a;\n}\n\n.sdgz-sdg16 .sdgz-sdgPage__chips{\n  display:flex;\n  flex-wrap:wrap;\n  gap:8px;\n  margin-bottom:14px;\n}\n.sdgz-sdg16 .sdgz-sdgPage__chip{\n  display:inline-flex;\n  align-items:center;\n  padding:8px 12px;\n  border-radius:999px;\n  font-weight:800;\n  font-size:12.5px;\n  color:rgba(15,23,42,0.82);\n  background:rgba(255,255,255,0.75);\n  border:1px solid rgba(15,23,42,0.10);\n}\n\n\/* Right side *\/\n.sdgz-sdg16 .sdgz-sdgPage__heroRight{ display:grid; gap:12px; justify-items:end; }\n\n.sdgz-sdg16 .sdgz-sdgPage__iconWrap{\n  width:min(280px,100%);\n  aspect-ratio:1\/1;\n  border-radius:22px;\n  overflow:hidden;\n  border:1px solid rgba(15,23,42,0.10);\n  background:rgba(255,255,255,0.6);\n  box-shadow:0 22px 60px rgba(2,6,23,0.12);\n}\n.sdgz-sdg16 .sdgz-sdgPage__iconWrap img{ width:100%; height:100%; object-fit:cover; display:block; }\n\n.sdgz-sdg16 .sdgz-sdgPage__heroCard{\n  width:min(280px,100%);\n  border-radius:20px;\n  border:1px solid rgba(15,23,42,0.10);\n  background:rgba(255,255,255,0.74);\n  padding:14px 14px 16px;\n  position:relative;\n  overflow:hidden;\n}\n.sdgz-sdg16 .sdgz-sdgPage__heroCardTint{\n  border-color: rgba(0,104,157,0.22);\n  background:\n    radial-gradient(760px 520px at 12% 18%, rgba(0,104,157,0.14), transparent 62%),\n    rgba(255,255,255,0.88);\n}\n.sdgz-sdg16 .sdgz-sdgPage__heroCardTint::before{\n  content:\"\";\n  position:absolute;\n  left:0; top:0; bottom:0;\n  width:6px;\n  background:var(--sdg);\n  opacity:0.85;\n}\n.sdgz-sdg16 .sdgz-sdgPage__heroCardTitle{ font-weight:1000; letter-spacing:-0.01em; margin-bottom:6px; }\n.sdgz-sdg16 .sdgz-sdgPage__heroCardText{ color:#475569; font-size:13.5px; line-height:1.6; }\n\n\/* Local example *\/\n.sdgz-sdg16 .sdgz-sdgPage__localExample{\n  border-radius:20px;\n  border:1px solid rgba(15,23,42,0.10);\n  background:rgba(255,255,255,0.74);\n  box-shadow:0 14px 34px rgba(2,6,23,0.08);\n  padding:16px;\n  position:relative;\n  overflow:hidden;\n}\n.sdgz-sdg16 .sdgz-sdgPage__localExampleTint{\n  border-color: rgba(0,104,157,0.22);\n  background:\n    radial-gradient(760px 520px at 12% 18%, rgba(0,104,157,0.14), transparent 62%),\n    rgba(255,255,255,0.88);\n}\n.sdgz-sdg16 .sdgz-sdgPage__localExampleTint::before{\n  content:\"\";\n  position:absolute;\n  left:0; top:0; bottom:0;\n  width:6px;\n  background:var(--sdg);\n  opacity:0.85;\n}\n.sdgz-sdg16 .sdgz-sdgPage__localTop{\n  display:flex;\n  align-items:center;\n  justify-content:space-between;\n  gap:10px;\n  margin-bottom:10px;\n  flex-wrap:wrap;\n}\n.sdgz-sdg16 .sdgz-sdgPage__localTag{\n  display:inline-flex;\n  padding:7px 10px;\n  border-radius:999px;\n  font-weight:900;\n  font-size:12px;\n  letter-spacing:0.08em;\n  text-transform:uppercase;\n  background:rgba(255,255,255,0.82);\n  border:1px solid rgba(15,23,42,0.10);\n}\n.sdgz-sdg16 .sdgz-sdgPage__localPlace{ color:rgba(15,23,42,0.70); font-weight:800; font-size:12.5px; }\n\n.sdgz-sdg16 .sdgz-sdgPage__localTitle{ margin:0 0 8px 0; font-size:16px; letter-spacing:-0.01em; }\n.sdgz-sdg16 .sdgz-sdgPage__localText{ margin:0 0 12px 0; color:#475569; font-size:13.5px; line-height:1.65; }\n\n.sdgz-sdg16 .sdgz-sdgPage__localGrid{\n  display:grid;\n  grid-template-columns:1fr 1fr;\n  gap:10px;\n  margin-bottom:12px;\n}\n.sdgz-sdg16 .sdgz-sdgPage__localBox{\n  border-radius:16px;\n  border:1px solid rgba(0,104,157,0.18);\n  background: linear-gradient(135deg, rgba(0,104,157,0.06), rgba(255,255,255,0.78));\n  padding:12px;\n}\n.sdgz-sdg16 .sdgz-sdgPage__localBoxWide{ grid-column:1 \/ -1; }\n.sdgz-sdg16 .sdgz-sdgPage__localBoxTitle{ font-weight:1000; margin-bottom:6px; letter-spacing:-0.01em; }\n\n.sdgz-sdg16 .sdgz-sdgPage__localList{\n  margin:0;\n  padding-left:18px;\n  color:rgba(15,23,42,0.88);\n  font-size:13.5px;\n  line-height:1.6;\n}\n.sdgz-sdg16 .sdgz-sdgPage__localSmall{ margin:0; color:#475569; font-size:13.5px; line-height:1.6; }\n\n.sdgz-sdg16 .sdgz-sdgPage__localCTA{\n  display:flex;\n  align-items:center;\n  justify-content:space-between;\n  gap:10px;\n  flex-wrap:wrap;\n}\n.sdgz-sdg16 .sdgz-sdgPage__localBtn{\n  display:inline-flex;\n  align-items:center;\n  justify-content:center;\n  padding:10px 14px;\n  border-radius:12px;\n  font-weight:900;\n  font-size:13px;\n  color:rgba(15,23,42,0.90);\n  text-decoration:none;\n  background:rgba(0,104,157,0.10);\n  border:1px solid rgba(0,104,157,0.22);\n}\n.sdgz-sdg16 .sdgz-sdgPage__localHint{ color:rgba(15,23,42,0.65); font-size:12.5px; font-weight:700; }\n\n\/* Grid cards *\/\n.sdgz-sdg16 .sdgz-sdgPage__grid{\n  margin-top:16px;\n  display:grid;\n  grid-template-columns:1fr 1fr;\n  gap:14px;\n}\n.sdgz-sdg16 .sdgz-sdgPage__card{\n  background:rgba(255,255,255,0.86);\n  border:1px solid rgba(15,23,42,0.10);\n  border-radius:20px;\n  padding:18px;\n  box-shadow:0 14px 34px rgba(2,6,23,0.08);\n  position:relative;\n  overflow:hidden;\n}\n.sdgz-sdg16 .sdgz-sdgPage__cardTint{\n  border-color: rgba(0,104,157,0.22);\n  background:\n    radial-gradient(760px 520px at 12% 18%, rgba(0,104,157,0.14), transparent 62%),\n    rgba(255,255,255,0.88);\n}\n.sdgz-sdg16 .sdgz-sdgPage__cardTint::before{\n  content:\"\";\n  position:absolute;\n  left:0; top:0; bottom:0;\n  width:6px;\n  background:var(--sdg);\n  opacity:0.85;\n}\n\n.sdgz-sdg16 .sdgz-sdgPage__h{ margin:0 0 12px 0; font-size:18px; letter-spacing:-0.01em; }\n.sdgz-sdg16 .sdgz-sdgPage__p{ margin:0; color:#475569; font-size:14px; line-height:1.65; }\n\n.sdgz-sdg16 .sdgz-sdgPage__boxes{ display:grid; gap:12px; }\n.sdgz-sdg16 .sdgz-sdgPage__box{\n  border-radius:16px;\n  border:1px solid rgba(0,104,157,0.18);\n  background: linear-gradient(135deg, rgba(0,104,157,0.06), rgba(255,255,255,0.78));\n  padding:12px 12px 14px;\n}\n.sdgz-sdg16 .sdgz-sdgPage__boxTitle{ font-weight:1000; margin-bottom:6px; letter-spacing:-0.01em; }\n\n\/* Video *\/\n.sdgz-sdg16 .sdgz-sdgPage__video{\n  margin-top:12px;\n  border-radius:18px;\n  overflow:hidden;\n  border:1px solid rgba(0,104,157,0.18);\n  background: linear-gradient(135deg, rgba(0,104,157,0.06), rgba(255,255,255,0.78));\n  aspect-ratio:16\/9;\n}\n.sdgz-sdg16 .sdgz-sdgPage__video iframe{ width:100%; height:100%; display:block; }\n.sdgz-sdg16 .sdgz-sdgPage__videoNote{\n  margin-top:10px;\n  font-size:12.5px;\n  color:rgba(15,23,42,0.65);\n  font-weight:700;\n}\n\n\/* CTA card *\/\n.sdgz-sdg16 .sdgz-sdgPage__ctaCard{\n  grid-column:1 \/ -1;\n  border-color:rgba(0,104,157,0.24);\n  background:\n    radial-gradient(720px 420px at 12% 35%, rgba(0,104,157,0.16), transparent 62%),\n    rgba(255,255,255,0.88);\n}\n.sdgz-sdg16 .sdgz-sdgPage__ctaCard::before{\n  content:\"\";\n  position:absolute;\n  left:0; top:0; bottom:0;\n  width:8px;\n  background:var(--sdg);\n}\n\n.sdgz-sdg16 .sdgz-sdgPage__ctaKicker{\n  display:inline-flex;\n  padding:8px 12px;\n  border-radius:999px;\n  font-weight:900;\n  font-size:12px;\n  letter-spacing:0.08em;\n  text-transform:uppercase;\n  background:rgba(255,255,255,0.82);\n  border:1px solid rgba(15,23,42,0.10);\n  margin-bottom:10px;\n}\n.sdgz-sdg16 .sdgz-sdgPage__ctaTitle{ margin:0 0 8px 0; font-size:22px; letter-spacing:-0.01em; }\n\n.sdgz-sdg16 .sdgz-sdgPage__ctaBullets{\n  display:grid;\n  gap:10px;\n  margin-top:10px;\n  margin-bottom:12px;\n}\n.sdgz-sdg16 .sdgz-sdgPage__ctaBullet{\n  border-radius:14px;\n  border:1px solid rgba(0,104,157,0.18);\n  background: linear-gradient(135deg, rgba(0,104,157,0.06), rgba(255,255,255,0.78));\n  padding:10px 12px;\n  font-weight:800;\n  color:rgba(15,23,42,0.86);\n  font-size:13.5px;\n  line-height:1.55;\n}\n\n\/* Responsive *\/\n@media (max-width: 980px){\n  .sdgz-sdg16 .sdgz-sdgPage__heroInner{ grid-template-columns:1fr; }\n  .sdgz-sdg16 .sdgz-sdgPage__heroRight{ justify-items:start; }\n  .sdgz-sdg16 .sdgz-sdgPage__grid{ grid-template-columns:1fr; }\n  .sdgz-sdg16 .sdgz-sdgPage__localGrid{ grid-template-columns:1fr; }\n  .sdgz-sdg16 .sdgz-sdgPage__localBoxWide{ grid-column:auto; }\n}\n@media (max-width: 640px){\n  .sdgz-sdg16 .sdgz-sdgPage__ctaRow a,\n  .sdgz-sdg16 .sdgz-sdgPage__ctaRow2 a{\n    width:100%;\n    justify-content:center;\n  }\n}\n<\/style>\n\t\t\t\t\t\t\t\t<\/div>\n\t\t\t\t<\/div>\n\t\t\t\t<\/div>","protected":false},"excerpt":{"rendered":"<p>SDG 16, Peace, justice and strong institutions Peace, Justice and Strong Institutions Promote peaceful and inclusive societies, provide access to justice for all, and build effective, accountable institutions. For SMEs, this means ethical behaviour, transparent policies, fair contracts, anti bribery practices, safeguarding data, and treating customers and staff fairly, especially in local communities. Add SDG [&hellip;]<\/p>\n","protected":false},"author":1,"featured_media":0,"parent":2158,"menu_order":0,"comment_status":"closed","ping_status":"closed","template":"","meta":{"_acf_changed":false,"_monsterinsights_skip_tracking":false,"_monsterinsights_sitenote_active":false,"_monsterinsights_sitenote_note":"","_monsterinsights_sitenote_category":0,"footnotes":""},"class_list":["post-2211","page","type-page","status-publish","hentry"],"acf":[],"_links":{"self":[{"href":"https:\/\/sdgzero.net\/de\/wp-json\/wp\/v2\/pages\/2211","targetHints":{"allow":["GET"]}}],"collection":[{"href":"https:\/\/sdgzero.net\/de\/wp-json\/wp\/v2\/pages"}],"about":[{"href":"https:\/\/sdgzero.net\/de\/wp-json\/wp\/v2\/types\/page"}],"author":[{"embeddable":true,"href":"https:\/\/sdgzero.net\/de\/wp-json\/wp\/v2\/users\/1"}],"replies":[{"embeddable":true,"href":"https:\/\/sdgzero.net\/de\/wp-json\/wp\/v2\/comments?post=2211"}],"version-history":[{"count":0,"href":"https:\/\/sdgzero.net\/de\/wp-json\/wp\/v2\/pages\/2211\/revisions"}],"up":[{"embeddable":true,"href":"https:\/\/sdgzero.net\/de\/wp-json\/wp\/v2\/pages\/2158"}],"wp:attachment":[{"href":"https:\/\/sdgzero.net\/de\/wp-json\/wp\/v2\/media?parent=2211"}],"curies":[{"name":"wp","href":"https:\/\/api.w.org\/{rel}","templated":true}]}}