{"id":2158,"date":"2026-01-27T15:15:31","date_gmt":"2026-01-27T15:15:31","guid":{"rendered":"https:\/\/sdgzero.net\/?page_id=2158"},"modified":"2026-01-27T16:37:22","modified_gmt":"2026-01-27T16:37:22","slug":"the-17-sustainable-development-goals-for-business","status":"publish","type":"page","link":"https:\/\/sdgzero.net\/es\/the-17-sustainable-development-goals-for-business\/","title":{"rendered":"The 17 Sustainable Development Goals for Business"},"content":{"rendered":"<div data-elementor-type=\"wp-page\" data-elementor-id=\"2158\" class=\"elementor elementor-2158\" data-elementor-post-type=\"page\">\n\t\t\t\t<div class=\"elementor-element elementor-element-c778305 e-con-full e-flex e-con e-parent\" data-id=\"c778305\" data-element_type=\"container\" data-e-type=\"container\">\n\t\t\t\t<div class=\"elementor-element elementor-element-f88af9f elementor-widget elementor-widget-text-editor\" data-id=\"f88af9f\" data-element_type=\"widget\" data-e-type=\"widget\" data-widget_type=\"text-editor.default\">\n\t\t\t\t\t\t\t\t\t<section class=\"sdgz-sdgHub\" aria-label=\"ODS:Cero, Los 17 Objetivos de Desarrollo Sostenible para las empresas\">\n  <div class=\"sdgz-sdgHub__wrap\">\n\n    <header class=\"sdgz-sdgHub__hero\">\n      <div class=\"sdgz-sdgHub__kicker\">\n        <span class=\"sdgz-sdgHub__dot\" aria-hidden=\"true\"><\/span>\n        ODS:Cero, los objetivos globales para las empresas\n      <\/div>\n      <h1 class=\"sdgz-sdgHub__title\">Los 17 Objetivos de Desarrollo Sostenible<\/h1>\n      <p class=\"sdgz-sdgHub__lead\">\n        Explore los objetivos que se detallan a continuaci\u00f3n; cada uno enlaza con una p\u00e1gina dedicada a SDG:Zero que ofrece una explicaci\u00f3n clara, ejemplos y acciones pr\u00e1cticas para las PYME.\n      <\/p>\n    <\/header>\n\n    <div class=\"sdgz-sdgHub__grid\" aria-label=\"lista de los ODS\">\n\n      <a class=\"sdgz-sdgHub__card\" href=\"https:\/\/sdgzero.net\/es\/the-17-sustainable-development-goals-for-business\/no-poverty\/\" style=\"--sdg:#E5243B; --wash:color-mix(in srgb, #E5243B 16%, transparent);\">\n        <div class=\"sdgz-sdgHub__icon\"><img src=\"https:\/\/sdgzero.net\/wp-content\/uploads\/2026\/01\/sdg-1.png\" alt=\"SDG 1 icon\" loading=\"lazy\" decoding=\"async\"><\/div>\n        <div class=\"sdgz-sdgHub__content\">\n          <div class=\"sdgz-sdgHub__meta\"><span class=\"sdgz-sdgHub__badge\">Meta 1<\/span><\/div>\n          <h2 class=\"sdgz-sdgHub__h\">Sin pobreza<\/h2>\n          <p class=\"sdgz-sdgHub__p\">Acabar con la pobreza en todas sus formas, en todas partes.<\/p>\n          <span class=\"sdgz-sdgHub__more\">Leer m\u00e1s <span aria-hidden=\"true\">\u2192<\/span><\/span>\n        <\/div>\n      <\/a>\n\n      <a class=\"sdgz-sdgHub__card\" href=\"https:\/\/sdgzero.net\/es\/the-17-sustainable-development-goals-for-business\/zero-hunger\/\" style=\"--sdg:#DDA63A; --wash:color-mix(in srgb, #DDA63A 16%, transparent);\">\n        <div class=\"sdgz-sdgHub__icon\"><img src=\"https:\/\/sdgzero.net\/wp-content\/uploads\/2026\/01\/sdg-2.png\" alt=\"SDG 2 icon\" loading=\"lazy\" decoding=\"async\"><\/div>\n        <div class=\"sdgz-sdgHub__content\">\n          <div class=\"sdgz-sdgHub__meta\"><span class=\"sdgz-sdgHub__badge\">Meta 2<\/span><\/div>\n          <h2 class=\"sdgz-sdgHub__h\">Hambre cero<\/h2>\n          <p class=\"sdgz-sdgHub__p\">Acabar con el hambre y mejorar la nutrici\u00f3n para todos.<\/p>\n          <span class=\"sdgz-sdgHub__more\">Leer m\u00e1s <span aria-hidden=\"true\">\u2192<\/span><\/span>\n        <\/div>\n      <\/a>\n\n      <a class=\"sdgz-sdgHub__card\" href=\"https:\/\/sdgzero.net\/es\/the-17-sustainable-development-goals-for-business\/good-health-and-well-being\/\" style=\"--sdg:#4C9F38; --wash:color-mix(in srgb, #4C9F38 16%, transparent);\">\n        <div class=\"sdgz-sdgHub__icon\"><img src=\"https:\/\/sdgzero.net\/wp-content\/uploads\/2026\/01\/sdg-3.jpg\" alt=\"SDG 3 icon\" loading=\"lazy\" decoding=\"async\"><\/div>\n        <div class=\"sdgz-sdgHub__content\">\n          <div class=\"sdgz-sdgHub__meta\"><span class=\"sdgz-sdgHub__badge\">Meta 3<\/span><\/div>\n          <h2 class=\"sdgz-sdgHub__h\">Buena salud y bienestar<\/h2>\n          <p class=\"sdgz-sdgHub__p\">Garantizar una vida sana y el bienestar para todos.<\/p>\n          <span class=\"sdgz-sdgHub__more\">Leer m\u00e1s <span aria-hidden=\"true\">\u2192<\/span><\/span>\n        <\/div>\n      <\/a>\n\n      <a class=\"sdgz-sdgHub__card\" href=\"https:\/\/sdgzero.net\/es\/the-17-sustainable-development-goals-for-business\/quality-education\/\" style=\"--sdg:#C5192D; --wash:color-mix(in srgb, #C5192D 16%, transparent);\">\n        <div class=\"sdgz-sdgHub__icon\"><img src=\"https:\/\/sdgzero.net\/wp-content\/uploads\/2026\/01\/sdg-4.png\" alt=\"SDG 4 icon\" loading=\"lazy\" decoding=\"async\"><\/div>\n        <div class=\"sdgz-sdgHub__content\">\n          <div class=\"sdgz-sdgHub__meta\"><span class=\"sdgz-sdgHub__badge\">Meta 4<\/span><\/div>\n          <h2 class=\"sdgz-sdgHub__h\">Educaci\u00f3n de calidad<\/h2>\n          <p class=\"sdgz-sdgHub__p\">Educaci\u00f3n de calidad, inclusiva y equitativa para todos.<\/p>\n          <span class=\"sdgz-sdgHub__more\">Leer m\u00e1s <span aria-hidden=\"true\">\u2192<\/span><\/span>\n        <\/div>\n      <\/a>\n\n      <a class=\"sdgz-sdgHub__card\" href=\"https:\/\/sdgzero.net\/es\/the-17-sustainable-development-goals-for-business\/gender-equality\/\" style=\"--sdg:#FF3A21; --wash:color-mix(in srgb, #FF3A21 16%, transparent);\">\n        <div class=\"sdgz-sdgHub__icon\"><img src=\"https:\/\/sdgzero.net\/wp-content\/uploads\/2026\/01\/sdg-5.png\" alt=\"SDG 5 icon\" loading=\"lazy\" decoding=\"async\"><\/div>\n        <div class=\"sdgz-sdgHub__content\">\n          <div class=\"sdgz-sdgHub__meta\"><span class=\"sdgz-sdgHub__badge\">Meta 5<\/span><\/div>\n          <h2 class=\"sdgz-sdgHub__h\">Igualdad de g\u00e9nero<\/h2>\n          <p class=\"sdgz-sdgHub__p\">Empoderar a todas las mujeres y ni\u00f1as, en todas partes.<\/p>\n          <span class=\"sdgz-sdgHub__more\">Leer m\u00e1s <span aria-hidden=\"true\">\u2192<\/span><\/span>\n        <\/div>\n      <\/a>\n\n      <a class=\"sdgz-sdgHub__card\" href=\"https:\/\/sdgzero.net\/es\/the-17-sustainable-development-goals-for-business\/clean-water-and-sanitation\/\" style=\"--sdg:#26BDE2; --wash:color-mix(in srgb, #26BDE2 16%, transparent);\">\n        <div class=\"sdgz-sdgHub__icon\"><img src=\"https:\/\/sdgzero.net\/wp-content\/uploads\/2026\/01\/sdg-6.png\" alt=\"SDG 6 icon\" loading=\"lazy\" decoding=\"async\"><\/div>\n        <div class=\"sdgz-sdgHub__content\">\n          <div class=\"sdgz-sdgHub__meta\"><span class=\"sdgz-sdgHub__badge\">Meta 6<\/span><\/div>\n          <h2 class=\"sdgz-sdgHub__h\">Agua limpia y saneamiento<\/h2>\n          <p class=\"sdgz-sdgHub__p\">Agua y saneamiento sostenibles para todos.<\/p>\n          <span class=\"sdgz-sdgHub__more\">Leer m\u00e1s <span aria-hidden=\"true\">\u2192<\/span><\/span>\n        <\/div>\n      <\/a>\n\n      <a class=\"sdgz-sdgHub__card\" href=\"https:\/\/sdgzero.net\/es\/the-17-sustainable-development-goals-for-business\/affordable-and-clean-energy\/\" style=\"--sdg:#FCC30B; --wash:color-mix(in srgb, #FCC30B 16%, transparent);\">\n        <div class=\"sdgz-sdgHub__icon\"><img src=\"https:\/\/sdgzero.net\/wp-content\/uploads\/2026\/01\/sdg-7.png\" alt=\"SDG 7 icon\" loading=\"lazy\" decoding=\"async\"><\/div>\n        <div class=\"sdgz-sdgHub__content\">\n          <div class=\"sdgz-sdgHub__meta\"><span class=\"sdgz-sdgHub__badge\">Gol 7<\/span><\/div>\n          <h2 class=\"sdgz-sdgHub__h\">Energ\u00eda asequible y limpia<\/h2>\n          <p class=\"sdgz-sdgHub__p\">Acceso a energ\u00eda asequible y sostenible.<\/p>\n          <span class=\"sdgz-sdgHub__more\">Leer m\u00e1s <span aria-hidden=\"true\">\u2192<\/span><\/span>\n        <\/div>\n      <\/a>\n\n      <a class=\"sdgz-sdgHub__card\" href=\"https:\/\/sdgzero.net\/es\/the-17-sustainable-development-goals-for-business\/decent-work-and-economic-growth\/\" style=\"--sdg:#A21942; --wash:color-mix(in srgb, #A21942 16%, transparent);\">\n        <div class=\"sdgz-sdgHub__icon\"><img src=\"https:\/\/sdgzero.net\/wp-content\/uploads\/2026\/01\/sdg-8.png\" alt=\"SDG 8 icon\" loading=\"lazy\" decoding=\"async\"><\/div>\n        <div class=\"sdgz-sdgHub__content\">\n          <div class=\"sdgz-sdgHub__meta\"><span class=\"sdgz-sdgHub__badge\">Meta 8<\/span><\/div>\n          <h2 class=\"sdgz-sdgHub__h\">Trabajo decente y crecimiento econ\u00f3mico<\/h2>\n          <p class=\"sdgz-sdgHub__p\">Crecimiento sostenido, productividad, trabajo decente.<\/p>\n          <span class=\"sdgz-sdgHub__more\">Leer m\u00e1s <span aria-hidden=\"true\">\u2192<\/span><\/span>\n        <\/div>\n      <\/a>\n\n      <a class=\"sdgz-sdgHub__card\" href=\"https:\/\/sdgzero.net\/es\/the-17-sustainable-development-goals-for-business\/industry-innovation-and-infrastructure\/\" style=\"--sdg:#FD6925; --wash:color-mix(in srgb, #FD6925 16%, transparent);\">\n        <div class=\"sdgz-sdgHub__icon\"><img src=\"https:\/\/sdgzero.net\/wp-content\/uploads\/2026\/01\/sdg-9.png\" alt=\"SDG 9 icon\" loading=\"lazy\" decoding=\"async\"><\/div>\n        <div class=\"sdgz-sdgHub__content\">\n          <div class=\"sdgz-sdgHub__meta\"><span class=\"sdgz-sdgHub__badge\">Gol 9<\/span><\/div>\n          <h2 class=\"sdgz-sdgHub__h\">Industria, Innovaci\u00f3n e Infraestructura<\/h2>\n          <p class=\"sdgz-sdgHub__p\">Infraestructura resiliente e innovaci\u00f3n.<\/p>\n          <span class=\"sdgz-sdgHub__more\">Leer m\u00e1s <span aria-hidden=\"true\">\u2192<\/span><\/span>\n        <\/div>\n      <\/a>\n\n      <a class=\"sdgz-sdgHub__card\" href=\"https:\/\/sdgzero.net\/es\/the-17-sustainable-development-goals-for-business\/reduced-inequalities\/\" style=\"--sdg:#DD1367; --wash:color-mix(in srgb, #DD1367 16%, transparent);\">\n        <div class=\"sdgz-sdgHub__icon\"><img src=\"https:\/\/sdgzero.net\/wp-content\/uploads\/2026\/01\/sdg-10.png\" alt=\"SDG 10 icon\" loading=\"lazy\" decoding=\"async\"><\/div>\n        <div class=\"sdgz-sdgHub__content\">\n          <div class=\"sdgz-sdgHub__meta\"><span class=\"sdgz-sdgHub__badge\">Meta 10<\/span><\/div>\n          <h2 class=\"sdgz-sdgHub__h\">Reducci\u00f3n de las desigualdades<\/h2>\n          <p class=\"sdgz-sdgHub__p\">Reducir la desigualdad dentro de las comunidades y entre ellas.<\/p>\n          <span class=\"sdgz-sdgHub__more\">Leer m\u00e1s <span aria-hidden=\"true\">\u2192<\/span><\/span>\n        <\/div>\n      <\/a>\n\n      <a class=\"sdgz-sdgHub__card\" href=\"https:\/\/sdgzero.net\/es\/the-17-sustainable-development-goals-for-business\/sustainable-cities-and-communities\/\" style=\"--sdg:#FD9D24; --wash:color-mix(in srgb, #FD9D24 16%, transparent);\">\n        <div class=\"sdgz-sdgHub__icon\"><img src=\"https:\/\/sdgzero.net\/wp-content\/uploads\/2026\/01\/sdg-11.png\" alt=\"SDG 11 icon\" loading=\"lazy\" decoding=\"async\"><\/div>\n        <div class=\"sdgz-sdgHub__content\">\n          <div class=\"sdgz-sdgHub__meta\"><span class=\"sdgz-sdgHub__badge\">Gol 11<\/span><\/div>\n          <h2 class=\"sdgz-sdgHub__h\">Ciudades y comunidades sostenibles<\/h2>\n          <p class=\"sdgz-sdgHub__p\">Lugares inclusivos, seguros, resilientes y sostenibles.<\/p>\n          <span class=\"sdgz-sdgHub__more\">Leer m\u00e1s <span aria-hidden=\"true\">\u2192<\/span><\/span>\n        <\/div>\n      <\/a>\n\n      <a class=\"sdgz-sdgHub__card\" href=\"https:\/\/sdgzero.net\/es\/the-17-sustainable-development-goals-for-business\/responsible-consumption-and-production\/\" style=\"--sdg:#BF8B2E; --wash:color-mix(in srgb, #BF8B2E 16%, transparent);\">\n        <div class=\"sdgz-sdgHub__icon\"><img src=\"https:\/\/sdgzero.net\/wp-content\/uploads\/2026\/01\/sdg-12-1.png\" alt=\"SDG 12 icon\" loading=\"lazy\" decoding=\"async\"><\/div>\n        <div class=\"sdgz-sdgHub__content\">\n          <div class=\"sdgz-sdgHub__meta\"><span class=\"sdgz-sdgHub__badge\">Gol 12<\/span><\/div>\n          <h2 class=\"sdgz-sdgHub__h\">Consumo y producci\u00f3n responsables<\/h2>\n          <p class=\"sdgz-sdgHub__p\">Patrones de consumo y producci\u00f3n sostenibles.<\/p>\n          <span class=\"sdgz-sdgHub__more\">Leer m\u00e1s <span aria-hidden=\"true\">\u2192<\/span><\/span>\n        <\/div>\n      <\/a>\n\n      <a class=\"sdgz-sdgHub__card\" href=\"https:\/\/sdgzero.net\/es\/the-17-sustainable-development-goals-for-business\/climate-action\/\" style=\"--sdg:#3F7E44; --wash:color-mix(in srgb, #3F7E44 16%, transparent);\">\n        <div class=\"sdgz-sdgHub__icon\"><img src=\"https:\/\/sdgzero.net\/wp-content\/uploads\/2026\/01\/sdg-13.png\" alt=\"SDG 13 icon\" loading=\"lazy\" decoding=\"async\"><\/div>\n        <div class=\"sdgz-sdgHub__content\">\n          <div class=\"sdgz-sdgHub__meta\"><span class=\"sdgz-sdgHub__badge\">Gol 13<\/span><\/div>\n          <h2 class=\"sdgz-sdgHub__h\">Acci\u00f3n clim\u00e1tica<\/h2>\n          <p class=\"sdgz-sdgHub__p\">Medidas urgentes para combatir el cambio clim\u00e1tico.<\/p>\n          <span class=\"sdgz-sdgHub__more\">Leer m\u00e1s <span aria-hidden=\"true\">\u2192<\/span><\/span>\n        <\/div>\n      <\/a>\n\n      <a class=\"sdgz-sdgHub__card\" href=\"https:\/\/sdgzero.net\/es\/the-17-sustainable-development-goals-for-business\/life-below-water\/\" style=\"--sdg:#0A97D9; --wash:color-mix(in srgb, #0A97D9 16%, transparent);\">\n        <div class=\"sdgz-sdgHub__icon\"><img src=\"https:\/\/sdgzero.net\/wp-content\/uploads\/2026\/01\/sdg-14.png\" alt=\"SDG 14 icon\" loading=\"lazy\" decoding=\"async\"><\/div>\n        <div class=\"sdgz-sdgHub__content\">\n          <div class=\"sdgz-sdgHub__meta\"><span class=\"sdgz-sdgHub__badge\">Gol 14<\/span><\/div>\n          <h2 class=\"sdgz-sdgHub__h\">La vida bajo el agua<\/h2>\n          <p class=\"sdgz-sdgHub__p\">Proteger los oc\u00e9anos, los mares y los recursos marinos.<\/p>\n          <span class=\"sdgz-sdgHub__more\">Leer m\u00e1s <span aria-hidden=\"true\">\u2192<\/span><\/span>\n        <\/div>\n      <\/a>\n\n      <a class=\"sdgz-sdgHub__card\" href=\"https:\/\/sdgzero.net\/es\/the-17-sustainable-development-goals-for-business\/life-on-land\/\" style=\"--sdg:#56C02B; --wash:color-mix(in srgb, #56C02B 16%, transparent);\">\n        <div class=\"sdgz-sdgHub__icon\"><img src=\"https:\/\/sdgzero.net\/wp-content\/uploads\/2026\/01\/sdg-15.png\" alt=\"SDG 15 icon\" loading=\"lazy\" decoding=\"async\"><\/div>\n        <div class=\"sdgz-sdgHub__content\">\n          <div class=\"sdgz-sdgHub__meta\"><span class=\"sdgz-sdgHub__badge\">Gol 15<\/span><\/div>\n          <h2 class=\"sdgz-sdgHub__h\">Vida en la tierra<\/h2>\n          <p class=\"sdgz-sdgHub__p\">Proteger los ecosistemas y la biodiversidad.<\/p>\n          <span class=\"sdgz-sdgHub__more\">Leer m\u00e1s <span aria-hidden=\"true\">\u2192<\/span><\/span>\n        <\/div>\n      <\/a>\n\n      <a class=\"sdgz-sdgHub__card\" href=\"https:\/\/sdgzero.net\/es\/the-17-sustainable-development-goals-for-business\/peace-justice-and-strong-institutions\/\" style=\"--sdg:#00689D; --wash:color-mix(in srgb, #00689D 16%, transparent);\">\n        <div class=\"sdgz-sdgHub__icon\"><img src=\"https:\/\/sdgzero.net\/wp-content\/uploads\/2026\/01\/sdg-16.png\" alt=\"SDG 16 icon\" loading=\"lazy\" decoding=\"async\"><\/div>\n        <div class=\"sdgz-sdgHub__content\">\n          <div class=\"sdgz-sdgHub__meta\"><span class=\"sdgz-sdgHub__badge\">Gol 16<\/span><\/div>\n          <h2 class=\"sdgz-sdgHub__h\">Paz, justicia e instituciones s\u00f3lidas<\/h2>\n          <p class=\"sdgz-sdgHub__p\">Sociedades pac\u00edficas, justicia, instituciones s\u00f3lidas.<\/p>\n          <span class=\"sdgz-sdgHub__more\">Leer m\u00e1s <span aria-hidden=\"true\">\u2192<\/span><\/span>\n        <\/div>\n      <\/a>\n\n      <a class=\"sdgz-sdgHub__card\" href=\"https:\/\/sdgzero.net\/es\/the-17-sustainable-development-goals-for-business\/partnerships-for-the-goals\/\" style=\"--sdg:#19486A; --wash:color-mix(in srgb, #19486A 16%, transparent);\">\n        <div class=\"sdgz-sdgHub__icon\"><img src=\"https:\/\/sdgzero.net\/wp-content\/uploads\/2026\/01\/sdg-17.png\" alt=\"SDG 17 icon\" loading=\"lazy\" decoding=\"async\"><\/div>\n        <div class=\"sdgz-sdgHub__content\">\n          <div class=\"sdgz-sdgHub__meta\"><span class=\"sdgz-sdgHub__badge\">Gol 17<\/span><\/div>\n          <h2 class=\"sdgz-sdgHub__h\">Alianzas para los Objetivos<\/h2>\n          <p class=\"sdgz-sdgHub__p\">Colaboraci\u00f3n para alcanzar los objetivos.<\/p>\n          <span class=\"sdgz-sdgHub__more\">Leer m\u00e1s <span aria-hidden=\"true\">\u2192<\/span><\/span>\n        <\/div>\n      <\/a>\n\n    <\/div>\n\n    <div class=\"sdgz-sdgHub__footer\">\n      SDG:Zero, creado para pymes, dise\u00f1ado para generar un impacto local.\n    <\/div>\n\n  <\/div>\n\n  <style>\n    .sdgz-sdgHub{\n      --bg1:#f7f9fc;\n      --bg2:#eef3f9;\n      --text:#0f172a;\n      --muted:#475569;\n      --line:rgba(15,23,42,0.10);\n      --shadow:0 18px 50px rgba(2,6,23,0.10);\n      --r:20px;\n\n      padding: 60px 0 70px;\n      background:\n        radial-gradient(900px 520px at 18% 12%, rgba(59,130,246,0.10), transparent 60%),\n        radial-gradient(900px 520px at 82% 88%, rgba(34,197,94,0.08), transparent 60%),\n        linear-gradient(135deg, var(--bg1), var(--bg2), #ffffff);\n      color: var(--text);\n      overflow: hidden;\n      font-family: system-ui, -apple-system, Segoe UI, Roboto, Helvetica, Arial;\n    }\n\n    .sdgz-sdgHub__wrap{\n      width: min(1200px, 92%);\n      margin: 0 auto;\n    }\n\n    .sdgz-sdgHub__hero{\n      background: rgba(255,255,255,0.72);\n      border: 1px solid var(--line);\n      border-radius: calc(var(--r) + 6px);\n      box-shadow: var(--shadow);\n      backdrop-filter: blur(10px);\n      padding: 30px 28px;\n      margin-bottom: 18px;\n    }\n\n    .sdgz-sdgHub__kicker{\n      display:inline-flex;\n      align-items:center;\n      gap:10px;\n      font-weight: 800;\n      font-size: 12px;\n      letter-spacing: 0.10em;\n      text-transform: uppercase;\n      color: #1e40af;\n      background: rgba(37,99,235,0.08);\n      border: 1px solid rgba(37,99,235,0.12);\n      padding: 10px 12px;\n      border-radius: 999px;\n      margin-bottom: 12px;\n    }\n    .sdgz-sdgHub__dot{\n      width: 10px; height: 10px; border-radius: 999px;\n      background: linear-gradient(135deg, #2563eb, #22c55e);\n      box-shadow: 0 10px 30px rgba(37,99,235,0.20);\n    }\n\n    .sdgz-sdgHub__title{\n      margin: 0 0 10px;\n      font-size: clamp(30px, 3.4vw, 44px);\n      line-height: 1.12;\n      letter-spacing: -0.02em;\n    }\n    .sdgz-sdgHub__lead{\n      margin: 0;\n      max-width: 72ch;\n      color: var(--muted);\n      font-size: 16px;\n      line-height: 1.75;\n    }\n\n    .sdgz-sdgHub__grid{\n      margin-top: 14px;\n      display: grid;\n      grid-template-columns: 1fr 1fr;\n      gap: 14px;\n    }\n\n    .sdgz-sdgHub__card{\n      position: relative;\n      display: grid;\n      grid-template-columns: 84px 1fr;\n      gap: 14px;\n      align-items: center;\n      text-decoration: none;\n      color: inherit;\n\n      background: rgba(255,255,255,0.86);\n      border: 1px solid var(--line);\n      border-radius: var(--r);\n      padding: 16px;\n      box-shadow: 0 14px 34px rgba(2,6,23,0.08);\n      transition: transform .16s ease, box-shadow .16s ease, border-color .16s ease;\n      overflow: hidden;\n    }\n\n    .sdgz-sdgHub__card::before{\n      content:\"\";\n      position:absolute;\n      inset:-40%;\n      background: radial-gradient(680px 420px at 18% 30%, var(--wash), transparent 62%);\n      pointer-events:none;\n    }\n\n    .sdgz-sdgHub__card::after{\n      content:\"\";\n      position:absolute;\n      left:0;\n      top:0;\n      bottom:0;\n      width: 10px;\n      background: var(--sdg);\n      opacity: 0.95;\n      pointer-events:none;\n    }\n\n    .sdgz-sdgHub__card:hover{\n      transform: translateY(-2px);\n      box-shadow: 0 22px 54px rgba(2,6,23,0.12);\n      border-color: rgba(15,23,42,0.14);\n    }\n\n    .sdgz-sdgHub__icon{\n      position: relative;\n      z-index: 1;\n      width: 84px;\n      height: 84px;\n      border-radius: 18px;\n      overflow: hidden;\n      background: rgba(15,23,42,0.04);\n      border: 1px solid rgba(15,23,42,0.10);\n      box-shadow: 0 14px 36px rgba(2,6,23,0.10);\n    }\n    .sdgz-sdgHub__icon img{\n      width: 100%;\n      height: 100%;\n      object-fit: cover;\n      display:block;\n    }\n\n    .sdgz-sdgHub__content{\n      position: relative;\n      z-index: 1;\n      min-width: 0;\n    }\n\n    .sdgz-sdgHub__meta{\n      display: inline-flex;\n      align-items: center;\n      gap: 10px;\n      font-weight: 900;\n      font-size: 12px;\n      letter-spacing: 0.08em;\n      text-transform: uppercase;\n      color: rgba(15,23,42,0.70);\n      margin-bottom: 6px;\n    }\n\n    .sdgz-sdgHub__badge{\n      display:inline-flex;\n      align-items:center;\n      justify-content:center;\n      padding: 6px 10px;\n      border-radius: 999px;\n      background: rgba(255,255,255,0.80);\n      border: 1px solid rgba(15,23,42,0.10);\n      font-weight: 1000;\n    }\n\n    .sdgz-sdgHub__h{\n      margin: 0 0 6px 0;\n      font-size: 18px;\n      line-height: 1.25;\n      letter-spacing: -0.01em;\n    }\n\n    .sdgz-sdgHub__p{\n      margin: 0 0 12px 0;\n      color: var(--muted);\n      font-size: 14px;\n      line-height: 1.65;\n    }\n\n    .sdgz-sdgHub__more{\n      display: inline-flex;\n      align-items: center;\n      gap: 8px;\n      font-weight: 900;\n      font-size: 13px;\n      color: rgba(11,43,120,0.95);\n      text-decoration: none;\n      padding: 9px 12px;\n      border-radius: 12px;\n      background: rgba(37,99,235,0.06);\n      border: 1px solid rgba(37,99,235,0.10);\n    }\n\n    .sdgz-sdgHub__footer{\n      margin-top: 18px;\n      text-align: center;\n      color: #64748b;\n      font-size: 12.5px;\n      line-height: 1.6;\n    }\n\n    @media (max-width: 980px){\n      .sdgz-sdgHub__grid{ grid-template-columns: 1fr; }\n      .sdgz-sdgHub__card{ grid-template-columns: 78px 1fr; }\n      .sdgz-sdgHub__icon{ width: 78px; height: 78px; border-radius: 16px; }\n    }\n  <\/style>\n<\/section>\n\t\t\t\t\t\t\t\t<\/div>\n\t\t\t\t<\/div>\n\t\t\t\t<\/div>","protected":false},"excerpt":{"rendered":"<p>SDG:Zero, the global goals for business The 17 Sustainable Development Goals Explore the goals below, each one links to a dedicated SDG:Zero page with a clear explanation, examples, and practical actions for SMEs. Goal 1 No Poverty End poverty in all its forms, everywhere. Read more \u2192 Goal 2 Zero Hunger End hunger and improve [&hellip;]<\/p>\n","protected":false},"author":1,"featured_media":0,"parent":0,"menu_order":0,"comment_status":"closed","ping_status":"closed","template":"","meta":{"_acf_changed":false,"_monsterinsights_skip_tracking":false,"_monsterinsights_sitenote_active":false,"_monsterinsights_sitenote_note":"","_monsterinsights_sitenote_category":0,"footnotes":""},"class_list":["post-2158","page","type-page","status-publish","hentry"],"acf":[],"_links":{"self":[{"href":"https:\/\/sdgzero.net\/es\/wp-json\/wp\/v2\/pages\/2158","targetHints":{"allow":["GET"]}}],"collection":[{"href":"https:\/\/sdgzero.net\/es\/wp-json\/wp\/v2\/pages"}],"about":[{"href":"https:\/\/sdgzero.net\/es\/wp-json\/wp\/v2\/types\/page"}],"author":[{"embeddable":true,"href":"https:\/\/sdgzero.net\/es\/wp-json\/wp\/v2\/users\/1"}],"replies":[{"embeddable":true,"href":"https:\/\/sdgzero.net\/es\/wp-json\/wp\/v2\/comments?post=2158"}],"version-history":[{"count":0,"href":"https:\/\/sdgzero.net\/es\/wp-json\/wp\/v2\/pages\/2158\/revisions"}],"wp:attachment":[{"href":"https:\/\/sdgzero.net\/es\/wp-json\/wp\/v2\/media?parent=2158"}],"curies":[{"name":"wp","href":"https:\/\/api.w.org\/{rel}","templated":true}]}}