{"id":2182,"date":"2026-01-27T16:53:23","date_gmt":"2026-01-27T16:53:23","guid":{"rendered":"https:\/\/sdgzero.net\/?page_id=2182"},"modified":"2026-01-31T17:04:27","modified_gmt":"2026-01-31T17:04:27","slug":"zero-hunger","status":"publish","type":"page","link":"https:\/\/sdgzero.net\/es\/the-17-sustainable-development-goals-for-business\/zero-hunger\/","title":{"rendered":"Hambre cero"},"content":{"rendered":"<div data-elementor-type=\"wp-page\" data-elementor-id=\"2182\" class=\"elementor elementor-2182\" data-elementor-post-type=\"page\">\n\t\t\t\t<div class=\"elementor-element elementor-element-b19c4c7 e-con-full e-flex e-con e-parent\" data-id=\"b19c4c7\" data-element_type=\"container\" data-e-type=\"container\">\n\t\t\t\t<div class=\"elementor-element elementor-element-91af7d9 elementor-widget elementor-widget-text-editor\" data-id=\"91af7d9\" data-element_type=\"widget\" data-e-type=\"widget\" data-widget_type=\"text-editor.default\">\n\t\t\t\t\t\t\t\t\t<section class=\"sdgz-sdgPage sdgz-sdg2\" aria-label=\"ODS 2 Hambre Cero\">\n<div class=\"sdgz-sdgPage__wrap\"><header class=\"sdgz-sdgPage__hero\" style=\"--sdg: #DDA63A; --wash: rgba(221,166,58,0.16);\">\n<div class=\"sdgz-sdgPage__heroInner\">\n<div class=\"sdgz-sdgPage__heroLeft\">\n<div class=\"sdgz-sdgPage__kicker\">ODS 2, Hambre Cero<\/div>\n<h1 class=\"sdgz-sdgPage__title\">Hambre cero<\/h1>\n<p class=\"sdgz-sdgPage__lead\">Acabar con el hambre, lograr la seguridad alimentaria y promover la agricultura sostenible. Para las pymes, esto implica reducir el desperdicio de alimentos, facilitar el acceso a alimentos nutritivos y fortalecer las cadenas de suministro locales que contribuyen a la resiliencia de las comunidades.<\/p>\n\n<div class=\"sdgz-sdgPage__ctaRow\"><a class=\"sdgz-sdgPage__btn sdgz-sdgPage__btnPrimary\" href=\"\/es\/add-listing\/\">A\u00f1ade el ODS 2 a tu lista de ODS:Cero.<\/a>\n<a class=\"sdgz-sdgPage__btn sdgz-sdgPage__btnGhost\" href=\"https:\/\/sdgzero.net\/es\/the-17-sustainable-development-goals-for-business\/\">Volver a todos los ODS<\/a><\/div>\n<div class=\"sdgz-sdgPage__chips\" aria-label=\"\u00c1reas de enfoque r\u00e1pido\"><span class=\"sdgz-sdgPage__chip\">Acceso a los alimentos<\/span>\n<span class=\"sdgz-sdgPage__chip\">Reducci\u00f3n de residuos<\/span>\n<span class=\"sdgz-sdgPage__chip\">Abastecimiento local<\/span>\n<span class=\"sdgz-sdgPage__chip\">Nutrici\u00f3n<\/span><\/div>\n<div class=\"sdgz-sdgPage__localExample\" aria-label=\"Ejemplo de PYME local\">\n<div class=\"sdgz-sdgPage__localTop\"><span class=\"sdgz-sdgPage__localTag\">Ejemplo de PYME local<\/span>\n<span class=\"sdgz-sdgPage__localPlace\">Leicester<\/span><\/div>\n<h2 class=\"sdgz-sdgPage__localTitle\">Un ejemplo pr\u00e1ctico, local y real.<\/h2>\n<p class=\"sdgz-sdgPage__localText\">Una cafeter\u00eda y tienda de delicatessen de Leicester not\u00f3 el aumento de los precios de los alimentos y que cada vez m\u00e1s familias buscaban opciones nutritivas y asequibles. Implementaron un programa de aprovechamiento de excedentes diarios, se asociaron con un centro comunitario de distribuci\u00f3n de alimentos y aumentaron sus compras a productores locales para mantener la alta calidad, reducir el desperdicio y estabilizar los precios.<\/p>\n\n<div class=\"sdgz-sdgPage__localGrid\">\n<div class=\"sdgz-sdgPage__localBox\">\n<div class=\"sdgz-sdgPage__localBoxTitle\">Lo que hicieron<\/div>\n<ul class=\"sdgz-sdgPage__localList\">\n \t<li>Los alimentos sobrantes se redirigen al final del d\u00eda.<\/li>\n \t<li>Colaboraci\u00f3n con proveedores locales para los ingredientes principales.<\/li>\n \t<li>Informaci\u00f3n clara sobre al\u00e9rgenos, nutrici\u00f3n y porciones.<\/li>\n<\/ul>\n<\/div>\n<div class=\"sdgz-sdgPage__localBox\">\n<div class=\"sdgz-sdgPage__localBoxTitle\">Impacto empresarial<\/div>\n<ul class=\"sdgz-sdgPage__localList\">\n \t<li>Menores costes por desperdicio y mejor control de existencias<\/li>\n \t<li>Mayor reputaci\u00f3n local y publicidad de boca en boca.<\/li>\n \t<li>M\u00e1s clientes recurrentes y mayor confianza en la comunidad.<\/li>\n<\/ul>\n<\/div>\n<div class=\"sdgz-sdgPage__localBox sdgz-sdgPage__localBoxWide\">\n<div class=\"sdgz-sdgPage__localBoxTitle\">\u00c1ngulo de SEO local<\/div>\n<p class=\"sdgz-sdgPage__localSmall\">Actualizaron su ficha de SDG:Zero y su perfil de Google My Business con frases que los clientes suelen buscar, como \u201ccafeter\u00eda sostenible Leicester\u201d, \u201ccomida local Leicester\u201d y \u201cempresa de reducci\u00f3n de residuos alimentarios\u201d. Esto les ayud\u00f3 a aparecer con mayor frecuencia en las b\u00fasquedas locales y mejor\u00f3 la conversi\u00f3n a reservas y visitas sin cita previa.<\/p>\n\n<\/div>\n<\/div>\n<div class=\"sdgz-sdgPage__localCTA\"><a class=\"sdgz-sdgPage__localBtn\" href=\"\/es\/add-listing\/\">A\u00f1ade el impacto de tu alimentaci\u00f3n a tu listado.<\/a>\n<span class=\"sdgz-sdgPage__localHint\">Las decisiones responsables en materia de alimentaci\u00f3n generan confianza a nivel local.<\/span><\/div>\n<\/div>\n<\/div>\n<aside class=\"sdgz-sdgPage__heroRight\">\n<div class=\"sdgz-sdgPage__iconWrap\" aria-label=\"Icono del ODS 2\"><img decoding=\"async\" src=\"https:\/\/sdgzero.net\/wp-content\/uploads\/2026\/01\/sdg-2.png\" alt=\"SDG 2 Zero Hunger icon\" \/><\/div>\n<div class=\"sdgz-sdgPage__heroCard\">\n<div class=\"sdgz-sdgPage__heroCardTitle\">Qu\u00e9 significa esto<\/div>\n<div class=\"sdgz-sdgPage__heroCardText\">El hambre y la inseguridad alimentaria afectan la salud, el aprendizaje y la productividad local. Las PYME pueden influir en el ODS 2 mediante el abastecimiento, la reducci\u00f3n de residuos, las alianzas comunitarias, los precios justos y un mejor acceso a alimentos nutritivos.<\/div>\n<\/div>\n<\/aside><\/div>\n<\/header>\n<div class=\"sdgz-sdgPage__grid\"><article class=\"sdgz-sdgPage__card sdgz-sdgPage__videoCard\">\n<h2 class=\"sdgz-sdgPage__h\">V\u00eddeo explicativo r\u00e1pido<\/h2>\n<p class=\"sdgz-sdgPage__p\">Descubre c\u00f3mo el ODS 2 afecta a las pymes locales y c\u00f3mo las peque\u00f1as acciones pr\u00e1cticas pueden marcar una verdadera diferencia en las comunidades locales.<\/p>\n\n<div class=\"sdgz-sdgPage__video\"><iframe title=\"ODS 2, Hambre Cero\" src=\"https:\/\/www.youtube.com\/embed\/OAKFJFdgAlU\" frameborder=\"0\" allowfullscreen=\"allowfullscreen\">\n<\/iframe><\/div>\n<div class=\"sdgz-sdgPage__videoNote\">Para acceder a m\u00e1s podcasts sobre alimentaci\u00f3n, sostenibilidad e impacto en la comunidad, \u00fanete a la comunidad SDG:Zero Vault.<\/div>\n<\/article><article class=\"sdgz-sdgPage__card sdgz-sdgPage__cardTint\">\n<h2 class=\"sdgz-sdgPage__h\">Acciones pr\u00e1cticas para las PYMES<\/h2>\n<div class=\"sdgz-sdgPage__boxes\">\n<div class=\"sdgz-sdgPage__box\">\n<div class=\"sdgz-sdgPage__boxTitle\">Reducir el desperdicio de alimentos<\/div>\n<p class=\"sdgz-sdgPage__p\">Controlar el excedente, optimizar los pedidos y redistribuir el excedente seguro siempre que sea posible.<\/p>\n\n<\/div>\n<div class=\"sdgz-sdgPage__box\">\n<div class=\"sdgz-sdgPage__boxTitle\">Fuente local<\/div>\n<p class=\"sdgz-sdgPage__p\">Fortalecer las cadenas de suministro locales, acortar la distancia de entrega y mejorar la frescura.<\/p>\n\n<\/div>\n<div class=\"sdgz-sdgPage__box\">\n<div class=\"sdgz-sdgPage__boxTitle\">Acceso al soporte<\/div>\n<p class=\"sdgz-sdgPage__p\">Colabora con bancos de alimentos, escuelas o comedores comunitarios y comparte el impacto.<\/p>\n\n<\/div>\n<div class=\"sdgz-sdgPage__box\">\n<div class=\"sdgz-sdgPage__boxTitle\">Aclarar la nutrici\u00f3n<\/div>\n<p class=\"sdgz-sdgPage__p\">Men\u00fas transparentes, informaci\u00f3n sobre al\u00e9rgenos y opciones m\u00e1s saludables facilitan la elecci\u00f3n.<\/p>\n\n<\/div>\n<div class=\"sdgz-sdgPage__box\">\n<div class=\"sdgz-sdgPage__boxTitle\">Compra de forma responsable<\/div>\n<p class=\"sdgz-sdgPage__p\">Preferimos proveedores con pr\u00e1cticas agr\u00edcolas sostenibles y est\u00e1ndares \u00e9ticos.<\/p>\n\n<\/div>\n<\/div>\n<\/article><article class=\"sdgz-sdgPage__card sdgz-sdgPage__cardTint\">\n<h2 class=\"sdgz-sdgPage__h\">Ejemplos de copias de listados que puedes utilizar<\/h2>\n<div class=\"sdgz-sdgPage__boxes\">\n<div class=\"sdgz-sdgPage__box\">\n<div class=\"sdgz-sdgPage__boxTitle\">Abastecimiento local<\/div>\n<p class=\"sdgz-sdgPage__p\">Siempre que es posible, obtenemos los ingredientes clave de proveedores locales para apoyar a los productores de la zona y mantener la solidez de nuestra cadena de suministro.<\/p>\n\n<\/div>\n<div class=\"sdgz-sdgPage__box\">\n<div class=\"sdgz-sdgPage__boxTitle\">reducci\u00f3n del desperdicio de alimentos<\/div>\n<p class=\"sdgz-sdgPage__p\">Reducimos activamente el desperdicio de alimentos mediante una mejor gesti\u00f3n de los pedidos, la planificaci\u00f3n de las porciones y la redistribuci\u00f3n segura de los excedentes.<\/p>\n\n<\/div>\n<div class=\"sdgz-sdgPage__box\">\n<div class=\"sdgz-sdgPage__boxTitle\">Alianzas comunitarias<\/div>\n<p class=\"sdgz-sdgPage__p\">Colaboramos con organizaciones locales para facilitar el acceso a los alimentos y compartimos informaci\u00f3n pr\u00e1ctica sobre el impacto que generamos.<\/p>\n\n<\/div>\n<\/div>\n<\/article><article class=\"sdgz-sdgPage__card sdgz-sdgPage__cardTint\">\n<h2 class=\"sdgz-sdgPage__h\">M\u00e9tricas sencillas para realizar un seguimiento<\/h2>\n<div class=\"sdgz-sdgPage__boxes\">\n<div class=\"sdgz-sdgPage__box\">\n<div class=\"sdgz-sdgPage__boxTitle\">volumen de desperdicio de alimentos<\/div>\n<p class=\"sdgz-sdgPage__p\">Niveles semanales de residuos, reducci\u00f3n de excedentes y ahorro de costes.<\/p>\n\n<\/div>\n<div class=\"sdgz-sdgPage__box\">\n<div class=\"sdgz-sdgPage__boxTitle\">Porcentaje de abastecimiento local<\/div>\n<p class=\"sdgz-sdgPage__p\">Porcentaje de ingredientes adquiridos a proveedores y productores locales.<\/p>\n\n<\/div>\n<div class=\"sdgz-sdgPage__box\">\n<div class=\"sdgz-sdgPage__boxTitle\">Se brinda apoyo comunitario<\/div>\n<p class=\"sdgz-sdgPage__p\">Se donaron comidas, se apoyaron colaboraciones y se contribuyeron a eventos comunitarios.<\/p>\n\n<\/div>\n<\/div>\n<\/article><article class=\"sdgz-sdgPage__card sdgz-sdgPage__ctaCard\">\n<div class=\"sdgz-sdgPage__ctaKicker\">ODS 2: la confianza genera clientes recurrentes.<\/div>\n<h2 class=\"sdgz-sdgPage__ctaTitle\">Transformar las pr\u00e1cticas alimentarias responsables en visibilidad local<\/h2>\n<p class=\"sdgz-sdgPage__p\">Cuando la gente ve que te abasteces de forma responsable, reduces el desperdicio y apoyas el acceso a alimentos locales, la confianza crece r\u00e1pidamente. A\u00f1ade el ODS 2 a tu ficha de ODS:Cero y publica actualizaciones breves (proveedores locales, reducci\u00f3n de excedentes, socios comunitarios). Este contenido mejora el posicionamiento local y aumenta las conversiones de las b\u00fasquedas en tu zona.<\/p>\n\n<div class=\"sdgz-sdgPage__ctaBullets\">\n<div class=\"sdgz-sdgPage__ctaBullet\">Posicionamiento para t\u00e9rminos con intenci\u00f3n local como \u201clocal\u201d, \u201csostenible\u201d, \u201cfresco\u201d y \u201c\u00e9tico\u201d.\u201d<\/div>\n<div class=\"sdgz-sdgPage__ctaBullet\">Genera pruebas con actualizaciones, informaci\u00f3n destacada de proveedores y resultados de la comunidad.<\/div>\n<div class=\"sdgz-sdgPage__ctaBullet\">Consigue rese\u00f1as que mencionen la calidad y los valores, lo que aumenta los clics y las conversiones.<\/div>\n<\/div>\n<div class=\"sdgz-sdgPage__ctaRow2\"><a class=\"sdgz-sdgPage__btn sdgz-sdgPage__btnPrimary\" href=\"\/es\/join\/\">\u00danete a SDG:Zero<\/a>\n<a class=\"sdgz-sdgPage__btn sdgz-sdgPage__btnGhost\" href=\"\/es\/add-listing\/\">Crea tu anuncio<\/a><\/div>\n<\/article><\/div>\n<\/div>\n<\/section>\t\t\t\t\t\t\t\t<\/div>\n\t\t\t\t<\/div>\n\t\t\t\t<\/div>","protected":false},"excerpt":{"rendered":"<p>SDG 2, Zero Hunger Zero Hunger End hunger, achieve food security, and promote sustainable agriculture. For SMEs, this is about reducing food waste, supporting access to nutritious food, and strengthening local supply chains that keep communities resilient. Add SDG 2 to your SDG:Zero listing Back to all SDGs Food access Reducing waste Local sourcing Nutrition [&hellip;]<\/p>\n","protected":false},"author":1,"featured_media":0,"parent":2158,"menu_order":0,"comment_status":"closed","ping_status":"closed","template":"","meta":{"_acf_changed":false,"_monsterinsights_skip_tracking":false,"_monsterinsights_sitenote_active":false,"_monsterinsights_sitenote_note":"","_monsterinsights_sitenote_category":0,"footnotes":""},"class_list":["post-2182","page","type-page","status-publish","hentry"],"acf":[],"_links":{"self":[{"href":"https:\/\/sdgzero.net\/es\/wp-json\/wp\/v2\/pages\/2182","targetHints":{"allow":["GET"]}}],"collection":[{"href":"https:\/\/sdgzero.net\/es\/wp-json\/wp\/v2\/pages"}],"about":[{"href":"https:\/\/sdgzero.net\/es\/wp-json\/wp\/v2\/types\/page"}],"author":[{"embeddable":true,"href":"https:\/\/sdgzero.net\/es\/wp-json\/wp\/v2\/users\/1"}],"replies":[{"embeddable":true,"href":"https:\/\/sdgzero.net\/es\/wp-json\/wp\/v2\/comments?post=2182"}],"version-history":[{"count":0,"href":"https:\/\/sdgzero.net\/es\/wp-json\/wp\/v2\/pages\/2182\/revisions"}],"up":[{"embeddable":true,"href":"https:\/\/sdgzero.net\/es\/wp-json\/wp\/v2\/pages\/2158"}],"wp:attachment":[{"href":"https:\/\/sdgzero.net\/es\/wp-json\/wp\/v2\/media?parent=2182"}],"curies":[{"name":"wp","href":"https:\/\/api.w.org\/{rel}","templated":true}]}}