{"id":2187,"date":"2026-01-27T17:33:55","date_gmt":"2026-01-27T17:33:55","guid":{"rendered":"https:\/\/sdgzero.net\/?page_id=2187"},"modified":"2026-02-07T09:40:50","modified_gmt":"2026-02-07T09:40:50","slug":"gender-equality","status":"publish","type":"page","link":"https:\/\/sdgzero.net\/es\/the-17-sustainable-development-goals-for-business\/gender-equality\/","title":{"rendered":"Igualdad de g\u00e9nero"},"content":{"rendered":"<div data-elementor-type=\"wp-page\" data-elementor-id=\"2187\" class=\"elementor elementor-2187\" data-elementor-post-type=\"page\">\n\t\t\t\t<div class=\"elementor-element elementor-element-4aa902d e-con-full e-flex e-con e-parent\" data-id=\"4aa902d\" data-element_type=\"container\" data-e-type=\"container\">\n\t\t\t\t<div class=\"elementor-element elementor-element-0031299 elementor-widget elementor-widget-text-editor\" data-id=\"0031299\" data-element_type=\"widget\" data-e-type=\"widget\" data-widget_type=\"text-editor.default\">\n\t\t\t\t\t\t\t\t\t<section class=\"sdgz-sdgPage sdgz-sdg5\" aria-label=\"ODS 5 Igualdad de g\u00e9nero\">\n  <div class=\"sdgz-sdgPage__wrap\">\n\n    <header class=\"sdgz-sdgPage__hero\" style=\"--sdg:#FF3A21; --wash: rgba(255,58,33,0.16);\">\n      <div class=\"sdgz-sdgPage__heroInner\">\n\n        <div class=\"sdgz-sdgPage__heroLeft\">\n          <div class=\"sdgz-sdgPage__kicker\">ODS 5, Igualdad de g\u00e9nero<\/div>\n          <h1 class=\"sdgz-sdgPage__title\">Igualdad de g\u00e9nero<\/h1>\n          <p class=\"sdgz-sdgPage__lead\">\n            Lograr la igualdad de g\u00e9nero y empoderar a todas las mujeres y ni\u00f1as. Para las pymes, esto significa remuneraci\u00f3n justa, contrataci\u00f3n inclusiva, trabajo flexible y la eliminaci\u00f3n de barreras para el progreso, especialmente en las comunidades locales.\n          <\/p>\n\n          <div class=\"sdgz-sdgPage__ctaRow\">\n            <a class=\"sdgz-sdgPage__btn sdgz-sdgPage__btnPrimary\" href=\"\/es\/add-listing\/\">A\u00f1ade el ODS 5 a tu lista de ODS:Cero<\/a>\n            <a class=\"sdgz-sdgPage__btn sdgz-sdgPage__btnGhost\" href=\"https:\/\/sdgzero.net\/es\/the-17-sustainable-development-goals-for-business\/\">Volver a todos los ODS<\/a>\n          <\/div>\n\n          <div class=\"sdgz-sdgPage__chips\" aria-label=\"\u00c1reas de enfoque r\u00e1pido\">\n            <span class=\"sdgz-sdgPage__chip\">Igualdad de salarios<\/span>\n            <span class=\"sdgz-sdgPage__chip\">Contrataci\u00f3n inclusiva<\/span>\n            <span class=\"sdgz-sdgPage__chip\">Trabajo flexible<\/span>\n            <span class=\"sdgz-sdgPage__chip\">Progresi\u00f3n<\/span>\n          <\/div>\n\n          <div class=\"sdgz-sdgPage__localExample sdgz-sdgPage__localExampleTint\" aria-label=\"Ejemplo de PYME local\">\n            <div class=\"sdgz-sdgPage__localTop\">\n              <span class=\"sdgz-sdgPage__localTag\">Ejemplo de PYME local<\/span>\n              <span class=\"sdgz-sdgPage__localPlace\">Cheltenham<\/span>\n            <\/div>\n\n            <h2 class=\"sdgz-sdgPage__localTitle\">Un ejemplo pr\u00e1ctico, local y repetible<\/h2>\n            <p class=\"sdgz-sdgPage__localText\">\n              Una empresa de servicios profesionales con sede en Cheltenham detect\u00f3 la subrepresentaci\u00f3n femenina en puestos directivos. Introdujeron bandas salariales transparentes, opciones de trabajo flexible y mentor\u00eda para el personal que regresaba de su baja por maternidad o paternidad. En cuesti\u00f3n de meses, la retenci\u00f3n mejor\u00f3 y las decisiones de ascenso se volvieron m\u00e1s claras, justas y f\u00e1ciles de comunicar.\n            <\/p>\n\n            <div class=\"sdgz-sdgPage__localGrid\">\n              <div class=\"sdgz-sdgPage__localBox\">\n                <div class=\"sdgz-sdgPage__localBoxTitle\">Lo que hicieron<\/div>\n                <ul class=\"sdgz-sdgPage__localList\">\n                  <li>Establecer bandas salariales claras y expectativas de rol<\/li>\n                  <li>Se ofrecieron opciones de trabajo flexibles e h\u00edbridas<\/li>\n                  <li>Se introdujo la tutor\u00eda y el apoyo para el retorno al trabajo.<\/li>\n                <\/ul>\n              <\/div>\n\n              <div class=\"sdgz-sdgPage__localBox\">\n                <div class=\"sdgz-sdgPage__localBoxTitle\">Impacto empresarial<\/div>\n                <ul class=\"sdgz-sdgPage__localList\">\n                  <li>Mayor retenci\u00f3n y mejora de la moral<\/li>\n                  <li>M\u00e1s mujeres avanzan hacia puestos de liderazgo<\/li>\n                  <li>Mayor reputaci\u00f3n como empleador a nivel local<\/li>\n                <\/ul>\n              <\/div>\n\n              <div class=\"sdgz-sdgPage__localBox sdgz-sdgPage__localBoxWide\">\n                <div class=\"sdgz-sdgPage__localBoxTitle\">\u00c1ngulo de SEO local<\/div>\n                <p class=\"sdgz-sdgPage__localSmall\">\n                  Agregaron compromisos de igualdad e historias de equipo a su listado de ODS: Cero, lo que les ayud\u00f3 a aparecer en b\u00fasquedas como &quot;empleador inclusivo en Cheltenham&quot; y &quot;negocio local \u00e9tico cerca de m\u00ed&quot;, al tiempo que generaban confianza con clientes y candidatos.\n                <\/p>\n              <\/div>\n            <\/div>\n\n            <div class=\"sdgz-sdgPage__localCTA\">\n              <a class=\"sdgz-sdgPage__localBtn\" href=\"\/es\/add-listing\/\">A\u00f1ade tu compromiso de igualdad a tu anuncio<\/a>\n              <span class=\"sdgz-sdgPage__localHint\">La inclusi\u00f3n genera confianza a nivel local<\/span>\n            <\/div>\n          <\/div>\n        <\/div>\n\n        <aside class=\"sdgz-sdgPage__heroRight\">\n          <div class=\"sdgz-sdgPage__iconWrap\" aria-label=\"Icono del ODS 5\">\n            <img decoding=\"async\" src=\"https:\/\/sdgzero.net\/wp-content\/uploads\/2026\/01\/sdg-5.png\" alt=\"SDG 5 Gender Equality icon\">\n          <\/div>\n\n          <div class=\"sdgz-sdgPage__heroCard sdgz-sdgPage__heroCardTint\">\n            <div class=\"sdgz-sdgPage__heroCardTitle\">Qu\u00e9 significa esto<\/div>\n            <div class=\"sdgz-sdgPage__heroCardText\">\n              La igualdad de g\u00e9nero se define a trav\u00e9s de decisiones cotidianas, salarios, flexibilidad, progresi\u00f3n y cultura laboral. Las pymes pueden liderar a nivel local creando oportunidades justas y haciendo visible la inclusi\u00f3n, no solo impl\u00edcita.\n            <\/div>\n          <\/div>\n        <\/aside>\n\n      <\/div>\n    <\/header>\n\n    <div class=\"sdgz-sdgPage__grid\">\n\n      <article class=\"sdgz-sdgPage__card sdgz-sdgPage__cardTint\">\n        <h2 class=\"sdgz-sdgPage__h\">V\u00eddeo explicativo r\u00e1pido<\/h2>\n        <p class=\"sdgz-sdgPage__p\">Descubra c\u00f3mo el ODS 5 impacta a las PYMES locales y c\u00f3mo se ven las acciones pr\u00e1cticas, desde la contrataci\u00f3n hasta la promoci\u00f3n y la cultura en el lugar de trabajo.<\/p>\n\n        <div class=\"sdgz-sdgPage__video\">\n          <iframe\n            title=\"ODS 5, Igualdad de g\u00e9nero\"\n            src=\"https:\/\/www.youtube-nocookie.com\/embed\/fJmst8sFzN8?rel=0&#038;modestbranding=1&#038;playsinline=1\"\n            loading=\"lazy\"\n            allow=\"accelerometer; autoplay; clipboard-write; encrypted-media; gyroscope; picture-in-picture; web-share\"\n            allowfullscreen>\n          <\/iframe>\n        <\/div>\n\n        <div class=\"sdgz-sdgPage__videoNote\">\n          Para obtener m\u00e1s podcasts y plantillas pr\u00e1cticas sobre contrataci\u00f3n inclusiva, pol\u00edticas laborales y desarrollo cultural, \u00fanase a SDG:Zero Vault.\n        <\/div>\n      <\/article>\n\n      <article class=\"sdgz-sdgPage__card sdgz-sdgPage__cardTint\">\n        <h2 class=\"sdgz-sdgPage__h\">Acciones pr\u00e1cticas para las PYMES<\/h2>\n        <div class=\"sdgz-sdgPage__boxes\">\n          <div class=\"sdgz-sdgPage__box\">\n            <div class=\"sdgz-sdgPage__boxTitle\">Auditor\u00eda de remuneraci\u00f3n y progresi\u00f3n<\/div>\n            <p class=\"sdgz-sdgPage__p\">Revise peri\u00f3dicamente las bandas salariales, los resultados de las promociones y los niveles de funciones para detectar brechas de manera temprana.<\/p>\n          <\/div>\n          <div class=\"sdgz-sdgPage__box\">\n            <div class=\"sdgz-sdgPage__boxTitle\">Redactar anuncios de trabajo inclusivos<\/div>\n            <p class=\"sdgz-sdgPage__p\">Evite el lenguaje sesgado, conc\u00e9ntrese en las habilidades y deje clara la flexibilidad siempre que sea posible.<\/p>\n          <\/div>\n          <div class=\"sdgz-sdgPage__box\">\n            <div class=\"sdgz-sdgPage__boxTitle\">Ofrecer trabajo flexible<\/div>\n            <p class=\"sdgz-sdgPage__p\">Cambios simples, opciones h\u00edbridas, horarios flexibles o programaci\u00f3n predecible eliminan barreras.<\/p>\n          <\/div>\n          <div class=\"sdgz-sdgPage__box\">\n            <div class=\"sdgz-sdgPage__boxTitle\">Hacer visibles los criterios de promoci\u00f3n<\/div>\n            <p class=\"sdgz-sdgPage__p\">Documente c\u00f3mo se ve lo \u201cbueno\u201d en cada nivel para que el progreso parezca justo y alcanzable.<\/p>\n          <\/div>\n          <div class=\"sdgz-sdgPage__box\">\n            <div class=\"sdgz-sdgPage__boxTitle\">Apoyar el regreso al trabajo<\/div>\n            <p class=\"sdgz-sdgPage__p\">La tutor\u00eda, los retornos graduales y los controles claros despu\u00e9s de la licencia parental mejoran la retenci\u00f3n.<\/p>\n          <\/div>\n        <\/div>\n      <\/article>\n\n      <article class=\"sdgz-sdgPage__card sdgz-sdgPage__cardTint\">\n        <h2 class=\"sdgz-sdgPage__h\">Ejemplos de copias de listados que puedes utilizar<\/h2>\n        <div class=\"sdgz-sdgPage__boxes\">\n          <div class=\"sdgz-sdgPage__box\">\n            <div class=\"sdgz-sdgPage__boxTitle\">Igualdad salarial y transparencia<\/div>\n            <p class=\"sdgz-sdgPage__p\">Utilizamos bandas salariales claras y revisamos los pagos de manera justa, apoyando la igualdad de oportunidades en todo nuestro equipo.<\/p>\n          <\/div>\n          <div class=\"sdgz-sdgPage__box\">\n            <div class=\"sdgz-sdgPage__boxTitle\">Contrataci\u00f3n inclusiva<\/div>\n            <p class=\"sdgz-sdgPage__p\">Utilizamos descripciones de trabajo inclusivas y entrevistas estructuradas para contratar de manera justa y reducir los sesgos.<\/p>\n          <\/div>\n          <div class=\"sdgz-sdgPage__box\">\n            <div class=\"sdgz-sdgPage__boxTitle\">Trabajo flexible<\/div>\n            <p class=\"sdgz-sdgPage__p\">Ofrecemos trabajo flexible e h\u00edbrido siempre que sea posible, ayudando a los padres y cuidadores a prosperar en el trabajo.<\/p>\n          <\/div>\n        <\/div>\n      <\/article>\n\n      <article class=\"sdgz-sdgPage__card sdgz-sdgPage__cardTint\">\n        <h2 class=\"sdgz-sdgPage__h\">M\u00e9tricas sencillas para realizar un seguimiento<\/h2>\n        <div class=\"sdgz-sdgPage__boxes\">\n          <div class=\"sdgz-sdgPage__box\">\n            <div class=\"sdgz-sdgPage__boxTitle\">controles de brecha salarial<\/div>\n            <p class=\"sdgz-sdgPage__p\">Compare el salario por nivel de puesto, realice un seguimiento de los cambios a lo largo del tiempo y documente las acciones realizadas.<\/p>\n          <\/div>\n          <div class=\"sdgz-sdgPage__box\">\n            <div class=\"sdgz-sdgPage__boxTitle\">Representaci\u00f3n del liderazgo<\/div>\n            <p class=\"sdgz-sdgPage__p\">Realizar un seguimiento del equilibrio de g\u00e9nero en el liderazgo, las promociones y las listas de candidatos para entrevistas.<\/p>\n          <\/div>\n          <div class=\"sdgz-sdgPage__box\">\n            <div class=\"sdgz-sdgPage__boxTitle\">Retenci\u00f3n y reincorporaci\u00f3n al trabajo<\/div>\n            <p class=\"sdgz-sdgPage__p\">Monitorear la retenci\u00f3n por equipo, especialmente despu\u00e9s de la licencia parental y la adopci\u00f3n de roles flexibles.<\/p>\n          <\/div>\n        <\/div>\n      <\/article>\n\n      <article class=\"sdgz-sdgPage__card sdgz-sdgPage__ctaCard\">\n        <div class=\"sdgz-sdgPage__ctaKicker\">ODS 5, igualdad de atenci\u00f3n a los clientes<\/div>\n        <h2 class=\"sdgz-sdgPage__ctaTitle\">Convertir las pr\u00e1cticas inclusivas en credibilidad local<\/h2>\n        <p class=\"sdgz-sdgPage__p\">\n          Las personas compran, recomiendan y trabajan para empresas en las que conf\u00edan. Mostrar acciones, pol\u00edticas y avances genuinos en materia de igualdad genera credibilidad. A\u00f1ade el ODS 5 a tu lista del ODS: Cero y publica actualizaciones breves sobre tus mejoras y tu seguimiento.\n        <\/p>\n\n        <div class=\"sdgz-sdgPage__ctaBullets\">\n          <div class=\"sdgz-sdgPage__ctaBullet\">Destacarse como un empleador local justo y moderno<\/div>\n          <div class=\"sdgz-sdgPage__ctaBullet\">Genere confianza con los clientes que valoran las empresas \u00e9ticas<\/div>\n          <div class=\"sdgz-sdgPage__ctaBullet\">Mejorar la visibilidad con palabras clave de igualdad e inclusi\u00f3n local<\/div>\n        <\/div>\n\n        <div class=\"sdgz-sdgPage__ctaRow2\">\n          <a class=\"sdgz-sdgPage__btn sdgz-sdgPage__btnPrimary\" href=\"\/es\/join\/\">\u00danete a SDG:Zero<\/a>\n          <a class=\"sdgz-sdgPage__btn sdgz-sdgPage__btnGhost\" href=\"\/es\/add-listing\/\">Crea tu anuncio<\/a>\n        <\/div>\n      <\/article>\n\n    <\/div>\n  <\/div>\n<\/section>\n\t\t\t\t\t\t\t\t<\/div>\n\t\t\t\t<\/div>\n\t\t\t\t<\/div>","protected":false},"excerpt":{"rendered":"<p>SDG 5, Gender equality Gender Equality Achieve gender equality and empower all women and girls. For SMEs, this means fair pay, inclusive hiring, flexible working, and removing barriers to progression, especially in local communities. Add SDG 5 to your SDG:Zero listing Back to all SDGs Equal pay Inclusive hiring Flexible working Progression Local SME example [&hellip;]<\/p>\n","protected":false},"author":1,"featured_media":0,"parent":2158,"menu_order":0,"comment_status":"closed","ping_status":"closed","template":"","meta":{"_acf_changed":false,"_monsterinsights_skip_tracking":false,"_monsterinsights_sitenote_active":false,"_monsterinsights_sitenote_note":"","_monsterinsights_sitenote_category":0,"footnotes":""},"class_list":["post-2187","page","type-page","status-publish","hentry"],"acf":[],"_links":{"self":[{"href":"https:\/\/sdgzero.net\/es\/wp-json\/wp\/v2\/pages\/2187","targetHints":{"allow":["GET"]}}],"collection":[{"href":"https:\/\/sdgzero.net\/es\/wp-json\/wp\/v2\/pages"}],"about":[{"href":"https:\/\/sdgzero.net\/es\/wp-json\/wp\/v2\/types\/page"}],"author":[{"embeddable":true,"href":"https:\/\/sdgzero.net\/es\/wp-json\/wp\/v2\/users\/1"}],"replies":[{"embeddable":true,"href":"https:\/\/sdgzero.net\/es\/wp-json\/wp\/v2\/comments?post=2187"}],"version-history":[{"count":0,"href":"https:\/\/sdgzero.net\/es\/wp-json\/wp\/v2\/pages\/2187\/revisions"}],"up":[{"embeddable":true,"href":"https:\/\/sdgzero.net\/es\/wp-json\/wp\/v2\/pages\/2158"}],"wp:attachment":[{"href":"https:\/\/sdgzero.net\/es\/wp-json\/wp\/v2\/media?parent=2187"}],"curies":[{"name":"wp","href":"https:\/\/api.w.org\/{rel}","templated":true}]}}