{"id":2188,"date":"2026-01-27T17:40:44","date_gmt":"2026-01-27T17:40:44","guid":{"rendered":"https:\/\/sdgzero.net\/?page_id=2188"},"modified":"2026-02-07T09:45:21","modified_gmt":"2026-02-07T09:45:21","slug":"clean-water-and-sanitation","status":"publish","type":"page","link":"https:\/\/sdgzero.net\/es\/the-17-sustainable-development-goals-for-business\/clean-water-and-sanitation\/","title":{"rendered":"Agua limpia y saneamiento"},"content":{"rendered":"<div data-elementor-type=\"wp-page\" data-elementor-id=\"2188\" class=\"elementor elementor-2188\" data-elementor-post-type=\"page\">\n\t\t\t\t<div class=\"elementor-element elementor-element-464b53b e-con-full e-flex e-con e-parent\" data-id=\"464b53b\" data-element_type=\"container\" data-e-type=\"container\">\n\t\t\t\t<div class=\"elementor-element elementor-element-cb21026 elementor-widget elementor-widget-text-editor\" data-id=\"cb21026\" data-element_type=\"widget\" data-e-type=\"widget\" data-widget_type=\"text-editor.default\">\n\t\t\t\t\t\t\t\t\t<section class=\"sdgz-sdgPage sdgz-sdg6\" aria-label=\"ODS 6 Agua limpia y saneamiento\">\n  <div class=\"sdgz-sdgPage__wrap\">\n\n    <header class=\"sdgz-sdgPage__hero\" style=\"--sdg:#26BDE2; --wash: rgba(38,189,226,0.16);\">\n      <div class=\"sdgz-sdgPage__heroInner\">\n\n        <div class=\"sdgz-sdgPage__heroLeft\">\n          <div class=\"sdgz-sdgPage__kicker\">ODS 6, Agua limpia y saneamiento<\/div>\n          <h1 class=\"sdgz-sdgPage__title\">Agua limpia y saneamiento<\/h1>\n          <p class=\"sdgz-sdgPage__lead\">\n            Garantizar la disponibilidad y la gesti\u00f3n sostenible del agua y el saneamiento para todos. Para las pymes, esto significa reducir el desperdicio de agua, prevenir la contaminaci\u00f3n, mejorar las pr\u00e1cticas de higiene y elegir proveedores responsables, especialmente a nivel local.\n          <\/p>\n\n          <div class=\"sdgz-sdgPage__ctaRow\">\n            <a class=\"sdgz-sdgPage__btn sdgz-sdgPage__btnPrimary\" href=\"\/es\/add-listing\/\">A\u00f1ade el ODS 6 a tu lista de ODS:Cero<\/a>\n            <a class=\"sdgz-sdgPage__btn sdgz-sdgPage__btnGhost\" href=\"https:\/\/sdgzero.net\/es\/the-17-sustainable-development-goals-for-business\/\">Volver a todos los ODS<\/a>\n          <\/div>\n\n          <div class=\"sdgz-sdgPage__chips\" aria-label=\"\u00c1reas de enfoque r\u00e1pido\">\n            <span class=\"sdgz-sdgPage__chip\">Eficiencia del agua<\/span>\n            <span class=\"sdgz-sdgPage__chip\">Reducci\u00f3n de fugas<\/span>\n            <span class=\"sdgz-sdgPage__chip\">Control de la contaminaci\u00f3n<\/span>\n            <span class=\"sdgz-sdgPage__chip\">Higiene<\/span>\n          <\/div>\n\n          <div class=\"sdgz-sdgPage__localExample sdgz-sdgPage__localExampleTint\" aria-label=\"Ejemplo de PYME local\">\n            <div class=\"sdgz-sdgPage__localTop\">\n              <span class=\"sdgz-sdgPage__localTag\">Ejemplo de PYME local<\/span>\n              <span class=\"sdgz-sdgPage__localPlace\">Blackburn<\/span>\n            <\/div>\n\n            <h2 class=\"sdgz-sdgPage__localTitle\">Un ejemplo pr\u00e1ctico, local y repetible<\/h2>\n            <p class=\"sdgz-sdgPage__localText\">\n              Un negocio de preparaci\u00f3n de alimentos con sede en Blackburn experiment\u00f3 un aumento en las facturas de agua y resultados de limpieza inconsistentes. Instalaron boquillas de pulverizaci\u00f3n de bajo caudal, implementaron una rutina sencilla de &quot;limpieza sobre la marcha&quot; y capacitaron al personal en el uso de las proporciones de diluci\u00f3n adecuadas. Durante el trimestre siguiente, redujeron el consumo de agua, mejoraron el cumplimiento de la higiene y redujeron los costos sin ralentizar las operaciones.\n            <\/p>\n\n            <div class=\"sdgz-sdgPage__localGrid\">\n              <div class=\"sdgz-sdgPage__localBox\">\n                <div class=\"sdgz-sdgPage__localBoxTitle\">Lo que hicieron<\/div>\n                <ul class=\"sdgz-sdgPage__localList\">\n                  <li>Se repararon fugas y se instalaron boquillas de bajo caudal.<\/li>\n                  <li>Rutinas de limpieza estandarizadas y proporciones de diluci\u00f3n<\/li>\n                  <li>Lecturas semanales registradas del medidor de agua<\/li>\n                <\/ul>\n              <\/div>\n\n              <div class=\"sdgz-sdgPage__localBox\">\n                <div class=\"sdgz-sdgPage__localBoxTitle\">Impacto empresarial<\/div>\n                <ul class=\"sdgz-sdgPage__localList\">\n                  <li>Costos m\u00e1s bajos de agua y energ\u00eda<\/li>\n                  <li>\u00c1reas de trabajo m\u00e1s limpias y menos no conformidades<\/li>\n                  <li>Mayor confianza con los clientes locales<\/li>\n                <\/ul>\n              <\/div>\n\n              <div class=\"sdgz-sdgPage__localBox sdgz-sdgPage__localBoxWide\">\n                <div class=\"sdgz-sdgPage__localBoxTitle\">\u00c1ngulo de SEO local<\/div>\n                <p class=\"sdgz-sdgPage__localSmall\">\n                  Agregaron &quot;limpieza eficiente en el uso del agua&quot;, &quot;est\u00e1ndares de higiene&quot; y &quot;proveedor local responsable&quot; a su ficha de ODS: Cero. Esto facilit\u00f3 b\u00fasquedas como &quot;preparaci\u00f3n higi\u00e9nica de alimentos en Blackburn&quot; y &quot;negocio ecorresponsable cerca de m\u00ed&quot;, a la vez que reforz\u00f3 su credibilidad.\n                <\/p>\n              <\/div>\n            <\/div>\n\n            <div class=\"sdgz-sdgPage__localCTA\">\n              <a class=\"sdgz-sdgPage__localBtn\" href=\"\/es\/add-listing\/\">A\u00f1ade tu impacto h\u00eddrico a tu listado<\/a>\n              <span class=\"sdgz-sdgPage__localHint\">La eficiencia protege los recursos locales<\/span>\n            <\/div>\n          <\/div>\n        <\/div>\n\n        <aside class=\"sdgz-sdgPage__heroRight\">\n          <div class=\"sdgz-sdgPage__iconWrap\" aria-label=\"Icono del ODS 6\">\n            <img decoding=\"async\" src=\"https:\/\/sdgzero.net\/wp-content\/uploads\/2026\/01\/sdg-6.png\" alt=\"SDG 6 Clean Water and Sanitation icon\">\n          <\/div>\n\n          <div class=\"sdgz-sdgPage__heroCard sdgz-sdgPage__heroCardTint\">\n            <div class=\"sdgz-sdgPage__heroCardTitle\">Qu\u00e9 significa esto<\/div>\n            <div class=\"sdgz-sdgPage__heroCardText\">\n              El agua es un gasto y una responsabilidad. Las pymes influyen en el ODS 6 a trav\u00e9s de sus operaciones diarias, la limpieza, las instalaciones, los procesos de producci\u00f3n y la gesti\u00f3n de aguas residuales y productos qu\u00edmicos.\n            <\/div>\n          <\/div>\n        <\/aside>\n\n      <\/div>\n    <\/header>\n\n    <div class=\"sdgz-sdgPage__grid\">\n\n      <article class=\"sdgz-sdgPage__card sdgz-sdgPage__cardTint\">\n        <h2 class=\"sdgz-sdgPage__h\">V\u00eddeo explicativo r\u00e1pido<\/h2>\n        <p class=\"sdgz-sdgPage__p\">Descubra c\u00f3mo el ODS 6 se vincula con las PYMES locales y los cambios simples que reducen el desperdicio de agua, mejoran la higiene y generan confianza.<\/p>\n\n        <div class=\"sdgz-sdgPage__video\">\n          <iframe\n            title=\"ODS 6, Agua limpia y saneamiento\"\n            src=\"https:\/\/www.youtube-nocookie.com\/embed\/qNsr7Y5_I0Q?rel=0&#038;modestbranding=1&#038;playsinline=1\"\n            loading=\"lazy\"\n            allow=\"accelerometer; autoplay; clipboard-write; encrypted-media; gyroscope; picture-in-picture; web-share\"\n            allowfullscreen>\n          <\/iframe>\n        <\/div>\n\n        <div class=\"sdgz-sdgPage__videoNote\">\n          Para obtener m\u00e1s podcasts y plantillas pr\u00e1cticas sobre auditor\u00edas de agua, planes de limpieza y controles de proveedores, \u00fanase a SDG:Zero Vault.\n        <\/div>\n      <\/article>\n\n      <article class=\"sdgz-sdgPage__card sdgz-sdgPage__cardTint\">\n        <h2 class=\"sdgz-sdgPage__h\">Acciones pr\u00e1cticas para las PYMES<\/h2>\n        <div class=\"sdgz-sdgPage__boxes\">\n          <div class=\"sdgz-sdgPage__box\">\n            <div class=\"sdgz-sdgPage__boxTitle\">Seguimiento del uso del agua<\/div>\n            <p class=\"sdgz-sdgPage__p\">Tome lecturas semanales del medidor y establezca un objetivo de reducci\u00f3n simple.<\/p>\n          <\/div>\n          <div class=\"sdgz-sdgPage__box\">\n            <div class=\"sdgz-sdgPage__boxTitle\">Reparar fugas r\u00e1pidamente<\/div>\n            <p class=\"sdgz-sdgPage__p\">Cree una rutina de informes r\u00e1pidos para que las peque\u00f1as fugas no se conviertan en grandes facturas.<\/p>\n          <\/div>\n          <div class=\"sdgz-sdgPage__box\">\n            <div class=\"sdgz-sdgPage__boxTitle\">Mejorar los accesorios<\/div>\n            <p class=\"sdgz-sdgPage__p\">Los grifos de bajo consumo, las boquillas rociadoras y los inodoros de doble descarga reducen los desechos con una interrupci\u00f3n m\u00ednima.<\/p>\n          <\/div>\n          <div class=\"sdgz-sdgPage__box\">\n            <div class=\"sdgz-sdgPage__boxTitle\">Prevenir la contaminaci\u00f3n<\/div>\n            <p class=\"sdgz-sdgPage__p\">Almacene los productos qu\u00edmicos correctamente y siga las instrucciones de eliminaci\u00f3n segura para proteger los desag\u00fces y las v\u00edas fluviales.<\/p>\n          <\/div>\n          <div class=\"sdgz-sdgPage__box\">\n            <div class=\"sdgz-sdgPage__boxTitle\">Elevar los est\u00e1ndares de higiene<\/div>\n            <p class=\"sdgz-sdgPage__p\">Las listas de verificaci\u00f3n simples y la capacitaci\u00f3n mejoran la consistencia en los ba\u00f1os, cocinas y espacios compartidos.<\/p>\n          <\/div>\n        <\/div>\n      <\/article>\n\n      <article class=\"sdgz-sdgPage__card sdgz-sdgPage__cardTint\">\n        <h2 class=\"sdgz-sdgPage__h\">Ejemplos de copias de listados que puedes utilizar<\/h2>\n        <div class=\"sdgz-sdgPage__boxes\">\n          <div class=\"sdgz-sdgPage__box\">\n            <div class=\"sdgz-sdgPage__boxTitle\">Eficiencia del agua<\/div>\n            <p class=\"sdgz-sdgPage__p\">Reducimos activamente el uso de agua rastreando el consumo, reparando fugas r\u00e1pidamente y mejorando los accesorios cuando sea posible.<\/p>\n          <\/div>\n          <div class=\"sdgz-sdgPage__box\">\n            <div class=\"sdgz-sdgPage__boxTitle\">Higiene y saneamiento<\/div>\n            <p class=\"sdgz-sdgPage__p\">Mantenemos est\u00e1ndares de higiene consistentes con rutinas de limpieza, capacitaci\u00f3n del personal y controles regulares.<\/p>\n          <\/div>\n          <div class=\"sdgz-sdgPage__box\">\n            <div class=\"sdgz-sdgPage__boxTitle\">Prevenci\u00f3n de la contaminaci\u00f3n<\/div>\n            <p class=\"sdgz-sdgPage__p\">Manipulamos los productos qu\u00edmicos de manera responsable y seguimos pr\u00e1cticas de eliminaci\u00f3n seguras para proteger las v\u00edas fluviales locales.<\/p>\n          <\/div>\n        <\/div>\n      <\/article>\n\n      <article class=\"sdgz-sdgPage__card sdgz-sdgPage__cardTint\">\n        <h2 class=\"sdgz-sdgPage__h\">M\u00e9tricas sencillas para realizar un seguimiento<\/h2>\n        <div class=\"sdgz-sdgPage__boxes\">\n          <div class=\"sdgz-sdgPage__box\">\n            <div class=\"sdgz-sdgPage__boxTitle\">Consumo de agua por mes<\/div>\n            <p class=\"sdgz-sdgPage__p\">Uso total y uso por persona o por puesto de trabajo, seg\u00fan el tipo de negocio.<\/p>\n          <\/div>\n          <div class=\"sdgz-sdgPage__box\">\n            <div class=\"sdgz-sdgPage__boxTitle\">Registro de fugas y reparaciones<\/div>\n            <p class=\"sdgz-sdgPage__p\">N\u00famero de problemas informados y tiempo para solucionarlos, adem\u00e1s del ahorro de agua estimado.<\/p>\n          <\/div>\n          <div class=\"sdgz-sdgPage__box\">\n            <div class=\"sdgz-sdgPage__boxTitle\">Controles de higiene<\/div>\n            <p class=\"sdgz-sdgPage__p\">Finalizaci\u00f3n de la lista de verificaci\u00f3n, resultados de la auditor\u00eda y acciones de mejora adoptadas.<\/p>\n          <\/div>\n        <\/div>\n      <\/article>\n\n      <article class=\"sdgz-sdgPage__card sdgz-sdgPage__ctaCard\">\n        <div class=\"sdgz-sdgPage__ctaKicker\">ODS 6: La prueba pr\u00e1ctica genera confianza<\/div>\n        <h2 class=\"sdgz-sdgPage__ctaTitle\">Convertir la eficiencia h\u00eddrica en credibilidad local<\/h2>\n        <p class=\"sdgz-sdgPage__p\">\n          Los clientes se fijan en negocios limpios y bien gestionados. Al reducir el desperdicio de agua y mejorar los est\u00e1ndares de higiene, proteges los recursos locales y tu reputaci\u00f3n. A\u00f1ade el ODS 6 a tu lista de ODS: Cero y comparte actualizaciones sencillas, lo que has cambiado, lo que monitoreas y los resultados.\n        <\/p>\n\n        <div class=\"sdgz-sdgPage__ctaBullets\">\n          <div class=\"sdgz-sdgPage__ctaBullet\">Destacarse localmente como una empresa responsable y bien gestionada.<\/div>\n          <div class=\"sdgz-sdgPage__ctaBullet\">Genere confianza con est\u00e1ndares visibles de higiene y saneamiento<\/div>\n          <div class=\"sdgz-sdgPage__ctaBullet\">Cree contenido local que fomente la visibilidad y las conversiones<\/div>\n        <\/div>\n\n        <div class=\"sdgz-sdgPage__ctaRow2\">\n          <a class=\"sdgz-sdgPage__btn sdgz-sdgPage__btnPrimary\" href=\"\/es\/join\/\">\u00danete a SDG:Zero<\/a>\n          <a class=\"sdgz-sdgPage__btn sdgz-sdgPage__btnGhost\" href=\"\/es\/add-listing\/\">Crea tu anuncio<\/a>\n        <\/div>\n      <\/article>\n\n    <\/div>\n  <\/div>\n<\/section>\n\t\t\t\t\t\t\t\t<\/div>\n\t\t\t\t<\/div>\n\t\t\t\t<\/div>","protected":false},"excerpt":{"rendered":"<p>SDG 6, Clean water and sanitation Clean Water and Sanitation Ensure availability and sustainable management of water and sanitation for all. For SMEs, this means reducing water waste, preventing pollution, improving hygiene practices, and choosing responsible suppliers, especially locally. Add SDG 6 to your SDG:Zero listing Back to all SDGs Water efficiency Leak reduction Pollution [&hellip;]<\/p>\n","protected":false},"author":1,"featured_media":0,"parent":2158,"menu_order":0,"comment_status":"closed","ping_status":"closed","template":"","meta":{"_acf_changed":false,"_monsterinsights_skip_tracking":false,"_monsterinsights_sitenote_active":false,"_monsterinsights_sitenote_note":"","_monsterinsights_sitenote_category":0,"footnotes":""},"class_list":["post-2188","page","type-page","status-publish","hentry"],"acf":[],"_links":{"self":[{"href":"https:\/\/sdgzero.net\/es\/wp-json\/wp\/v2\/pages\/2188","targetHints":{"allow":["GET"]}}],"collection":[{"href":"https:\/\/sdgzero.net\/es\/wp-json\/wp\/v2\/pages"}],"about":[{"href":"https:\/\/sdgzero.net\/es\/wp-json\/wp\/v2\/types\/page"}],"author":[{"embeddable":true,"href":"https:\/\/sdgzero.net\/es\/wp-json\/wp\/v2\/users\/1"}],"replies":[{"embeddable":true,"href":"https:\/\/sdgzero.net\/es\/wp-json\/wp\/v2\/comments?post=2188"}],"version-history":[{"count":0,"href":"https:\/\/sdgzero.net\/es\/wp-json\/wp\/v2\/pages\/2188\/revisions"}],"up":[{"embeddable":true,"href":"https:\/\/sdgzero.net\/es\/wp-json\/wp\/v2\/pages\/2158"}],"wp:attachment":[{"href":"https:\/\/sdgzero.net\/es\/wp-json\/wp\/v2\/media?parent=2188"}],"curies":[{"name":"wp","href":"https:\/\/api.w.org\/{rel}","templated":true}]}}