{"id":2200,"date":"2026-01-28T14:09:24","date_gmt":"2026-01-28T14:09:24","guid":{"rendered":"https:\/\/sdgzero.net\/?page_id=2200"},"modified":"2026-04-12T16:52:35","modified_gmt":"2026-04-12T16:52:35","slug":"affordable-and-clean-energy","status":"publish","type":"page","link":"https:\/\/sdgzero.net\/es\/the-17-sustainable-development-goals-for-business\/affordable-and-clean-energy\/","title":{"rendered":"Energ\u00eda asequible y limpia"},"content":{"rendered":"<div data-elementor-type=\"wp-page\" data-elementor-id=\"2200\" class=\"elementor elementor-2200\" data-elementor-post-type=\"page\">\n\t\t\t\t<div class=\"elementor-element elementor-element-464b53b e-con-full e-flex e-con e-parent\" data-id=\"464b53b\" data-element_type=\"container\" data-e-type=\"container\">\n\t\t\t\t<div class=\"elementor-element elementor-element-cb21026 elementor-widget elementor-widget-text-editor\" data-id=\"cb21026\" data-element_type=\"widget\" data-e-type=\"widget\" data-widget_type=\"text-editor.default\">\n\t\t\t\t\t\t\t\t\t<section class=\"sdgz-sdgPage sdgz-sdg7\" aria-label=\"ODS 7 Energ\u00eda asequible y limpia\">\n  <div class=\"sdgz-sdgPage__wrap\">\n\n    <header class=\"sdgz-sdgPage__hero\" style=\"--sdg:#FCC30B; --wash: rgba(252,195,11,0.16);\">\n      <div class=\"sdgz-sdgPage__heroInner\">\n\n        <div class=\"sdgz-sdgPage__heroLeft\">\n          <div class=\"sdgz-sdgPage__kicker\">ODS 7, Energ\u00eda asequible y limpia<\/div>\n          <h1 class=\"sdgz-sdgPage__title\">Energ\u00eda asequible y limpia<\/h1>\n          <p class=\"sdgz-sdgPage__lead\">\n            Garantizar el acceso a energ\u00eda asequible, fiable, sostenible y moderna para todos. Para las pymes, esto significa reducir el desperdicio de energ\u00eda, mejorar la eficiencia, optar por tarifas m\u00e1s limpias e invertir en mejoras que reduzcan los costos y las emisiones a nivel local.\n          <\/p>\n\n          <div class=\"sdgz-sdgPage__ctaRow\">\n            <a class=\"sdgz-sdgPage__btn sdgz-sdgPage__btnPrimary\" href=\"\/es\/add-listing\/\">A\u00f1ade el ODS 7 a tu lista de ODS:Cero.<\/a>\n            <a class=\"sdgz-sdgPage__btn sdgz-sdgPage__btnGhost\" href=\"https:\/\/sdgzero.net\/es\/the-17-sustainable-development-goals-for-business\/\">Volver a todos los ODS<\/a>\n          <\/div>\n\n          <div class=\"sdgz-sdgPage__chips\" aria-label=\"\u00c1reas de enfoque r\u00e1pido\">\n            <span class=\"sdgz-sdgPage__chip\">Eficiencia<\/span>\n            <span class=\"sdgz-sdgPage__chip\">Actualizaciones LED<\/span>\n            <span class=\"sdgz-sdgPage__chip\">Controles inteligentes<\/span>\n            <span class=\"sdgz-sdgPage__chip\">Tarifas de energ\u00edas renovables<\/span>\n          <\/div>\n\n          <div class=\"sdgz-sdgPage__localExample sdgz-sdgPage__localExampleTint\" aria-label=\"Ejemplo de PYME local\">\n            <div class=\"sdgz-sdgPage__localTop\">\n              <span class=\"sdgz-sdgPage__localTag\">Ejemplo de PYME local<\/span>\n              <span class=\"sdgz-sdgPage__localPlace\">Preston<\/span>\n            <\/div>\n\n            <h2 class=\"sdgz-sdgPage__localTitle\">Un ejemplo pr\u00e1ctico, local y repetible<\/h2>\n            <p class=\"sdgz-sdgPage__localText\">\n              Un local comercial de Preston se enfrentaba a facturas de energ\u00eda elevadas durante el invierno y a una calefacci\u00f3n irregular. Optaron por la iluminaci\u00f3n LED, instalaron temporizadores sencillos y mejoraron el aislamiento t\u00e9rmico alrededor de las puertas y en el almac\u00e9n. En tan solo una temporada, el consumo energ\u00e9tico disminuy\u00f3 y la tienda se mantuvo m\u00e1s confortable tanto para el personal como para los clientes.\n            <\/p>\n\n            <div class=\"sdgz-sdgPage__localGrid\">\n              <div class=\"sdgz-sdgPage__localBox\">\n                <div class=\"sdgz-sdgPage__localBoxTitle\">Lo que hicieron<\/div>\n                <ul class=\"sdgz-sdgPage__localList\">\n                  <li>Se reemplazaron las luces hal\u00f3genas por LED.<\/li>\n                  <li>Se a\u00f1adieron temporizadores y zonificaci\u00f3n para la calefacci\u00f3n.<\/li>\n                  <li>Puntos de corriente de aire sellados y mejor aislamiento<\/li>\n                <\/ul>\n              <\/div>\n\n              <div class=\"sdgz-sdgPage__localBox\">\n                <div class=\"sdgz-sdgPage__localBoxTitle\">Impacto empresarial<\/div>\n                <ul class=\"sdgz-sdgPage__localList\">\n                  <li>Menores costos mensuales de energ\u00eda<\/li>\n                  <li>Espacio de trabajo m\u00e1s c\u00f3modo y mejor experiencia para el cliente.<\/li>\n                  <li>Un discurso de sostenibilidad m\u00e1s claro para los clientes locales.<\/li>\n                <\/ul>\n              <\/div>\n\n              <div class=\"sdgz-sdgPage__localBox sdgz-sdgPage__localBoxWide\">\n                <div class=\"sdgz-sdgPage__localBoxTitle\">\u00c1ngulo de SEO local<\/div>\n                <p class=\"sdgz-sdgPage__localSmall\">\n                  A\u00f1adieron las palabras clave &quot;tienda de bajo consumo energ\u00e9tico&quot;, &quot;actualizaci\u00f3n a iluminaci\u00f3n LED&quot; y &quot;energ\u00eda limpia en Preston&quot; a su ficha y publicaciones de SDG:Zero. Esto facilit\u00f3 b\u00fasquedas como &quot;comercio ecol\u00f3gico en Preston&quot; y &quot;negocios sostenibles cerca de m\u00ed&quot;, lo que permiti\u00f3 a los clientes elegirlos con confianza.\n                <\/p>\n              <\/div>\n            <\/div>\n\n            <div class=\"sdgz-sdgPage__localCTA\">\n              <a class=\"sdgz-sdgPage__localBtn\" href=\"\/es\/add-listing\/\">A\u00f1ade tu impacto energ\u00e9tico a tu anuncio.<\/a>\n              <span class=\"sdgz-sdgPage__localHint\">La eficiencia ahorra dinero y reduce las emisiones de carbono.<\/span>\n            <\/div>\n          <\/div>\n        <\/div>\n\n        <aside class=\"sdgz-sdgPage__heroRight\">\n          <div class=\"sdgz-sdgPage__iconWrap\" aria-label=\"Icono del ODS 7\">\n            <img decoding=\"async\" src=\"https:\/\/sdgzero.net\/wp-content\/uploads\/2026\/01\/sdg-7.png\" alt=\"SDG 7 Affordable and Clean Energy icon\">\n          <\/div>\n\n          <div class=\"sdgz-sdgPage__heroCard sdgz-sdgPage__heroCardTint\">\n            <div class=\"sdgz-sdgPage__heroCardTitle\">Qu\u00e9 significa esto<\/div>\n            <div class=\"sdgz-sdgPage__heroCardText\">\n              La energ\u00eda es uno de los ahorros m\u00e1s r\u00e1pidos para las pymes. Peque\u00f1as mejoras, mejores controles y tarifas m\u00e1s limpias reducen las facturas, mejoran el confort y hacen visibles sus acciones de sostenibilidad para los clientes locales.\n            <\/div>\n          <\/div>\n        <\/aside>\n\n      <\/div>\n    <\/header>\n\n    <div class=\"sdgz-sdgPage__grid\">\n\n      <article class=\"sdgz-sdgPage__card sdgz-sdgPage__cardTint\">\n        <h2 class=\"sdgz-sdgPage__h\">V\u00eddeo explicativo r\u00e1pido<\/h2>\n        <p class=\"sdgz-sdgPage__p\">Descubra c\u00f3mo el ODS 7 apoya a las pymes locales y los cambios pr\u00e1cticos que reducen costes, minimizan los residuos y fortalecen la credibilidad local.<\/p>\n\n        <div class=\"sdgz-sdgPage__video\">\n          <iframe\n            title=\"ODS 7, Energ\u00eda asequible y limpia\"\n            src=\"https:\/\/www.youtube-nocookie.com\/embed\/-uy2m2wKpyg?rel=0&#038;modestbranding=1&#038;playsinline=1\"\n            loading=\"lazy\"\n            allow=\"accelerometer; autoplay; clipboard-write; encrypted-media; gyroscope; picture-in-picture; web-share\"\n            allowfullscreen>\n          <\/iframe>\n        <\/div>\n\n        <div class=\"sdgz-sdgPage__videoNote\">\n          Para acceder a m\u00e1s podcasts y plantillas pr\u00e1cticas sobre auditor\u00edas energ\u00e9ticas, listas de verificaci\u00f3n para mejoras y selecci\u00f3n de proveedores, \u00fanase a SDG:Zero Vault.\n        <\/div>\n      <\/article>\n\n      <article class=\"sdgz-sdgPage__card sdgz-sdgPage__cardTint\">\n        <h2 class=\"sdgz-sdgPage__h\">Acciones pr\u00e1cticas para las PYMES<\/h2>\n        <div class=\"sdgz-sdgPage__boxes\">\n          <div class=\"sdgz-sdgPage__box\">\n            <div class=\"sdgz-sdgPage__boxTitle\">Haz un simple recorrido energ\u00e9tico.<\/div>\n            <p class=\"sdgz-sdgPage__p\">Enumere qu\u00e9 dispositivos est\u00e1n encendidos, cu\u00e1ndo se utilizan y cu\u00e1les se pueden apagar o programar.<\/p>\n          <\/div>\n          <div class=\"sdgz-sdgPage__box\">\n            <div class=\"sdgz-sdgPage__boxTitle\">C\u00e1mbiate a la iluminaci\u00f3n LED.<\/div>\n            <p class=\"sdgz-sdgPage__p\">Una mejora r\u00e1pida que reduce el consumo y mejora la calidad de la iluminaci\u00f3n.<\/p>\n          <\/div>\n          <div class=\"sdgz-sdgPage__box\">\n            <div class=\"sdgz-sdgPage__boxTitle\">Agregar controles inteligentes<\/div>\n            <p class=\"sdgz-sdgPage__p\">Los temporizadores, termostatos, sistemas de zonificaci\u00f3n y sensores de presencia reducen autom\u00e1ticamente el desperdicio.<\/p>\n          <\/div>\n          <div class=\"sdgz-sdgPage__box\">\n            <div class=\"sdgz-sdgPage__boxTitle\">Mejorar el aislamiento y la protecci\u00f3n contra corrientes de aire.<\/div>\n            <p class=\"sdgz-sdgPage__p\">Peque\u00f1as mejoras en el sellado y el aislamiento hacen que la calefacci\u00f3n y la refrigeraci\u00f3n sean m\u00e1s eficientes.<\/p>\n          <\/div>\n          <div class=\"sdgz-sdgPage__box\">\n            <div class=\"sdgz-sdgPage__boxTitle\">Elige energ\u00eda m\u00e1s limpia<\/div>\n            <p class=\"sdgz-sdgPage__p\">C\u00e1mbiate a una tarifa de energ\u00eda renovable o consulta las opciones con tu proveedor de energ\u00eda.<\/p>\n          <\/div>\n        <\/div>\n      <\/article>\n\n      <article class=\"sdgz-sdgPage__card sdgz-sdgPage__cardTint\">\n        <h2 class=\"sdgz-sdgPage__h\">Ejemplos de copias de listados que puedes utilizar<\/h2>\n        <div class=\"sdgz-sdgPage__boxes\">\n          <div class=\"sdgz-sdgPage__box\">\n            <div class=\"sdgz-sdgPage__boxTitle\">Eficiencia energ\u00e9tica<\/div>\n            <p class=\"sdgz-sdgPage__p\">Reducimos el desperdicio de energ\u00eda mediante la actualizaci\u00f3n a tecnolog\u00eda LED, controles inteligentes y revisiones peri\u00f3dicas del consumo.<\/p>\n          <\/div>\n          <div class=\"sdgz-sdgPage__box\">\n            <div class=\"sdgz-sdgPage__boxTitle\">Operaciones m\u00e1s inteligentes<\/div>\n            <p class=\"sdgz-sdgPage__p\">Utilizamos temporizadores y sistemas de zonificaci\u00f3n para reducir la calefacci\u00f3n y la iluminaci\u00f3n innecesarias sin afectar la calidad.<\/p>\n          <\/div>\n          <div class=\"sdgz-sdgPage__box\">\n            <div class=\"sdgz-sdgPage__boxTitle\">Opciones de energ\u00eda m\u00e1s limpias<\/div>\n            <p class=\"sdgz-sdgPage__p\">Nuestro objetivo es elegir tarifas y proveedores m\u00e1s limpios, reduciendo las emisiones y manteniendo los costes bajo control.<\/p>\n          <\/div>\n        <\/div>\n      <\/article>\n\n      <article class=\"sdgz-sdgPage__card sdgz-sdgPage__cardTint\">\n        <h2 class=\"sdgz-sdgPage__h\">M\u00e9tricas sencillas para realizar un seguimiento<\/h2>\n        <div class=\"sdgz-sdgPage__boxes\">\n          <div class=\"sdgz-sdgPage__box\">\n            <div class=\"sdgz-sdgPage__boxTitle\">Consumo energ\u00e9tico mensual<\/div>\n            <p class=\"sdgz-sdgPage__p\">kWh al mes, m\u00e1s coste mensual y consumo por persona o por ubicaci\u00f3n, si procede.<\/p>\n          <\/div>\n          <div class=\"sdgz-sdgPage__box\">\n            <div class=\"sdgz-sdgPage__boxTitle\">Lista de verificaci\u00f3n de actualizaci\u00f3n<\/div>\n            <p class=\"sdgz-sdgPage__p\">Se han completado las mejoras en la iluminaci\u00f3n, se han instalado los controles y se han realizado mejoras en el aislamiento.<\/p>\n          <\/div>\n          <div class=\"sdgz-sdgPage__box\">\n            <div class=\"sdgz-sdgPage__boxTitle\">Estimaci\u00f3n de la huella de carbono<\/div>\n            <p class=\"sdgz-sdgPage__p\">Estimaci\u00f3n b\u00e1sica de emisiones a partir de las facturas, especialmente antes y despu\u00e9s de los cambios.<\/p>\n          <\/div>\n        <\/div>\n      <\/article>\n\n      <article class=\"sdgz-sdgPage__card sdgz-sdgPage__ctaCard\">\n        <div class=\"sdgz-sdgPage__ctaKicker\">ODS 7, ahorros que puedes demostrar<\/div>\n        <h2 class=\"sdgz-sdgPage__ctaTitle\">Transforme las mejoras energ\u00e9ticas en confianza y consultas locales.<\/h2>\n        <p class=\"sdgz-sdgPage__p\">\n          Las mejoras en eficiencia energ\u00e9tica son f\u00e1ciles de explicar y de demostrar. Cuando los clientes ven acciones que mejoran la eficiencia, conf\u00edan m\u00e1s en su empresa. A\u00f1ada el ODS 7 a su lista de ODS:Cero y comparta las mejoras que realiz\u00f3 y los cambios que se reflejaron en sus facturas o consumo.\n        <\/p>\n\n        <div class=\"sdgz-sdgPage__ctaBullets\">\n          <div class=\"sdgz-sdgPage__ctaBullet\">Destaca a nivel local por tu eficiencia en costes y tu visi\u00f3n de futuro.<\/div>\n          <div class=\"sdgz-sdgPage__ctaBullet\">Genera confianza con acciones visibles de ahorro de energ\u00eda.<\/div>\n          <div class=\"sdgz-sdgPage__ctaBullet\">Cree contenido local que fomente la visibilidad y las conversiones<\/div>\n        <\/div>\n\n        <div class=\"sdgz-sdgPage__ctaRow2\">\n          <a class=\"sdgz-sdgPage__btn sdgz-sdgPage__btnPrimary\" href=\"\/es\/join\/\">\u00danete a SDG:Zero<\/a>\n          <a class=\"sdgz-sdgPage__btn sdgz-sdgPage__btnGhost\" href=\"\/es\/add-listing\/\">Crea tu anuncio<\/a>\n        <\/div>\n      <\/article>\n\n    <\/div>\n  <\/div>\n<\/section>\n\t\t\t\t\t\t\t\t<\/div>\n\t\t\t\t<\/div>\n\t\t\t\t<\/div>","protected":false},"excerpt":{"rendered":"<p>SDG 7, Affordable and clean energy Affordable and Clean Energy Ensure access to affordable, reliable, sustainable, and modern energy for all. For SMEs, this means cutting energy waste, improving efficiency, choosing cleaner tariffs, and investing in upgrades that reduce costs and emissions locally. Add SDG 7 to your SDG:Zero listing Back to all SDGs Efficiency [&hellip;]<\/p>\n","protected":false},"author":1,"featured_media":0,"parent":2158,"menu_order":0,"comment_status":"closed","ping_status":"closed","template":"","meta":{"_acf_changed":false,"_monsterinsights_skip_tracking":false,"_monsterinsights_sitenote_active":false,"_monsterinsights_sitenote_note":"","_monsterinsights_sitenote_category":0,"footnotes":""},"class_list":["post-2200","page","type-page","status-publish","hentry"],"acf":[],"_links":{"self":[{"href":"https:\/\/sdgzero.net\/es\/wp-json\/wp\/v2\/pages\/2200","targetHints":{"allow":["GET"]}}],"collection":[{"href":"https:\/\/sdgzero.net\/es\/wp-json\/wp\/v2\/pages"}],"about":[{"href":"https:\/\/sdgzero.net\/es\/wp-json\/wp\/v2\/types\/page"}],"author":[{"embeddable":true,"href":"https:\/\/sdgzero.net\/es\/wp-json\/wp\/v2\/users\/1"}],"replies":[{"embeddable":true,"href":"https:\/\/sdgzero.net\/es\/wp-json\/wp\/v2\/comments?post=2200"}],"version-history":[{"count":0,"href":"https:\/\/sdgzero.net\/es\/wp-json\/wp\/v2\/pages\/2200\/revisions"}],"up":[{"embeddable":true,"href":"https:\/\/sdgzero.net\/es\/wp-json\/wp\/v2\/pages\/2158"}],"wp:attachment":[{"href":"https:\/\/sdgzero.net\/es\/wp-json\/wp\/v2\/media?parent=2200"}],"curies":[{"name":"wp","href":"https:\/\/api.w.org\/{rel}","templated":true}]}}