{"id":2202,"date":"2026-01-28T15:40:38","date_gmt":"2026-01-28T15:40:38","guid":{"rendered":"https:\/\/sdgzero.net\/?page_id=2202"},"modified":"2026-02-07T09:52:44","modified_gmt":"2026-02-07T09:52:44","slug":"industry-innovation-and-infrastructure","status":"publish","type":"page","link":"https:\/\/sdgzero.net\/es\/the-17-sustainable-development-goals-for-business\/industry-innovation-and-infrastructure\/","title":{"rendered":"Industry, Innovation and infrastructure"},"content":{"rendered":"<div data-elementor-type=\"wp-page\" data-elementor-id=\"2202\" class=\"elementor elementor-2202\" data-elementor-post-type=\"page\">\n\t\t\t\t<div class=\"elementor-element elementor-element-464b53b e-con-full e-flex e-con e-parent\" data-id=\"464b53b\" data-element_type=\"container\" data-e-type=\"container\">\n\t\t\t\t<div class=\"elementor-element elementor-element-cb21026 elementor-widget elementor-widget-text-editor\" data-id=\"cb21026\" data-element_type=\"widget\" data-e-type=\"widget\" data-widget_type=\"text-editor.default\">\n\t\t\t\t\t\t\t\t\t<section class=\"sdgz-sdgPage sdgz-sdg9\" aria-label=\"ODS 9 Industria, Innovaci\u00f3n e Infraestructura\">\n  <div class=\"sdgz-sdgPage__wrap\">\n\n    <!-- HERO -->\n    <header class=\"sdgz-sdgPage__hero\" style=\"--sdg:#FD6925; --wash:rgba(253,105,37,0.16);\">\n      <div class=\"sdgz-sdgPage__heroInner\">\n\n        <!-- LEFT -->\n        <div class=\"sdgz-sdgPage__heroLeft\">\n          <div class=\"sdgz-sdgPage__kicker\">ODS 9, Industria, innovaci\u00f3n e infraestructura<\/div>\n\n          <h1 class=\"sdgz-sdgPage__title\">Industria, Innovaci\u00f3n e Infraestructura<\/h1>\n\n          <p class=\"sdgz-sdgPage__lead\">\n            Construir infraestructura resiliente, promover la industrializaci\u00f3n inclusiva y sostenible, y fomentar la innovaci\u00f3n. Para las pymes, esto significa mejorar los procesos, invertir en herramientas digitales, fortalecer las cadenas de suministro y adoptar innovaciones que mejoren la calidad, la eficiencia y la resiliencia local.\n          <\/p>\n\n          <!-- TOP CTA ROW -->\n          <div class=\"sdgz-sdgPage__ctaRow\">\n            <a class=\"sdgz-sdgPage__btn sdgz-sdgPage__btnPrimary\" href=\"\/es\/add-listing\/\">A\u00f1ade el ODS 9 a tu lista de ODS:Cero<\/a>\n            <a class=\"sdgz-sdgPage__btn sdgz-sdgPage__btnGhost\" href=\"https:\/\/sdgzero.net\/es\/the-17-sustainable-development-goals-for-business\/\">Volver a todos los ODS<\/a>\n          <\/div>\n\n          <!-- CHIPS -->\n          <div class=\"sdgz-sdgPage__chips\" aria-label=\"\u00c1reas de enfoque r\u00e1pido\">\n            <span class=\"sdgz-sdgPage__chip\">Actualizaci\u00f3n digital<\/span>\n            <span class=\"sdgz-sdgPage__chip\">Mejora de procesos<\/span>\n            <span class=\"sdgz-sdgPage__chip\">Cadenas de suministro resilientes<\/span>\n            <span class=\"sdgz-sdgPage__chip\">Innovaci\u00f3n<\/span>\n          <\/div>\n\n          <!-- LOCAL SME EXAMPLE (TINTED + BOXED) -->\n          <div class=\"sdgz-sdgPage__localExample sdgz-sdgPage__localExampleTint\" aria-label=\"Ejemplo de PYME local\">\n            <div class=\"sdgz-sdgPage__localTop\">\n              <span class=\"sdgz-sdgPage__localTag\">Ejemplo de PYME local<\/span>\n              <span class=\"sdgz-sdgPage__localPlace\">Leeds<\/span>\n            <\/div>\n\n            <h2 class=\"sdgz-sdgPage__localTitle\">Un ejemplo pr\u00e1ctico, local y repetible<\/h2>\n\n            <p class=\"sdgz-sdgPage__localText\">\n              Un fabricante con sede en Leeds sufr\u00eda retrasos debido al papeleo manual y a la falta de claridad en la visibilidad del inventario. Implementaron un sistema de c\u00f3digo de barras sencillo, digitalizaron los itinerarios de trabajo y a\u00f1adieron un panel b\u00e1sico para los plazos de entrega y las repeticiones de trabajos. En pocos meses, redujeron los errores, mejoraron la fiabilidad de las entregas y reforzaron la comunicaci\u00f3n con los proveedores.\n            <\/p>\n\n            <div class=\"sdgz-sdgPage__localGrid\">\n              <div class=\"sdgz-sdgPage__localBox\">\n                <div class=\"sdgz-sdgPage__localBoxTitle\">Lo que hicieron<\/div>\n                <ul class=\"sdgz-sdgPage__localList\">\n                  <li>Seguimiento de trabajos y tr\u00e1mites digitalizados<\/li>\n                  <li>Se introdujeron controles de stock con c\u00f3digo de barras<\/li>\n                  <li>Tiempo de entrega medido y retrabajo semanal<\/li>\n                <\/ul>\n              <\/div>\n\n              <div class=\"sdgz-sdgPage__localBox\">\n                <div class=\"sdgz-sdgPage__localBoxTitle\">Impacto empresarial<\/div>\n                <ul class=\"sdgz-sdgPage__localList\">\n                  <li>Menos errores y entregas m\u00e1s r\u00e1pidas<\/li>\n                  <li>Fechas de entrega m\u00e1s confiables<\/li>\n                  <li>Mayor confianza del cliente<\/li>\n                <\/ul>\n              <\/div>\n\n              <div class=\"sdgz-sdgPage__localBox sdgz-sdgPage__localBoxWide\">\n                <div class=\"sdgz-sdgPage__localBoxTitle\">\u00c1ngulo de SEO local<\/div>\n                <p class=\"sdgz-sdgPage__localSmall\">\n                  Presentaron &quot;mejora de procesos&quot;, &quot;sistemas de calidad&quot; e &quot;innovaci\u00f3n en Leeds&quot; en su ficha de ODS: Cero. Esto facilit\u00f3 b\u00fasquedas como &quot;fabricante confiable en Leeds&quot; y &quot;proveedor con certificaci\u00f3n ISO cerca de m\u00ed&quot;, lo que ayud\u00f3 a los compradores a elegirlos frente a la competencia.\n                <\/p>\n              <\/div>\n            <\/div>\n\n            <div class=\"sdgz-sdgPage__localCTA\">\n              <a class=\"sdgz-sdgPage__localBtn\" href=\"\/es\/add-listing\/\">A\u00f1ade tu historia de innovaci\u00f3n a tu listado<\/a>\n              <span class=\"sdgz-sdgPage__localHint\">Mejores sistemas construyen resiliencia local<\/span>\n            <\/div>\n          <\/div>\n        <\/div>\n\n        <!-- RIGHT -->\n        <aside class=\"sdgz-sdgPage__heroRight\">\n          <div class=\"sdgz-sdgPage__iconWrap\" aria-label=\"Icono del ODS 9\">\n            <img decoding=\"async\" src=\"https:\/\/sdgzero.net\/wp-content\/uploads\/2026\/01\/sdg-9.png\" alt=\"SDG 9 Industry, Innovation and Infrastructure icon\">\n          <\/div>\n\n          <div class=\"sdgz-sdgPage__heroCard sdgz-sdgPage__heroCardTint\">\n            <div class=\"sdgz-sdgPage__heroCardTitle\">Qu\u00e9 significa esto<\/div>\n            <div class=\"sdgz-sdgPage__heroCardText\">\n              La innovaci\u00f3n no tiene por qu\u00e9 ser compleja. Las pymes pueden obtener grandes beneficios mediante mejores procesos, herramientas digitales, flujos de trabajo m\u00e1s seguros y una infraestructura m\u00e1s s\u00f3lida que mejore la calidad, la entrega y la experiencia del cliente.\n            <\/div>\n          <\/div>\n        <\/aside>\n\n      <\/div>\n    <\/header>\n\n    <!-- CONTENT GRID -->\n    <div class=\"sdgz-sdgPage__grid\">\n\n      <!-- VIDEO (TINTED + BOXED) -->\n      <article class=\"sdgz-sdgPage__card sdgz-sdgPage__cardTint\">\n        <h2 class=\"sdgz-sdgPage__h\">V\u00eddeo explicativo r\u00e1pido<\/h2>\n        <p class=\"sdgz-sdgPage__p\">Descubra c\u00f3mo el ODS 9 apoya a las PYME locales y c\u00f3mo peque\u00f1as innovaciones en procesos e infraestructura pueden mejorar la confiabilidad, la calidad y el crecimiento.<\/p>\n\n        <div class=\"sdgz-sdgPage__video\">\n          <iframe\n            title=\"ODS 9, Industria, Innovaci\u00f3n e Infraestructura\"\n            src=\"https:\/\/www.youtube.com\/embed\/3yfw8HlgzTk\"\n            loading=\"lazy\"\n            referrerpolicy=\"strict-origin-when-cross-origin\"\n            allow=\"accelerometer; autoplay; clipboard-write; encrypted-media; gyroscope; picture-in-picture; web-share\"\n            allowfullscreen>\n          <\/iframe>\n        <\/div>\n\n        <div class=\"sdgz-sdgPage__videoNote\">Para obtener m\u00e1s podcasts y plantillas pr\u00e1cticas sobre mapeo de procesos, controles de proveedores y planes de mejora, \u00fanase a SDG:Zero Vault.<\/div>\n      <\/article>\n\n      <!-- Practical actions (TINTED + BOXED) -->\n      <article class=\"sdgz-sdgPage__card sdgz-sdgPage__cardTint\">\n        <h2 class=\"sdgz-sdgPage__h\">Acciones pr\u00e1cticas para las PYMES<\/h2>\n        <div class=\"sdgz-sdgPage__boxes\">\n          <div class=\"sdgz-sdgPage__box\">\n            <div class=\"sdgz-sdgPage__boxTitle\">Mapee un proceso clave<\/div>\n            <p class=\"sdgz-sdgPage__p\">Elija un flujo de trabajo, escriba los pasos, identifique los cuellos de botella y elimine la fricci\u00f3n.<\/p>\n          <\/div>\n\n          <div class=\"sdgz-sdgPage__box\">\n            <div class=\"sdgz-sdgPage__boxTitle\">Digitalizar lo b\u00e1sico<\/div>\n            <p class=\"sdgz-sdgPage__p\">Convierta las tareas repetidas en herramientas sencillas, seguimiento de trabajos, programaci\u00f3n, facturaci\u00f3n y visibilidad de existencias.<\/p>\n          <\/div>\n\n          <div class=\"sdgz-sdgPage__box\">\n            <div class=\"sdgz-sdgPage__boxTitle\">Fortalecer la resiliencia de la cadena de suministro<\/div>\n            <p class=\"sdgz-sdgPage__p\">Reducir los puntos \u00fanicos de falla al contar con alternativas y acuerdos de plazos de entrega claros.<\/p>\n          <\/div>\n\n          <div class=\"sdgz-sdgPage__box\">\n            <div class=\"sdgz-sdgPage__boxTitle\">Mejorar la calidad y la confiabilidad<\/div>\n            <p class=\"sdgz-sdgPage__p\">Utilice listas de verificaci\u00f3n simples y revisiones semanales de problemas, reelaboraciones y causas.<\/p>\n          <\/div>\n\n          <div class=\"sdgz-sdgPage__box\">\n            <div class=\"sdgz-sdgPage__boxTitle\">Probar e iterar<\/div>\n            <p class=\"sdgz-sdgPage__p\">Realice peque\u00f1os experimentos, mida los resultados y qu\u00e9dese con lo que funciona.<\/p>\n          <\/div>\n        <\/div>\n      <\/article>\n\n      <!-- Listing copy examples (TINTED + BOXED) -->\n      <article class=\"sdgz-sdgPage__card sdgz-sdgPage__cardTint\">\n        <h2 class=\"sdgz-sdgPage__h\">Ejemplos de copias de listados que puedes utilizar<\/h2>\n        <div class=\"sdgz-sdgPage__boxes\">\n          <div class=\"sdgz-sdgPage__box\">\n            <div class=\"sdgz-sdgPage__boxTitle\">Mejora de procesos<\/div>\n            <p class=\"sdgz-sdgPage__p\">Mejoramos la confiabilidad a trav\u00e9s de procesos claros, listas de verificaci\u00f3n simples y revisiones peri\u00f3dicas del desempe\u00f1o de la calidad y la entrega.<\/p>\n          <\/div>\n\n          <div class=\"sdgz-sdgPage__box\">\n            <div class=\"sdgz-sdgPage__boxTitle\">Innovaci\u00f3n digital<\/div>\n            <p class=\"sdgz-sdgPage__p\">Invertimos en herramientas digitales que mejoran el servicio, reducen errores y ayudan a los clientes a obtener resultados consistentes.<\/p>\n          <\/div>\n\n          <div class=\"sdgz-sdgPage__box\">\n            <div class=\"sdgz-sdgPage__boxTitle\">Infraestructura resiliente<\/div>\n            <p class=\"sdgz-sdgPage__p\">Fortalecemos nuestra infraestructura y proveedores para reducir retrasos y mantener una calidad constante.<\/p>\n          <\/div>\n        <\/div>\n      <\/article>\n\n      <!-- Metrics (TINTED + BOXED) -->\n      <article class=\"sdgz-sdgPage__card sdgz-sdgPage__cardTint\">\n        <h2 class=\"sdgz-sdgPage__h\">M\u00e9tricas sencillas para realizar un seguimiento<\/h2>\n        <div class=\"sdgz-sdgPage__boxes\">\n          <div class=\"sdgz-sdgPage__box\">\n            <div class=\"sdgz-sdgPage__boxTitle\">Entrega a tiempo<\/div>\n            <p class=\"sdgz-sdgPage__p\">Pedidos entregados a tiempo, adem\u00e1s de las principales razones de los retrasos.<\/p>\n          <\/div>\n\n          <div class=\"sdgz-sdgPage__box\">\n            <div class=\"sdgz-sdgPage__boxTitle\">Retrabajos y errores<\/div>\n            <p class=\"sdgz-sdgPage__p\">N\u00famero de defectos, tiempo dedicado a reelaborar y causas fundamentales que deben solucionarse.<\/p>\n          <\/div>\n\n          <div class=\"sdgz-sdgPage__box\">\n            <div class=\"sdgz-sdgPage__boxTitle\">Plazo de entrega<\/div>\n            <p class=\"sdgz-sdgPage__p\">Tiempo promedio desde la consulta hasta la entrega, m\u00e1s mejoras con el tiempo.<\/p>\n          <\/div>\n        <\/div>\n      <\/article>\n\n      <!-- SDG-SPECIFIC CTA (TINTED) -->\n      <article class=\"sdgz-sdgPage__card sdgz-sdgPage__ctaCard\">\n        <div class=\"sdgz-sdgPage__ctaKicker\">ODS 9, la innovaci\u00f3n que los clientes pueden sentir<\/div>\n        <h2 class=\"sdgz-sdgPage__ctaTitle\">Convertir mejores sistemas en credibilidad local<\/h2>\n        <p class=\"sdgz-sdgPage__p\">\n          Los clientes valoran la fiabilidad. Al mejorar los procesos, adoptar herramientas m\u00e1s inteligentes y fortalecer la infraestructura, se reducen los retrasos y se mejoran los resultados. Agregue el ODS 9 a su lista de ODS: Cero y comparta actualizaciones breves sobre las mejoras y los cambios.\n        <\/p>\n\n        <div class=\"sdgz-sdgPage__ctaBullets\">\n          <div class=\"sdgz-sdgPage__ctaBullet\">Destacar como moderno, confiable y organizado.<\/div>\n          <div class=\"sdgz-sdgPage__ctaBullet\">Genere confianza mostrando mejoras en la calidad y la entrega<\/div>\n          <div class=\"sdgz-sdgPage__ctaBullet\">Cree contenido local que fomente la visibilidad y las conversiones<\/div>\n        <\/div>\n\n        <div class=\"sdgz-sdgPage__ctaRow2\">\n          <a class=\"sdgz-sdgPage__btn sdgz-sdgPage__btnPrimary\" href=\"\/es\/join\/\">\u00danete a SDG:Zero<\/a>\n          <a class=\"sdgz-sdgPage__btn sdgz-sdgPage__btnGhost\" href=\"\/es\/add-listing\/\">Crea tu anuncio<\/a>\n        <\/div>\n      <\/article>\n\n    <\/div>\n  <\/div>\n<\/section>\n\n<style>\n\/* ========= SDG 9, FULL CSS (Elementor-safe: no <p>, no <br>) ========= *\/\n.sdgz-sdg9{ --sdg:#FD6925; }\n.sdgz-sdg9 *{ box-sizing:border-box; }\n\n.sdgz-sdg9{\n  padding:60px 0 72px;\n  background:\n    radial-gradient(900px 520px at 18% 12%, rgba(253,105,37,0.12), transparent 60%),\n    radial-gradient(900px 520px at 82% 88%, rgba(37,99,235,0.08), transparent 60%),\n    linear-gradient(135deg,#f7f9fc,#eef3f9,#ffffff);\n  color:#0f172a;\n  font-family:system-ui,-apple-system,Segoe UI,Roboto,Helvetica,Arial;\n}\n\n.sdgz-sdg9 .sdgz-sdgPage__wrap{ width:min(1200px,92%); margin:0 auto; }\n\n.sdgz-sdg9 .sdgz-sdgPage__hero{\n  position:relative;\n  border-radius:28px;\n  border:1px solid rgba(15,23,42,0.10);\n  background:rgba(255,255,255,0.80);\n  box-shadow:0 18px 50px rgba(2,6,23,0.10);\n  backdrop-filter:blur(10px);\n  overflow:hidden;\n}\n.sdgz-sdg9 .sdgz-sdgPage__hero::before{\n  content:\"\";\n  position:absolute;\n  inset:-40%;\n  background:\n    radial-gradient(760px 520px at 18% 28%, rgba(253,105,37,0.18), transparent 62%),\n    radial-gradient(760px 520px at 86% 78%, rgba(37,99,235,0.10), transparent 62%);\n  pointer-events:none;\n}\n.sdgz-sdg9 .sdgz-sdgPage__hero::after{\n  content:\"\";\n  position:absolute;\n  left:0; top:0; bottom:0;\n  width:10px;\n  background:var(--sdg);\n}\n\n.sdgz-sdg9 .sdgz-sdgPage__heroInner{\n  position:relative;\n  z-index:1;\n  display:grid;\n  grid-template-columns:1.2fr 0.8fr;\n  gap:22px;\n  padding:30px 28px;\n  align-items:start;\n}\n\n.sdgz-sdg9 .sdgz-sdgPage__kicker{\n  display:inline-flex;\n  align-items:center;\n  gap:10px;\n  font-weight:900;\n  font-size:12px;\n  letter-spacing:0.10em;\n  text-transform:uppercase;\n  color:rgba(15,23,42,0.78);\n  background:rgba(255,255,255,0.82);\n  border:1px solid rgba(15,23,42,0.10);\n  padding:10px 12px;\n  border-radius:999px;\n  margin-bottom:12px;\n}\n.sdgz-sdg9 .sdgz-sdgPage__title{\n  margin:0 0 12px 0;\n  font-size:clamp(30px,3.6vw,48px);\n  line-height:1.08;\n  letter-spacing:-0.02em;\n}\n.sdgz-sdg9 .sdgz-sdgPage__lead{\n  margin:0 0 16px 0;\n  max-width:72ch;\n  color:#475569;\n  font-size:16px;\n  line-height:1.75;\n}\n\n.sdgz-sdg9 .sdgz-sdgPage__ctaRow,\n.sdgz-sdg9 .sdgz-sdgPage__ctaRow2{\n  display:flex;\n  flex-wrap:wrap;\n  gap:16px;\n  align-items:center;\n  margin:16px 0 18px;\n}\n\n.sdgz-sdg9 .sdgz-sdgPage__btn{\n  display:inline-flex;\n  align-items:center;\n  justify-content:center;\n  padding:12px 18px;\n  border-radius:999px;\n  font-weight:900;\n  font-size:14px;\n  text-decoration:none;\n  border:1px solid rgba(15,23,42,0.12);\n  transition:transform .15s ease, box-shadow .15s ease;\n  white-space:nowrap;\n}\n.sdgz-sdg9 .sdgz-sdgPage__btn:hover{\n  transform:translateY(-1px);\n  box-shadow:0 14px 40px rgba(2,6,23,0.12);\n}\n.sdgz-sdg9 .sdgz-sdgPage__btnPrimary{\n  background:linear-gradient(135deg,var(--sdg),#2563eb);\n  border-color:rgba(15,23,42,0.12);\n  color:#ffffff !important;\n  -webkit-text-fill-color:#ffffff !important;\n  opacity:1 !important;\n}\n.sdgz-sdg9 .sdgz-sdgPage__btnPrimary:visited,\n.sdgz-sdg9 .sdgz-sdgPage__btnPrimary:hover,\n.sdgz-sdg9 .sdgz-sdgPage__btnPrimary:focus{\n  color:#ffffff !important;\n  -webkit-text-fill-color:#ffffff !important;\n}\n.sdgz-sdg9 .sdgz-sdgPage__btnGhost{\n  background:rgba(255,255,255,0.86);\n  color:#0f172a;\n}\n\n.sdgz-sdg9 .sdgz-sdgPage__chips{\n  display:flex;\n  flex-wrap:wrap;\n  gap:8px;\n  margin-bottom:14px;\n}\n.sdgz-sdg9 .sdgz-sdgPage__chip{\n  display:inline-flex;\n  align-items:center;\n  padding:8px 12px;\n  border-radius:999px;\n  font-weight:800;\n  font-size:12.5px;\n  color:rgba(15,23,42,0.82);\n  background:rgba(255,255,255,0.75);\n  border:1px solid rgba(15,23,42,0.10);\n}\n\n\/* Right side *\/\n.sdgz-sdg9 .sdgz-sdgPage__heroRight{ display:grid; gap:12px; justify-items:end; }\n\n.sdgz-sdg9 .sdgz-sdgPage__iconWrap{\n  width:min(280px,100%);\n  aspect-ratio:1\/1;\n  border-radius:22px;\n  overflow:hidden;\n  border:1px solid rgba(15,23,42,0.10);\n  background:rgba(255,255,255,0.6);\n  box-shadow:0 22px 60px rgba(2,6,23,0.12);\n}\n.sdgz-sdg9 .sdgz-sdgPage__iconWrap img{ width:100%; height:100%; object-fit:cover; display:block; }\n\n.sdgz-sdg9 .sdgz-sdgPage__heroCard{\n  width:min(280px,100%);\n  border-radius:20px;\n  border:1px solid rgba(15,23,42,0.10);\n  background:rgba(255,255,255,0.74);\n  padding:14px 14px 16px;\n  position:relative;\n  overflow:hidden;\n}\n.sdgz-sdg9 .sdgz-sdgPage__heroCardTint{\n  border-color: rgba(253,105,37,0.22);\n  background:\n    radial-gradient(760px 520px at 12% 18%, rgba(253,105,37,0.14), transparent 62%),\n    rgba(255,255,255,0.88);\n}\n.sdgz-sdg9 .sdgz-sdgPage__heroCardTint::before{\n  content:\"\";\n  position:absolute;\n  left:0; top:0; bottom:0;\n  width:6px;\n  background:var(--sdg);\n  opacity:0.85;\n}\n.sdgz-sdg9 .sdgz-sdgPage__heroCardTitle{ font-weight:1000; letter-spacing:-0.01em; margin-bottom:6px; }\n.sdgz-sdg9 .sdgz-sdgPage__heroCardText{ color:#475569; font-size:13.5px; line-height:1.6; }\n\n\/* Local example *\/\n.sdgz-sdg9 .sdgz-sdgPage__localExample{\n  border-radius:20px;\n  border:1px solid rgba(15,23,42,0.10);\n  background:rgba(255,255,255,0.74);\n  box-shadow:0 14px 34px rgba(2,6,23,0.08);\n  padding:16px;\n  position:relative;\n  overflow:hidden;\n}\n.sdgz-sdg9 .sdgz-sdgPage__localExampleTint{\n  border-color: rgba(253,105,37,0.22);\n  background:\n    radial-gradient(760px 520px at 12% 18%, rgba(253,105,37,0.14), transparent 62%),\n    rgba(255,255,255,0.88);\n}\n.sdgz-sdg9 .sdgz-sdgPage__localExampleTint::before{\n  content:\"\";\n  position:absolute;\n  left:0; top:0; bottom:0;\n  width:6px;\n  background:var(--sdg);\n  opacity:0.85;\n}\n.sdgz-sdg9 .sdgz-sdgPage__localTop{\n  display:flex;\n  align-items:center;\n  justify-content:space-between;\n  gap:10px;\n  margin-bottom:10px;\n  flex-wrap:wrap;\n}\n.sdgz-sdg9 .sdgz-sdgPage__localTag{\n  display:inline-flex;\n  padding:7px 10px;\n  border-radius:999px;\n  font-weight:900;\n  font-size:12px;\n  letter-spacing:0.08em;\n  text-transform:uppercase;\n  background:rgba(255,255,255,0.82);\n  border:1px solid rgba(15,23,42,0.10);\n}\n.sdgz-sdg9 .sdgz-sdgPage__localPlace{ color:rgba(15,23,42,0.70); font-weight:800; font-size:12.5px; }\n.sdgz-sdg9 .sdgz-sdgPage__localTitle{ margin:0 0 8px 0; font-size:16px; letter-spacing:-0.01em; }\n.sdgz-sdg9 .sdgz-sdgPage__localText{ margin:0 0 12px 0; color:#475569; font-size:13.5px; line-height:1.65; }\n\n.sdgz-sdg9 .sdgz-sdgPage__localGrid{\n  display:grid;\n  grid-template-columns:1fr 1fr;\n  gap:10px;\n  margin-bottom:12px;\n}\n.sdgz-sdg9 .sdgz-sdgPage__localBox{\n  border-radius:16px;\n  border:1px solid rgba(253,105,37,0.18);\n  background: linear-gradient(135deg, rgba(253,105,37,0.06), rgba(255,255,255,0.78));\n  padding:12px;\n}\n.sdgz-sdg9 .sdgz-sdgPage__localBoxWide{ grid-column:1 \/ -1; }\n.sdgz-sdg9 .sdgz-sdgPage__localBoxTitle{ font-weight:1000; margin-bottom:6px; letter-spacing:-0.01em; }\n\n.sdgz-sdg9 .sdgz-sdgPage__localList{\n  margin:0;\n  padding-left:18px;\n  color:rgba(15,23,42,0.88);\n  font-size:13.5px;\n  line-height:1.6;\n}\n.sdgz-sdg9 .sdgz-sdgPage__localSmall{ margin:0; color:#475569; font-size:13.5px; line-height:1.6; }\n\n.sdgz-sdg9 .sdgz-sdgPage__localCTA{\n  display:flex;\n  align-items:center;\n  justify-content:space-between;\n  gap:10px;\n  flex-wrap:wrap;\n}\n.sdgz-sdg9 .sdgz-sdgPage__localBtn{\n  display:inline-flex;\n  align-items:center;\n  justify-content:center;\n  padding:10px 14px;\n  border-radius:12px;\n  font-weight:900;\n  font-size:13px;\n  color:rgba(15,23,42,0.90);\n  text-decoration:none;\n  background:rgba(253,105,37,0.10);\n  border:1px solid rgba(253,105,37,0.22);\n}\n.sdgz-sdg9 .sdgz-sdgPage__localHint{ color:rgba(15,23,42,0.65); font-size:12.5px; font-weight:700; }\n\n\/* Grid cards *\/\n.sdgz-sdg9 .sdgz-sdgPage__grid{\n  margin-top:16px;\n  display:grid;\n  grid-template-columns:1fr 1fr;\n  gap:14px;\n}\n.sdgz-sdg9 .sdgz-sdgPage__card{\n  background:rgba(255,255,255,0.86);\n  border:1px solid rgba(15,23,42,0.10);\n  border-radius:20px;\n  padding:18px;\n  box-shadow:0 14px 34px rgba(2,6,23,0.08);\n  position:relative;\n  overflow:hidden;\n}\n.sdgz-sdg9 .sdgz-sdgPage__cardTint{\n  border-color: rgba(253,105,37,0.22);\n  background:\n    radial-gradient(760px 520px at 12% 18%, rgba(253,105,37,0.14), transparent 62%),\n    rgba(255,255,255,0.88);\n}\n.sdgz-sdg9 .sdgz-sdgPage__cardTint::before{\n  content:\"\";\n  position:absolute;\n  left:0; top:0; bottom:0;\n  width:6px;\n  background:var(--sdg);\n  opacity:0.85;\n}\n\n.sdgz-sdg9 .sdgz-sdgPage__h{ margin:0 0 12px 0; font-size:18px; letter-spacing:-0.01em; }\n.sdgz-sdg9 .sdgz-sdgPage__p{ margin:0; color:#475569; font-size:14px; line-height:1.65; }\n\n.sdgz-sdg9 .sdgz-sdgPage__boxes{ display:grid; gap:12px; }\n.sdgz-sdg9 .sdgz-sdgPage__box{\n  border-radius:16px;\n  border:1px solid rgba(253,105,37,0.18);\n  background: linear-gradient(135deg, rgba(253,105,37,0.06), rgba(255,255,255,0.78));\n  padding:12px 12px 14px;\n}\n.sdgz-sdg9 .sdgz-sdgPage__boxTitle{ font-weight:1000; margin-bottom:6px; letter-spacing:-0.01em; }\n\n\/* Video *\/\n.sdgz-sdg9 .sdgz-sdgPage__video{\n  margin-top:12px;\n  border-radius:18px;\n  overflow:hidden;\n  border:1px solid rgba(253,105,37,0.18);\n  background: linear-gradient(135deg, rgba(253,105,37,0.06), rgba(255,255,255,0.78));\n  aspect-ratio:16\/9;\n}\n.sdgz-sdg9 .sdgz-sdgPage__video iframe{ width:100%; height:100%; display:block; }\n.sdgz-sdg9 .sdgz-sdgPage__videoNote{\n  margin-top:10px;\n  font-size:12.5px;\n  color:rgba(15,23,42,0.65);\n  font-weight:700;\n}\n\n\/* CTA card *\/\n.sdgz-sdg9 .sdgz-sdgPage__ctaCard{\n  grid-column:1 \/ -1;\n  border-color:rgba(253,105,37,0.24);\n  background:\n    radial-gradient(720px 420px at 12% 35%, rgba(253,105,37,0.16), transparent 62%),\n    rgba(255,255,255,0.88);\n}\n.sdgz-sdg9 .sdgz-sdgPage__ctaCard::before{\n  content:\"\";\n  position:absolute;\n  left:0; top:0; bottom:0;\n  width:8px;\n  background:var(--sdg);\n}\n\n.sdgz-sdg9 .sdgz-sdgPage__ctaKicker{\n  display:inline-flex;\n  padding:8px 12px;\n  border-radius:999px;\n  font-weight:900;\n  font-size:12px;\n  letter-spacing:0.08em;\n  text-transform:uppercase;\n  background:rgba(255,255,255,0.82);\n  border:1px solid rgba(15,23,42,0.10);\n  margin-bottom:10px;\n}\n.sdgz-sdg9 .sdgz-sdgPage__ctaTitle{ margin:0 0 8px 0; font-size:22px; letter-spacing:-0.01em; }\n\n.sdgz-sdg9 .sdgz-sdgPage__ctaBullets{\n  display:grid;\n  gap:10px;\n  margin-top:10px;\n  margin-bottom:12px;\n}\n.sdgz-sdg9 .sdgz-sdgPage__ctaBullet{\n  border-radius:14px;\n  border:1px solid rgba(253,105,37,0.18);\n  background: linear-gradient(135deg, rgba(253,105,37,0.06), rgba(255,255,255,0.78));\n  padding:10px 12px;\n  font-weight:800;\n  color:rgba(15,23,42,0.86);\n  font-size:13.5px;\n  line-height:1.55;\n}\n\n\/* Responsive *\/\n@media (max-width: 980px){\n  .sdgz-sdg9 .sdgz-sdgPage__heroInner{ grid-template-columns:1fr; }\n  .sdgz-sdg9 .sdgz-sdgPage__heroRight{ justify-items:start; }\n  .sdgz-sdg9 .sdgz-sdgPage__grid{ grid-template-columns:1fr; }\n  .sdgz-sdg9 .sdgz-sdgPage__localGrid{ grid-template-columns:1fr; }\n  .sdgz-sdg9 .sdgz-sdgPage__localBoxWide{ grid-column:auto; }\n}\n@media (max-width: 640px){\n  .sdgz-sdg9 .sdgz-sdgPage__ctaRow a,\n  .sdgz-sdg9 .sdgz-sdgPage__ctaRow2 a{\n    width:100%;\n    justify-content:center;\n  }\n}\n<\/style>\n\t\t\t\t\t\t\t\t<\/div>\n\t\t\t\t<\/div>\n\t\t\t\t<\/div>","protected":false},"excerpt":{"rendered":"<p>SDG 9, Industry, innovation and infrastructure Industry, Innovation and Infrastructure Build resilient infrastructure, promote inclusive and sustainable industrialisation, and foster innovation. For SMEs, this means improving processes, investing in digital tools, strengthening supply chains, and adopting innovation that improves quality, efficiency, and local resilience. Add SDG 9 to your SDG:Zero listing Back to all SDGs [&hellip;]<\/p>\n","protected":false},"author":1,"featured_media":0,"parent":2158,"menu_order":0,"comment_status":"closed","ping_status":"closed","template":"","meta":{"_acf_changed":false,"_monsterinsights_skip_tracking":false,"_monsterinsights_sitenote_active":false,"_monsterinsights_sitenote_note":"","_monsterinsights_sitenote_category":0,"footnotes":""},"class_list":["post-2202","page","type-page","status-publish","hentry"],"acf":[],"_links":{"self":[{"href":"https:\/\/sdgzero.net\/es\/wp-json\/wp\/v2\/pages\/2202","targetHints":{"allow":["GET"]}}],"collection":[{"href":"https:\/\/sdgzero.net\/es\/wp-json\/wp\/v2\/pages"}],"about":[{"href":"https:\/\/sdgzero.net\/es\/wp-json\/wp\/v2\/types\/page"}],"author":[{"embeddable":true,"href":"https:\/\/sdgzero.net\/es\/wp-json\/wp\/v2\/users\/1"}],"replies":[{"embeddable":true,"href":"https:\/\/sdgzero.net\/es\/wp-json\/wp\/v2\/comments?post=2202"}],"version-history":[{"count":0,"href":"https:\/\/sdgzero.net\/es\/wp-json\/wp\/v2\/pages\/2202\/revisions"}],"up":[{"embeddable":true,"href":"https:\/\/sdgzero.net\/es\/wp-json\/wp\/v2\/pages\/2158"}],"wp:attachment":[{"href":"https:\/\/sdgzero.net\/es\/wp-json\/wp\/v2\/media?parent=2202"}],"curies":[{"name":"wp","href":"https:\/\/api.w.org\/{rel}","templated":true}]}}