{"id":2204,"date":"2026-01-28T15:44:45","date_gmt":"2026-01-28T15:44:45","guid":{"rendered":"https:\/\/sdgzero.net\/?page_id=2204"},"modified":"2026-02-07T09:54:19","modified_gmt":"2026-02-07T09:54:19","slug":"reduced-inequalities","status":"publish","type":"page","link":"https:\/\/sdgzero.net\/es\/the-17-sustainable-development-goals-for-business\/reduced-inequalities\/","title":{"rendered":"Reducci\u00f3n de las desigualdades"},"content":{"rendered":"<div data-elementor-type=\"wp-page\" data-elementor-id=\"2204\" class=\"elementor elementor-2204\" data-elementor-post-type=\"page\">\n\t\t\t\t<div class=\"elementor-element elementor-element-464b53b e-con-full e-flex e-con e-parent\" data-id=\"464b53b\" data-element_type=\"container\" data-e-type=\"container\">\n\t\t\t\t<div class=\"elementor-element elementor-element-cb21026 elementor-widget elementor-widget-text-editor\" data-id=\"cb21026\" data-element_type=\"widget\" data-e-type=\"widget\" data-widget_type=\"text-editor.default\">\n\t\t\t\t\t\t\t\t\t<section class=\"sdgz-sdgPage sdgz-sdg10\" aria-label=\"ODS 10 Reducci\u00f3n de las desigualdades\">\n  <div class=\"sdgz-sdgPage__wrap\">\n\n    <!-- HERO -->\n    <header class=\"sdgz-sdgPage__hero\" style=\"--sdg:#DD1367; --wash:rgba(221,19,103,0.16);\">\n      <div class=\"sdgz-sdgPage__heroInner\">\n\n        <!-- LEFT -->\n        <div class=\"sdgz-sdgPage__heroLeft\">\n          <div class=\"sdgz-sdgPage__kicker\">ODS 10, Reducci\u00f3n de las desigualdades<\/div>\n\n          <h1 class=\"sdgz-sdgPage__title\">Reducci\u00f3n de las desigualdades<\/h1>\n\n          <p class=\"sdgz-sdgPage__lead\">\n            Reducir la desigualdad dentro y entre pa\u00edses. Para las pymes, esto significa acceso justo, contrataci\u00f3n inclusiva, servicios accesibles y la eliminaci\u00f3n de las barreras que impiden a las personas participar en el trabajo y la vida comunitaria local.\n          <\/p>\n\n          <!-- TOP CTA ROW -->\n          <div class=\"sdgz-sdgPage__ctaRow\">\n            <a class=\"sdgz-sdgPage__btn sdgz-sdgPage__btnPrimary\" href=\"\/es\/add-listing\/\">A\u00f1ade el ODS 10 a tu lista de ODS:Cero<\/a>\n            <a class=\"sdgz-sdgPage__btn sdgz-sdgPage__btnGhost\" href=\"https:\/\/sdgzero.net\/es\/the-17-sustainable-development-goals-for-business\/\">Volver a todos los ODS<\/a>\n          <\/div>\n\n          <!-- CHIPS -->\n          <div class=\"sdgz-sdgPage__chips\" aria-label=\"\u00c1reas de enfoque r\u00e1pido\">\n            <span class=\"sdgz-sdgPage__chip\">Accesibilidad<\/span>\n            <span class=\"sdgz-sdgPage__chip\">Contrataci\u00f3n inclusiva<\/span>\n            <span class=\"sdgz-sdgPage__chip\">Trato justo<\/span>\n            <span class=\"sdgz-sdgPage__chip\">Acceso igual<\/span>\n          <\/div>\n\n          <!-- LOCAL SME EXAMPLE (TINTED + BOXED) -->\n          <div class=\"sdgz-sdgPage__localExample sdgz-sdgPage__localExampleTint\" aria-label=\"Ejemplo de PYME local\">\n            <div class=\"sdgz-sdgPage__localTop\">\n              <span class=\"sdgz-sdgPage__localTag\">Ejemplo de PYME local<\/span>\n              <span class=\"sdgz-sdgPage__localPlace\">Birmingham<\/span>\n            <\/div>\n\n            <h2 class=\"sdgz-sdgPage__localTitle\">Un ejemplo pr\u00e1ctico, local y repetible<\/h2>\n\n            <p class=\"sdgz-sdgPage__localText\">\n              Una empresa de servicios con sede en Birmingham not\u00f3 que algunos clientes ten\u00edan dificultades para acceder a su soporte debido a barreras ling\u00fc\u00edsticas, movilidad limitada y reservas exclusivamente digitales. Implementaron p\u00e1ginas en ingl\u00e9s m\u00e1s claras, reserva telef\u00f3nica opcional, informaci\u00f3n de acceso sin escalones y capacitaci\u00f3n b\u00e1sica para el personal sobre atenci\u00f3n al cliente inclusiva. Las quejas disminuyeron, las rese\u00f1as mejoraron y m\u00e1s clientes se sintieron seguros al elegirlos.\n            <\/p>\n\n            <div class=\"sdgz-sdgPage__localGrid\">\n              <div class=\"sdgz-sdgPage__localBox\">\n                <div class=\"sdgz-sdgPage__localBoxTitle\">Lo que hicieron<\/div>\n                <ul class=\"sdgz-sdgPage__localList\">\n                  <li>Se agregaron opciones de reserva simples, por tel\u00e9fono y en l\u00ednea.<\/li>\n                  <li>Informaci\u00f3n y se\u00f1alizaci\u00f3n de accesibilidad mejoradas<\/li>\n                  <li>Se utiliz\u00f3 un lenguaje m\u00e1s claro y una atenci\u00f3n al cliente inclusiva.<\/li>\n                <\/ul>\n              <\/div>\n\n              <div class=\"sdgz-sdgPage__localBox\">\n                <div class=\"sdgz-sdgPage__localBoxTitle\">Impacto empresarial<\/div>\n                <ul class=\"sdgz-sdgPage__localList\">\n                  <li>Mayor satisfacci\u00f3n y mejores rese\u00f1as<\/li>\n                  <li>M\u00e1s clientes habituales y referencias<\/li>\n                  <li>Mayor reputaci\u00f3n en Birmingham<\/li>\n                <\/ul>\n              <\/div>\n\n              <div class=\"sdgz-sdgPage__localBox sdgz-sdgPage__localBoxWide\">\n                <div class=\"sdgz-sdgPage__localBoxTitle\">\u00c1ngulo de SEO local<\/div>\n                <p class=\"sdgz-sdgPage__localSmall\">\n                  Actualizaron su perfil de ODS: Cero con &quot;servicio accesible&quot;, &quot;apoyo inclusivo&quot; y &quot;el cliente es lo primero en Birmingham&quot;. Esto facilit\u00f3 b\u00fasquedas como &quot;servicio accesible para sillas de ruedas en Birmingham&quot; y &quot;negocio local amigable cerca de m\u00ed&quot;, lo que ayud\u00f3 a los usuarios a encontrar r\u00e1pidamente una opci\u00f3n m\u00e1s adecuada.\n                <\/p>\n              <\/div>\n            <\/div>\n\n            <div class=\"sdgz-sdgPage__localCTA\">\n              <a class=\"sdgz-sdgPage__localBtn\" href=\"\/es\/add-listing\/\">A\u00f1ade tus acciones de inclusi\u00f3n a tu listado<\/a>\n              <span class=\"sdgz-sdgPage__localHint\">El acceso y el respeto generan confianza a nivel local<\/span>\n            <\/div>\n          <\/div>\n        <\/div>\n\n        <!-- RIGHT -->\n        <aside class=\"sdgz-sdgPage__heroRight\">\n          <div class=\"sdgz-sdgPage__iconWrap\" aria-label=\"Icono del ODS 10\">\n            <img decoding=\"async\" src=\"https:\/\/sdgzero.net\/wp-content\/uploads\/2026\/01\/sdg-10.png\" alt=\"SDG 10 Reduced Inequalities icon\">\n          <\/div>\n\n          <div class=\"sdgz-sdgPage__heroCard sdgz-sdgPage__heroCardTint\">\n            <div class=\"sdgz-sdgPage__heroCardTitle\">Qu\u00e9 significa esto<\/div>\n            <div class=\"sdgz-sdgPage__heroCardText\">\n              Reducir la desigualdad es una cuesti\u00f3n pr\u00e1ctica. Se trata de acceso, equidad y eliminaci\u00f3n de barreras en la contrataci\u00f3n, los servicios, los precios, la comunicaci\u00f3n y el trato a las personas en las interacciones cotidianas.\n            <\/div>\n          <\/div>\n        <\/aside>\n\n      <\/div>\n    <\/header>\n\n    <!-- CONTENT GRID -->\n    <div class=\"sdgz-sdgPage__grid\">\n\n      <!-- VIDEO (TINTED + BOXED) -->\n      <article class=\"sdgz-sdgPage__card sdgz-sdgPage__cardTint\">\n        <h2 class=\"sdgz-sdgPage__h\">V\u00eddeo explicativo r\u00e1pido<\/h2>\n        <p class=\"sdgz-sdgPage__p\">Descubra c\u00f3mo el ODS 10 apoya a las PYME locales y c\u00f3mo peque\u00f1os cambios en el acceso, la comunicaci\u00f3n y la equidad pueden ampliar las oportunidades y fortalecer la confianza local.<\/p>\n\n        <div class=\"sdgz-sdgPage__video\">\n          <iframe\n            title=\"ODS 10, Reducci\u00f3n de las desigualdades\"\n            src=\"https:\/\/www.youtube.com\/embed\/-IVekkt4x2Q\"\n            loading=\"lazy\"\n            referrerpolicy=\"strict-origin-when-cross-origin\"\n            allow=\"accelerometer; autoplay; clipboard-write; encrypted-media; gyroscope; picture-in-picture; web-share\"\n            allowfullscreen>\n          <\/iframe>\n        <\/div>\n\n        <div class=\"sdgz-sdgPage__videoNote\">Para acceder a m\u00e1s podcasts y plantillas pr\u00e1cticas sobre pol\u00edticas inclusivas, listas de verificaci\u00f3n de accesibilidad y guiones de atenci\u00f3n al cliente, \u00fanase a SDG:Zero Vault.<\/div>\n      <\/article>\n\n      <!-- Practical actions (TINTED + BOXED) -->\n      <article class=\"sdgz-sdgPage__card sdgz-sdgPage__cardTint\">\n        <h2 class=\"sdgz-sdgPage__h\">Acciones pr\u00e1cticas para las PYMES<\/h2>\n        <div class=\"sdgz-sdgPage__boxes\">\n          <div class=\"sdgz-sdgPage__box\">\n            <div class=\"sdgz-sdgPage__boxTitle\">Aclarar el acceso<\/div>\n            <p class=\"sdgz-sdgPage__p\">Agregue detalles de accesibilidad, acceso sin escalones, estacionamiento, entradas y opciones de contacto.<\/p>\n          <\/div>\n\n          <div class=\"sdgz-sdgPage__box\">\n            <div class=\"sdgz-sdgPage__boxTitle\">Ofrecer m\u00e1s de una forma de reservar<\/div>\n            <p class=\"sdgz-sdgPage__p\">Las opciones en l\u00ednea, adem\u00e1s del tel\u00e9fono o correo electr\u00f3nico, pueden eliminar barreras r\u00e1pidamente.<\/p>\n          <\/div>\n\n          <div class=\"sdgz-sdgPage__box\">\n            <div class=\"sdgz-sdgPage__boxTitle\">Utilice un lenguaje claro<\/div>\n            <p class=\"sdgz-sdgPage__p\">P\u00e1ginas en ingl\u00e9s sencillo, precios claros y menos suposiciones ayudan a todos.<\/p>\n          <\/div>\n\n          <div class=\"sdgz-sdgPage__box\">\n            <div class=\"sdgz-sdgPage__boxTitle\">Mejorar la contrataci\u00f3n inclusiva<\/div>\n            <p class=\"sdgz-sdgPage__p\">Ampl\u00ede sus \u00e1reas de publicidad, elimine requisitos innecesarios y conc\u00e9ntrese en las habilidades.<\/p>\n          <\/div>\n\n          <div class=\"sdgz-sdgPage__box\">\n            <div class=\"sdgz-sdgPage__boxTitle\">Tren para un servicio respetuoso<\/div>\n            <p class=\"sdgz-sdgPage__p\">Una capacitaci\u00f3n breve sobre empat\u00eda, accesibilidad y sesgo puede cambiar r\u00e1pidamente la experiencia del cliente.<\/p>\n          <\/div>\n        <\/div>\n      <\/article>\n\n      <!-- Listing copy examples (TINTED + BOXED) -->\n      <article class=\"sdgz-sdgPage__card sdgz-sdgPage__cardTint\">\n        <h2 class=\"sdgz-sdgPage__h\">Ejemplos de copias de listados que puedes utilizar<\/h2>\n        <div class=\"sdgz-sdgPage__boxes\">\n          <div class=\"sdgz-sdgPage__box\">\n            <div class=\"sdgz-sdgPage__boxTitle\">Servicios accesibles<\/div>\n            <p class=\"sdgz-sdgPage__p\">Proporcionamos informaci\u00f3n clara sobre accesibilidad y ofrecemos m\u00faltiples formas de reservar y contactarnos.<\/p>\n          <\/div>\n\n          <div class=\"sdgz-sdgPage__box\">\n            <div class=\"sdgz-sdgPage__boxTitle\">Contrataci\u00f3n inclusiva<\/div>\n            <p class=\"sdgz-sdgPage__p\">Nuestro objetivo es reclutar de manera justa, eliminar barreras innecesarias y centrarnos en las habilidades y el potencial.<\/p>\n          <\/div>\n\n          <div class=\"sdgz-sdgPage__box\">\n            <div class=\"sdgz-sdgPage__boxTitle\">Trato justo<\/div>\n            <p class=\"sdgz-sdgPage__p\">Tratamos a los clientes y al personal con respeto, utilizando una comunicaci\u00f3n clara y precios transparentes.<\/p>\n          <\/div>\n        <\/div>\n      <\/article>\n\n      <!-- Metrics (TINTED + BOXED) -->\n      <article class=\"sdgz-sdgPage__card sdgz-sdgPage__cardTint\">\n        <h2 class=\"sdgz-sdgPage__h\">M\u00e9tricas sencillas para realizar un seguimiento<\/h2>\n        <div class=\"sdgz-sdgPage__boxes\">\n          <div class=\"sdgz-sdgPage__box\">\n            <div class=\"sdgz-sdgPage__boxTitle\">Mejoras de accesibilidad<\/div>\n            <p class=\"sdgz-sdgPage__p\">N\u00famero de cambios realizados, se\u00f1alizaci\u00f3n, opciones de reserva y comentarios de los clientes.<\/p>\n          <\/div>\n\n          <div class=\"sdgz-sdgPage__box\">\n            <div class=\"sdgz-sdgPage__boxTitle\">Diversidad en la contrataci\u00f3n<\/div>\n            <p class=\"sdgz-sdgPage__p\">De d\u00f3nde provienen los solicitantes, imparcialidad en la preselecci\u00f3n y resultados de progresi\u00f3n.<\/p>\n          <\/div>\n\n          <div class=\"sdgz-sdgPage__box\">\n            <div class=\"sdgz-sdgPage__boxTitle\">Satisfacci\u00f3n del cliente<\/div>\n            <p class=\"sdgz-sdgPage__p\">Rese\u00f1as, quejas y reservas repetidas, especialmente despu\u00e9s de mejoras.<\/p>\n          <\/div>\n        <\/div>\n      <\/article>\n\n      <!-- SDG-SPECIFIC CTA (TINTED) -->\n      <article class=\"sdgz-sdgPage__card sdgz-sdgPage__ctaCard\">\n        <div class=\"sdgz-sdgPage__ctaKicker\">ODS 10, inclusi\u00f3n que la gente nota<\/div>\n        <h2 class=\"sdgz-sdgPage__ctaTitle\">Convertir la equidad y el acceso en credibilidad local<\/h2>\n        <p class=\"sdgz-sdgPage__p\">\n          La inclusi\u00f3n genera confianza. Cuando las personas pueden acceder f\u00e1cilmente a tu servicio y se sienten respetadas, es m\u00e1s probable que te elijan y te recomienden. Agrega el ODS 10 a tu lista de ODS: Cero y comparte tus mejoras y la opini\u00f3n de tus clientes.\n        <\/p>\n\n        <div class=\"sdgz-sdgPage__ctaBullets\">\n          <div class=\"sdgz-sdgPage__ctaBullet\">Destacarse como una empresa local verdaderamente inclusiva<\/div>\n          <div class=\"sdgz-sdgPage__ctaBullet\">Aumente las conversiones eliminando la fricci\u00f3n y la confusi\u00f3n<\/div>\n          <div class=\"sdgz-sdgPage__ctaBullet\">Apoye la visibilidad local con accesibilidad y palabras clave comunitarias<\/div>\n        <\/div>\n\n        <div class=\"sdgz-sdgPage__ctaRow2\">\n          <a class=\"sdgz-sdgPage__btn sdgz-sdgPage__btnPrimary\" href=\"\/es\/join\/\">\u00danete a SDG:Zero<\/a>\n          <a class=\"sdgz-sdgPage__btn sdgz-sdgPage__btnGhost\" href=\"\/es\/add-listing\/\">Crea tu anuncio<\/a>\n        <\/div>\n      <\/article>\n\n    <\/div>\n  <\/div>\n<\/section>\n\n<style>\n\/* ========= SDG 10, FULL CSS (Elementor-safe: no <p>, no <br>) ========= *\/\n.sdgz-sdg10{ --sdg:#DD1367; }\n.sdgz-sdg10 *{ box-sizing:border-box; }\n\n.sdgz-sdg10{\n  padding:60px 0 72px;\n  background:\n    radial-gradient(900px 520px at 18% 12%, rgba(221,19,103,0.12), transparent 60%),\n    radial-gradient(900px 520px at 82% 88%, rgba(37,99,235,0.08), transparent 60%),\n    linear-gradient(135deg,#f7f9fc,#eef3f9,#ffffff);\n  color:#0f172a;\n  font-family:system-ui,-apple-system,Segoe UI,Roboto,Helvetica,Arial;\n}\n\n.sdgz-sdg10 .sdgz-sdgPage__wrap{ width:min(1200px,92%); margin:0 auto; }\n\n.sdgz-sdg10 .sdgz-sdgPage__hero{\n  position:relative;\n  border-radius:28px;\n  border:1px solid rgba(15,23,42,0.10);\n  background:rgba(255,255,255,0.80);\n  box-shadow:0 18px 50px rgba(2,6,23,0.10);\n  backdrop-filter:blur(10px);\n  overflow:hidden;\n}\n.sdgz-sdg10 .sdgz-sdgPage__hero::before{\n  content:\"\";\n  position:absolute;\n  inset:-40%;\n  background:\n    radial-gradient(760px 520px at 18% 28%, rgba(221,19,103,0.18), transparent 62%),\n    radial-gradient(760px 520px at 86% 78%, rgba(37,99,235,0.10), transparent 62%);\n  pointer-events:none;\n}\n.sdgz-sdg10 .sdgz-sdgPage__hero::after{\n  content:\"\";\n  position:absolute;\n  left:0; top:0; bottom:0;\n  width:10px;\n  background:var(--sdg);\n}\n\n.sdgz-sdg10 .sdgz-sdgPage__heroInner{\n  position:relative;\n  z-index:1;\n  display:grid;\n  grid-template-columns:1.2fr 0.8fr;\n  gap:22px;\n  padding:30px 28px;\n  align-items:start;\n}\n\n.sdgz-sdg10 .sdgz-sdgPage__kicker{\n  display:inline-flex;\n  align-items:center;\n  gap:10px;\n  font-weight:900;\n  font-size:12px;\n  letter-spacing:0.10em;\n  text-transform:uppercase;\n  color:rgba(15,23,42,0.78);\n  background:rgba(255,255,255,0.82);\n  border:1px solid rgba(15,23,42,0.10);\n  padding:10px 12px;\n  border-radius:999px;\n  margin-bottom:12px;\n}\n\n.sdgz-sdg10 .sdgz-sdgPage__title{\n  margin:0 0 12px 0;\n  font-size:clamp(30px,3.6vw,48px);\n  line-height:1.08;\n  letter-spacing:-0.02em;\n}\n\n.sdgz-sdg10 .sdgz-sdgPage__lead{\n  margin:0 0 16px 0;\n  max-width:72ch;\n  color:#475569;\n  font-size:16px;\n  line-height:1.75;\n}\n\n.sdgz-sdg10 .sdgz-sdgPage__ctaRow,\n.sdgz-sdg10 .sdgz-sdgPage__ctaRow2{\n  display:flex;\n  flex-wrap:wrap;\n  gap:16px;\n  align-items:center;\n  margin:16px 0 18px;\n}\n\n.sdgz-sdg10 .sdgz-sdgPage__btn{\n  display:inline-flex;\n  align-items:center;\n  justify-content:center;\n  padding:12px 18px;\n  border-radius:999px;\n  font-weight:900;\n  font-size:14px;\n  text-decoration:none;\n  border:1px solid rgba(15,23,42,0.12);\n  transition:transform .15s ease, box-shadow .15s ease;\n  white-space:nowrap;\n}\n.sdgz-sdg10 .sdgz-sdgPage__btn:hover{\n  transform:translateY(-1px);\n  box-shadow:0 14px 40px rgba(2,6,23,0.12);\n}\n.sdgz-sdg10 .sdgz-sdgPage__btnPrimary{\n  background:linear-gradient(135deg,var(--sdg),#2563eb);\n  border-color:rgba(15,23,42,0.12);\n  color:#ffffff !important;\n  -webkit-text-fill-color:#ffffff !important;\n  opacity:1 !important;\n}\n.sdgz-sdg10 .sdgz-sdgPage__btnPrimary:visited,\n.sdgz-sdg10 .sdgz-sdgPage__btnPrimary:hover,\n.sdgz-sdg10 .sdgz-sdgPage__btnPrimary:focus{\n  color:#ffffff !important;\n  -webkit-text-fill-color:#ffffff !important;\n}\n.sdgz-sdg10 .sdgz-sdgPage__btnGhost{\n  background:rgba(255,255,255,0.86);\n  color:#0f172a;\n}\n\n.sdgz-sdg10 .sdgz-sdgPage__chips{\n  display:flex;\n  flex-wrap:wrap;\n  gap:8px;\n  margin-bottom:14px;\n}\n.sdgz-sdg10 .sdgz-sdgPage__chip{\n  display:inline-flex;\n  align-items:center;\n  padding:8px 12px;\n  border-radius:999px;\n  font-weight:800;\n  font-size:12.5px;\n  color:rgba(15,23,42,0.82);\n  background:rgba(255,255,255,0.75);\n  border:1px solid rgba(15,23,42,0.10);\n}\n\n\/* Right side *\/\n.sdgz-sdg10 .sdgz-sdgPage__heroRight{ display:grid; gap:12px; justify-items:end; }\n\n.sdgz-sdg10 .sdgz-sdgPage__iconWrap{\n  width:min(280px,100%);\n  aspect-ratio:1\/1;\n  border-radius:22px;\n  overflow:hidden;\n  border:1px solid rgba(15,23,42,0.10);\n  background:rgba(255,255,255,0.6);\n  box-shadow:0 22px 60px rgba(2,6,23,0.12);\n}\n.sdgz-sdg10 .sdgz-sdgPage__iconWrap img{ width:100%; height:100%; object-fit:cover; display:block; }\n\n.sdgz-sdg10 .sdgz-sdgPage__heroCard{\n  width:min(280px,100%);\n  border-radius:20px;\n  border:1px solid rgba(15,23,42,0.10);\n  background:rgba(255,255,255,0.74);\n  padding:14px 14px 16px;\n  position:relative;\n  overflow:hidden;\n}\n\n\/* Tint hero card *\/\n.sdgz-sdg10 .sdgz-sdgPage__heroCardTint{\n  border-color: rgba(221,19,103,0.22);\n  background:\n    radial-gradient(760px 520px at 12% 18%, rgba(221,19,103,0.14), transparent 62%),\n    rgba(255,255,255,0.88);\n}\n.sdgz-sdg10 .sdgz-sdgPage__heroCardTint::before{\n  content:\"\";\n  position:absolute;\n  left:0; top:0; bottom:0;\n  width:6px;\n  background:var(--sdg);\n  opacity:0.85;\n}\n.sdgz-sdg10 .sdgz-sdgPage__heroCardTitle{ font-weight:1000; letter-spacing:-0.01em; margin-bottom:6px; }\n.sdgz-sdg10 .sdgz-sdgPage__heroCardText{ color:#475569; font-size:13.5px; line-height:1.6; }\n\n\/* Local example *\/\n.sdgz-sdg10 .sdgz-sdgPage__localExample{\n  border-radius:20px;\n  border:1px solid rgba(15,23,42,0.10);\n  background:rgba(255,255,255,0.74);\n  box-shadow:0 14px 34px rgba(2,6,23,0.08);\n  padding:16px;\n  position:relative;\n  overflow:hidden;\n}\n.sdgz-sdg10 .sdgz-sdgPage__localExampleTint{\n  border-color: rgba(221,19,103,0.22);\n  background:\n    radial-gradient(760px 520px at 12% 18%, rgba(221,19,103,0.14), transparent 62%),\n    rgba(255,255,255,0.88);\n}\n.sdgz-sdg10 .sdgz-sdgPage__localExampleTint::before{\n  content:\"\";\n  position:absolute;\n  left:0; top:0; bottom:0;\n  width:6px;\n  background:var(--sdg);\n  opacity:0.85;\n}\n.sdgz-sdg10 .sdgz-sdgPage__localTop{\n  display:flex;\n  align-items:center;\n  justify-content:space-between;\n  gap:10px;\n  margin-bottom:10px;\n  flex-wrap:wrap;\n}\n.sdgz-sdg10 .sdgz-sdgPage__localTag{\n  display:inline-flex;\n  padding:7px 10px;\n  border-radius:999px;\n  font-weight:900;\n  font-size:12px;\n  letter-spacing:0.08em;\n  text-transform:uppercase;\n  background:rgba(255,255,255,0.82);\n  border:1px solid rgba(15,23,42,0.10);\n}\n.sdgz-sdg10 .sdgz-sdgPage__localPlace{ color:rgba(15,23,42,0.70); font-weight:800; font-size:12.5px; }\n.sdgz-sdg10 .sdgz-sdgPage__localTitle{ margin:0 0 8px 0; font-size:16px; letter-spacing:-0.01em; }\n.sdgz-sdg10 .sdgz-sdgPage__localText{ margin:0 0 12px 0; color:#475569; font-size:13.5px; line-height:1.65; }\n\n.sdgz-sdg10 .sdgz-sdgPage__localGrid{\n  display:grid;\n  grid-template-columns:1fr 1fr;\n  gap:10px;\n  margin-bottom:12px;\n}\n.sdgz-sdg10 .sdgz-sdgPage__localBox{\n  border-radius:16px;\n  border:1px solid rgba(221,19,103,0.18);\n  background: linear-gradient(135deg, rgba(221,19,103,0.06), rgba(255,255,255,0.78));\n  padding:12px;\n}\n.sdgz-sdg10 .sdgz-sdgPage__localBoxWide{ grid-column:1 \/ -1; }\n.sdgz-sdg10 .sdgz-sdgPage__localBoxTitle{ font-weight:1000; margin-bottom:6px; letter-spacing:-0.01em; }\n\n.sdgz-sdg10 .sdgz-sdgPage__localList{\n  margin:0;\n  padding-left:18px;\n  color:rgba(15,23,42,0.88);\n  font-size:13.5px;\n  line-height:1.6;\n}\n.sdgz-sdg10 .sdgz-sdgPage__localSmall{ margin:0; color:#475569; font-size:13.5px; line-height:1.6; }\n\n.sdgz-sdg10 .sdgz-sdgPage__localCTA{\n  display:flex;\n  align-items:center;\n  justify-content:space-between;\n  gap:10px;\n  flex-wrap:wrap;\n}\n.sdgz-sdg10 .sdgz-sdgPage__localBtn{\n  display:inline-flex;\n  align-items:center;\n  justify-content:center;\n  padding:10px 14px;\n  border-radius:12px;\n  font-weight:900;\n  font-size:13px;\n  color:rgba(15,23,42,0.90);\n  text-decoration:none;\n  background:rgba(221,19,103,0.10);\n  border:1px solid rgba(221,19,103,0.22);\n}\n.sdgz-sdg10 .sdgz-sdgPage__localHint{ color:rgba(15,23,42,0.65); font-size:12.5px; font-weight:700; }\n\n\/* Grid cards *\/\n.sdgz-sdg10 .sdgz-sdgPage__grid{\n  margin-top:16px;\n  display:grid;\n  grid-template-columns:1fr 1fr;\n  gap:14px;\n}\n.sdgz-sdg10 .sdgz-sdgPage__card{\n  background:rgba(255,255,255,0.86);\n  border:1px solid rgba(15,23,42,0.10);\n  border-radius:20px;\n  padding:18px;\n  box-shadow:0 14px 34px rgba(2,6,23,0.08);\n  position:relative;\n  overflow:hidden;\n}\n.sdgz-sdg10 .sdgz-sdgPage__cardTint{\n  border-color: rgba(221,19,103,0.22);\n  background:\n    radial-gradient(760px 520px at 12% 18%, rgba(221,19,103,0.14), transparent 62%),\n    rgba(255,255,255,0.88);\n}\n.sdgz-sdg10 .sdgz-sdgPage__cardTint::before{\n  content:\"\";\n  position:absolute;\n  left:0; top:0; bottom:0;\n  width:6px;\n  background:var(--sdg);\n  opacity:0.85;\n}\n\n.sdgz-sdg10 .sdgz-sdgPage__h{ margin:0 0 12px 0; font-size:18px; letter-spacing:-0.01em; }\n.sdgz-sdg10 .sdgz-sdgPage__p{ margin:0; color:#475569; font-size:14px; line-height:1.65; }\n\n.sdgz-sdg10 .sdgz-sdgPage__boxes{ display:grid; gap:12px; }\n.sdgz-sdg10 .sdgz-sdgPage__box{\n  border-radius:16px;\n  border:1px solid rgba(221,19,103,0.18);\n  background: linear-gradient(135deg, rgba(221,19,103,0.06), rgba(255,255,255,0.78));\n  padding:12px 12px 14px;\n}\n.sdgz-sdg10 .sdgz-sdgPage__boxTitle{ font-weight:1000; margin-bottom:6px; letter-spacing:-0.01em; }\n\n\/* Video *\/\n.sdgz-sdg10 .sdgz-sdgPage__video{\n  margin-top:12px;\n  border-radius:18px;\n  overflow:hidden;\n  border:1px solid rgba(221,19,103,0.18);\n  background: linear-gradient(135deg, rgba(221,19,103,0.06), rgba(255,255,255,0.78));\n  aspect-ratio:16\/9;\n}\n.sdgz-sdg10 .sdgz-sdgPage__video iframe{ width:100%; height:100%; display:block; }\n.sdgz-sdg10 .sdgz-sdgPage__videoNote{\n  margin-top:10px;\n  font-size:12.5px;\n  color:rgba(15,23,42,0.65);\n  font-weight:700;\n}\n\n\/* CTA card *\/\n.sdgz-sdg10 .sdgz-sdgPage__ctaCard{\n  grid-column:1 \/ -1;\n  border-color:rgba(221,19,103,0.24);\n  background:\n    radial-gradient(720px 420px at 12% 35%, rgba(221,19,103,0.16), transparent 62%),\n    rgba(255,255,255,0.88);\n}\n.sdgz-sdg10 .sdgz-sdgPage__ctaCard::before{\n  content:\"\";\n  position:absolute;\n  left:0; top:0; bottom:0;\n  width:8px;\n  background:var(--sdg);\n}\n\n.sdgz-sdg10 .sdgz-sdgPage__ctaKicker{\n  display:inline-flex;\n  padding:8px 12px;\n  border-radius:999px;\n  font-weight:900;\n  font-size:12px;\n  letter-spacing:0.08em;\n  text-transform:uppercase;\n  background:rgba(255,255,255,0.82);\n  border:1px solid rgba(15,23,42,0.10);\n  margin-bottom:10px;\n}\n.sdgz-sdg10 .sdgz-sdgPage__ctaTitle{ margin:0 0 8px 0; font-size:22px; letter-spacing:-0.01em; }\n\n.sdgz-sdg10 .sdgz-sdgPage__ctaBullets{\n  display:grid;\n  gap:10px;\n  margin-top:10px;\n  margin-bottom:12px;\n}\n.sdgz-sdg10 .sdgz-sdgPage__ctaBullet{\n  border-radius:14px;\n  border:1px solid rgba(221,19,103,0.18);\n  background: linear-gradient(135deg, rgba(221,19,103,0.06), rgba(255,255,255,0.78));\n  padding:10px 12px;\n  font-weight:800;\n  color:rgba(15,23,42,0.86);\n  font-size:13.5px;\n  line-height:1.55;\n}\n\n\/* Responsive *\/\n@media (max-width: 980px){\n  .sdgz-sdg10 .sdgz-sdgPage__heroInner{ grid-template-columns:1fr; }\n  .sdgz-sdg10 .sdgz-sdgPage__heroRight{ justify-items:start; }\n  .sdgz-sdg10 .sdgz-sdgPage__grid{ grid-template-columns:1fr; }\n  .sdgz-sdg10 .sdgz-sdgPage__localGrid{ grid-template-columns:1fr; }\n  .sdgz-sdg10 .sdgz-sdgPage__localBoxWide{ grid-column:auto; }\n}\n@media (max-width: 640px){\n  .sdgz-sdg10 .sdgz-sdgPage__ctaRow a,\n  .sdgz-sdg10 .sdgz-sdgPage__ctaRow2 a{\n    width:100%;\n    justify-content:center;\n  }\n}\n<\/style>\n\t\t\t\t\t\t\t\t<\/div>\n\t\t\t\t<\/div>\n\t\t\t\t<\/div>","protected":false},"excerpt":{"rendered":"<p>SDG 10, Reduced inequalities Reduced Inequalities Reduce inequality within and among countries. For SMEs, this means fair access, inclusive hiring, accessible services, and removing barriers that prevent people from taking part in work and local community life. Add SDG 10 to your SDG:Zero listing Back to all SDGs Accessibility Inclusive hiring Fair treatment Equal access [&hellip;]<\/p>\n","protected":false},"author":1,"featured_media":0,"parent":2158,"menu_order":0,"comment_status":"closed","ping_status":"closed","template":"","meta":{"_acf_changed":false,"_monsterinsights_skip_tracking":false,"_monsterinsights_sitenote_active":false,"_monsterinsights_sitenote_note":"","_monsterinsights_sitenote_category":0,"footnotes":""},"class_list":["post-2204","page","type-page","status-publish","hentry"],"acf":[],"_links":{"self":[{"href":"https:\/\/sdgzero.net\/es\/wp-json\/wp\/v2\/pages\/2204","targetHints":{"allow":["GET"]}}],"collection":[{"href":"https:\/\/sdgzero.net\/es\/wp-json\/wp\/v2\/pages"}],"about":[{"href":"https:\/\/sdgzero.net\/es\/wp-json\/wp\/v2\/types\/page"}],"author":[{"embeddable":true,"href":"https:\/\/sdgzero.net\/es\/wp-json\/wp\/v2\/users\/1"}],"replies":[{"embeddable":true,"href":"https:\/\/sdgzero.net\/es\/wp-json\/wp\/v2\/comments?post=2204"}],"version-history":[{"count":0,"href":"https:\/\/sdgzero.net\/es\/wp-json\/wp\/v2\/pages\/2204\/revisions"}],"up":[{"embeddable":true,"href":"https:\/\/sdgzero.net\/es\/wp-json\/wp\/v2\/pages\/2158"}],"wp:attachment":[{"href":"https:\/\/sdgzero.net\/es\/wp-json\/wp\/v2\/media?parent=2204"}],"curies":[{"name":"wp","href":"https:\/\/api.w.org\/{rel}","templated":true}]}}