{"id":2209,"date":"2026-01-28T16:11:21","date_gmt":"2026-01-28T16:11:21","guid":{"rendered":"https:\/\/sdgzero.net\/?page_id=2209"},"modified":"2026-02-07T10:04:09","modified_gmt":"2026-02-07T10:04:09","slug":"life-below-water","status":"publish","type":"page","link":"https:\/\/sdgzero.net\/es\/the-17-sustainable-development-goals-for-business\/life-below-water\/","title":{"rendered":"La vida bajo el agua"},"content":{"rendered":"<div data-elementor-type=\"wp-page\" data-elementor-id=\"2209\" class=\"elementor elementor-2209\" data-elementor-post-type=\"page\">\n\t\t\t\t<div class=\"elementor-element elementor-element-464b53b e-con-full e-flex e-con e-parent\" data-id=\"464b53b\" data-element_type=\"container\" data-e-type=\"container\">\n\t\t\t\t<div class=\"elementor-element elementor-element-cb21026 elementor-widget elementor-widget-text-editor\" data-id=\"cb21026\" data-element_type=\"widget\" data-e-type=\"widget\" data-widget_type=\"text-editor.default\">\n\t\t\t\t\t\t\t\t\t<section class=\"sdgz-sdgPage sdgz-sdg14\" aria-label=\"ODS 14 Vida submarina\">\n  <div class=\"sdgz-sdgPage__wrap\">\n\n    <!-- HERO -->\n    <header class=\"sdgz-sdgPage__hero\" style=\"--sdg:#0A97D9; --wash:rgba(10,151,217,0.16);\">\n      <div class=\"sdgz-sdgPage__heroInner\">\n\n        <!-- LEFT -->\n        <div class=\"sdgz-sdgPage__heroLeft\">\n          <div class=\"sdgz-sdgPage__kicker\">ODS 14, Vida submarina<\/div>\n          <h1 class=\"sdgz-sdgPage__title\">La vida bajo el agua<\/h1>\n\n          <p class=\"sdgz-sdgPage__lead\">\n            Conservar y utilizar de forma sostenible los oc\u00e9anos, mares y recursos marinos. Para las pymes, esto significa reducir los residuos de pl\u00e1stico y envases, prevenir la contaminaci\u00f3n, elegir materiales responsables y promover la limpieza de las v\u00edas fluviales locales, incluso si no se trata de una empresa costera.\n          <\/p>\n\n          <!-- TOP CTA ROW -->\n          <div class=\"sdgz-sdgPage__ctaRow\">\n            <a class=\"sdgz-sdgPage__btn sdgz-sdgPage__btnPrimary\" href=\"\/es\/add-listing\/\">A\u00f1ade el ODS 14 a tu lista de ODS:Cero<\/a>\n            <a class=\"sdgz-sdgPage__btn sdgz-sdgPage__btnGhost\" href=\"https:\/\/sdgzero.net\/es\/the-17-sustainable-development-goals-for-business\/\">Volver a todos los ODS<\/a>\n          <\/div>\n\n          <!-- CHIPS -->\n          <div class=\"sdgz-sdgPage__chips\" aria-label=\"\u00c1reas de enfoque r\u00e1pido\">\n            <span class=\"sdgz-sdgPage__chip\">Reducci\u00f3n de pl\u00e1stico<\/span>\n            <span class=\"sdgz-sdgPage__chip\">V\u00edas fluviales m\u00e1s limpias<\/span>\n            <span class=\"sdgz-sdgPage__chip\">Materiales responsables<\/span>\n            <span class=\"sdgz-sdgPage__chip\">Prevenci\u00f3n de la contaminaci\u00f3n<\/span>\n          <\/div>\n\n          <!-- LOCAL SME EXAMPLE (TINTED + BOXED) -->\n          <div class=\"sdgz-sdgPage__localExample sdgz-sdgPage__localExampleTint\" aria-label=\"Ejemplo de PYME local\">\n            <div class=\"sdgz-sdgPage__localTop\">\n              <span class=\"sdgz-sdgPage__localTag\">Ejemplo de PYME local<\/span>\n              <span class=\"sdgz-sdgPage__localPlace\">Plymouth<\/span>\n            <\/div>\n\n            <h2 class=\"sdgz-sdgPage__localTitle\">Un ejemplo pr\u00e1ctico, local y repetible<\/h2>\n\n            <p class=\"sdgz-sdgPage__localText\">\n              Un restaurante de comida para llevar de Plymouth quer\u00eda reducir el pl\u00e1stico de un solo uso y evitar que la basura acabara en el puerto. Cambiaron a contenedores de fibra, ofrecieron un peque\u00f1o descuento a los clientes que trajeran su propio vaso y capacitaron al personal para separar los residuos correctamente. Tambi\u00e9n colaboraron con un grupo local de limpieza de playas y compartieron novedades sobre su lista de ODS: Cero.\n            <\/p>\n\n            <div class=\"sdgz-sdgPage__localGrid\">\n              <div class=\"sdgz-sdgPage__localBox\">\n                <div class=\"sdgz-sdgPage__localBoxTitle\">Lo que hicieron<\/div>\n                <ul class=\"sdgz-sdgPage__localList\">\n                  <li>Se retiraron los cubiertos de pl\u00e1stico y se cambi\u00f3 el embalaje.<\/li>\n                  <li>Descuento en vasos reutilizables y una gu\u00eda de eliminaci\u00f3n m\u00e1s clara<\/li>\n                  <li>Se uni\u00f3 a las limpiezas locales de playas y puertos.<\/li>\n                <\/ul>\n              <\/div>\n\n              <div class=\"sdgz-sdgPage__localBox\">\n                <div class=\"sdgz-sdgPage__localBoxTitle\">Impacto empresarial<\/div>\n                <ul class=\"sdgz-sdgPage__localList\">\n                  <li>Mejores rese\u00f1as y mayor fidelizaci\u00f3n<\/li>\n                  <li>Menos quejas por basura y una fachada m\u00e1s limpia<\/li>\n                  <li>Mayor confianza con los residentes y visitantes<\/li>\n                <\/ul>\n              <\/div>\n\n              <div class=\"sdgz-sdgPage__localBox sdgz-sdgPage__localBoxWide\">\n                <div class=\"sdgz-sdgPage__localBoxTitle\">\u00c1ngulo de SEO local<\/div>\n                <p class=\"sdgz-sdgPage__localSmall\">\n                  A\u00f1adieron &quot;comida para llevar sin pl\u00e1stico en Plymouth&quot;, &quot;envases ecol\u00f3gicos&quot; y &quot;partidario de limpieza de playas&quot; a su lista de ODS: Cero. Esto facilit\u00f3 b\u00fasquedas como &quot;comida para llevar ecol\u00f3gica en Plymouth&quot; y ayud\u00f3 a los visitantes a elegir r\u00e1pidamente.\n                <\/p>\n              <\/div>\n            <\/div>\n\n            <div class=\"sdgz-sdgPage__localCTA\">\n              <a class=\"sdgz-sdgPage__localBtn\" href=\"\/es\/add-listing\/\">A\u00f1ade tus acciones de reducci\u00f3n de pl\u00e1stico a tu listado<\/a>\n              <span class=\"sdgz-sdgPage__localHint\">El agua m\u00e1s limpia comienza r\u00edo arriba<\/span>\n            <\/div>\n          <\/div>\n        <\/div>\n\n        <!-- RIGHT -->\n        <aside class=\"sdgz-sdgPage__heroRight\">\n          <div class=\"sdgz-sdgPage__iconWrap\" aria-label=\"Icono del ODS 14\">\n            <img decoding=\"async\" src=\"https:\/\/sdgzero.net\/wp-content\/uploads\/2026\/01\/sdg-14.png\" alt=\"SDG 14 Life Below Water icon\">\n          <\/div>\n\n          <div class=\"sdgz-sdgPage__heroCard sdgz-sdgPage__heroCardTint\">\n            <div class=\"sdgz-sdgPage__heroCardTitle\">Qu\u00e9 significa esto<\/div>\n            <div class=\"sdgz-sdgPage__heroCardText\">\n              El ODS 14 se centra en mantener la salud de los oc\u00e9anos y las v\u00edas fluviales. Las pymes contribuyen reduciendo el pl\u00e1stico y la contaminaci\u00f3n, mejorando la gesti\u00f3n de residuos y eligiendo materiales que no acaben en r\u00edos, desag\u00fces ni playas.\n            <\/div>\n          <\/div>\n        <\/aside>\n\n      <\/div>\n    <\/header>\n\n    <!-- CONTENT GRID -->\n    <div class=\"sdgz-sdgPage__grid\">\n\n      <!-- VIDEO (TINTED + BOXED) -->\n      <article class=\"sdgz-sdgPage__card sdgz-sdgPage__cardTint\">\n        <h2 class=\"sdgz-sdgPage__h\">V\u00eddeo explicativo r\u00e1pido<\/h2>\n        <p class=\"sdgz-sdgPage__p\">Descubra c\u00f3mo el ODS 14 apoya a las PYMES locales y c\u00f3mo la reducci\u00f3n del pl\u00e1stico y la prevenci\u00f3n de la contaminaci\u00f3n protegen las v\u00edas fluviales y las comunidades costeras.<\/p>\n\n        <div class=\"sdgz-sdgPage__video\">\n          <iframe\n            title=\"ODS 14, Vida submarina\"\n            src=\"https:\/\/www.youtube.com\/embed\/wGsaoTHm2OU\"\n            loading=\"lazy\"\n            referrerpolicy=\"strict-origin-when-cross-origin\"\n            allow=\"accelerometer; autoplay; clipboard-write; encrypted-media; gyroscope; picture-in-picture; web-share\"\n            allowfullscreen>\n          <\/iframe>\n        <\/div>\n\n        <div class=\"sdgz-sdgPage__videoNote\">Para acceder a m\u00e1s podcasts y plantillas pr\u00e1cticas sobre intercambios de envases, auditor\u00edas de residuos y asociaciones de limpieza comunitaria, \u00fanase a SDG:Zero Vault.<\/div>\n      <\/article>\n\n      <!-- Practical actions (TINTED + BOXED) -->\n      <article class=\"sdgz-sdgPage__card sdgz-sdgPage__cardTint\">\n        <h2 class=\"sdgz-sdgPage__h\">Acciones pr\u00e1cticas para las PYMES<\/h2>\n        <div class=\"sdgz-sdgPage__boxes\">\n          <div class=\"sdgz-sdgPage__box\">\n            <div class=\"sdgz-sdgPage__boxTitle\">Eliminar los pl\u00e1sticos innecesarios<\/div>\n            <p class=\"sdgz-sdgPage__p\">Cubiertos, bolsitas, envoltorios y art\u00edculos de un solo uso que muchas veces acaban en la basura.<\/p>\n          <\/div>\n\n          <div class=\"sdgz-sdgPage__box\">\n            <div class=\"sdgz-sdgPage__boxTitle\">Cambie el embalaje de forma responsable<\/div>\n            <p class=\"sdgz-sdgPage__p\">Elija embalajes reciclables o a base de fibra y evite los compuestos dif\u00edciles de reciclar.<\/p>\n          <\/div>\n\n          <div class=\"sdgz-sdgPage__box\">\n            <div class=\"sdgz-sdgPage__boxTitle\">Prevenir derrames y contaminaci\u00f3n<\/div>\n            <p class=\"sdgz-sdgPage__p\">Almacene l\u00edquidos de forma segura, manipule aceites de forma segura y mantenga los desag\u00fces protegidos.<\/p>\n          <\/div>\n\n          <div class=\"sdgz-sdgPage__box\">\n            <div class=\"sdgz-sdgPage__boxTitle\">Mejorar la separaci\u00f3n de residuos<\/div>\n            <p class=\"sdgz-sdgPage__p\">Los contenedores limpios, la orientaci\u00f3n del personal y la se\u00f1alizaci\u00f3n sencilla reducen la contaminaci\u00f3n.<\/p>\n          <\/div>\n\n          <div class=\"sdgz-sdgPage__box\">\n            <div class=\"sdgz-sdgPage__boxTitle\">Apoya las limpiezas locales<\/div>\n            <p class=\"sdgz-sdgPage__p\">\u00danase o patrocine limpiezas de r\u00edos, canales o playas y comparta los resultados localmente.<\/p>\n          <\/div>\n        <\/div>\n      <\/article>\n\n      <!-- Listing copy examples (TINTED + BOXED) -->\n      <article class=\"sdgz-sdgPage__card sdgz-sdgPage__cardTint\">\n        <h2 class=\"sdgz-sdgPage__h\">Ejemplos de copias de listados que puedes utilizar<\/h2>\n        <div class=\"sdgz-sdgPage__boxes\">\n          <div class=\"sdgz-sdgPage__box\">\n            <div class=\"sdgz-sdgPage__boxTitle\">Reducci\u00f3n de pl\u00e1stico<\/div>\n            <p class=\"sdgz-sdgPage__p\">Reducimos los pl\u00e1sticos de un solo uso y elegimos envases que son m\u00e1s f\u00e1ciles de reciclar y tienen menos probabilidades de convertirse en basura.<\/p>\n          <\/div>\n\n          <div class=\"sdgz-sdgPage__box\">\n            <div class=\"sdgz-sdgPage__boxTitle\">Prevenci\u00f3n de la contaminaci\u00f3n<\/div>\n            <p class=\"sdgz-sdgPage__p\">Manipulamos residuos y l\u00edquidos de manera responsable para ayudar a proteger las v\u00edas fluviales locales y el entorno marino en general.<\/p>\n          <\/div>\n\n          <div class=\"sdgz-sdgPage__box\">\n            <div class=\"sdgz-sdgPage__boxTitle\">Limpiezas comunitarias<\/div>\n            <p class=\"sdgz-sdgPage__p\">Apoyamos limpiezas locales e iniciativas comunitarias que mantienen r\u00edos, playas y espacios p\u00fablicos m\u00e1s limpios.<\/p>\n          <\/div>\n        <\/div>\n      <\/article>\n\n      <!-- Metrics (TINTED + BOXED) -->\n      <article class=\"sdgz-sdgPage__card sdgz-sdgPage__cardTint\">\n        <h2 class=\"sdgz-sdgPage__h\">M\u00e9tricas sencillas para realizar un seguimiento<\/h2>\n        <div class=\"sdgz-sdgPage__boxes\">\n          <div class=\"sdgz-sdgPage__box\">\n            <div class=\"sdgz-sdgPage__boxTitle\">Art\u00edculos de pl\u00e1stico retirados<\/div>\n            <p class=\"sdgz-sdgPage__p\">Conteo de art\u00edculos de un solo uso eliminados y porcentaje de pedidos que ahora no contienen pl\u00e1stico.<\/p>\n          <\/div>\n\n          <div class=\"sdgz-sdgPage__box\">\n            <div class=\"sdgz-sdgPage__boxTitle\">Tasa de reciclaje<\/div>\n            <p class=\"sdgz-sdgPage__p\">Contenedores utilizados, contaminaci\u00f3n reducida y reciclaje recogido por tipo.<\/p>\n          <\/div>\n\n          <div class=\"sdgz-sdgPage__box\">\n            <div class=\"sdgz-sdgPage__boxTitle\">Impacto comunitario<\/div>\n            <p class=\"sdgz-sdgPage__p\">Horas de limpieza, bolsas recogidas y asociaciones apoyadas a nivel local.<\/p>\n          <\/div>\n        <\/div>\n      <\/article>\n\n      <!-- SDG-SPECIFIC CTA (TINTED) -->\n      <article class=\"sdgz-sdgPage__card sdgz-sdgPage__ctaCard\">\n        <div class=\"sdgz-sdgPage__ctaKicker\">ODS 14, un agua m\u00e1s limpia gana<\/div>\n        <h2 class=\"sdgz-sdgPage__ctaTitle\">Convertir la reducci\u00f3n del pl\u00e1stico en confianza local<\/h2>\n        <p class=\"sdgz-sdgPage__p\">\n          La gente valora los negocios que mantienen limpios los lugares locales. Al reducir el pl\u00e1stico, prevenir la contaminaci\u00f3n y apoyar las limpiezas, fortaleces tu reputaci\u00f3n y les das a los clientes una raz\u00f3n para elegirte. Agrega el ODS 14 a tu lista de ODS: Cero y comparte actualizaciones breves sobre los cambios realizados y los resultados.\n        <\/p>\n\n        <div class=\"sdgz-sdgPage__ctaBullets\">\n          <div class=\"sdgz-sdgPage__ctaBullet\">Destacar como una empresa local m\u00e1s limpia y responsable<\/div>\n          <div class=\"sdgz-sdgPage__ctaBullet\">Reducir el desperdicio y mejorar la percepci\u00f3n del cliente<\/div>\n          <div class=\"sdgz-sdgPage__ctaBullet\">Apoye la visibilidad local con palabras clave como \u201csin pl\u00e1stico\u201d, \u201cecol\u00f3gico\u201d y ubicaci\u00f3n.<\/div>\n        <\/div>\n\n        <div class=\"sdgz-sdgPage__ctaRow2\">\n          <a class=\"sdgz-sdgPage__btn sdgz-sdgPage__btnPrimary\" href=\"\/es\/join\/\">\u00danete a SDG:Zero<\/a>\n          <a class=\"sdgz-sdgPage__btn sdgz-sdgPage__btnGhost\" href=\"\/es\/add-listing\/\">Crea tu anuncio<\/a>\n        <\/div>\n      <\/article>\n\n    <\/div>\n  <\/div>\n<\/section>\n\n<style>\n\/* ========= SDG 14, FULL CSS (Elementor-safe, scoped to .sdgz-sdg14 only) ========= *\/\n.sdgz-sdg14{ --sdg:#0A97D9; }\n.sdgz-sdg14 *{ box-sizing:border-box; }\n\n.sdgz-sdg14{\n  padding:60px 0 72px;\n  background:\n    radial-gradient(900px 520px at 18% 12%, rgba(10,151,217,0.12), transparent 60%),\n    radial-gradient(900px 520px at 82% 88%, rgba(37,99,235,0.08), transparent 60%),\n    linear-gradient(135deg,#f7f9fc,#eef3f9,#ffffff);\n  color:#0f172a;\n  font-family:system-ui,-apple-system,Segoe UI,Roboto,Helvetica,Arial;\n}\n\n.sdgz-sdg14 .sdgz-sdgPage__wrap{ width:min(1200px,92%); margin:0 auto; }\n\n.sdgz-sdg14 .sdgz-sdgPage__hero{\n  position:relative;\n  border-radius:28px;\n  border:1px solid rgba(15,23,42,0.10);\n  background:rgba(255,255,255,0.80);\n  box-shadow:0 18px 50px rgba(2,6,23,0.10);\n  backdrop-filter:blur(10px);\n  overflow:hidden;\n}\n.sdgz-sdg14 .sdgz-sdgPage__hero::before{\n  content:\"\";\n  position:absolute;\n  inset:-40%;\n  background:\n    radial-gradient(760px 520px at 18% 28%, rgba(10,151,217,0.18), transparent 62%),\n    radial-gradient(760px 520px at 86% 78%, rgba(37,99,235,0.10), transparent 62%);\n  pointer-events:none;\n}\n.sdgz-sdg14 .sdgz-sdgPage__hero::after{\n  content:\"\";\n  position:absolute;\n  left:0; top:0; bottom:0;\n  width:10px;\n  background:var(--sdg);\n}\n\n.sdgz-sdg14 .sdgz-sdgPage__heroInner{\n  position:relative;\n  z-index:1;\n  display:grid;\n  grid-template-columns:1.2fr 0.8fr;\n  gap:22px;\n  padding:30px 28px;\n  align-items:start;\n}\n\n.sdgz-sdg14 .sdgz-sdgPage__kicker{\n  display:inline-flex;\n  align-items:center;\n  gap:10px;\n  font-weight:900;\n  font-size:12px;\n  letter-spacing:0.10em;\n  text-transform:uppercase;\n  color:rgba(15,23,42,0.78);\n  background:rgba(255,255,255,0.82);\n  border:1px solid rgba(15,23,42,0.10);\n  padding:10px 12px;\n  border-radius:999px;\n  margin-bottom:12px;\n}\n.sdgz-sdg14 .sdgz-sdgPage__title{\n  margin:0 0 12px 0;\n  font-size:clamp(30px,3.6vw,48px);\n  line-height:1.08;\n  letter-spacing:-0.02em;\n}\n.sdgz-sdg14 .sdgz-sdgPage__lead{\n  margin:0 0 16px 0;\n  max-width:72ch;\n  color:#475569;\n  font-size:16px;\n  line-height:1.75;\n}\n\n.sdgz-sdg14 .sdgz-sdgPage__ctaRow,\n.sdgz-sdg14 .sdgz-sdgPage__ctaRow2{\n  display:flex;\n  flex-wrap:wrap;\n  gap:16px;\n  align-items:center;\n  margin:16px 0 18px;\n}\n\n.sdgz-sdg14 .sdgz-sdgPage__btn{\n  display:inline-flex;\n  align-items:center;\n  justify-content:center;\n  padding:12px 18px;\n  border-radius:999px;\n  font-weight:900;\n  font-size:14px;\n  text-decoration:none;\n  border:1px solid rgba(15,23,42,0.12);\n  transition:transform .15s ease, box-shadow .15s ease;\n  white-space:nowrap;\n}\n.sdgz-sdg14 .sdgz-sdgPage__btn:hover{\n  transform:translateY(-1px);\n  box-shadow:0 14px 40px rgba(2,6,23,0.12);\n}\n.sdgz-sdg14 .sdgz-sdgPage__btnPrimary{\n  background:linear-gradient(135deg,var(--sdg),#2563eb);\n  border-color:rgba(15,23,42,0.12);\n  color:#ffffff !important;\n  -webkit-text-fill-color:#ffffff !important;\n  opacity:1 !important;\n}\n.sdgz-sdg14 .sdgz-sdgPage__btnPrimary:visited,\n.sdgz-sdg14 .sdgz-sdgPage__btnPrimary:hover,\n.sdgz-sdg14 .sdgz-sdgPage__btnPrimary:focus{\n  color:#ffffff !important;\n  -webkit-text-fill-color:#ffffff !important;\n}\n.sdgz-sdg14 .sdgz-sdgPage__btnGhost{\n  background:rgba(255,255,255,0.86);\n  color:#0f172a;\n}\n\n.sdgz-sdg14 .sdgz-sdgPage__chips{\n  display:flex;\n  flex-wrap:wrap;\n  gap:8px;\n  margin-bottom:14px;\n}\n.sdgz-sdg14 .sdgz-sdgPage__chip{\n  display:inline-flex;\n  align-items:center;\n  padding:8px 12px;\n  border-radius:999px;\n  font-weight:800;\n  font-size:12.5px;\n  color:rgba(15,23,42,0.82);\n  background:rgba(255,255,255,0.75);\n  border:1px solid rgba(15,23,42,0.10);\n}\n\n\/* Right side *\/\n.sdgz-sdg14 .sdgz-sdgPage__heroRight{ display:grid; gap:12px; justify-items:end; }\n\n.sdgz-sdg14 .sdgz-sdgPage__iconWrap{\n  width:min(280px,100%);\n  aspect-ratio:1\/1;\n  border-radius:22px;\n  overflow:hidden;\n  border:1px solid rgba(15,23,42,0.10);\n  background:rgba(255,255,255,0.6);\n  box-shadow:0 22px 60px rgba(2,6,23,0.12);\n}\n.sdgz-sdg14 .sdgz-sdgPage__iconWrap img{ width:100%; height:100%; object-fit:cover; display:block; }\n\n.sdgz-sdg14 .sdgz-sdgPage__heroCard{\n  width:min(280px,100%);\n  border-radius:20px;\n  border:1px solid rgba(15,23,42,0.10);\n  background:rgba(255,255,255,0.74);\n  padding:14px 14px 16px;\n  position:relative;\n  overflow:hidden;\n}\n.sdgz-sdg14 .sdgz-sdgPage__heroCardTint{\n  border-color: rgba(10,151,217,0.22);\n  background:\n    radial-gradient(760px 520px at 12% 18%, rgba(10,151,217,0.14), transparent 62%),\n    rgba(255,255,255,0.88);\n}\n.sdgz-sdg14 .sdgz-sdgPage__heroCardTint::before{\n  content:\"\";\n  position:absolute;\n  left:0; top:0; bottom:0;\n  width:6px;\n  background:var(--sdg);\n  opacity:0.85;\n}\n.sdgz-sdg14 .sdgz-sdgPage__heroCardTitle{ font-weight:1000; letter-spacing:-0.01em; margin-bottom:6px; }\n.sdgz-sdg14 .sdgz-sdgPage__heroCardText{ color:#475569; font-size:13.5px; line-height:1.6; }\n\n\/* Local example *\/\n.sdgz-sdg14 .sdgz-sdgPage__localExample{\n  border-radius:20px;\n  border:1px solid rgba(15,23,42,0.10);\n  background:rgba(255,255,255,0.74);\n  box-shadow:0 14px 34px rgba(2,6,23,0.08);\n  padding:16px;\n  position:relative;\n  overflow:hidden;\n}\n.sdgz-sdg14 .sdgz-sdgPage__localExampleTint{\n  border-color: rgba(10,151,217,0.22);\n  background:\n    radial-gradient(760px 520px at 12% 18%, rgba(10,151,217,0.14), transparent 62%),\n    rgba(255,255,255,0.88);\n}\n.sdgz-sdg14 .sdgz-sdgPage__localExampleTint::before{\n  content:\"\";\n  position:absolute;\n  left:0; top:0; bottom:0;\n  width:6px;\n  background:var(--sdg);\n  opacity:0.85;\n}\n.sdgz-sdg14 .sdgz-sdgPage__localTop{\n  display:flex;\n  align-items:center;\n  justify-content:space-between;\n  gap:10px;\n  margin-bottom:10px;\n  flex-wrap:wrap;\n}\n.sdgz-sdg14 .sdgz-sdgPage__localTag{\n  display:inline-flex;\n  padding:7px 10px;\n  border-radius:999px;\n  font-weight:900;\n  font-size:12px;\n  letter-spacing:0.08em;\n  text-transform:uppercase;\n  background:rgba(255,255,255,0.82);\n  border:1px solid rgba(15,23,42,0.10);\n}\n.sdgz-sdg14 .sdgz-sdgPage__localPlace{ color:rgba(15,23,42,0.70); font-weight:800; font-size:12.5px; }\n\n.sdgz-sdg14 .sdgz-sdgPage__localTitle{ margin:0 0 8px 0; font-size:16px; letter-spacing:-0.01em; }\n.sdgz-sdg14 .sdgz-sdgPage__localText{ margin:0 0 12px 0; color:#475569; font-size:13.5px; line-height:1.65; }\n\n.sdgz-sdg14 .sdgz-sdgPage__localGrid{\n  display:grid;\n  grid-template-columns:1fr 1fr;\n  gap:10px;\n  margin-bottom:12px;\n}\n.sdgz-sdg14 .sdgz-sdgPage__localBox{\n  border-radius:16px;\n  border:1px solid rgba(10,151,217,0.18);\n  background: linear-gradient(135deg, rgba(10,151,217,0.06), rgba(255,255,255,0.78));\n  padding:12px;\n}\n.sdgz-sdg14 .sdgz-sdgPage__localBoxWide{ grid-column:1 \/ -1; }\n.sdgz-sdg14 .sdgz-sdgPage__localBoxTitle{ font-weight:1000; margin-bottom:6px; letter-spacing:-0.01em; }\n\n.sdgz-sdg14 .sdgz-sdgPage__localList{\n  margin:0;\n  padding-left:18px;\n  color:rgba(15,23,42,0.88);\n  font-size:13.5px;\n  line-height:1.6;\n}\n.sdgz-sdg14 .sdgz-sdgPage__localSmall{ margin:0; color:#475569; font-size:13.5px; line-height:1.6; }\n\n.sdgz-sdg14 .sdgz-sdgPage__localCTA{\n  display:flex;\n  align-items:center;\n  justify-content:space-between;\n  gap:10px;\n  flex-wrap:wrap;\n}\n.sdgz-sdg14 .sdgz-sdgPage__localBtn{\n  display:inline-flex;\n  align-items:center;\n  justify-content:center;\n  padding:10px 14px;\n  border-radius:12px;\n  font-weight:900;\n  font-size:13px;\n  color:rgba(15,23,42,0.90);\n  text-decoration:none;\n  background:rgba(10,151,217,0.10);\n  border:1px solid rgba(10,151,217,0.22);\n}\n.sdgz-sdg14 .sdgz-sdgPage__localHint{ color:rgba(15,23,42,0.65); font-size:12.5px; font-weight:700; }\n\n\/* Grid cards *\/\n.sdgz-sdg14 .sdgz-sdgPage__grid{\n  margin-top:16px;\n  display:grid;\n  grid-template-columns:1fr 1fr;\n  gap:14px;\n}\n.sdgz-sdg14 .sdgz-sdgPage__card{\n  background:rgba(255,255,255,0.86);\n  border:1px solid rgba(15,23,42,0.10);\n  border-radius:20px;\n  padding:18px;\n  box-shadow:0 14px 34px rgba(2,6,23,0.08);\n  position:relative;\n  overflow:hidden;\n}\n.sdgz-sdg14 .sdgz-sdgPage__cardTint{\n  border-color: rgba(10,151,217,0.22);\n  background:\n    radial-gradient(760px 520px at 12% 18%, rgba(10,151,217,0.14), transparent 62%),\n    rgba(255,255,255,0.88);\n}\n.sdgz-sdg14 .sdgz-sdgPage__cardTint::before{\n  content:\"\";\n  position:absolute;\n  left:0; top:0; bottom:0;\n  width:6px;\n  background:var(--sdg);\n  opacity:0.85;\n}\n\n.sdgz-sdg14 .sdgz-sdgPage__h{ margin:0 0 12px 0; font-size:18px; letter-spacing:-0.01em; }\n.sdgz-sdg14 .sdgz-sdgPage__p{ margin:0; color:#475569; font-size:14px; line-height:1.65; }\n\n.sdgz-sdg14 .sdgz-sdgPage__boxes{ display:grid; gap:12px; }\n.sdgz-sdg14 .sdgz-sdgPage__box{\n  border-radius:16px;\n  border:1px solid rgba(10,151,217,0.18);\n  background: linear-gradient(135deg, rgba(10,151,217,0.06), rgba(255,255,255,0.78));\n  padding:12px 12px 14px;\n}\n.sdgz-sdg14 .sdgz-sdgPage__boxTitle{ font-weight:1000; margin-bottom:6px; letter-spacing:-0.01em; }\n\n\/* Video *\/\n.sdgz-sdg14 .sdgz-sdgPage__video{\n  margin-top:12px;\n  border-radius:18px;\n  overflow:hidden;\n  border:1px solid rgba(10,151,217,0.18);\n  background: linear-gradient(135deg, rgba(10,151,217,0.06), rgba(255,255,255,0.78));\n  aspect-ratio:16\/9;\n}\n.sdgz-sdg14 .sdgz-sdgPage__video iframe{ width:100%; height:100%; display:block; }\n.sdgz-sdg14 .sdgz-sdgPage__videoNote{\n  margin-top:10px;\n  font-size:12.5px;\n  color:rgba(15,23,42,0.65);\n  font-weight:700;\n}\n\n\/* CTA card *\/\n.sdgz-sdg14 .sdgz-sdgPage__ctaCard{\n  grid-column:1 \/ -1;\n  border-color:rgba(10,151,217,0.24);\n  background:\n    radial-gradient(720px 420px at 12% 35%, rgba(10,151,217,0.16), transparent 62%),\n    rgba(255,255,255,0.88);\n}\n.sdgz-sdg14 .sdgz-sdgPage__ctaCard::before{\n  content:\"\";\n  position:absolute;\n  left:0; top:0; bottom:0;\n  width:8px;\n  background:var(--sdg);\n}\n\n.sdgz-sdg14 .sdgz-sdgPage__ctaKicker{\n  display:inline-flex;\n  padding:8px 12px;\n  border-radius:999px;\n  font-weight:900;\n  font-size:12px;\n  letter-spacing:0.08em;\n  text-transform:uppercase;\n  background:rgba(255,255,255,0.82);\n  border:1px solid rgba(15,23,42,0.10);\n  margin-bottom:10px;\n}\n.sdgz-sdg14 .sdgz-sdgPage__ctaTitle{ margin:0 0 8px 0; font-size:22px; letter-spacing:-0.01em; }\n\n.sdgz-sdg14 .sdgz-sdgPage__ctaBullets{\n  display:grid;\n  gap:10px;\n  margin-top:10px;\n  margin-bottom:12px;\n}\n.sdgz-sdg14 .sdgz-sdgPage__ctaBullet{\n  border-radius:14px;\n  border:1px solid rgba(10,151,217,0.18);\n  background: linear-gradient(135deg, rgba(10,151,217,0.06), rgba(255,255,255,0.78));\n  padding:10px 12px;\n  font-weight:800;\n  color:rgba(15,23,42,0.86);\n  font-size:13.5px;\n  line-height:1.55;\n}\n\n\/* Responsive *\/\n@media (max-width: 980px){\n  .sdgz-sdg14 .sdgz-sdgPage__heroInner{ grid-template-columns:1fr; }\n  .sdgz-sdg14 .sdgz-sdgPage__heroRight{ justify-items:start; }\n  .sdgz-sdg14 .sdgz-sdgPage__grid{ grid-template-columns:1fr; }\n  .sdgz-sdg14 .sdgz-sdgPage__localGrid{ grid-template-columns:1fr; }\n  .sdgz-sdg14 .sdgz-sdgPage__localBoxWide{ grid-column:auto; }\n}\n@media (max-width: 640px){\n  .sdgz-sdg14 .sdgz-sdgPage__ctaRow a,\n  .sdgz-sdg14 .sdgz-sdgPage__ctaRow2 a{\n    width:100%;\n    justify-content:center;\n  }\n}\n<\/style>\n\t\t\t\t\t\t\t\t<\/div>\n\t\t\t\t<\/div>\n\t\t\t\t<\/div>","protected":false},"excerpt":{"rendered":"<p>SDG 14, Life below water Life Below Water Conserve and sustainably use the oceans, seas and marine resources. For SMEs, this means reducing plastic and packaging waste, preventing pollution, choosing responsible materials, and supporting cleaner local waterways, even if you are not a coastal business. Add SDG 14 to your SDG:Zero listing Back to all [&hellip;]<\/p>\n","protected":false},"author":1,"featured_media":0,"parent":2158,"menu_order":0,"comment_status":"closed","ping_status":"closed","template":"","meta":{"_acf_changed":false,"_monsterinsights_skip_tracking":false,"_monsterinsights_sitenote_active":false,"_monsterinsights_sitenote_note":"","_monsterinsights_sitenote_category":0,"footnotes":""},"class_list":["post-2209","page","type-page","status-publish","hentry"],"acf":[],"_links":{"self":[{"href":"https:\/\/sdgzero.net\/es\/wp-json\/wp\/v2\/pages\/2209","targetHints":{"allow":["GET"]}}],"collection":[{"href":"https:\/\/sdgzero.net\/es\/wp-json\/wp\/v2\/pages"}],"about":[{"href":"https:\/\/sdgzero.net\/es\/wp-json\/wp\/v2\/types\/page"}],"author":[{"embeddable":true,"href":"https:\/\/sdgzero.net\/es\/wp-json\/wp\/v2\/users\/1"}],"replies":[{"embeddable":true,"href":"https:\/\/sdgzero.net\/es\/wp-json\/wp\/v2\/comments?post=2209"}],"version-history":[{"count":0,"href":"https:\/\/sdgzero.net\/es\/wp-json\/wp\/v2\/pages\/2209\/revisions"}],"up":[{"embeddable":true,"href":"https:\/\/sdgzero.net\/es\/wp-json\/wp\/v2\/pages\/2158"}],"wp:attachment":[{"href":"https:\/\/sdgzero.net\/es\/wp-json\/wp\/v2\/media?parent=2209"}],"curies":[{"name":"wp","href":"https:\/\/api.w.org\/{rel}","templated":true}]}}