{"id":2211,"date":"2026-01-28T16:25:28","date_gmt":"2026-01-28T16:25:28","guid":{"rendered":"https:\/\/sdgzero.net\/?page_id=2211"},"modified":"2026-02-07T10:07:56","modified_gmt":"2026-02-07T10:07:56","slug":"peace-justice-and-strong-institutions","status":"publish","type":"page","link":"https:\/\/sdgzero.net\/es\/the-17-sustainable-development-goals-for-business\/peace-justice-and-strong-institutions\/","title":{"rendered":"Peace Justice and Strong Institutions"},"content":{"rendered":"<div data-elementor-type=\"wp-page\" data-elementor-id=\"2211\" class=\"elementor elementor-2211\" data-elementor-post-type=\"page\">\n\t\t\t\t<div class=\"elementor-element elementor-element-464b53b e-con-full e-flex e-con e-parent\" data-id=\"464b53b\" data-element_type=\"container\" data-e-type=\"container\">\n\t\t\t\t<div class=\"elementor-element elementor-element-cb21026 elementor-widget elementor-widget-text-editor\" data-id=\"cb21026\" data-element_type=\"widget\" data-e-type=\"widget\" data-widget_type=\"text-editor.default\">\n\t\t\t\t\t\t\t\t\t<section class=\"sdgz-sdgPage sdgz-sdg16\" aria-label=\"ODS 16 Paz, justicia e instituciones s\u00f3lidas\">\n  <div class=\"sdgz-sdgPage__wrap\">\n\n    <!-- HERO -->\n    <header class=\"sdgz-sdgPage__hero\" style=\"--sdg:#00689D; --wash:rgba(0,104,157,0.16);\">\n      <div class=\"sdgz-sdgPage__heroInner\">\n\n        <!-- LEFT -->\n        <div class=\"sdgz-sdgPage__heroLeft\">\n          <div class=\"sdgz-sdgPage__kicker\">ODS 16, Paz, justicia e instituciones s\u00f3lidas<\/div>\n          <h1 class=\"sdgz-sdgPage__title\">Paz, justicia e instituciones s\u00f3lidas<\/h1>\n\n          <p class=\"sdgz-sdgPage__lead\">\n            Promover sociedades pac\u00edficas e inclusivas, facilitar el acceso a la justicia para todos y construir instituciones eficaces y responsables. Para las pymes, esto implica un comportamiento \u00e9tico, pol\u00edticas transparentes, contratos justos, pr\u00e1cticas antisoborno, protecci\u00f3n de datos y un trato justo a los clientes y al personal, especialmente en las comunidades locales.\n          <\/p>\n\n          <!-- TOP CTA ROW -->\n          <div class=\"sdgz-sdgPage__ctaRow\">\n            <a class=\"sdgz-sdgPage__btn sdgz-sdgPage__btnPrimary\" href=\"\/es\/add-listing\/\">A\u00f1ade el ODS 16 a tu lista de ODS:Cero<\/a>\n            <a class=\"sdgz-sdgPage__btn sdgz-sdgPage__btnGhost\" href=\"https:\/\/sdgzero.net\/es\/the-17-sustainable-development-goals-for-business\/\">Volver a todos los ODS<\/a>\n          <\/div>\n\n          <!-- CHIPS -->\n          <div class=\"sdgz-sdgPage__chips\" aria-label=\"\u00c1reas de enfoque r\u00e1pido\">\n            <span class=\"sdgz-sdgPage__chip\">Conducta \u00e9tica<\/span>\n            <span class=\"sdgz-sdgPage__chip\">Transparencia<\/span>\n            <span class=\"sdgz-sdgPage__chip\">Contratos justos<\/span>\n            <span class=\"sdgz-sdgPage__chip\">Protecci\u00f3n de datos<\/span>\n          <\/div>\n\n          <!-- LOCAL SME EXAMPLE (TINTED + BOXED) -->\n          <div class=\"sdgz-sdgPage__localExample sdgz-sdgPage__localExampleTint\" aria-label=\"Ejemplo de PYME local\">\n            <div class=\"sdgz-sdgPage__localTop\">\n              <span class=\"sdgz-sdgPage__localTag\">Ejemplo de PYME local<\/span>\n              <span class=\"sdgz-sdgPage__localPlace\">Leeds<\/span>\n            <\/div>\n\n            <h2 class=\"sdgz-sdgPage__localTitle\">Un ejemplo pr\u00e1ctico, local y repetible<\/h2>\n\n            <p class=\"sdgz-sdgPage__localText\">\n              Una empresa de reformas del hogar con sede en Leeds recib\u00eda quejas recurrentes sobre presupuestos poco claros y plazos cambiantes. Implementaron una plantilla de presupuesto sencilla y clara, publicaron un proceso de quejas, capacitaron al personal en venta justa y optimizaron la gesti\u00f3n de datos de los clientes. Las disputas disminuyeron, la confianza mejor\u00f3 y sus rese\u00f1as en l\u00ednea se volvieron m\u00e1s consistentes.\n            <\/p>\n\n            <div class=\"sdgz-sdgPage__localGrid\">\n              <div class=\"sdgz-sdgPage__localBox\">\n                <div class=\"sdgz-sdgPage__localBoxTitle\">Lo que hicieron<\/div>\n                <ul class=\"sdgz-sdgPage__localList\">\n                  <li>Plantilla de cotizaci\u00f3n clara con alcance y exclusiones<\/li>\n                  <li>Proceso de quejas y reembolsos publicado<\/li>\n                  <li>Protecci\u00f3n de datos b\u00e1sicos y controles de acceso<\/li>\n                <\/ul>\n              <\/div>\n\n              <div class=\"sdgz-sdgPage__localBox\">\n                <div class=\"sdgz-sdgPage__localBoxTitle\">Impacto empresarial<\/div>\n                <ul class=\"sdgz-sdgPage__localList\">\n                  <li>Menos disputas y decisiones m\u00e1s r\u00e1pidas<\/li>\n                  <li>Mejores rese\u00f1as y mayor tasa de conversi\u00f3n<\/li>\n                  <li>Reducci\u00f3n del riesgo derivado de un manejo deficiente de los datos<\/li>\n                <\/ul>\n              <\/div>\n\n              <div class=\"sdgz-sdgPage__localBox sdgz-sdgPage__localBoxWide\">\n                <div class=\"sdgz-sdgPage__localBoxTitle\">\u00c1ngulo de SEO local<\/div>\n                <p class=\"sdgz-sdgPage__localSmall\">\n                  Agregaron &quot;presupuestos transparentes&quot;, &quot;contratista local de confianza en Leeds&quot; y &quot;pol\u00edtica de precios justos&quot; a su perfil de ODS: Cero. Esto facilit\u00f3 b\u00fasquedas como &quot;constructor confiable en Leeds&quot; y ayud\u00f3 a los clientes a elegirlos con confianza.\n                <\/p>\n              <\/div>\n            <\/div>\n\n            <div class=\"sdgz-sdgPage__localCTA\">\n              <a class=\"sdgz-sdgPage__localBtn\" href=\"\/es\/add-listing\/\">A\u00f1ade tus acciones de \u00e9tica y transparencia a tu listado<\/a>\n              <span class=\"sdgz-sdgPage__localHint\">La confianza es una ventaja local<\/span>\n            <\/div>\n          <\/div>\n        <\/div>\n\n        <!-- RIGHT -->\n        <aside class=\"sdgz-sdgPage__heroRight\">\n          <div class=\"sdgz-sdgPage__iconWrap\" aria-label=\"Icono del ODS 16\">\n            <img decoding=\"async\" src=\"https:\/\/sdgzero.net\/wp-content\/uploads\/2026\/01\/sdg-16.png\" alt=\"SDG 16 Peace, Justice and Strong Institutions icon\">\n          <\/div>\n\n          <div class=\"sdgz-sdgPage__heroCard sdgz-sdgPage__heroCardTint\">\n            <div class=\"sdgz-sdgPage__heroCardTitle\">Qu\u00e9 significa esto<\/div>\n            <div class=\"sdgz-sdgPage__heroCardText\">\n              El ODS 16 se centra en la confianza, la equidad y la rendici\u00f3n de cuentas. Las pymes construyen comunidades m\u00e1s s\u00f3lidas mediante una conducta \u00e9tica, pol\u00edticas transparentes, resultados justos para los clientes y un manejo seguro de la informaci\u00f3n.\n            <\/div>\n          <\/div>\n        <\/aside>\n\n      <\/div>\n    <\/header>\n\n    <!-- CONTENT GRID -->\n    <div class=\"sdgz-sdgPage__grid\">\n\n      <!-- VIDEO (TINTED + BOXED) -->\n      <article class=\"sdgz-sdgPage__card sdgz-sdgPage__cardTint\">\n        <h2 class=\"sdgz-sdgPage__h\">V\u00eddeo explicativo r\u00e1pido<\/h2>\n        <p class=\"sdgz-sdgPage__p\">Descubra c\u00f3mo el ODS 16 apoya a las PYMES locales y c\u00f3mo la transparencia y los procesos justos generan confianza duradera.<\/p>\n\n        <div class=\"sdgz-sdgPage__video\">\n          <iframe\n            title=\"ODS 16, Paz, justicia e instituciones s\u00f3lidas\"\n            src=\"https:\/\/www.youtube.com\/embed\/_NitZZDEDfM\"\n            loading=\"lazy\"\n            referrerpolicy=\"strict-origin-when-cross-origin\"\n            allow=\"accelerometer; autoplay; clipboard-write; encrypted-media; gyroscope; picture-in-picture; web-share\"\n            allowfullscreen>\n          <\/iframe>\n        <\/div>\n\n        <div class=\"sdgz-sdgPage__videoNote\">Para acceder a m\u00e1s podcasts y plantillas pr\u00e1cticas sobre pol\u00edticas, manejo de quejas y gobernanza responsable, \u00fanase a SDG:Zero Vault.<\/div>\n      <\/article>\n\n      <!-- Practical actions (TINTED + BOXED) -->\n      <article class=\"sdgz-sdgPage__card sdgz-sdgPage__cardTint\">\n        <h2 class=\"sdgz-sdgPage__h\">Acciones pr\u00e1cticas para las PYMES<\/h2>\n        <div class=\"sdgz-sdgPage__boxes\">\n\n          <div class=\"sdgz-sdgPage__box\">\n            <div class=\"sdgz-sdgPage__boxTitle\">Publicar pol\u00edticas claras<\/div>\n            <p class=\"sdgz-sdgPage__p\">Quejas, reembolsos, tiempos de entrega y qu\u00e9 pueden esperar los clientes, en un lenguaje sencillo.<\/p>\n          <\/div>\n\n          <div class=\"sdgz-sdgPage__box\">\n            <div class=\"sdgz-sdgPage__boxTitle\">Utilice cotizaciones y contratos transparentes<\/div>\n            <p class=\"sdgz-sdgPage__p\">Defina el alcance, las exclusiones, los plazos y el control de cambios para que no se produzcan disputas.<\/p>\n          <\/div>\n\n          <div class=\"sdgz-sdgPage__box\">\n            <div class=\"sdgz-sdgPage__boxTitle\">Establecer un c\u00f3digo \u00e9tico<\/div>\n            <p class=\"sdgz-sdgPage__p\">Orientaci\u00f3n contra el soborno y los obsequios, reglas de venta justa y expectativas para el personal y los socios.<\/p>\n          <\/div>\n\n          <div class=\"sdgz-sdgPage__box\">\n            <div class=\"sdgz-sdgPage__boxTitle\">Proteja los datos de los clientes y del personal<\/div>\n            <p class=\"sdgz-sdgPage__p\">Controles de acceso, reglas de retenci\u00f3n y almacenamiento seguro para archivos y dispositivos.<\/p>\n          <\/div>\n\n          <div class=\"sdgz-sdgPage__box\">\n            <div class=\"sdgz-sdgPage__boxTitle\">Haga que los informes sean seguros<\/div>\n            <p class=\"sdgz-sdgPage__p\">Una forma sencilla para que las personas expresen sus preocupaciones sin miedo y un proceso justo para responder.<\/p>\n          <\/div>\n\n        <\/div>\n      <\/article>\n\n      <!-- Listing copy examples (TINTED + BOXED) -->\n      <article class=\"sdgz-sdgPage__card sdgz-sdgPage__cardTint\">\n        <h2 class=\"sdgz-sdgPage__h\">Ejemplos de copias de listados que puedes utilizar<\/h2>\n        <div class=\"sdgz-sdgPage__boxes\">\n\n          <div class=\"sdgz-sdgPage__box\">\n            <div class=\"sdgz-sdgPage__boxTitle\">Servicio y precios transparentes<\/div>\n            <p class=\"sdgz-sdgPage__p\">Utilizamos cotizaciones claras y precios justos, con el alcance y los plazos explicados de antemano para evitar sorpresas.<\/p>\n          <\/div>\n\n          <div class=\"sdgz-sdgPage__box\">\n            <div class=\"sdgz-sdgPage__boxTitle\">Conducta \u00e9tica<\/div>\n            <p class=\"sdgz-sdgPage__p\">Seguimos un c\u00f3digo \u00e9tico, evitamos las ventas desleales y tratamos a los clientes y al personal con respeto.<\/p>\n          <\/div>\n\n          <div class=\"sdgz-sdgPage__box\">\n            <div class=\"sdgz-sdgPage__boxTitle\">Manejo seguro de datos<\/div>\n            <p class=\"sdgz-sdgPage__p\">Protegemos la informaci\u00f3n del cliente con acceso controlado y pr\u00e1cticas de retenci\u00f3n responsables.<\/p>\n          <\/div>\n\n        <\/div>\n      <\/article>\n\n      <!-- Metrics (TINTED + BOXED) -->\n      <article class=\"sdgz-sdgPage__card sdgz-sdgPage__cardTint\">\n        <h2 class=\"sdgz-sdgPage__h\">M\u00e9tricas sencillas para realizar un seguimiento<\/h2>\n        <div class=\"sdgz-sdgPage__boxes\">\n\n          <div class=\"sdgz-sdgPage__box\">\n            <div class=\"sdgz-sdgPage__boxTitle\">Resoluci\u00f3n de quejas<\/div>\n            <p class=\"sdgz-sdgPage__p\">N\u00famero de quejas, tiempo de resoluci\u00f3n y resultados obtenidos.<\/p>\n          <\/div>\n\n          <div class=\"sdgz-sdgPage__box\">\n            <div class=\"sdgz-sdgPage__boxTitle\">Precisi\u00f3n de la cotizaci\u00f3n<\/div>\n            <p class=\"sdgz-sdgPage__p\">Solicitudes de cambio, disputas de alcance y reelaboraci\u00f3n vinculadas a expectativas poco claras.<\/p>\n          <\/div>\n\n          <div class=\"sdgz-sdgPage__box\">\n            <div class=\"sdgz-sdgPage__boxTitle\">Capacitaci\u00f3n y cumplimiento<\/div>\n            <p class=\"sdgz-sdgPage__p\">Finalizaci\u00f3n de la capacitaci\u00f3n sobre pol\u00edticas, incidentes de datos y acciones correctivas adoptadas.<\/p>\n          <\/div>\n\n        <\/div>\n      <\/article>\n\n      <!-- SDG-SPECIFIC CTA (TINTED) -->\n      <article class=\"sdgz-sdgPage__card sdgz-sdgPage__ctaCard\">\n        <div class=\"sdgz-sdgPage__ctaKicker\">ODS 16, la confianza convierte<\/div>\n        <h2 class=\"sdgz-sdgPage__ctaTitle\">Convierta la transparencia en credibilidad local y mejores rese\u00f1as<\/h2>\n\n        <p class=\"sdgz-sdgPage__p\">\n          Las pol\u00edticas claras y los procesos justos reducen los conflictos y generan confianza. Cuando los clientes se sienten seguros, informados y respetados, es m\u00e1s probable que te elijan y te recomienden. Agrega el ODS 16 a tu lista de ODS: Cero y comparte breves actualizaciones sobre las mejoras que has implementado.\n        <\/p>\n\n        <div class=\"sdgz-sdgPage__ctaBullets\">\n          <div class=\"sdgz-sdgPage__ctaBullet\">Destacar como una empresa local confiable y responsable<\/div>\n          <div class=\"sdgz-sdgPage__ctaBullet\">Reducir las disputas estableciendo expectativas claras<\/div>\n          <div class=\"sdgz-sdgPage__ctaBullet\">Mejore las conversiones y las rese\u00f1as con equidad visible<\/div>\n        <\/div>\n\n        <div class=\"sdgz-sdgPage__ctaRow2\">\n          <a class=\"sdgz-sdgPage__btn sdgz-sdgPage__btnPrimary\" href=\"\/es\/join\/\">\u00danete a SDG:Zero<\/a>\n          <a class=\"sdgz-sdgPage__btn sdgz-sdgPage__btnGhost\" href=\"\/es\/add-listing\/\">Crea tu anuncio<\/a>\n        <\/div>\n      <\/article>\n\n    <\/div>\n  <\/div>\n<\/section>\n\n<style>\n\/* ========= SDG 16, FULL CSS (Elementor-safe, scoped to .sdgz-sdg16 only) ========= *\/\n.sdgz-sdg16{ --sdg:#00689D; }\n.sdgz-sdg16 *{ box-sizing:border-box; }\n\n.sdgz-sdg16{\n  padding:60px 0 72px;\n  background:\n    radial-gradient(900px 520px at 18% 12%, rgba(0,104,157,0.12), transparent 60%),\n    radial-gradient(900px 520px at 82% 88%, rgba(37,99,235,0.08), transparent 60%),\n    linear-gradient(135deg,#f7f9fc,#eef3f9,#ffffff);\n  color:#0f172a;\n  font-family:system-ui,-apple-system,Segoe UI,Roboto,Helvetica,Arial;\n}\n\n.sdgz-sdg16 .sdgz-sdgPage__wrap{ width:min(1200px,92%); margin:0 auto; }\n\n.sdgz-sdg16 .sdgz-sdgPage__hero{\n  position:relative;\n  border-radius:28px;\n  border:1px solid rgba(15,23,42,0.10);\n  background:rgba(255,255,255,0.80);\n  box-shadow:0 18px 50px rgba(2,6,23,0.10);\n  backdrop-filter:blur(10px);\n  overflow:hidden;\n}\n.sdgz-sdg16 .sdgz-sdgPage__hero::before{\n  content:\"\";\n  position:absolute;\n  inset:-40%;\n  background:\n    radial-gradient(760px 520px at 18% 28%, rgba(0,104,157,0.18), transparent 62%),\n    radial-gradient(760px 520px at 86% 78%, rgba(37,99,235,0.10), transparent 62%);\n  pointer-events:none;\n}\n.sdgz-sdg16 .sdgz-sdgPage__hero::after{\n  content:\"\";\n  position:absolute;\n  left:0; top:0; bottom:0;\n  width:10px;\n  background:var(--sdg);\n}\n\n.sdgz-sdg16 .sdgz-sdgPage__heroInner{\n  position:relative;\n  z-index:1;\n  display:grid;\n  grid-template-columns:1.2fr 0.8fr;\n  gap:22px;\n  padding:30px 28px;\n  align-items:start;\n}\n\n.sdgz-sdg16 .sdgz-sdgPage__kicker{\n  display:inline-flex;\n  align-items:center;\n  gap:10px;\n  font-weight:900;\n  font-size:12px;\n  letter-spacing:0.10em;\n  text-transform:uppercase;\n  color:rgba(15,23,42,0.78);\n  background:rgba(255,255,255,0.82);\n  border:1px solid rgba(15,23,42,0.10);\n  padding:10px 12px;\n  border-radius:999px;\n  margin-bottom:12px;\n}\n.sdgz-sdg16 .sdgz-sdgPage__title{\n  margin:0 0 12px 0;\n  font-size:clamp(30px,3.6vw,48px);\n  line-height:1.08;\n  letter-spacing:-0.02em;\n}\n.sdgz-sdg16 .sdgz-sdgPage__lead{\n  margin:0 0 16px 0;\n  max-width:72ch;\n  color:#475569;\n  font-size:16px;\n  line-height:1.75;\n}\n\n.sdgz-sdg16 .sdgz-sdgPage__ctaRow,\n.sdgz-sdg16 .sdgz-sdgPage__ctaRow2{\n  display:flex;\n  flex-wrap:wrap;\n  gap:16px;\n  align-items:center;\n  margin:16px 0 18px;\n}\n\n.sdgz-sdg16 .sdgz-sdgPage__btn{\n  display:inline-flex;\n  align-items:center;\n  justify-content:center;\n  padding:12px 18px;\n  border-radius:999px;\n  font-weight:900;\n  font-size:14px;\n  text-decoration:none;\n  border:1px solid rgba(15,23,42,0.12);\n  transition:transform .15s ease, box-shadow .15s ease;\n  white-space:nowrap;\n}\n.sdgz-sdg16 .sdgz-sdgPage__btn:hover{\n  transform:translateY(-1px);\n  box-shadow:0 14px 40px rgba(2,6,23,0.12);\n}\n.sdgz-sdg16 .sdgz-sdgPage__btnPrimary{\n  background:linear-gradient(135deg,var(--sdg),#2563eb);\n  border-color:rgba(15,23,42,0.12);\n  color:#ffffff !important;\n  -webkit-text-fill-color:#ffffff !important;\n  opacity:1 !important;\n}\n.sdgz-sdg16 .sdgz-sdgPage__btnPrimary:visited,\n.sdgz-sdg16 .sdgz-sdgPage__btnPrimary:hover,\n.sdgz-sdg16 .sdgz-sdgPage__btnPrimary:focus{\n  color:#ffffff !important;\n  -webkit-text-fill-color:#ffffff !important;\n}\n.sdgz-sdg16 .sdgz-sdgPage__btnGhost{\n  background:rgba(255,255,255,0.86);\n  color:#0f172a;\n}\n\n.sdgz-sdg16 .sdgz-sdgPage__chips{\n  display:flex;\n  flex-wrap:wrap;\n  gap:8px;\n  margin-bottom:14px;\n}\n.sdgz-sdg16 .sdgz-sdgPage__chip{\n  display:inline-flex;\n  align-items:center;\n  padding:8px 12px;\n  border-radius:999px;\n  font-weight:800;\n  font-size:12.5px;\n  color:rgba(15,23,42,0.82);\n  background:rgba(255,255,255,0.75);\n  border:1px solid rgba(15,23,42,0.10);\n}\n\n\/* Right side *\/\n.sdgz-sdg16 .sdgz-sdgPage__heroRight{ display:grid; gap:12px; justify-items:end; }\n\n.sdgz-sdg16 .sdgz-sdgPage__iconWrap{\n  width:min(280px,100%);\n  aspect-ratio:1\/1;\n  border-radius:22px;\n  overflow:hidden;\n  border:1px solid rgba(15,23,42,0.10);\n  background:rgba(255,255,255,0.6);\n  box-shadow:0 22px 60px rgba(2,6,23,0.12);\n}\n.sdgz-sdg16 .sdgz-sdgPage__iconWrap img{ width:100%; height:100%; object-fit:cover; display:block; }\n\n.sdgz-sdg16 .sdgz-sdgPage__heroCard{\n  width:min(280px,100%);\n  border-radius:20px;\n  border:1px solid rgba(15,23,42,0.10);\n  background:rgba(255,255,255,0.74);\n  padding:14px 14px 16px;\n  position:relative;\n  overflow:hidden;\n}\n.sdgz-sdg16 .sdgz-sdgPage__heroCardTint{\n  border-color: rgba(0,104,157,0.22);\n  background:\n    radial-gradient(760px 520px at 12% 18%, rgba(0,104,157,0.14), transparent 62%),\n    rgba(255,255,255,0.88);\n}\n.sdgz-sdg16 .sdgz-sdgPage__heroCardTint::before{\n  content:\"\";\n  position:absolute;\n  left:0; top:0; bottom:0;\n  width:6px;\n  background:var(--sdg);\n  opacity:0.85;\n}\n.sdgz-sdg16 .sdgz-sdgPage__heroCardTitle{ font-weight:1000; letter-spacing:-0.01em; margin-bottom:6px; }\n.sdgz-sdg16 .sdgz-sdgPage__heroCardText{ color:#475569; font-size:13.5px; line-height:1.6; }\n\n\/* Local example *\/\n.sdgz-sdg16 .sdgz-sdgPage__localExample{\n  border-radius:20px;\n  border:1px solid rgba(15,23,42,0.10);\n  background:rgba(255,255,255,0.74);\n  box-shadow:0 14px 34px rgba(2,6,23,0.08);\n  padding:16px;\n  position:relative;\n  overflow:hidden;\n}\n.sdgz-sdg16 .sdgz-sdgPage__localExampleTint{\n  border-color: rgba(0,104,157,0.22);\n  background:\n    radial-gradient(760px 520px at 12% 18%, rgba(0,104,157,0.14), transparent 62%),\n    rgba(255,255,255,0.88);\n}\n.sdgz-sdg16 .sdgz-sdgPage__localExampleTint::before{\n  content:\"\";\n  position:absolute;\n  left:0; top:0; bottom:0;\n  width:6px;\n  background:var(--sdg);\n  opacity:0.85;\n}\n.sdgz-sdg16 .sdgz-sdgPage__localTop{\n  display:flex;\n  align-items:center;\n  justify-content:space-between;\n  gap:10px;\n  margin-bottom:10px;\n  flex-wrap:wrap;\n}\n.sdgz-sdg16 .sdgz-sdgPage__localTag{\n  display:inline-flex;\n  padding:7px 10px;\n  border-radius:999px;\n  font-weight:900;\n  font-size:12px;\n  letter-spacing:0.08em;\n  text-transform:uppercase;\n  background:rgba(255,255,255,0.82);\n  border:1px solid rgba(15,23,42,0.10);\n}\n.sdgz-sdg16 .sdgz-sdgPage__localPlace{ color:rgba(15,23,42,0.70); font-weight:800; font-size:12.5px; }\n\n.sdgz-sdg16 .sdgz-sdgPage__localTitle{ margin:0 0 8px 0; font-size:16px; letter-spacing:-0.01em; }\n.sdgz-sdg16 .sdgz-sdgPage__localText{ margin:0 0 12px 0; color:#475569; font-size:13.5px; line-height:1.65; }\n\n.sdgz-sdg16 .sdgz-sdgPage__localGrid{\n  display:grid;\n  grid-template-columns:1fr 1fr;\n  gap:10px;\n  margin-bottom:12px;\n}\n.sdgz-sdg16 .sdgz-sdgPage__localBox{\n  border-radius:16px;\n  border:1px solid rgba(0,104,157,0.18);\n  background: linear-gradient(135deg, rgba(0,104,157,0.06), rgba(255,255,255,0.78));\n  padding:12px;\n}\n.sdgz-sdg16 .sdgz-sdgPage__localBoxWide{ grid-column:1 \/ -1; }\n.sdgz-sdg16 .sdgz-sdgPage__localBoxTitle{ font-weight:1000; margin-bottom:6px; letter-spacing:-0.01em; }\n\n.sdgz-sdg16 .sdgz-sdgPage__localList{\n  margin:0;\n  padding-left:18px;\n  color:rgba(15,23,42,0.88);\n  font-size:13.5px;\n  line-height:1.6;\n}\n.sdgz-sdg16 .sdgz-sdgPage__localSmall{ margin:0; color:#475569; font-size:13.5px; line-height:1.6; }\n\n.sdgz-sdg16 .sdgz-sdgPage__localCTA{\n  display:flex;\n  align-items:center;\n  justify-content:space-between;\n  gap:10px;\n  flex-wrap:wrap;\n}\n.sdgz-sdg16 .sdgz-sdgPage__localBtn{\n  display:inline-flex;\n  align-items:center;\n  justify-content:center;\n  padding:10px 14px;\n  border-radius:12px;\n  font-weight:900;\n  font-size:13px;\n  color:rgba(15,23,42,0.90);\n  text-decoration:none;\n  background:rgba(0,104,157,0.10);\n  border:1px solid rgba(0,104,157,0.22);\n}\n.sdgz-sdg16 .sdgz-sdgPage__localHint{ color:rgba(15,23,42,0.65); font-size:12.5px; font-weight:700; }\n\n\/* Grid cards *\/\n.sdgz-sdg16 .sdgz-sdgPage__grid{\n  margin-top:16px;\n  display:grid;\n  grid-template-columns:1fr 1fr;\n  gap:14px;\n}\n.sdgz-sdg16 .sdgz-sdgPage__card{\n  background:rgba(255,255,255,0.86);\n  border:1px solid rgba(15,23,42,0.10);\n  border-radius:20px;\n  padding:18px;\n  box-shadow:0 14px 34px rgba(2,6,23,0.08);\n  position:relative;\n  overflow:hidden;\n}\n.sdgz-sdg16 .sdgz-sdgPage__cardTint{\n  border-color: rgba(0,104,157,0.22);\n  background:\n    radial-gradient(760px 520px at 12% 18%, rgba(0,104,157,0.14), transparent 62%),\n    rgba(255,255,255,0.88);\n}\n.sdgz-sdg16 .sdgz-sdgPage__cardTint::before{\n  content:\"\";\n  position:absolute;\n  left:0; top:0; bottom:0;\n  width:6px;\n  background:var(--sdg);\n  opacity:0.85;\n}\n\n.sdgz-sdg16 .sdgz-sdgPage__h{ margin:0 0 12px 0; font-size:18px; letter-spacing:-0.01em; }\n.sdgz-sdg16 .sdgz-sdgPage__p{ margin:0; color:#475569; font-size:14px; line-height:1.65; }\n\n.sdgz-sdg16 .sdgz-sdgPage__boxes{ display:grid; gap:12px; }\n.sdgz-sdg16 .sdgz-sdgPage__box{\n  border-radius:16px;\n  border:1px solid rgba(0,104,157,0.18);\n  background: linear-gradient(135deg, rgba(0,104,157,0.06), rgba(255,255,255,0.78));\n  padding:12px 12px 14px;\n}\n.sdgz-sdg16 .sdgz-sdgPage__boxTitle{ font-weight:1000; margin-bottom:6px; letter-spacing:-0.01em; }\n\n\/* Video *\/\n.sdgz-sdg16 .sdgz-sdgPage__video{\n  margin-top:12px;\n  border-radius:18px;\n  overflow:hidden;\n  border:1px solid rgba(0,104,157,0.18);\n  background: linear-gradient(135deg, rgba(0,104,157,0.06), rgba(255,255,255,0.78));\n  aspect-ratio:16\/9;\n}\n.sdgz-sdg16 .sdgz-sdgPage__video iframe{ width:100%; height:100%; display:block; }\n.sdgz-sdg16 .sdgz-sdgPage__videoNote{\n  margin-top:10px;\n  font-size:12.5px;\n  color:rgba(15,23,42,0.65);\n  font-weight:700;\n}\n\n\/* CTA card *\/\n.sdgz-sdg16 .sdgz-sdgPage__ctaCard{\n  grid-column:1 \/ -1;\n  border-color:rgba(0,104,157,0.24);\n  background:\n    radial-gradient(720px 420px at 12% 35%, rgba(0,104,157,0.16), transparent 62%),\n    rgba(255,255,255,0.88);\n}\n.sdgz-sdg16 .sdgz-sdgPage__ctaCard::before{\n  content:\"\";\n  position:absolute;\n  left:0; top:0; bottom:0;\n  width:8px;\n  background:var(--sdg);\n}\n\n.sdgz-sdg16 .sdgz-sdgPage__ctaKicker{\n  display:inline-flex;\n  padding:8px 12px;\n  border-radius:999px;\n  font-weight:900;\n  font-size:12px;\n  letter-spacing:0.08em;\n  text-transform:uppercase;\n  background:rgba(255,255,255,0.82);\n  border:1px solid rgba(15,23,42,0.10);\n  margin-bottom:10px;\n}\n.sdgz-sdg16 .sdgz-sdgPage__ctaTitle{ margin:0 0 8px 0; font-size:22px; letter-spacing:-0.01em; }\n\n.sdgz-sdg16 .sdgz-sdgPage__ctaBullets{\n  display:grid;\n  gap:10px;\n  margin-top:10px;\n  margin-bottom:12px;\n}\n.sdgz-sdg16 .sdgz-sdgPage__ctaBullet{\n  border-radius:14px;\n  border:1px solid rgba(0,104,157,0.18);\n  background: linear-gradient(135deg, rgba(0,104,157,0.06), rgba(255,255,255,0.78));\n  padding:10px 12px;\n  font-weight:800;\n  color:rgba(15,23,42,0.86);\n  font-size:13.5px;\n  line-height:1.55;\n}\n\n\/* Responsive *\/\n@media (max-width: 980px){\n  .sdgz-sdg16 .sdgz-sdgPage__heroInner{ grid-template-columns:1fr; }\n  .sdgz-sdg16 .sdgz-sdgPage__heroRight{ justify-items:start; }\n  .sdgz-sdg16 .sdgz-sdgPage__grid{ grid-template-columns:1fr; }\n  .sdgz-sdg16 .sdgz-sdgPage__localGrid{ grid-template-columns:1fr; }\n  .sdgz-sdg16 .sdgz-sdgPage__localBoxWide{ grid-column:auto; }\n}\n@media (max-width: 640px){\n  .sdgz-sdg16 .sdgz-sdgPage__ctaRow a,\n  .sdgz-sdg16 .sdgz-sdgPage__ctaRow2 a{\n    width:100%;\n    justify-content:center;\n  }\n}\n<\/style>\n\t\t\t\t\t\t\t\t<\/div>\n\t\t\t\t<\/div>\n\t\t\t\t<\/div>","protected":false},"excerpt":{"rendered":"<p>SDG 16, Peace, justice and strong institutions Peace, Justice and Strong Institutions Promote peaceful and inclusive societies, provide access to justice for all, and build effective, accountable institutions. For SMEs, this means ethical behaviour, transparent policies, fair contracts, anti bribery practices, safeguarding data, and treating customers and staff fairly, especially in local communities. Add SDG [&hellip;]<\/p>\n","protected":false},"author":1,"featured_media":0,"parent":2158,"menu_order":0,"comment_status":"closed","ping_status":"closed","template":"","meta":{"_acf_changed":false,"_monsterinsights_skip_tracking":false,"_monsterinsights_sitenote_active":false,"_monsterinsights_sitenote_note":"","_monsterinsights_sitenote_category":0,"footnotes":""},"class_list":["post-2211","page","type-page","status-publish","hentry"],"acf":[],"_links":{"self":[{"href":"https:\/\/sdgzero.net\/es\/wp-json\/wp\/v2\/pages\/2211","targetHints":{"allow":["GET"]}}],"collection":[{"href":"https:\/\/sdgzero.net\/es\/wp-json\/wp\/v2\/pages"}],"about":[{"href":"https:\/\/sdgzero.net\/es\/wp-json\/wp\/v2\/types\/page"}],"author":[{"embeddable":true,"href":"https:\/\/sdgzero.net\/es\/wp-json\/wp\/v2\/users\/1"}],"replies":[{"embeddable":true,"href":"https:\/\/sdgzero.net\/es\/wp-json\/wp\/v2\/comments?post=2211"}],"version-history":[{"count":0,"href":"https:\/\/sdgzero.net\/es\/wp-json\/wp\/v2\/pages\/2211\/revisions"}],"up":[{"embeddable":true,"href":"https:\/\/sdgzero.net\/es\/wp-json\/wp\/v2\/pages\/2158"}],"wp:attachment":[{"href":"https:\/\/sdgzero.net\/es\/wp-json\/wp\/v2\/media?parent=2211"}],"curies":[{"name":"wp","href":"https:\/\/api.w.org\/{rel}","templated":true}]}}