{"id":2212,"date":"2026-01-28T16:35:11","date_gmt":"2026-01-28T16:35:11","guid":{"rendered":"https:\/\/sdgzero.net\/?page_id=2212"},"modified":"2026-02-07T10:09:53","modified_gmt":"2026-02-07T10:09:53","slug":"partnerships-for-the-goals","status":"publish","type":"page","link":"https:\/\/sdgzero.net\/es\/the-17-sustainable-development-goals-for-business\/partnerships-for-the-goals\/","title":{"rendered":"Alianzas para los Objetivos"},"content":{"rendered":"<div data-elementor-type=\"wp-page\" data-elementor-id=\"2212\" class=\"elementor elementor-2212\" data-elementor-post-type=\"page\">\n\t\t\t\t<div class=\"elementor-element elementor-element-464b53b e-con-full e-flex e-con e-parent\" data-id=\"464b53b\" data-element_type=\"container\" data-e-type=\"container\">\n\t\t\t\t<div class=\"elementor-element elementor-element-cb21026 elementor-widget elementor-widget-text-editor\" data-id=\"cb21026\" data-element_type=\"widget\" data-e-type=\"widget\" data-widget_type=\"text-editor.default\">\n\t\t\t\t\t\t\t\t\t<section class=\"sdgz-sdgPage sdgz-sdg17\" aria-label=\"ODS 17: Alianzas para lograr los Objetivos\">\n  <div class=\"sdgz-sdgPage__wrap\">\n\n    <!-- HERO -->\n    <header class=\"sdgz-sdgPage__hero\" style=\"--sdg:#19486A; --wash:rgba(25,72,106,0.16);\">\n      <div class=\"sdgz-sdgPage__heroInner\">\n\n        <!-- LEFT -->\n        <div class=\"sdgz-sdgPage__heroLeft\">\n          <div class=\"sdgz-sdgPage__kicker\">ODS 17, Alianzas para lograr los objetivos<\/div>\n          <h1 class=\"sdgz-sdgPage__title\">Alianzas para los Objetivos<\/h1>\n\n          <p class=\"sdgz-sdgPage__lead\">\n            Fortalecer los medios de implementaci\u00f3n y revitalizar las alianzas globales para el desarrollo sostenible. Para las pymes, esto significa colaborar a nivel local, compartir conocimientos y recursos, construir cadenas de suministro responsables y asociarse con organizaciones ben\u00e9ficas, escuelas, ayuntamientos y otras empresas para generar un impacto tangible.\n          <\/p>\n\n          <!-- TOP CTA ROW -->\n          <div class=\"sdgz-sdgPage__ctaRow\">\n            <a class=\"sdgz-sdgPage__btn sdgz-sdgPage__btnPrimary\" href=\"\/es\/add-listing\/\">A\u00f1ade el ODS 17 a tu lista de ODS:Cero.<\/a>\n            <a class=\"sdgz-sdgPage__btn sdgz-sdgPage__btnGhost\" href=\"https:\/\/sdgzero.net\/es\/the-17-sustainable-development-goals-for-business\/\">Volver a todos los ODS<\/a>\n          <\/div>\n\n          <!-- CHIPS -->\n          <div class=\"sdgz-sdgPage__chips\" aria-label=\"\u00c1reas de enfoque r\u00e1pido\">\n            <span class=\"sdgz-sdgPage__chip\">Colaboraci\u00f3n local<\/span>\n            <span class=\"sdgz-sdgPage__chip\">Recursos compartidos<\/span>\n            <span class=\"sdgz-sdgPage__chip\">Cadenas de suministro responsables<\/span>\n            <span class=\"sdgz-sdgPage__chip\">Alianzas comunitarias<\/span>\n          <\/div>\n\n          <!-- LOCAL SME EXAMPLE (TINTED + BOXED) -->\n          <div class=\"sdgz-sdgPage__localExample sdgz-sdgPage__localExampleTint\" aria-label=\"Ejemplo de PYME local\">\n            <div class=\"sdgz-sdgPage__localTop\">\n              <span class=\"sdgz-sdgPage__localTag\">Ejemplo de PYME local<\/span>\n              <span class=\"sdgz-sdgPage__localPlace\">Br\u00edstol<\/span>\n            <\/div>\n\n            <h2 class=\"sdgz-sdgPage__localTitle\">Un ejemplo pr\u00e1ctico, local y repetible<\/h2>\n\n            <p class=\"sdgz-sdgPage__localText\">\n              Un fabricante de alimentos con sede en Bristol quer\u00eda reducir los residuos y apoyar a las familias locales. Se asoci\u00f3 con una organizaci\u00f3n ben\u00e9fica local para redistribuir el excedente de existencias, colabor\u00f3 con una empresa de log\u00edstica cercana para optimizar la recogida y trabaj\u00f3 con dos minoristas locales para probar paquetes con envases de &quot;imperfecciones&quot;. Esta colaboraci\u00f3n redujo los costes de eliminaci\u00f3n de residuos, mejor\u00f3 el impacto en la comunidad y gener\u00f3 una imagen positiva en la zona.\n            <\/p>\n\n            <div class=\"sdgz-sdgPage__localGrid\">\n              <div class=\"sdgz-sdgPage__localBox\">\n                <div class=\"sdgz-sdgPage__localBoxTitle\">Lo que hicieron<\/div>\n                <ul class=\"sdgz-sdgPage__localList\">\n                  <li>Se acord\u00f3 una asociaci\u00f3n para la redistribuci\u00f3n de excedentes.<\/li>\n                  <li>Planificaci\u00f3n compartida de log\u00edstica y recogida<\/li>\n                  <li>Se cre\u00f3 un programa piloto de venta minorista local para paquetes.<\/li>\n                <\/ul>\n              <\/div>\n\n              <div class=\"sdgz-sdgPage__localBox\">\n                <div class=\"sdgz-sdgPage__localBoxTitle\">Impacto empresarial<\/div>\n                <ul class=\"sdgz-sdgPage__localList\">\n                  <li>Menores costos de residuos y eliminaci\u00f3n<\/li>\n                  <li>Mayor reputaci\u00f3n y alcance local.<\/li>\n                  <li>Nuevas relaciones y oportunidades de referencias<\/li>\n                <\/ul>\n              <\/div>\n\n              <div class=\"sdgz-sdgPage__localBox sdgz-sdgPage__localBoxWide\">\n                <div class=\"sdgz-sdgPage__localBoxTitle\">\u00c1ngulo de SEO local<\/div>\n                <p class=\"sdgz-sdgPage__localSmall\">\n                  Actualizaron su ficha de SDG:Zero con las palabras clave &quot;asociaci\u00f3n ben\u00e9fica Bristol&quot;, &quot;redistribuci\u00f3n de excedentes&quot; y &quot;colaboraci\u00f3n comunitaria&quot;. Esto facilit\u00f3 b\u00fasquedas como &quot;negocio de alimentaci\u00f3n \u00e9tica Bristol&quot; y ayud\u00f3 a los clientes a ver un impacto local cre\u00edble.\n                <\/p>\n              <\/div>\n            <\/div>\n\n            <div class=\"sdgz-sdgPage__localCTA\">\n              <a class=\"sdgz-sdgPage__localBtn\" href=\"\/es\/add-listing\/\">Agrega tus asociaciones a tu listado.<\/a>\n              <span class=\"sdgz-sdgPage__localHint\">La colaboraci\u00f3n multiplica el impacto<\/span>\n            <\/div>\n          <\/div>\n        <\/div>\n\n        <!-- RIGHT -->\n        <aside class=\"sdgz-sdgPage__heroRight\">\n          <div class=\"sdgz-sdgPage__iconWrap\" aria-label=\"Icono de los ODS 17\">\n            <img decoding=\"async\" src=\"https:\/\/sdgzero.net\/wp-content\/uploads\/2026\/01\/sdg-17.png\" alt=\"SDG 17 Partnerships for the Goals icon\">\n          <\/div>\n\n          <div class=\"sdgz-sdgPage__heroCard sdgz-sdgPage__heroCardTint\">\n            <div class=\"sdgz-sdgPage__heroCardTitle\">Qu\u00e9 significa esto<\/div>\n            <div class=\"sdgz-sdgPage__heroCardText\">\n              El ODS 17 trata sobre el trabajo en equipo. Las pymes pueden lograr mejores resultados mediante alianzas con otras empresas, organizaciones ben\u00e9ficas, escuelas, ayuntamientos y proveedores, compartiendo recursos, conocimientos y oportunidades a nivel local.\n            <\/div>\n          <\/div>\n        <\/aside>\n\n      <\/div>\n    <\/header>\n\n    <!-- CONTENT GRID -->\n    <div class=\"sdgz-sdgPage__grid\">\n\n      <!-- VIDEO (TINTED + BOXED) -->\n      <article class=\"sdgz-sdgPage__card sdgz-sdgPage__cardTint\">\n        <h2 class=\"sdgz-sdgPage__h\">V\u00eddeo explicativo r\u00e1pido<\/h2>\n        <p class=\"sdgz-sdgPage__p\">Descubra c\u00f3mo el ODS 17 apoya a las pymes locales y c\u00f3mo las alianzas ayudan a convertir las buenas intenciones en resultados medibles.<\/p>\n\n        <div class=\"sdgz-sdgPage__video\">\n          <iframe\n            title=\"ODS 17, Alianzas para lograr los Objetivos\"\n            src=\"https:\/\/www.youtube.com\/embed\/HFMtG2DsCyg\"\n            loading=\"lazy\"\n            referrerpolicy=\"strict-origin-when-cross-origin\"\n            allow=\"accelerometer; autoplay; clipboard-write; encrypted-media; gyroscope; picture-in-picture; web-share\"\n            allowfullscreen>\n          <\/iframe>\n        <\/div>\n\n        <div class=\"sdgz-sdgPage__videoNote\">Para acceder a m\u00e1s podcasts y plantillas pr\u00e1cticas sobre planificaci\u00f3n de alianzas, informes de impacto y manuales de colaboraci\u00f3n, \u00fanase a SDG:Zero Vault.<\/div>\n      <\/article>\n\n      <!-- Practical actions (TINTED + BOXED) -->\n      <article class=\"sdgz-sdgPage__card sdgz-sdgPage__cardTint\">\n        <h2 class=\"sdgz-sdgPage__h\">Acciones pr\u00e1cticas para las PYMES<\/h2>\n        <div class=\"sdgz-sdgPage__boxes\">\n\n          <div class=\"sdgz-sdgPage__box\">\n            <div class=\"sdgz-sdgPage__boxTitle\">Colabora a nivel local<\/div>\n            <p class=\"sdgz-sdgPage__p\">Colaborar con empresas, escuelas, organizaciones ben\u00e9ficas y ayuntamientos cercanos para resolver problemas comunes.<\/p>\n          <\/div>\n\n          <div class=\"sdgz-sdgPage__box\">\n            <div class=\"sdgz-sdgPage__boxTitle\">Compartir habilidades y recursos<\/div>\n            <p class=\"sdgz-sdgPage__p\">Ofrecer tutor\u00edas, formaci\u00f3n, espacio o equipamiento para apoyar los resultados locales.<\/p>\n          <\/div>\n\n          <div class=\"sdgz-sdgPage__box\">\n            <div class=\"sdgz-sdgPage__boxTitle\">Fortalezca su cadena de suministro<\/div>\n            <p class=\"sdgz-sdgPage__p\">Elija proveedores que compartan sus valores y colabore con ellos para mejorar los est\u00e1ndares con el tiempo.<\/p>\n          <\/div>\n\n          <div class=\"sdgz-sdgPage__box\">\n            <div class=\"sdgz-sdgPage__boxTitle\">Crear campa\u00f1as conjuntas<\/div>\n            <p class=\"sdgz-sdgPage__p\">Coorganiza eventos, ofertas conjuntas o iniciativas comunitarias que amplifiquen el alcance.<\/p>\n          <\/div>\n\n          <div class=\"sdgz-sdgPage__box\">\n            <div class=\"sdgz-sdgPage__boxTitle\">Medir y comunicar el impacto<\/div>\n            <p class=\"sdgz-sdgPage__p\">Acuerden m\u00e9tricas sencillas, hagan un seguimiento de los resultados y compartan los resultados abiertamente.<\/p>\n          <\/div>\n\n        <\/div>\n      <\/article>\n\n      <!-- Listing copy examples (TINTED + BOXED) -->\n      <article class=\"sdgz-sdgPage__card sdgz-sdgPage__cardTint\">\n        <h2 class=\"sdgz-sdgPage__h\">Ejemplos de copias de listados que puedes utilizar<\/h2>\n        <div class=\"sdgz-sdgPage__boxes\">\n\n          <div class=\"sdgz-sdgPage__box\">\n            <div class=\"sdgz-sdgPage__boxTitle\">asociaciones locales<\/div>\n            <p class=\"sdgz-sdgPage__p\">Colaboramos con socios locales para lograr resultados pr\u00e1cticos, compartiendo recursos y habilidades para fortalecer nuestra comunidad.<\/p>\n          <\/div>\n\n          <div class=\"sdgz-sdgPage__box\">\n            <div class=\"sdgz-sdgPage__boxTitle\">Cadena de suministro responsable<\/div>\n            <p class=\"sdgz-sdgPage__p\">Trabajamos con proveedores que comparten nuestros valores y fomentamos la mejora continua a trav\u00e9s de una comunicaci\u00f3n abierta.<\/p>\n          <\/div>\n\n          <div class=\"sdgz-sdgPage__box\">\n            <div class=\"sdgz-sdgPage__boxTitle\">Iniciativas comunitarias conjuntas<\/div>\n            <p class=\"sdgz-sdgPage__p\">Apoyamos las campa\u00f1as conjuntas y los proyectos comunitarios que generan un impacto local medible y relaciones duraderas.<\/p>\n          <\/div>\n\n        <\/div>\n      <\/article>\n\n      <!-- Metrics (TINTED + BOXED) -->\n      <article class=\"sdgz-sdgPage__card sdgz-sdgPage__cardTint\">\n        <h2 class=\"sdgz-sdgPage__h\">M\u00e9tricas sencillas para realizar un seguimiento<\/h2>\n        <div class=\"sdgz-sdgPage__boxes\">\n\n          <div class=\"sdgz-sdgPage__box\">\n            <div class=\"sdgz-sdgPage__boxTitle\">Resultados de la asociaci\u00f3n<\/div>\n            <p class=\"sdgz-sdgPage__p\">N\u00famero de alianzas, actividades realizadas y resultados alcanzados.<\/p>\n          <\/div>\n\n          <div class=\"sdgz-sdgPage__box\">\n            <div class=\"sdgz-sdgPage__boxTitle\">Recursos aportados<\/div>\n            <p class=\"sdgz-sdgPage__p\">Se proporcionan horas de voluntariado, donaciones, tiempo de mentor\u00eda y apoyo en especie.<\/p>\n          <\/div>\n\n          <div class=\"sdgz-sdgPage__box\">\n            <div class=\"sdgz-sdgPage__boxTitle\">Alcance local<\/div>\n            <p class=\"sdgz-sdgPage__p\">Asistencia a eventos, referencias generadas y participaci\u00f3n comunitaria derivada de la actividad conjunta.<\/p>\n          <\/div>\n\n        <\/div>\n      <\/article>\n\n      <!-- SDG-SPECIFIC CTA (TINTED) -->\n      <article class=\"sdgz-sdgPage__card sdgz-sdgPage__ctaCard\">\n        <div class=\"sdgz-sdgPage__ctaKicker\">ODS 17: Crecer mediante la colaboraci\u00f3n<\/div>\n        <h2 class=\"sdgz-sdgPage__ctaTitle\">Transforma las alianzas en confianza, alcance y recomendaciones.<\/h2>\n\n        <p class=\"sdgz-sdgPage__p\">\n          Las alianzas s\u00f3lidas generan mejores resultados. Al colaborar localmente y compartir resultados abiertamente, se genera confianza, se ampl\u00eda la red de contactos y se logra un crecimiento sostenible. A\u00f1ada el ODS 17 a su lista de ODS:Zero y comparta las novedades de sus socios, las campa\u00f1as conjuntas y los logros medibles.\n        <\/p>\n\n        <div class=\"sdgz-sdgPage__ctaBullets\">\n          <div class=\"sdgz-sdgPage__ctaBullet\">Dest\u00e1cate a nivel local como una empresa conectada y centrada en la comunidad.<\/div>\n          <div class=\"sdgz-sdgPage__ctaBullet\">Aumentar el alcance mediante campa\u00f1as conjuntas y audiencias compartidas.<\/div>\n          <div class=\"sdgz-sdgPage__ctaBullet\">Genere referencias y credibilidad mediante alianzas visibles.<\/div>\n        <\/div>\n\n        <div class=\"sdgz-sdgPage__ctaRow2\">\n          <a class=\"sdgz-sdgPage__btn sdgz-sdgPage__btnPrimary\" href=\"\/es\/join\/\">\u00danete a SDG:Zero<\/a>\n          <a class=\"sdgz-sdgPage__btn sdgz-sdgPage__btnGhost\" href=\"\/es\/add-listing\/\">Crea tu anuncio<\/a>\n        <\/div>\n      <\/article>\n\n    <\/div>\n  <\/div>\n<\/section>\n\n<style>\n\/* ========= SDG 17, FULL CSS (Elementor-safe, scoped to .sdgz-sdg17 only) ========= *\/\n.sdgz-sdg17{ --sdg:#19486A; }\n.sdgz-sdg17 *{ box-sizing:border-box; }\n\n.sdgz-sdg17{\n  padding:60px 0 72px;\n  background:\n    radial-gradient(900px 520px at 18% 12%, rgba(25,72,106,0.12), transparent 60%),\n    radial-gradient(900px 520px at 82% 88%, rgba(37,99,235,0.08), transparent 60%),\n    linear-gradient(135deg,#f7f9fc,#eef3f9,#ffffff);\n  color:#0f172a;\n  font-family:system-ui,-apple-system,Segoe UI,Roboto,Helvetica,Arial;\n}\n\n.sdgz-sdg17 .sdgz-sdgPage__wrap{ width:min(1200px,92%); margin:0 auto; }\n\n.sdgz-sdg17 .sdgz-sdgPage__hero{\n  position:relative;\n  border-radius:28px;\n  border:1px solid rgba(15,23,42,0.10);\n  background:rgba(255,255,255,0.80);\n  box-shadow:0 18px 50px rgba(2,6,23,0.10);\n  backdrop-filter:blur(10px);\n  overflow:hidden;\n}\n.sdgz-sdg17 .sdgz-sdgPage__hero::before{\n  content:\"\";\n  position:absolute;\n  inset:-40%;\n  background:\n    radial-gradient(760px 520px at 18% 28%, rgba(25,72,106,0.18), transparent 62%),\n    radial-gradient(760px 520px at 86% 78%, rgba(37,99,235,0.10), transparent 62%);\n  pointer-events:none;\n}\n.sdgz-sdg17 .sdgz-sdgPage__hero::after{\n  content:\"\";\n  position:absolute;\n  left:0; top:0; bottom:0;\n  width:10px;\n  background:var(--sdg);\n}\n\n.sdgz-sdg17 .sdgz-sdgPage__heroInner{\n  position:relative;\n  z-index:1;\n  display:grid;\n  grid-template-columns:1.2fr 0.8fr;\n  gap:22px;\n  padding:30px 28px;\n  align-items:start;\n}\n\n.sdgz-sdg17 .sdgz-sdgPage__kicker{\n  display:inline-flex;\n  align-items:center;\n  gap:10px;\n  font-weight:900;\n  font-size:12px;\n  letter-spacing:0.10em;\n  text-transform:uppercase;\n  color:rgba(15,23,42,0.78);\n  background:rgba(255,255,255,0.82);\n  border:1px solid rgba(15,23,42,0.10);\n  padding:10px 12px;\n  border-radius:999px;\n  margin-bottom:12px;\n}\n.sdgz-sdg17 .sdgz-sdgPage__title{\n  margin:0 0 12px 0;\n  font-size:clamp(30px,3.6vw,48px);\n  line-height:1.08;\n  letter-spacing:-0.02em;\n}\n.sdgz-sdg17 .sdgz-sdgPage__lead{\n  margin:0 0 16px 0;\n  max-width:72ch;\n  color:#475569;\n  font-size:16px;\n  line-height:1.75;\n}\n\n.sdgz-sdg17 .sdgz-sdgPage__ctaRow,\n.sdgz-sdg17 .sdgz-sdgPage__ctaRow2{\n  display:flex;\n  flex-wrap:wrap;\n  gap:16px;\n  align-items:center;\n  margin:16px 0 18px;\n}\n\n.sdgz-sdg17 .sdgz-sdgPage__btn{\n  display:inline-flex;\n  align-items:center;\n  justify-content:center;\n  padding:12px 18px;\n  border-radius:999px;\n  font-weight:900;\n  font-size:14px;\n  text-decoration:none;\n  border:1px solid rgba(15,23,42,0.12);\n  transition:transform .15s ease, box-shadow .15s ease;\n  white-space:nowrap;\n}\n.sdgz-sdg17 .sdgz-sdgPage__btn:hover{\n  transform:translateY(-1px);\n  box-shadow:0 14px 40px rgba(2,6,23,0.12);\n}\n.sdgz-sdg17 .sdgz-sdgPage__btnPrimary{\n  background:linear-gradient(135deg,var(--sdg),#2563eb);\n  border-color:rgba(15,23,42,0.12);\n  color:#ffffff !important;\n  -webkit-text-fill-color:#ffffff !important;\n  opacity:1 !important;\n}\n.sdgz-sdg17 .sdgz-sdgPage__btnPrimary:visited,\n.sdgz-sdg17 .sdgz-sdgPage__btnPrimary:hover,\n.sdgz-sdg17 .sdgz-sdgPage__btnPrimary:focus{\n  color:#ffffff !important;\n  -webkit-text-fill-color:#ffffff !important;\n}\n.sdgz-sdg17 .sdgz-sdgPage__btnGhost{\n  background:rgba(255,255,255,0.86);\n  color:#0f172a;\n}\n\n.sdgz-sdg17 .sdgz-sdgPage__chips{\n  display:flex;\n  flex-wrap:wrap;\n  gap:8px;\n  margin-bottom:14px;\n}\n.sdgz-sdg17 .sdgz-sdgPage__chip{\n  display:inline-flex;\n  align-items:center;\n  padding:8px 12px;\n  border-radius:999px;\n  font-weight:800;\n  font-size:12.5px;\n  color:rgba(15,23,42,0.82);\n  background:rgba(255,255,255,0.75);\n  border:1px solid rgba(15,23,42,0.10);\n}\n\n\/* Right side *\/\n.sdgz-sdg17 .sdgz-sdgPage__heroRight{ display:grid; gap:12px; justify-items:end; }\n\n.sdgz-sdg17 .sdgz-sdgPage__iconWrap{\n  width:min(280px,100%);\n  aspect-ratio:1\/1;\n  border-radius:22px;\n  overflow:hidden;\n  border:1px solid rgba(15,23,42,0.10);\n  background:rgba(255,255,255,0.6);\n  box-shadow:0 22px 60px rgba(2,6,23,0.12);\n}\n.sdgz-sdg17 .sdgz-sdgPage__iconWrap img{ width:100%; height:100%; object-fit:cover; display:block; }\n\n.sdgz-sdg17 .sdgz-sdgPage__heroCard{\n  width:min(280px,100%);\n  border-radius:20px;\n  border:1px solid rgba(15,23,42,0.10);\n  background:rgba(255,255,255,0.74);\n  padding:14px 14px 16px;\n  position:relative;\n  overflow:hidden;\n}\n.sdgz-sdg17 .sdgz-sdgPage__heroCardTint{\n  border-color: rgba(25,72,106,0.22);\n  background:\n    radial-gradient(760px 520px at 12% 18%, rgba(25,72,106,0.14), transparent 62%),\n    rgba(255,255,255,0.88);\n}\n.sdgz-sdg17 .sdgz-sdgPage__heroCardTint::before{\n  content:\"\";\n  position:absolute;\n  left:0; top:0; bottom:0;\n  width:6px;\n  background:var(--sdg);\n  opacity:0.85;\n}\n.sdgz-sdg17 .sdgz-sdgPage__heroCardTitle{ font-weight:1000; letter-spacing:-0.01em; margin-bottom:6px; }\n.sdgz-sdg17 .sdgz-sdgPage__heroCardText{ color:#475569; font-size:13.5px; line-height:1.6; }\n\n\/* Local example *\/\n.sdgz-sdg17 .sdgz-sdgPage__localExample{\n  border-radius:20px;\n  border:1px solid rgba(15,23,42,0.10);\n  background:rgba(255,255,255,0.74);\n  box-shadow:0 14px 34px rgba(2,6,23,0.08);\n  padding:16px;\n  position:relative;\n  overflow:hidden;\n}\n.sdgz-sdg17 .sdgz-sdgPage__localExampleTint{\n  border-color: rgba(25,72,106,0.22);\n  background:\n    radial-gradient(760px 520px at 12% 18%, rgba(25,72,106,0.14), transparent 62%),\n    rgba(255,255,255,0.88);\n}\n.sdgz-sdg17 .sdgz-sdgPage__localExampleTint::before{\n  content:\"\";\n  position:absolute;\n  left:0; top:0; bottom:0;\n  width:6px;\n  background:var(--sdg);\n  opacity:0.85;\n}\n.sdgz-sdg17 .sdgz-sdgPage__localTop{\n  display:flex;\n  align-items:center;\n  justify-content:space-between;\n  gap:10px;\n  margin-bottom:10px;\n  flex-wrap:wrap;\n}\n.sdgz-sdg17 .sdgz-sdgPage__localTag{\n  display:inline-flex;\n  padding:7px 10px;\n  border-radius:999px;\n  font-weight:900;\n  font-size:12px;\n  letter-spacing:0.08em;\n  text-transform:uppercase;\n  background:rgba(255,255,255,0.82);\n  border:1px solid rgba(15,23,42,0.10);\n}\n.sdgz-sdg17 .sdgz-sdgPage__localPlace{ color:rgba(15,23,42,0.70); font-weight:800; font-size:12.5px; }\n\n.sdgz-sdg17 .sdgz-sdgPage__localTitle{ margin:0 0 8px 0; font-size:16px; letter-spacing:-0.01em; }\n.sdgz-sdg17 .sdgz-sdgPage__localText{ margin:0 0 12px 0; color:#475569; font-size:13.5px; line-height:1.65; }\n\n.sdgz-sdg17 .sdgz-sdgPage__localGrid{\n  display:grid;\n  grid-template-columns:1fr 1fr;\n  gap:10px;\n  margin-bottom:12px;\n}\n.sdgz-sdg17 .sdgz-sdgPage__localBox{\n  border-radius:16px;\n  border:1px solid rgba(25,72,106,0.18);\n  background: linear-gradient(135deg, rgba(25,72,106,0.06), rgba(255,255,255,0.78));\n  padding:12px;\n}\n.sdgz-sdg17 .sdgz-sdgPage__localBoxWide{ grid-column:1 \/ -1; }\n.sdgz-sdg17 .sdgz-sdgPage__localBoxTitle{ font-weight:1000; margin-bottom:6px; letter-spacing:-0.01em; }\n\n.sdgz-sdg17 .sdgz-sdgPage__localList{\n  margin:0;\n  padding-left:18px;\n  color:rgba(15,23,42,0.88);\n  font-size:13.5px;\n  line-height:1.6;\n}\n.sdgz-sdg17 .sdgz-sdgPage__localSmall{ margin:0; color:#475569; font-size:13.5px; line-height:1.6; }\n\n.sdgz-sdg17 .sdgz-sdgPage__localCTA{\n  display:flex;\n  align-items:center;\n  justify-content:space-between;\n  gap:10px;\n  flex-wrap:wrap;\n}\n.sdgz-sdg17 .sdgz-sdgPage__localBtn{\n  display:inline-flex;\n  align-items:center;\n  justify-content:center;\n  padding:10px 14px;\n  border-radius:12px;\n  font-weight:900;\n  font-size:13px;\n  color:rgba(15,23,42,0.90);\n  text-decoration:none;\n  background:rgba(25,72,106,0.10);\n  border:1px solid rgba(25,72,106,0.22);\n}\n.sdgz-sdg17 .sdgz-sdgPage__localHint{ color:rgba(15,23,42,0.65); font-size:12.5px; font-weight:700; }\n\n\/* Grid cards *\/\n.sdgz-sdg17 .sdgz-sdgPage__grid{\n  margin-top:16px;\n  display:grid;\n  grid-template-columns:1fr 1fr;\n  gap:14px;\n}\n.sdgz-sdg17 .sdgz-sdgPage__card{\n  background:rgba(255,255,255,0.86);\n  border:1px solid rgba(15,23,42,0.10);\n  border-radius:20px;\n  padding:18px;\n  box-shadow:0 14px 34px rgba(2,6,23,0.08);\n  position:relative;\n  overflow:hidden;\n}\n.sdgz-sdg17 .sdgz-sdgPage__cardTint{\n  border-color: rgba(25,72,106,0.22);\n  background:\n    radial-gradient(760px 520px at 12% 18%, rgba(25,72,106,0.14), transparent 62%),\n    rgba(255,255,255,0.88);\n}\n.sdgz-sdg17 .sdgz-sdgPage__cardTint::before{\n  content:\"\";\n  position:absolute;\n  left:0; top:0; bottom:0;\n  width:6px;\n  background:var(--sdg);\n  opacity:0.85;\n}\n\n.sdgz-sdg17 .sdgz-sdgPage__h{ margin:0 0 12px 0; font-size:18px; letter-spacing:-0.01em; }\n.sdgz-sdg17 .sdgz-sdgPage__p{ margin:0; color:#475569; font-size:14px; line-height:1.65; }\n\n.sdgz-sdg17 .sdgz-sdgPage__boxes{ display:grid; gap:12px; }\n.sdgz-sdg17 .sdgz-sdgPage__box{\n  border-radius:16px;\n  border:1px solid rgba(25,72,106,0.18);\n  background: linear-gradient(135deg, rgba(25,72,106,0.06), rgba(255,255,255,0.78));\n  padding:12px 12px 14px;\n}\n.sdgz-sdg17 .sdgz-sdgPage__boxTitle{ font-weight:1000; margin-bottom:6px; letter-spacing:-0.01em; }\n\n\/* Video *\/\n.sdgz-sdg17 .sdgz-sdgPage__video{\n  margin-top:12px;\n  border-radius:18px;\n  overflow:hidden;\n  border:1px solid rgba(25,72,106,0.18);\n  background: linear-gradient(135deg, rgba(25,72,106,0.06), rgba(255,255,255,0.78));\n  aspect-ratio:16\/9;\n}\n.sdgz-sdg17 .sdgz-sdgPage__video iframe{ width:100%; height:100%; display:block; }\n.sdgz-sdg17 .sdgz-sdgPage__videoNote{\n  margin-top:10px;\n  font-size:12.5px;\n  color:rgba(15,23,42,0.65);\n  font-weight:700;\n}\n\n\/* CTA card *\/\n.sdgz-sdg17 .sdgz-sdgPage__ctaCard{\n  grid-column:1 \/ -1;\n  border-color:rgba(25,72,106,0.24);\n  background:\n    radial-gradient(720px 420px at 12% 35%, rgba(25,72,106,0.16), transparent 62%),\n    rgba(255,255,255,0.88);\n}\n.sdgz-sdg17 .sdgz-sdgPage__ctaCard::before{\n  content:\"\";\n  position:absolute;\n  left:0; top:0; bottom:0;\n  width:8px;\n  background:var(--sdg);\n}\n\n.sdgz-sdg17 .sdgz-sdgPage__ctaKicker{\n  display:inline-flex;\n  padding:8px 12px;\n  border-radius:999px;\n  font-weight:900;\n  font-size:12px;\n  letter-spacing:0.08em;\n  text-transform:uppercase;\n  background:rgba(255,255,255,0.82);\n  border:1px solid rgba(15,23,42,0.10);\n  margin-bottom:10px;\n}\n.sdgz-sdg17 .sdgz-sdgPage__ctaTitle{ margin:0 0 8px 0; font-size:22px; letter-spacing:-0.01em; }\n\n.sdgz-sdg17 .sdgz-sdgPage__ctaBullets{\n  display:grid;\n  gap:10px;\n  margin-top:10px;\n  margin-bottom:12px;\n}\n.sdgz-sdg17 .sdgz-sdgPage__ctaBullet{\n  border-radius:14px;\n  border:1px solid rgba(25,72,106,0.18);\n  background: linear-gradient(135deg, rgba(25,72,106,0.06), rgba(255,255,255,0.78));\n  padding:10px 12px;\n  font-weight:800;\n  color:rgba(15,23,42,0.86);\n  font-size:13.5px;\n  line-height:1.55;\n}\n\n\/* Responsive *\/\n@media (max-width: 980px){\n  .sdgz-sdg17 .sdgz-sdgPage__heroInner{ grid-template-columns:1fr; }\n  .sdgz-sdg17 .sdgz-sdgPage__heroRight{ justify-items:start; }\n  .sdgz-sdg17 .sdgz-sdgPage__grid{ grid-template-columns:1fr; }\n  .sdgz-sdg17 .sdgz-sdgPage__localGrid{ grid-template-columns:1fr; }\n  .sdgz-sdg17 .sdgz-sdgPage__localBoxWide{ grid-column:auto; }\n}\n@media (max-width: 640px){\n  .sdgz-sdg17 .sdgz-sdgPage__ctaRow a,\n  .sdgz-sdg17 .sdgz-sdgPage__ctaRow2 a{\n    width:100%;\n    justify-content:center;\n  }\n}\n<\/style>\n\t\t\t\t\t\t\t\t<\/div>\n\t\t\t\t<\/div>\n\t\t\t\t<\/div>","protected":false},"excerpt":{"rendered":"<p>SDG 17, Partnerships for the goals Partnerships for the Goals Strengthen the means of implementation and revitalise global partnerships for sustainable development. For SMEs, this means collaborating locally, sharing skills and resources, building responsible supply chains, and partnering with charities, schools, councils, and other businesses to create measurable impact. Add SDG 17 to your SDG:Zero [&hellip;]<\/p>\n","protected":false},"author":1,"featured_media":0,"parent":2158,"menu_order":0,"comment_status":"closed","ping_status":"closed","template":"","meta":{"_acf_changed":false,"_monsterinsights_skip_tracking":false,"_monsterinsights_sitenote_active":false,"_monsterinsights_sitenote_note":"","_monsterinsights_sitenote_category":0,"footnotes":""},"class_list":["post-2212","page","type-page","status-publish","hentry"],"acf":[],"_links":{"self":[{"href":"https:\/\/sdgzero.net\/es\/wp-json\/wp\/v2\/pages\/2212","targetHints":{"allow":["GET"]}}],"collection":[{"href":"https:\/\/sdgzero.net\/es\/wp-json\/wp\/v2\/pages"}],"about":[{"href":"https:\/\/sdgzero.net\/es\/wp-json\/wp\/v2\/types\/page"}],"author":[{"embeddable":true,"href":"https:\/\/sdgzero.net\/es\/wp-json\/wp\/v2\/users\/1"}],"replies":[{"embeddable":true,"href":"https:\/\/sdgzero.net\/es\/wp-json\/wp\/v2\/comments?post=2212"}],"version-history":[{"count":0,"href":"https:\/\/sdgzero.net\/es\/wp-json\/wp\/v2\/pages\/2212\/revisions"}],"up":[{"embeddable":true,"href":"https:\/\/sdgzero.net\/es\/wp-json\/wp\/v2\/pages\/2158"}],"wp:attachment":[{"href":"https:\/\/sdgzero.net\/es\/wp-json\/wp\/v2\/media?parent=2212"}],"curies":[{"name":"wp","href":"https:\/\/api.w.org\/{rel}","templated":true}]}}