{"id":2184,"date":"2026-01-27T17:12:04","date_gmt":"2026-01-27T17:12:04","guid":{"rendered":"https:\/\/sdgzero.net\/?page_id=2184"},"modified":"2026-01-31T18:46:32","modified_gmt":"2026-01-31T18:46:32","slug":"good-health-and-well-being","status":"publish","type":"page","link":"https:\/\/sdgzero.net\/fr\/the-17-sustainable-development-goals-for-business\/good-health-and-well-being\/","title":{"rendered":"Bonne sant\u00e9 et bien-\u00eatre"},"content":{"rendered":"<div data-elementor-type=\"wp-page\" data-elementor-id=\"2184\" class=\"elementor elementor-2184\" data-elementor-post-type=\"page\">\n\t\t\t\t<div class=\"elementor-element elementor-element-c28a78b e-con-full e-flex e-con e-parent\" data-id=\"c28a78b\" data-element_type=\"container\" data-e-type=\"container\">\n\t\t\t\t<div class=\"elementor-element elementor-element-335c83d elementor-widget elementor-widget-text-editor\" data-id=\"335c83d\" data-element_type=\"widget\" data-e-type=\"widget\" data-widget_type=\"text-editor.default\">\n\t\t\t\t\t\t\t\t\t<section class=\"sdgz-sdgPage sdgz-sdg3\" aria-label=\"ODD 3 Bonne sant\u00e9 et bien-\u00eatre\">\n  <div class=\"sdgz-sdgPage__wrap\">\n\n    <header class=\"sdgz-sdgPage__hero\" style=\"--sdg: #4C9F38; --wash: rgba(76,159,56,0.16);\">\n      <div class=\"sdgz-sdgPage__heroInner\">\n\n        <div class=\"sdgz-sdgPage__heroLeft\">\n          <div class=\"sdgz-sdgPage__kicker\">ODD 3, Bonne sant\u00e9 et bien-\u00eatre<\/div>\n          <h1 class=\"sdgz-sdgPage__title\">Bonne sant\u00e9 et bien-\u00eatre<\/h1>\n\n          <p class=\"sdgz-sdgPage__lead\">\n            Garantir une vie saine et promouvoir le bien-\u00eatre de tous \u00e0 tous les \u00e2ges. Pour les PME, cela signifie assurer la s\u00e9curit\u00e9 au travail, soutenir la sant\u00e9 mentale, r\u00e9duire l&#039;absent\u00e9isme pour maladie et contribuer \u00e0 la cr\u00e9ation de communaut\u00e9s plus saines gr\u00e2ce \u00e0 des choix commerciaux quotidiens.\n          <\/p>\n\n          <div class=\"sdgz-sdgPage__ctaRow\">\n            <a class=\"sdgz-sdgPage__btn sdgz-sdgPage__btnPrimary\" href=\"\/fr\/add-listing\/\">Ajoutez l&#039;ODD 3 \u00e0 votre liste ODD:Z\u00e9ro<\/a>\n            <a class=\"sdgz-sdgPage__btn sdgz-sdgPage__btnGhost\" href=\"https:\/\/sdgzero.net\/fr\/the-17-sustainable-development-goals-for-business\/\">Retour \u00e0 tous les ODD<\/a>\n          <\/div>\n\n          <div class=\"sdgz-sdgPage__chips\" aria-label=\"Zones de concentration rapide\">\n            <span class=\"sdgz-sdgPage__chip\">Bien-\u00eatre<\/span>\n            <span class=\"sdgz-sdgPage__chip\">sant\u00e9 mentale<\/span>\n            <span class=\"sdgz-sdgPage__chip\">S\u00e9curit\u00e9<\/span>\n            <span class=\"sdgz-sdgPage__chip\">Un environnement de travail sain<\/span>\n          <\/div>\n\n          <div class=\"sdgz-sdgPage__localExample sdgz-sdgPage__localExampleTint\" aria-label=\"Exemple de PME locale\">\n            <div class=\"sdgz-sdgPage__localTop\">\n              <span class=\"sdgz-sdgPage__localTag\">Exemple de PME locale<\/span>\n              <span class=\"sdgz-sdgPage__localPlace\">York<\/span>\n            <\/div>\n\n            <h2 class=\"sdgz-sdgPage__localTitle\">Un exemple pratique, local et mesurable<\/h2>\n\n            <p class=\"sdgz-sdgPage__localText\">\n              Une PME manufacturi\u00e8re de York a constat\u00e9 une augmentation progressive de l&#039;absent\u00e9isme pour maladie et un niveau de stress \u00e9lev\u00e9 parmi son personnel lors des p\u00e9riodes de forte activit\u00e9. Elle a mis en place un programme de bien-\u00eatre simple, am\u00e9lior\u00e9 la planification des horaires, ajout\u00e9 une formation aux premiers secours en sant\u00e9 mentale et renforc\u00e9 les contr\u00f4les de s\u00e9curit\u00e9. En trois mois, l&#039;absent\u00e9isme a diminu\u00e9 et la fid\u00e9lisation du personnel s&#039;est am\u00e9lior\u00e9e.\n            <\/p>\n\n            <div class=\"sdgz-sdgPage__localGrid\">\n              <div class=\"sdgz-sdgPage__localBox\">\n                <div class=\"sdgz-sdgPage__localBoxTitle\">Ce qu&#039;ils ont fait<\/div>\n                <ul class=\"sdgz-sdgPage__localList\">\n                  <li>Bilans de bien-\u00eatre mensuels et signal\u00e9tique claire<\/li>\n                  <li>Am\u00e9liorer les horaires de travail pour r\u00e9duire la fatigue<\/li>\n                  <li>Rappels en mati\u00e8re de s\u00e9curit\u00e9 et signalement des incidents \u00e9vit\u00e9s de justesse<\/li>\n                <\/ul>\n              <\/div>\n\n              <div class=\"sdgz-sdgPage__localBox\">\n                <div class=\"sdgz-sdgPage__localBoxTitle\">Impact sur l&#039;entreprise<\/div>\n                <ul class=\"sdgz-sdgPage__localList\">\n                  <li>R\u00e9duction des co\u00fbts li\u00e9s aux arr\u00eats maladie et aux heures suppl\u00e9mentaires<\/li>\n                  <li>Am\u00e9lioration de la fid\u00e9lisation et du moral<\/li>\n                  <li>Meilleure r\u00e9putation d&#039;employeur au niveau local<\/li>\n                <\/ul>\n              <\/div>\n\n              <div class=\"sdgz-sdgPage__localBox sdgz-sdgPage__localBoxWide\">\n                <div class=\"sdgz-sdgPage__localBoxTitle\">R\u00e9f\u00e9rencement local<\/div>\n                <p class=\"sdgz-sdgPage__localSmall\">\n                  Ils ont ajout\u00e9 les termes \u201c\u00a0bien-\u00eatre des employ\u00e9s\u00a0\u201d, \u201c\u00a0lieu de travail s\u00fbr\u00a0\u201d et \u201c\u00a0soutien en sant\u00e9 mentale\u00a0\u201d \u00e0 leur fiche et \u00e0 leurs publications SDG:Zero. Cela leur a permis d&#039;appara\u00eetre dans les r\u00e9sultats de recherche locaux li\u00e9s aux employeurs \u00e9thiques, au recrutement et aux entreprises engag\u00e9es dans la communaut\u00e9 \u00e0 York.\n                <\/p>\n              <\/div>\n            <\/div>\n\n            <div class=\"sdgz-sdgPage__localCTA\">\n              <a class=\"sdgz-sdgPage__localBtn\" href=\"\/fr\/add-listing\/\">Affirmez votre engagement en faveur du bien-\u00eatre au niveau local.<\/a>\n              <span class=\"sdgz-sdgPage__localHint\">Des \u00e9quipes saines b\u00e2tissent des entreprises plus fortes<\/span>\n            <\/div>\n          <\/div>\n        <\/div>\n\n        <aside class=\"sdgz-sdgPage__heroRight\">\n          <div class=\"sdgz-sdgPage__iconWrap\" aria-label=\"Ic\u00f4ne ODD 3\">\n            <img decoding=\"async\" src=\"https:\/\/sdgzero.net\/wp-content\/uploads\/2026\/01\/sdg-3.jpg\" alt=\"SDG 3 Good Health and Wellbeing icon\">\n          <\/div>\n\n          <div class=\"sdgz-sdgPage__heroCard sdgz-sdgPage__heroCardTint\">\n            <div class=\"sdgz-sdgPage__heroCardTitle\">Ce que cela signifie<\/div>\n            <div class=\"sdgz-sdgPage__heroCardText\">\n              Une bonne sant\u00e9 favorise la productivit\u00e9 et la r\u00e9silience locale. Les PME contribuent \u00e0 l&#039;ODD 3 en promouvant la s\u00e9curit\u00e9, le bien-\u00eatre, la flexibilit\u00e9 du travail et en cr\u00e9ant des environnements propices \u00e0 l&#039;\u00e9panouissement personnel.\n            <\/div>\n          <\/div>\n        <\/aside>\n\n      <\/div>\n    <\/header>\n\n    <div class=\"sdgz-sdgPage__grid\">\n\n      <article class=\"sdgz-sdgPage__card sdgz-sdgPage__cardTint\">\n        <h2 class=\"sdgz-sdgPage__h\">Vid\u00e9o explicative rapide<\/h2>\n        <p class=\"sdgz-sdgPage__p\">\n          D\u00e9couvrez comment l&#039;ODD 3 affecte les PME locales et comment de petites actions concr\u00e8tes en mati\u00e8re de bien-\u00eatre et de s\u00e9curit\u00e9 peuvent renforcer les communaut\u00e9s locales.\n        <\/p>\n\n        <div class=\"sdgz-sdgPage__video\">\n          <iframe\n            title=\"ODD 3, Bonne sant\u00e9 et bien-\u00eatre\"\n            src=\"https:\/\/www.youtube.com\/embed\/NhNg1QlxRhg\"\n            frameborder=\"0\"\n            allow=\"accelerometer; autoplay; clipboard-write; encrypted-media; gyroscope; picture-in-picture; web-share\"\n            allowfullscreen>\n          <\/iframe>\n        <\/div>\n\n        <div class=\"sdgz-sdgPage__videoNote\">\n          Pour acc\u00e9der \u00e0 davantage de podcasts et de mod\u00e8les pratiques sur le bien-\u00eatre, la s\u00e9curit\u00e9 et la constitution d&#039;\u00e9quipes r\u00e9silientes, rejoignez la SDG:Zero Vault.\n        <\/div>\n      <\/article>\n\n      <article class=\"sdgz-sdgPage__card sdgz-sdgPage__cardTint\">\n        <h2 class=\"sdgz-sdgPage__h\">Actions concr\u00e8tes pour les PME<\/h2>\n        <div class=\"sdgz-sdgPage__boxes\">\n          <div class=\"sdgz-sdgPage__box\">\n            <div class=\"sdgz-sdgPage__boxTitle\">Renforcer la s\u00e9curit\u00e9 au travail<\/div>\n            <p class=\"sdgz-sdgPage__p\">Mettre \u00e0 jour les \u00e9valuations des risques, encourager le signalement des incidents \u00e9vit\u00e9s de justesse et veiller \u00e0 ce que la formation soit toujours \u00e0 jour.<\/p>\n          <\/div>\n          <div class=\"sdgz-sdgPage__box\">\n            <div class=\"sdgz-sdgPage__boxTitle\">Soutenir la sant\u00e9 mentale<\/div>\n            <p class=\"sdgz-sdgPage__p\">Signal\u00e9tique claire, formation des managers et une culture o\u00f9 chacun peut s&#039;exprimer rapidement.<\/p>\n          <\/div>\n          <div class=\"sdgz-sdgPage__box\">\n            <div class=\"sdgz-sdgPage__boxTitle\">R\u00e9duire le risque d&#039;\u00e9puisement professionnel<\/div>\n            <p class=\"sdgz-sdgPage__p\">Une meilleure planification de la charge de travail, des d\u00e9lais r\u00e9alistes et des modalit\u00e9s de travail flexibles lorsque cela est possible.<\/p>\n          <\/div>\n          <div class=\"sdgz-sdgPage__box\">\n            <div class=\"sdgz-sdgPage__boxTitle\">Encouragez des habitudes plus saines<\/div>\n            <p class=\"sdgz-sdgPage__p\">Hydratation, pauses, mouvement et petites incitations pratiques au bien-\u00eatre, faciles \u00e0 maintenir.<\/p>\n          <\/div>\n          <div class=\"sdgz-sdgPage__box\">\n            <div class=\"sdgz-sdgPage__boxTitle\">Soutenir les initiatives locales en mati\u00e8re de sant\u00e9<\/div>\n            <p class=\"sdgz-sdgPage__p\">\u00c9tablissez des partenariats avec des organismes de bienfaisance locaux, parrainez des \u00e9v\u00e9nements communautaires ou mettez des locaux \u00e0 disposition des groupes locaux.<\/p>\n          <\/div>\n        <\/div>\n      <\/article>\n\n      <article class=\"sdgz-sdgPage__card sdgz-sdgPage__cardTint\">\n        <h2 class=\"sdgz-sdgPage__h\">Exemples de textes d&#039;annonces que vous pouvez utiliser<\/h2>\n        <div class=\"sdgz-sdgPage__boxes\">\n          <div class=\"sdgz-sdgPage__box\">\n            <div class=\"sdgz-sdgPage__boxTitle\">Bien-\u00eatre<\/div>\n            <p class=\"sdgz-sdgPage__p\">Nous soutenons le bien-\u00eatre du personnel gr\u00e2ce \u00e0 des points de contr\u00f4le clairs, des charges de travail r\u00e9alistes et un soutien pratique en cas de besoin.<\/p>\n          <\/div>\n          <div class=\"sdgz-sdgPage__box\">\n            <div class=\"sdgz-sdgPage__boxTitle\">S\u00e9curit\u00e9<\/div>\n            <p class=\"sdgz-sdgPage__p\">Nous assurons un environnement de travail s\u00fbr gr\u00e2ce \u00e0 des formations r\u00e9guli\u00e8res, des analyses de risques et une culture du signalement et de l&#039;am\u00e9lioration continue.<\/p>\n          <\/div>\n          <div class=\"sdgz-sdgPage__box\">\n            <div class=\"sdgz-sdgPage__boxTitle\">Sant\u00e9 communautaire<\/div>\n            <p class=\"sdgz-sdgPage__p\">Nous soutenons le bien-\u00eatre local gr\u00e2ce \u00e0 des partenariats et des activit\u00e9s communautaires qui aident les gens \u00e0 rester en bonne sant\u00e9 et connect\u00e9s.<\/p>\n          <\/div>\n        <\/div>\n      <\/article>\n\n      <article class=\"sdgz-sdgPage__card sdgz-sdgPage__cardTint\">\n        <h2 class=\"sdgz-sdgPage__h\">Des indicateurs simples \u00e0 suivre<\/h2>\n        <div class=\"sdgz-sdgPage__boxes\">\n          <div class=\"sdgz-sdgPage__box\">\n            <div class=\"sdgz-sdgPage__boxTitle\">Absence pour maladie<\/div>\n            <p class=\"sdgz-sdgPage__p\">Jours perdus, raisons et am\u00e9liorations apr\u00e8s la mise en place des changements.<\/p>\n          <\/div>\n          <div class=\"sdgz-sdgPage__box\">\n            <div class=\"sdgz-sdgPage__boxTitle\">fid\u00e9lisation du personnel<\/div>\n            <p class=\"sdgz-sdgPage__p\">\u00c9volution du taux de roulement et des retours d&#039;information sur les d\u00e9parts, en lien avec le bien-\u00eatre et la charge de travail.<\/p>\n          <\/div>\n          <div class=\"sdgz-sdgPage__box\">\n            <div class=\"sdgz-sdgPage__boxTitle\">Signaux de s\u00e9curit\u00e9<\/div>\n            <p class=\"sdgz-sdgPage__p\">Rapports d&#039;incidents \u00e9vit\u00e9s de justesse, ach\u00e8vement des formations et incidents au fil du temps.<\/p>\n          <\/div>\n        <\/div>\n      <\/article>\n\n      <article class=\"sdgz-sdgPage__card sdgz-sdgPage__ctaCard\">\n        <div class=\"sdgz-sdgPage__ctaKicker\">ODD 3, confiance par le bien-\u00eatre et la s\u00e9curit\u00e9<\/div>\n        <h2 class=\"sdgz-sdgPage__ctaTitle\">Faire de la sant\u00e9 et du bien-\u00eatre un atout local<\/h2>\n        <p class=\"sdgz-sdgPage__p\">\n          Les clients et les talents locaux remarquent les entreprises qui prennent soin de leurs employ\u00e9s. Afficher vos normes de s\u00e9curit\u00e9, vos initiatives en mati\u00e8re de bien-\u00eatre et votre engagement communautaire permet \u00e0 votre fiche d&#039;\u00e9tablissement de se d\u00e9marquer et d&#039;am\u00e9liorer le taux de conversion issu des recherches locales.\n        <\/p>\n\n        <div class=\"sdgz-sdgPage__ctaBullets\">\n          <div class=\"sdgz-sdgPage__ctaBullet\">Attirez de meilleurs candidats en d\u00e9montrant que vous \u00eates un employeur responsable.<\/div>\n          <div class=\"sdgz-sdgPage__ctaBullet\">\u00c9tablissez une relation de confiance avec les clients soucieux de l&#039;\u00e9thique des entreprises.<\/div>\n          <div class=\"sdgz-sdgPage__ctaBullet\">Cr\u00e9ez du contenu qui favorise la visibilit\u00e9 locale et encourage les demandes r\u00e9p\u00e9t\u00e9es.<\/div>\n        <\/div>\n\n        <div class=\"sdgz-sdgPage__ctaRow2\">\n          <a class=\"sdgz-sdgPage__btn sdgz-sdgPage__btnPrimary\" href=\"\/fr\/join\/\">Rejoignez SDG:Z\u00e9ro<\/a>\n          <a class=\"sdgz-sdgPage__btn sdgz-sdgPage__btnGhost\" href=\"\/fr\/add-listing\/\">Cr\u00e9ez votre annonce<\/a>\n        <\/div>\n      <\/article>\n\n    <\/div>\n  <\/div>\n<\/section>\n\t\t\t\t\t\t\t\t<\/div>\n\t\t\t\t<\/div>\n\t\t\t\t<\/div>","protected":false},"excerpt":{"rendered":"<p>SDG 3, Good health and wellbeing Good Health and Wellbeing Ensure healthy lives and promote wellbeing for all at all ages. For SMEs, this is about safe workplaces, supporting mental health, reducing sickness absence, and creating healthier communities through everyday business choices. Add SDG 3 to your SDG:Zero listing Back to all SDGs Wellbeing Mental [&hellip;]<\/p>\n","protected":false},"author":1,"featured_media":0,"parent":2158,"menu_order":0,"comment_status":"closed","ping_status":"closed","template":"","meta":{"_acf_changed":false,"_monsterinsights_skip_tracking":false,"_monsterinsights_sitenote_active":false,"_monsterinsights_sitenote_note":"","_monsterinsights_sitenote_category":0,"footnotes":""},"class_list":["post-2184","page","type-page","status-publish","hentry"],"acf":[],"_links":{"self":[{"href":"https:\/\/sdgzero.net\/fr\/wp-json\/wp\/v2\/pages\/2184","targetHints":{"allow":["GET"]}}],"collection":[{"href":"https:\/\/sdgzero.net\/fr\/wp-json\/wp\/v2\/pages"}],"about":[{"href":"https:\/\/sdgzero.net\/fr\/wp-json\/wp\/v2\/types\/page"}],"author":[{"embeddable":true,"href":"https:\/\/sdgzero.net\/fr\/wp-json\/wp\/v2\/users\/1"}],"replies":[{"embeddable":true,"href":"https:\/\/sdgzero.net\/fr\/wp-json\/wp\/v2\/comments?post=2184"}],"version-history":[{"count":0,"href":"https:\/\/sdgzero.net\/fr\/wp-json\/wp\/v2\/pages\/2184\/revisions"}],"up":[{"embeddable":true,"href":"https:\/\/sdgzero.net\/fr\/wp-json\/wp\/v2\/pages\/2158"}],"wp:attachment":[{"href":"https:\/\/sdgzero.net\/fr\/wp-json\/wp\/v2\/media?parent=2184"}],"curies":[{"name":"wp","href":"https:\/\/api.w.org\/{rel}","templated":true}]}}