{"id":2188,"date":"2026-01-27T17:40:44","date_gmt":"2026-01-27T17:40:44","guid":{"rendered":"https:\/\/sdgzero.net\/?page_id=2188"},"modified":"2026-02-07T09:45:21","modified_gmt":"2026-02-07T09:45:21","slug":"clean-water-and-sanitation","status":"publish","type":"page","link":"https:\/\/sdgzero.net\/fr\/the-17-sustainable-development-goals-for-business\/clean-water-and-sanitation\/","title":{"rendered":"Eau propre et assainissement"},"content":{"rendered":"<div data-elementor-type=\"wp-page\" data-elementor-id=\"2188\" class=\"elementor elementor-2188\" data-elementor-post-type=\"page\">\n\t\t\t\t<div class=\"elementor-element elementor-element-464b53b e-con-full e-flex e-con e-parent\" data-id=\"464b53b\" data-element_type=\"container\" data-e-type=\"container\">\n\t\t\t\t<div class=\"elementor-element elementor-element-cb21026 elementor-widget elementor-widget-text-editor\" data-id=\"cb21026\" data-element_type=\"widget\" data-e-type=\"widget\" data-widget_type=\"text-editor.default\">\n\t\t\t\t\t\t\t\t\t<section class=\"sdgz-sdgPage sdgz-sdg6\" aria-label=\"ODD 6 Eau propre et assainissement\">\n  <div class=\"sdgz-sdgPage__wrap\">\n\n    <header class=\"sdgz-sdgPage__hero\" style=\"--sdg:#26BDE2; --wash: rgba(38,189,226,0.16);\">\n      <div class=\"sdgz-sdgPage__heroInner\">\n\n        <div class=\"sdgz-sdgPage__heroLeft\">\n          <div class=\"sdgz-sdgPage__kicker\">ODD 6, Eau propre et assainissement<\/div>\n          <h1 class=\"sdgz-sdgPage__title\">Eau propre et assainissement<\/h1>\n          <p class=\"sdgz-sdgPage__lead\">\n            Garantir l\u2019acc\u00e8s \u00e0 l\u2019eau et \u00e0 l\u2019assainissement pour tous, ainsi que leur gestion durable. Pour les PME, cela implique de r\u00e9duire le gaspillage d\u2019eau, de pr\u00e9venir la pollution, d\u2019am\u00e9liorer les pratiques d\u2019hygi\u00e8ne et de privil\u00e9gier les fournisseurs responsables, notamment locaux.\n          <\/p>\n\n          <div class=\"sdgz-sdgPage__ctaRow\">\n            <a class=\"sdgz-sdgPage__btn sdgz-sdgPage__btnPrimary\" href=\"\/fr\/add-listing\/\">Ajoutez l&#039;ODD 6 \u00e0 votre liste ODD:Z\u00e9ro<\/a>\n            <a class=\"sdgz-sdgPage__btn sdgz-sdgPage__btnGhost\" href=\"https:\/\/sdgzero.net\/fr\/the-17-sustainable-development-goals-for-business\/\">Retour \u00e0 tous les ODD<\/a>\n          <\/div>\n\n          <div class=\"sdgz-sdgPage__chips\" aria-label=\"Zones de concentration rapide\">\n            <span class=\"sdgz-sdgPage__chip\">efficacit\u00e9 de l&#039;eau<\/span>\n            <span class=\"sdgz-sdgPage__chip\">R\u00e9duction des fuites<\/span>\n            <span class=\"sdgz-sdgPage__chip\">Contr\u00f4le de la pollution<\/span>\n            <span class=\"sdgz-sdgPage__chip\">Hygi\u00e8ne<\/span>\n          <\/div>\n\n          <div class=\"sdgz-sdgPage__localExample sdgz-sdgPage__localExampleTint\" aria-label=\"Exemple de PME locale\">\n            <div class=\"sdgz-sdgPage__localTop\">\n              <span class=\"sdgz-sdgPage__localTag\">Exemple de PME locale<\/span>\n              <span class=\"sdgz-sdgPage__localPlace\">Blackburn<\/span>\n            <\/div>\n\n            <h2 class=\"sdgz-sdgPage__localTitle\">Un exemple pratique, local et reproductible<\/h2>\n            <p class=\"sdgz-sdgPage__localText\">\n              Une entreprise de pr\u00e9paration alimentaire de Blackburn a constat\u00e9 une hausse de ses factures d&#039;eau et des r\u00e9sultats de nettoyage in\u00e9gaux. Elle a install\u00e9 des buses de pulv\u00e9risation \u00e0 faible d\u00e9bit, mis en place une proc\u00e9dure simple de nettoyage continu et form\u00e9 son personnel \u00e0 l&#039;utilisation des dilutions appropri\u00e9es. Au cours du trimestre suivant, elle a r\u00e9duit sa consommation d&#039;eau, am\u00e9lior\u00e9 le respect des normes d&#039;hygi\u00e8ne et diminu\u00e9 ses co\u00fbts sans ralentir son activit\u00e9.\n            <\/p>\n\n            <div class=\"sdgz-sdgPage__localGrid\">\n              <div class=\"sdgz-sdgPage__localBox\">\n                <div class=\"sdgz-sdgPage__localBoxTitle\">Ce qu&#039;ils ont fait<\/div>\n                <ul class=\"sdgz-sdgPage__localList\">\n                  <li>R\u00e9paration des fuites et installation de buses \u00e0 faible d\u00e9bit<\/li>\n                  <li>Proc\u00e9dures de nettoyage et ratios de dilution standardis\u00e9s<\/li>\n                  <li>Relev\u00e9s hebdomadaires des compteurs d&#039;eau enregistr\u00e9s<\/li>\n                <\/ul>\n              <\/div>\n\n              <div class=\"sdgz-sdgPage__localBox\">\n                <div class=\"sdgz-sdgPage__localBoxTitle\">Impact sur l&#039;entreprise<\/div>\n                <ul class=\"sdgz-sdgPage__localList\">\n                  <li>R\u00e9duction des co\u00fbts de l&#039;eau et de l&#039;\u00e9nergie<\/li>\n                  <li>Des zones de travail plus propres et moins de non-conformit\u00e9s<\/li>\n                  <li>Renforcer la confiance des clients locaux<\/li>\n                <\/ul>\n              <\/div>\n\n              <div class=\"sdgz-sdgPage__localBox sdgz-sdgPage__localBoxWide\">\n                <div class=\"sdgz-sdgPage__localBoxTitle\">R\u00e9f\u00e9rencement local<\/div>\n                <p class=\"sdgz-sdgPage__localSmall\">\n                  Ils ont ajout\u00e9 les mentions \u201c nettoyage \u00e9conome en eau \u201d, \u201c normes d&#039;hygi\u00e8ne \u201d et \u201c fournisseur local responsable \u201d \u00e0 leur fiche SDG:Zero. Cela a am\u00e9lior\u00e9 leur r\u00e9f\u00e9rencement pour des recherches telles que \u201c pr\u00e9paration hygi\u00e9nique des aliments \u00e0 Blackburn \u201d et \u201c entreprise \u00e9coresponsable pr\u00e8s de chez moi \u201d, tout en renfor\u00e7ant leur cr\u00e9dibilit\u00e9.\n                <\/p>\n              <\/div>\n            <\/div>\n\n            <div class=\"sdgz-sdgPage__localCTA\">\n              <a class=\"sdgz-sdgPage__localBtn\" href=\"\/fr\/add-listing\/\">Ajoutez votre impact sur l&#039;eau \u00e0 votre annonce<\/a>\n              <span class=\"sdgz-sdgPage__localHint\">L&#039;efficacit\u00e9 prot\u00e8ge les ressources locales<\/span>\n            <\/div>\n          <\/div>\n        <\/div>\n\n        <aside class=\"sdgz-sdgPage__heroRight\">\n          <div class=\"sdgz-sdgPage__iconWrap\" aria-label=\"Ic\u00f4ne ODD 6\">\n            <img decoding=\"async\" src=\"https:\/\/sdgzero.net\/wp-content\/uploads\/2026\/01\/sdg-6.png\" alt=\"SDG 6 Clean Water and Sanitation icon\">\n          <\/div>\n\n          <div class=\"sdgz-sdgPage__heroCard sdgz-sdgPage__heroCardTint\">\n            <div class=\"sdgz-sdgPage__heroCardTitle\">Ce que cela signifie<\/div>\n            <div class=\"sdgz-sdgPage__heroCardText\">\n              L\u2019eau repr\u00e9sente un co\u00fbt et une responsabilit\u00e9. Les PME contribuent \u00e0 l\u2019ODD 6 par leurs op\u00e9rations quotidiennes, le nettoyage, leurs installations, leurs proc\u00e9d\u00e9s de fabrication et la gestion de leurs eaux us\u00e9es et produits chimiques.\n            <\/div>\n          <\/div>\n        <\/aside>\n\n      <\/div>\n    <\/header>\n\n    <div class=\"sdgz-sdgPage__grid\">\n\n      <article class=\"sdgz-sdgPage__card sdgz-sdgPage__cardTint\">\n        <h2 class=\"sdgz-sdgPage__h\">Vid\u00e9o explicative rapide<\/h2>\n        <p class=\"sdgz-sdgPage__p\">D\u00e9couvrez comment l&#039;ODD 6 est li\u00e9 aux PME locales et les changements simples qui permettent de r\u00e9duire le gaspillage d&#039;eau, d&#039;am\u00e9liorer l&#039;hygi\u00e8ne et de renforcer la confiance.<\/p>\n\n        <div class=\"sdgz-sdgPage__video\">\n          <iframe\n            title=\"ODD 6, Eau propre et assainissement\"\n            src=\"https:\/\/www.youtube-nocookie.com\/embed\/qNsr7Y5_I0Q?rel=0&#038;modestbranding=1&#038;playsinline=1\"\n            loading=\"lazy\"\n            allow=\"accelerometer; autoplay; clipboard-write; encrypted-media; gyroscope; picture-in-picture; web-share\"\n            allowfullscreen>\n          <\/iframe>\n        <\/div>\n\n        <div class=\"sdgz-sdgPage__videoNote\">\n          Pour acc\u00e9der \u00e0 davantage de podcasts et de mod\u00e8les pratiques concernant les audits de l&#039;eau, les plans de nettoyage et les v\u00e9rifications des fournisseurs, rejoignez la SDG:Zero Vault.\n        <\/div>\n      <\/article>\n\n      <article class=\"sdgz-sdgPage__card sdgz-sdgPage__cardTint\">\n        <h2 class=\"sdgz-sdgPage__h\">Actions concr\u00e8tes pour les PME<\/h2>\n        <div class=\"sdgz-sdgPage__boxes\">\n          <div class=\"sdgz-sdgPage__box\">\n            <div class=\"sdgz-sdgPage__boxTitle\">Suivre la consommation d&#039;eau<\/div>\n            <p class=\"sdgz-sdgPage__p\">Relevez votre compteur chaque semaine et fixez-vous un objectif de r\u00e9duction simple.<\/p>\n          <\/div>\n          <div class=\"sdgz-sdgPage__box\">\n            <div class=\"sdgz-sdgPage__boxTitle\">R\u00e9parer les fuites rapidement<\/div>\n            <p class=\"sdgz-sdgPage__p\">Mettez en place une proc\u00e9dure de signalement rapide pour \u00e9viter que les petites fuites ne se transforment en factures importantes.<\/p>\n          <\/div>\n          <div class=\"sdgz-sdgPage__box\">\n            <div class=\"sdgz-sdgPage__boxTitle\">Am\u00e9liorer les installations<\/div>\n            <p class=\"sdgz-sdgPage__p\">Les robinets \u00e0 faible d\u00e9bit, les buses de pulv\u00e9risation et les toilettes \u00e0 double chasse r\u00e9duisent le gaspillage avec un minimum de perturbations.<\/p>\n          <\/div>\n          <div class=\"sdgz-sdgPage__box\">\n            <div class=\"sdgz-sdgPage__boxTitle\">Pr\u00e9venir la pollution<\/div>\n            <p class=\"sdgz-sdgPage__p\">Stockez les produits chimiques correctement et suivez les consignes d&#039;\u00e9limination s\u00e9curitaire afin de prot\u00e9ger les \u00e9gouts et les cours d&#039;eau.<\/p>\n          <\/div>\n          <div class=\"sdgz-sdgPage__box\">\n            <div class=\"sdgz-sdgPage__boxTitle\">Relever les normes d&#039;hygi\u00e8ne<\/div>\n            <p class=\"sdgz-sdgPage__p\">Des listes de contr\u00f4le simples et une formation ad\u00e9quate permettent d&#039;am\u00e9liorer l&#039;uniformit\u00e9 des pratiques dans les toilettes, les cuisines et les espaces partag\u00e9s.<\/p>\n          <\/div>\n        <\/div>\n      <\/article>\n\n      <article class=\"sdgz-sdgPage__card sdgz-sdgPage__cardTint\">\n        <h2 class=\"sdgz-sdgPage__h\">Exemples de textes d&#039;annonces que vous pouvez utiliser<\/h2>\n        <div class=\"sdgz-sdgPage__boxes\">\n          <div class=\"sdgz-sdgPage__box\">\n            <div class=\"sdgz-sdgPage__boxTitle\">efficacit\u00e9 de l&#039;eau<\/div>\n            <p class=\"sdgz-sdgPage__p\">Nous r\u00e9duisons activement notre consommation d&#039;eau en la surveillant, en r\u00e9parant rapidement les fuites et en am\u00e9liorant les installations lorsque cela est possible.<\/p>\n          <\/div>\n          <div class=\"sdgz-sdgPage__box\">\n            <div class=\"sdgz-sdgPage__boxTitle\">Hygi\u00e8ne et assainissement<\/div>\n            <p class=\"sdgz-sdgPage__p\">Nous maintenons des normes d&#039;hygi\u00e8ne constantes gr\u00e2ce \u00e0 des protocoles de nettoyage rigoureux, \u00e0 la formation du personnel et \u00e0 des contr\u00f4les r\u00e9guliers.<\/p>\n          <\/div>\n          <div class=\"sdgz-sdgPage__box\">\n            <div class=\"sdgz-sdgPage__boxTitle\">Pr\u00e9vention de la pollution<\/div>\n            <p class=\"sdgz-sdgPage__p\">Nous manipulons les produits chimiques de mani\u00e8re responsable et suivons des pratiques d&#039;\u00e9limination s\u00fbres afin de prot\u00e9ger les cours d&#039;eau locaux.<\/p>\n          <\/div>\n        <\/div>\n      <\/article>\n\n      <article class=\"sdgz-sdgPage__card sdgz-sdgPage__cardTint\">\n        <h2 class=\"sdgz-sdgPage__h\">Des indicateurs simples \u00e0 suivre<\/h2>\n        <div class=\"sdgz-sdgPage__boxes\">\n          <div class=\"sdgz-sdgPage__box\">\n            <div class=\"sdgz-sdgPage__boxTitle\">consommation d&#039;eau par mois<\/div>\n            <p class=\"sdgz-sdgPage__p\">Consommation totale et consommation par personne ou par t\u00e2che, selon votre type d&#039;activit\u00e9.<\/p>\n          <\/div>\n          <div class=\"sdgz-sdgPage__box\">\n            <div class=\"sdgz-sdgPage__boxTitle\">Journal des fuites et des r\u00e9parations<\/div>\n            <p class=\"sdgz-sdgPage__p\">Nombre de probl\u00e8mes signal\u00e9s et temps de r\u00e9paration, plus estimation des \u00e9conomies d&#039;eau r\u00e9alis\u00e9es.<\/p>\n          <\/div>\n          <div class=\"sdgz-sdgPage__box\">\n            <div class=\"sdgz-sdgPage__boxTitle\">Contr\u00f4les d&#039;hygi\u00e8ne<\/div>\n            <p class=\"sdgz-sdgPage__p\">Liste de contr\u00f4le compl\u00e9t\u00e9e, r\u00e9sultats de l&#039;audit et mesures d&#039;am\u00e9lioration prises.<\/p>\n          <\/div>\n        <\/div>\n      <\/article>\n\n      <article class=\"sdgz-sdgPage__card sdgz-sdgPage__ctaCard\">\n        <div class=\"sdgz-sdgPage__ctaKicker\">ODD 6, la preuve concr\u00e8te renforce la confiance<\/div>\n        <h2 class=\"sdgz-sdgPage__ctaTitle\">Transformer l&#039;efficacit\u00e9 de l&#039;eau en cr\u00e9dibilit\u00e9 locale<\/h2>\n        <p class=\"sdgz-sdgPage__p\">\n          Les clients remarquent les entreprises propres et bien g\u00e9r\u00e9es. En r\u00e9duisant le gaspillage d&#039;eau et en am\u00e9liorant les normes d&#039;hygi\u00e8ne, vous prot\u00e9gez les ressources locales et votre r\u00e9putation. Ajoutez l&#039;ODD 6 \u00e0 votre liste ODD:Z\u00e9ro, puis partagez des mises \u00e0 jour simples\u00a0: ce que vous avez chang\u00e9, ce que vous suivez et les r\u00e9sultats obtenus.\n        <\/p>\n\n        <div class=\"sdgz-sdgPage__ctaBullets\">\n          <div class=\"sdgz-sdgPage__ctaBullet\">Se d\u00e9marquer localement comme une entreprise responsable et bien g\u00e9r\u00e9e<\/div>\n          <div class=\"sdgz-sdgPage__ctaBullet\">Instaurer la confiance gr\u00e2ce \u00e0 des normes d&#039;hygi\u00e8ne et d&#039;assainissement visibles.<\/div>\n          <div class=\"sdgz-sdgPage__ctaBullet\">Cr\u00e9ez du contenu local qui favorise la visibilit\u00e9 et les conversions.<\/div>\n        <\/div>\n\n        <div class=\"sdgz-sdgPage__ctaRow2\">\n          <a class=\"sdgz-sdgPage__btn sdgz-sdgPage__btnPrimary\" href=\"\/fr\/join\/\">Rejoignez SDG:Z\u00e9ro<\/a>\n          <a class=\"sdgz-sdgPage__btn sdgz-sdgPage__btnGhost\" href=\"\/fr\/add-listing\/\">Cr\u00e9ez votre annonce<\/a>\n        <\/div>\n      <\/article>\n\n    <\/div>\n  <\/div>\n<\/section>\n\t\t\t\t\t\t\t\t<\/div>\n\t\t\t\t<\/div>\n\t\t\t\t<\/div>","protected":false},"excerpt":{"rendered":"<p>SDG 6, Clean water and sanitation Clean Water and Sanitation Ensure availability and sustainable management of water and sanitation for all. For SMEs, this means reducing water waste, preventing pollution, improving hygiene practices, and choosing responsible suppliers, especially locally. Add SDG 6 to your SDG:Zero listing Back to all SDGs Water efficiency Leak reduction Pollution [&hellip;]<\/p>\n","protected":false},"author":1,"featured_media":0,"parent":2158,"menu_order":0,"comment_status":"closed","ping_status":"closed","template":"","meta":{"_acf_changed":false,"_monsterinsights_skip_tracking":false,"_monsterinsights_sitenote_active":false,"_monsterinsights_sitenote_note":"","_monsterinsights_sitenote_category":0,"footnotes":""},"class_list":["post-2188","page","type-page","status-publish","hentry"],"acf":[],"_links":{"self":[{"href":"https:\/\/sdgzero.net\/fr\/wp-json\/wp\/v2\/pages\/2188","targetHints":{"allow":["GET"]}}],"collection":[{"href":"https:\/\/sdgzero.net\/fr\/wp-json\/wp\/v2\/pages"}],"about":[{"href":"https:\/\/sdgzero.net\/fr\/wp-json\/wp\/v2\/types\/page"}],"author":[{"embeddable":true,"href":"https:\/\/sdgzero.net\/fr\/wp-json\/wp\/v2\/users\/1"}],"replies":[{"embeddable":true,"href":"https:\/\/sdgzero.net\/fr\/wp-json\/wp\/v2\/comments?post=2188"}],"version-history":[{"count":0,"href":"https:\/\/sdgzero.net\/fr\/wp-json\/wp\/v2\/pages\/2188\/revisions"}],"up":[{"embeddable":true,"href":"https:\/\/sdgzero.net\/fr\/wp-json\/wp\/v2\/pages\/2158"}],"wp:attachment":[{"href":"https:\/\/sdgzero.net\/fr\/wp-json\/wp\/v2\/media?parent=2188"}],"curies":[{"name":"wp","href":"https:\/\/api.w.org\/{rel}","templated":true}]}}