{"id":2201,"date":"2026-01-28T15:35:15","date_gmt":"2026-01-28T15:35:15","guid":{"rendered":"https:\/\/sdgzero.net\/?page_id=2201"},"modified":"2026-02-07T09:50:27","modified_gmt":"2026-02-07T09:50:27","slug":"decent-work-and-economic-growth","status":"publish","type":"page","link":"https:\/\/sdgzero.net\/fr\/the-17-sustainable-development-goals-for-business\/decent-work-and-economic-growth\/","title":{"rendered":"Travail d\u00e9cent et croissance \u00e9conomique"},"content":{"rendered":"<div data-elementor-type=\"wp-page\" data-elementor-id=\"2201\" class=\"elementor elementor-2201\" data-elementor-post-type=\"page\">\n\t\t\t\t<div class=\"elementor-element elementor-element-464b53b e-con-full e-flex e-con e-parent\" data-id=\"464b53b\" data-element_type=\"container\" data-e-type=\"container\">\n\t\t\t\t<div class=\"elementor-element elementor-element-cb21026 elementor-widget elementor-widget-text-editor\" data-id=\"cb21026\" data-element_type=\"widget\" data-e-type=\"widget\" data-widget_type=\"text-editor.default\">\n\t\t\t\t\t\t\t\t\t<section class=\"sdgz-sdgPage sdgz-sdg8\" aria-label=\"ODD 8 Travail d\u00e9cent et croissance \u00e9conomique\">\n  <div class=\"sdgz-sdgPage__wrap\">\n\n    <header class=\"sdgz-sdgPage__hero\" style=\"--sdg:#A21942; --wash: rgba(162,25,66,0.16);\">\n      <div class=\"sdgz-sdgPage__heroInner\">\n\n        <div class=\"sdgz-sdgPage__heroLeft\">\n          <div class=\"sdgz-sdgPage__kicker\">ODD 8, Travail d\u00e9cent et croissance \u00e9conomique<\/div>\n          <h1 class=\"sdgz-sdgPage__title\">Travail d\u00e9cent et croissance \u00e9conomique<\/h1>\n          <p class=\"sdgz-sdgPage__lead\">\n            Promouvoir une croissance \u00e9conomique soutenue, inclusive et durable, le plein emploi productif et un travail d\u00e9cent pour tous. Pour les PME, cela signifie une r\u00e9mun\u00e9ration \u00e9quitable, des lieux de travail s\u00fbrs, une r\u00e9elle progression de carri\u00e8re et des investissements dans l&#039;emploi et les comp\u00e9tences locales.\n          <\/p>\n\n          <div class=\"sdgz-sdgPage__ctaRow\">\n            <a class=\"sdgz-sdgPage__btn sdgz-sdgPage__btnPrimary\" href=\"\/fr\/add-listing\/\">Ajoutez l&#039;ODD 8 \u00e0 votre liste ODD:Z\u00e9ro<\/a>\n            <a class=\"sdgz-sdgPage__btn sdgz-sdgPage__btnGhost\" href=\"https:\/\/sdgzero.net\/fr\/the-17-sustainable-development-goals-for-business\/\">Retour \u00e0 tous les ODD<\/a>\n          <\/div>\n\n          <div class=\"sdgz-sdgPage__chips\" aria-label=\"Zones de concentration rapide\">\n            <span class=\"sdgz-sdgPage__chip\">R\u00e9mun\u00e9ration \u00e9quitable<\/span>\n            <span class=\"sdgz-sdgPage__chip\">Travail en toute s\u00e9curit\u00e9<\/span>\n            <span class=\"sdgz-sdgPage__chip\">Progression<\/span>\n            <span class=\"sdgz-sdgPage__chip\">Emplois locaux<\/span>\n          <\/div>\n\n          <div class=\"sdgz-sdgPage__localExample sdgz-sdgPage__localExampleTint\" aria-label=\"Exemple de PME locale\">\n            <div class=\"sdgz-sdgPage__localTop\">\n              <span class=\"sdgz-sdgPage__localTag\">Exemple de PME locale<\/span>\n              <span class=\"sdgz-sdgPage__localPlace\">Manchester<\/span>\n            <\/div>\n\n            <h2 class=\"sdgz-sdgPage__localTitle\">Un exemple pratique, local et reproductible<\/h2>\n            <p class=\"sdgz-sdgPage__localText\">\n              Une entreprise du b\u00e2timent bas\u00e9e \u00e0 Manchester rencontrait des difficult\u00e9s li\u00e9es au roulement du personnel et \u00e0 l&#039;irr\u00e9gularit\u00e9 de la qualit\u00e9 de ses prestations. Elle a mis en place une hi\u00e9rarchie plus claire, am\u00e9lior\u00e9 l&#039;int\u00e9gration des employ\u00e9s et instaur\u00e9 des formations de base, puis ajout\u00e9 une prime simple li\u00e9e \u00e0 la s\u00e9curit\u00e9 et aux retours clients. En deux trimestres, la fid\u00e9lisation du personnel s&#039;est am\u00e9lior\u00e9e, la qualit\u00e9 des services est devenue plus constante et l&#039;entreprise a constat\u00e9 qu&#039;il \u00e9tait plus facile de recruter localement par le biais de recommandations.\n            <\/p>\n\n            <div class=\"sdgz-sdgPage__localGrid\">\n              <div class=\"sdgz-sdgPage__localBox\">\n                <div class=\"sdgz-sdgPage__localBoxTitle\">Ce qu&#039;ils ont fait<\/div>\n                <ul class=\"sdgz-sdgPage__localList\">\n                  <li>Niveaux de poste d\u00e9finis et progression salariale<\/li>\n                  <li>Am\u00e9lioration de l&#039;int\u00e9gration et de la formation<\/li>\n                  <li>Des primes li\u00e9es \u00e0 la s\u00e9curit\u00e9 et \u00e0 la qualit\u00e9<\/li>\n                <\/ul>\n              <\/div>\n\n              <div class=\"sdgz-sdgPage__localBox\">\n                <div class=\"sdgz-sdgPage__localBoxTitle\">Impact sur l&#039;entreprise<\/div>\n                <ul class=\"sdgz-sdgPage__localList\">\n                  <li>Fid\u00e9lisation accrue et r\u00e9duction des p\u00e9riodes de recrutement<\/li>\n                  <li>Meilleure qualit\u00e9, moins de plaintes et de retouches<\/li>\n                  <li>Une meilleure r\u00e9putation \u00e0 Manchester<\/li>\n                <\/ul>\n              <\/div>\n\n              <div class=\"sdgz-sdgPage__localBox sdgz-sdgPage__localBoxWide\">\n                <div class=\"sdgz-sdgPage__localBoxTitle\">R\u00e9f\u00e9rencement local<\/div>\n                <p class=\"sdgz-sdgPage__localSmall\">\n                  Ils ont ajout\u00e9 les termes \u201c\u00a0emplois locaux\u00a0\u201d, \u201c\u00a0formation\u00a0\u201d, \u201c\u00a0r\u00e9mun\u00e9ration \u00e9quitable\u00a0\u201d et \u201c\u00a0pratiques de travail s\u00fbres\u00a0\u201d \u00e0 leur fiche SDG:Zero. Cela a facilit\u00e9 les recherches telles que \u201c\u00a0entreprise de travaux publics r\u00e9put\u00e9e \u00e0 Manchester\u00a0\u201d et \u201c\u00a0employeur \u00e9thique pr\u00e8s de chez moi\u00a0\u201d, contribuant ainsi \u00e0 renforcer la confiance des clients envers l&#039;\u00e9quipe qui propose leurs services.\n                <\/p>\n              <\/div>\n            <\/div>\n\n            <div class=\"sdgz-sdgPage__localCTA\">\n              <a class=\"sdgz-sdgPage__localBtn\" href=\"\/fr\/add-listing\/\">Ajoutez vos actions de travail d\u00e9cent \u00e0 votre liste<\/a>\n              <span class=\"sdgz-sdgPage__localHint\">Les emplois de qualit\u00e9 renforcent les \u00e9conomies locales<\/span>\n            <\/div>\n          <\/div>\n        <\/div>\n\n        <aside class=\"sdgz-sdgPage__heroRight\">\n          <div class=\"sdgz-sdgPage__iconWrap\" aria-label=\"Ic\u00f4ne ODD 8\">\n            <img decoding=\"async\" src=\"https:\/\/sdgzero.net\/wp-content\/uploads\/2026\/01\/sdg-8.png\" alt=\"SDG 8 Decent Work and Economic Growth icon\">\n          <\/div>\n\n          <div class=\"sdgz-sdgPage__heroCard sdgz-sdgPage__heroCardTint\">\n            <div class=\"sdgz-sdgPage__heroCardTitle\">Ce que cela signifie<\/div>\n            <div class=\"sdgz-sdgPage__heroCardText\">\n              L\u2019ODD 8 concerne le travail d\u00e9cent, et pas seulement la croissance. Les PME dynamisent les \u00e9conomies locales gr\u00e2ce \u00e0 l\u2019embauche, la s\u00e9curit\u00e9, les comp\u00e9tences et la qualit\u00e9 du traitement quotidien de leurs employ\u00e9s\u00a0; les clients le ressentent dans la qualit\u00e9 du service qu\u2019ils re\u00e7oivent.\n            <\/div>\n          <\/div>\n        <\/aside>\n\n      <\/div>\n    <\/header>\n\n    <div class=\"sdgz-sdgPage__grid\">\n\n      <article class=\"sdgz-sdgPage__card sdgz-sdgPage__cardTint\">\n        <h2 class=\"sdgz-sdgPage__h\">Vid\u00e9o explicative rapide<\/h2>\n        <p class=\"sdgz-sdgPage__p\">\n          D\u00e9couvrez comment l&#039;ODD 8 soutient les PME locales et comment le travail \u00e9quitable, la s\u00e9curit\u00e9 et la progression de carri\u00e8re am\u00e9liorent la performance des entreprises et la confiance locale.\n        <\/p>\n\n        <div class=\"sdgz-sdgPage__video\">\n          <iframe\n            title=\"ODD 8, Travail d\u00e9cent et croissance \u00e9conomique\"\n            src=\"https:\/\/www.youtube-nocookie.com\/embed\/3xJTIGaMHnU?rel=0&#038;modestbranding=1&#038;playsinline=1\"\n            loading=\"lazy\"\n            allow=\"accelerometer; autoplay; clipboard-write; encrypted-media; gyroscope; picture-in-picture; web-share\"\n            allowfullscreen>\n          <\/iframe>\n        <\/div>\n\n        <div class=\"sdgz-sdgPage__videoNote\">\n          Pour acc\u00e9der \u00e0 davantage de podcasts et de mod\u00e8les pratiques concernant l&#039;int\u00e9gration, les politiques et les plans de formation, rejoignez la SDG:Zero Vault.\n        <\/div>\n      <\/article>\n\n      <article class=\"sdgz-sdgPage__card sdgz-sdgPage__cardTint\">\n        <h2 class=\"sdgz-sdgPage__h\">Actions concr\u00e8tes pour les PME<\/h2>\n        <div class=\"sdgz-sdgPage__boxes\">\n          <div class=\"sdgz-sdgPage__box\">\n            <div class=\"sdgz-sdgPage__boxTitle\">R\u00e9mun\u00e9rez de mani\u00e8re juste et transparente<\/div>\n            <p class=\"sdgz-sdgPage__p\">Utilisez des grilles salariales transparentes et revoyez-les r\u00e9guli\u00e8rement, surtout pour des postes similaires.<\/p>\n          <\/div>\n          <div class=\"sdgz-sdgPage__box\">\n            <div class=\"sdgz-sdgPage__boxTitle\">Investir dans l&#039;int\u00e9gration<\/div>\n            <p class=\"sdgz-sdgPage__p\">Une premi\u00e8re semaine structur\u00e9e r\u00e9duit les erreurs, am\u00e9liore la confiance et favorise la m\u00e9morisation.<\/p>\n          <\/div>\n          <div class=\"sdgz-sdgPage__box\">\n            <div class=\"sdgz-sdgPage__boxTitle\">\u00c9laborer des parcours de progression<\/div>\n            <p class=\"sdgz-sdgPage__p\">D\u00e9finir les niveaux de poste et les comp\u00e9tences n\u00e9cessaires pour progresser, puis accompagner les personnes dans leur progression.<\/p>\n          <\/div>\n          <div class=\"sdgz-sdgPage__box\">\n            <div class=\"sdgz-sdgPage__boxTitle\">Simplifiez la s\u00e9curit\u00e9<\/div>\n            <p class=\"sdgz-sdgPage__p\">Des listes de contr\u00f4le concises, des causeries de s\u00e9curit\u00e9 et des rapports clairs garantissent une s\u00e9curit\u00e9 coh\u00e9rente.<\/p>\n          <\/div>\n          <div class=\"sdgz-sdgPage__box\">\n            <div class=\"sdgz-sdgPage__boxTitle\">Louez et achetez localement<\/div>\n            <p class=\"sdgz-sdgPage__p\">Les fournisseurs locaux et les emplois locaux permettent de pr\u00e9server la valeur ajout\u00e9e pour la communaut\u00e9 et de renforcer les r\u00e9seaux.<\/p>\n          <\/div>\n        <\/div>\n      <\/article>\n\n      <article class=\"sdgz-sdgPage__card sdgz-sdgPage__cardTint\">\n        <h2 class=\"sdgz-sdgPage__h\">Exemples de textes d&#039;annonces que vous pouvez utiliser<\/h2>\n        <div class=\"sdgz-sdgPage__boxes\">\n          <div class=\"sdgz-sdgPage__box\">\n            <div class=\"sdgz-sdgPage__boxTitle\">Un travail d\u00e9cent et une r\u00e9mun\u00e9ration \u00e9quitable<\/div>\n            <p class=\"sdgz-sdgPage__p\">Nous offrons \u00e0 notre \u00e9quipe une r\u00e9mun\u00e9ration \u00e9quitable, des attentes claires quant aux r\u00f4les et des perspectives d&#039;\u00e9volution transparentes.<\/p>\n          <\/div>\n          <div class=\"sdgz-sdgPage__box\">\n            <div class=\"sdgz-sdgPage__boxTitle\">Sant\u00e9 et s\u00e9curit\u00e9<\/div>\n            <p class=\"sdgz-sdgPage__p\">Nous assurons des pratiques de travail s\u00fbres gr\u00e2ce \u00e0 la formation, \u00e0 des listes de contr\u00f4le simples et \u00e0 une d\u00e9marche d&#039;am\u00e9lioration continue.<\/p>\n          <\/div>\n          <div class=\"sdgz-sdgPage__box\">\n            <div class=\"sdgz-sdgPage__boxTitle\">Emplois et croissance locaux<\/div>\n            <p class=\"sdgz-sdgPage__p\">Nous investissons dans les comp\u00e9tences et les fournisseurs locaux, soutenant ainsi une croissance \u00e9conomique durable dans notre r\u00e9gion.<\/p>\n          <\/div>\n        <\/div>\n      <\/article>\n\n      <article class=\"sdgz-sdgPage__card sdgz-sdgPage__cardTint\">\n        <h2 class=\"sdgz-sdgPage__h\">Des indicateurs simples \u00e0 suivre<\/h2>\n        <div class=\"sdgz-sdgPage__boxes\">\n          <div class=\"sdgz-sdgPage__box\">\n            <div class=\"sdgz-sdgPage__boxTitle\">Taux de r\u00e9tention<\/div>\n            <p class=\"sdgz-sdgPage__p\">Suivre le taux de rotation du personnel et la dur\u00e9e moyenne d&#039;occupation des postes, notamment au sein des diff\u00e9rentes \u00e9quipes.<\/p>\n          <\/div>\n          <div class=\"sdgz-sdgPage__box\">\n            <div class=\"sdgz-sdgPage__boxTitle\">Formation termin\u00e9e<\/div>\n            <p class=\"sdgz-sdgPage__p\">Nombre d&#039;heures par personne et r\u00e9alisation des formations cl\u00e9s, de l&#039;int\u00e9gration et des sessions de recyclage.<\/p>\n          <\/div>\n          <div class=\"sdgz-sdgPage__box\">\n            <div class=\"sdgz-sdgPage__boxTitle\">R\u00e9sultats en mati\u00e8re de s\u00e9curit\u00e9 et de qualit\u00e9<\/div>\n            <p class=\"sdgz-sdgPage__p\">Tendances en mati\u00e8re d&#039;incidents \u00e9vit\u00e9s de justesse, d&#039;incidents, de retouches et de commentaires clients.<\/p>\n          <\/div>\n        <\/div>\n      <\/article>\n\n      <article class=\"sdgz-sdgPage__card sdgz-sdgPage__ctaCard\">\n        <div class=\"sdgz-sdgPage__ctaKicker\">ODD 8, les \u00e9quipes fortes gagnent localement<\/div>\n        <h2 class=\"sdgz-sdgPage__ctaTitle\">Transformer un travail de qualit\u00e9 en confiance et en croissance locales<\/h2>\n        <p class=\"sdgz-sdgPage__p\">\n          Les clients font confiance aux entreprises qui traitent bien leurs employ\u00e9s. En garantissant une r\u00e9mun\u00e9ration \u00e9quitable, des pratiques s\u00fbres et une r\u00e9elle progression de carri\u00e8re, vous renforcez votre r\u00e9putation, attirez les talents et obtenez davantage de contrats locaux. Ajoutez l&#039;ODD 8 \u00e0 votre profil ODD:Z\u00e9ro, puis partagez vos actions et les indicateurs que vous suivez.\n        <\/p>\n\n        <div class=\"sdgz-sdgPage__ctaBullets\">\n          <div class=\"sdgz-sdgPage__ctaBullet\">D\u00e9marquez-vous en tant qu&#039;employeur \u00e9thique et entreprise locale fiable<\/div>\n          <div class=\"sdgz-sdgPage__ctaBullet\">Am\u00e9liorer la qualit\u00e9 du service gr\u00e2ce \u00e0 des \u00e9quipes plus performantes et une meilleure fid\u00e9lisation<\/div>\n          <div class=\"sdgz-sdgPage__ctaBullet\">D\u00e9veloppez une visibilit\u00e9 locale pertinente gr\u00e2ce aux mots-cl\u00e9s \u201c\u00a0emplois\u00a0\u201d, \u201c\u00a0formation\u00a0\u201d et \u201c\u00a0travail en toute s\u00e9curit\u00e9\u00a0\u201d.<\/div>\n        <\/div>\n\n        <div class=\"sdgz-sdgPage__ctaRow2\">\n          <a class=\"sdgz-sdgPage__btn sdgz-sdgPage__btnPrimary\" href=\"\/fr\/join\/\">Rejoignez SDG:Z\u00e9ro<\/a>\n          <a class=\"sdgz-sdgPage__btn sdgz-sdgPage__btnGhost\" href=\"\/fr\/add-listing\/\">Cr\u00e9ez votre annonce<\/a>\n        <\/div>\n      <\/article>\n\n    <\/div>\n  <\/div>\n<\/section>\n\t\t\t\t\t\t\t\t<\/div>\n\t\t\t\t<\/div>\n\t\t\t\t<\/div>","protected":false},"excerpt":{"rendered":"<p>SDG 8, Decent work and economic growth Decent Work and Economic Growth Promote sustained, inclusive and sustainable economic growth, full and productive employment and decent work for all. For SMEs, this means fair pay, safe workplaces, real progression, and investing in local jobs and skills. Add SDG 8 to your SDG:Zero listing Back to all [&hellip;]<\/p>\n","protected":false},"author":1,"featured_media":0,"parent":2158,"menu_order":0,"comment_status":"closed","ping_status":"closed","template":"","meta":{"_acf_changed":false,"_monsterinsights_skip_tracking":false,"_monsterinsights_sitenote_active":false,"_monsterinsights_sitenote_note":"","_monsterinsights_sitenote_category":0,"footnotes":""},"class_list":["post-2201","page","type-page","status-publish","hentry"],"acf":[],"_links":{"self":[{"href":"https:\/\/sdgzero.net\/fr\/wp-json\/wp\/v2\/pages\/2201","targetHints":{"allow":["GET"]}}],"collection":[{"href":"https:\/\/sdgzero.net\/fr\/wp-json\/wp\/v2\/pages"}],"about":[{"href":"https:\/\/sdgzero.net\/fr\/wp-json\/wp\/v2\/types\/page"}],"author":[{"embeddable":true,"href":"https:\/\/sdgzero.net\/fr\/wp-json\/wp\/v2\/users\/1"}],"replies":[{"embeddable":true,"href":"https:\/\/sdgzero.net\/fr\/wp-json\/wp\/v2\/comments?post=2201"}],"version-history":[{"count":0,"href":"https:\/\/sdgzero.net\/fr\/wp-json\/wp\/v2\/pages\/2201\/revisions"}],"up":[{"embeddable":true,"href":"https:\/\/sdgzero.net\/fr\/wp-json\/wp\/v2\/pages\/2158"}],"wp:attachment":[{"href":"https:\/\/sdgzero.net\/fr\/wp-json\/wp\/v2\/media?parent=2201"}],"curies":[{"name":"wp","href":"https:\/\/api.w.org\/{rel}","templated":true}]}}